{"id":887,"date":"2023-01-22T18:54:31","date_gmt":"2023-01-22T17:54:31","guid":{"rendered":"https:\/\/e-zymove.com\/?post_type=product&#038;p=887"},"modified":"2025-03-10T10:38:55","modified_gmt":"2025-03-10T09:38:55","slug":"scooter-50","status":"publish","type":"product","link":"https:\/\/e-zymove.com\/index.php\/produit\/scooter-50\/","title":{"rendered":"Pink Me"},"content":{"rendered":"<div class=\"et_pb_module et_pb_text et_pb_text_0 no-stroke et_pb_text_align_center et_pb_bg_layout_light et_multi_view__hover_selector\">\n<div class=\"et_pb_text_inner\" style=\"box-sizing: border-box; margin: 0px; padding: 0px; border: 0px; outline: 0px; font-size: 14px; text-size-adjust: 100%; vertical-align: baseline; background: transparent; position: relative;\" data-et-multi-view=\"{&quot;schema&quot;:{&quot;content&quot;:{&quot;desktop&quot;:&quot;&lt;h3&gt;Urbain et l\\u00e9ger.&lt;br \\\/&gt;simplement branch\\u00e9.&lt;\\\/h3&gt;&quot;,&quot;tablet&quot;:&quot;&lt;h3 style=\\&quot;font-size:25px\\&quot;&gt;Urbain et l\\u00e9ger.&lt;br \\\/&gt;simplement branch\\u00e9.&lt;\\\/h3&gt;&quot;,&quot;phone&quot;:&quot;&lt;h3 style=\\&quot;font-size:20px;text-align:center\\&quot;&gt;Urbain et l\\u00e9ger.&lt;br \\\/&gt;simplement branch\\u00e9.&lt;\\\/h3&gt;&quot;}},&quot;slug&quot;:&quot;et_pb_text&quot;}\" data-et-multi-view-load-tablet-hidden=\"true\" data-et-multi-view-load-phone-hidden=\"true\">\n<h3>Facile d\u2019utilisation, le Pink Me est un scooter \u00e9lectrique l\u00e9ger et pratique, dot\u00e9 de deux places, pour une mobilit\u00e9 \u00e9lectrique accessible \u00e0 tous.<\/h3>\n<h3 class=\"eclair eclair-bigger uppercase gibson-semibold\">PUISSANCE \u00c9QUIVALENTE \u00c0 UN SCOOTER DE 50CC<\/h3>\n<p>Dot\u00e9 d\u2019un moteur BOSCH d\u2019une puissance de 2000 W (110 N.m), le scooter \u00e9lectrique Pink Me s\u2019allume en deux temps, par rotation de la cl\u00e9 suivi d\u2019un bref appui sur le bouton d\u2019activation du comodo. Il pr\u00e9sente une homologation de type L1E et une vitesse r\u00e9glementaire maximale de 45 km\/h.<\/p>\n<h3 class=\"eclair eclair-bigger uppercase gibson-semibold\">BATTERIE<\/h3>\n<p>Disponible avec une capacit\u00e9 batterie de 1,56 kWh amovible, lui-m\u00eame dot\u00e9 d\u2019une technologie Li-NMC, le scooter \u00e9lectrique Pink Me dispose d\u2019une autonomie maximale de 50 km*. Compact et l\u00e9ger (9 kg), le pack batterie du Pink Me est rechargeable sur une simple prise de 220 V en 4 \u00e0 6 heures.<br \/>\nCapacit\u00e9 : 60V26Ah \/ 1,56 kWh<br \/>\nChargeur : 60V4A<\/p>\n<p>NOUVEAU ! L\u2019am\u00e9nagement du bac sous la selle permet d\u00e9sormais de stocker une batterie suppl\u00e9mentaire, pour parcourir jusqu\u2019\u00e0 100 km.<\/p>\n<p><em>*Autonomie mesur\u00e9e sur une batterie neuve test\u00e9e dans le cadre d\u2019un cycle urbain de conduite \u00e9co-responsable, pour une masse embarqu\u00e9e de 80kg sur relief r\u00e9gulier, dans des conditions climatiques temp\u00e9r\u00e9es.<\/em><\/p>\n<\/div>\n<\/div>\n<h3 class=\"eclair eclair-bigger uppercase gibson-semibold\">3 MODES DE CONDUITE<\/h3>\n<p>R\u00e9glable depuis la molette situ\u00e9e sur la poign\u00e9e d\u2019acc\u00e9l\u00e9ration, le scooter \u00e9lectrique Pink Me pr\u00e9sente 3 modes de conduite au choix\u00a0: Eco (pour aller plus loin), Normal (sur un trajet fluide et continu), Sport (pour les plus press\u00e9s avec le risque de consommer davantage d\u2019\u00e9nergie).<\/p>\n<h3 class=\"eclair eclair-bigger uppercase gibson-semibold\">R\u00c9GULATEUR DE VITESSE<\/h3>\n<p>Activable depuis la poign\u00e9e d\u2019acc\u00e9l\u00e9ration, le r\u00e9gulateur de vitesse du Pink Me peut \u00eatre enclench\u00e9 au-del\u00e0 de 5km\/h de vitesse. Le voyant de la fonction \u00ab R\u00e9gulation \u00bb s\u2019allume alors en vert sur l\u2019\u00e9cran, et s\u2019\u00e9teint automatiquement, par simple pression de la poign\u00e9e de frein.<\/p>\n<h3 class=\"eclair eclair-bigger uppercase gibson-semibold\">PORT USB<\/h3>\n<p>Disponible \u00e0 gauche du guidon dans une cavit\u00e9 utilisable en tant que vide-poches, le port USB du scooter \u00e9lectrique Pink Me permet de recharger son t\u00e9l\u00e9phone portable tout en roulant.<\/p>\n<h3 class=\"eclair eclair-bigger uppercase gibson-semibold\">\u00c9CRAN LCD MULTIFONCTIONS ET MULTICOLORE<\/h3>\n<p>L\u2019\u00e9cran LCD aux 5 coloris modulables (blanc, jaune, vert, bleu, rouge, violet) permet un suivi optimal du Pink Me\u202f: puissance instantan\u00e9e d\u00e9livr\u00e9e au moteur, vitesse, niveau de charge batterie, mode de conduite, odom\u00e8tre, kilom\u00e8tres parcourus, kilom\u00e8tres restants \u00e0 parcourir, r\u00e9gulateur de vitesse, t\u00e9moin de mise en charge (en cas de branchement du scooter directement sur une prise 220V), etc.<\/p>\n<h3 class=\"eclair eclair-bigger uppercase gibson-semibold\">\u00c9CLAIRAGE 100% LED<\/h3>\n<p>Phares et clignotants avant et arri\u00e8re 100% LED pour une meilleure visibilit\u00e9 du conducteur sur la route.<\/p>\n<h3 class=\"eclair eclair-bigger uppercase gibson-semibold\">DISPONIBLE EN 2 COLORIS<\/h3>\n<p>Le scooter \u00e9lectrique Pink Me est disponible en 2 coloris de s\u00e9rie\u00a0: noir brillant, gris mat. Autres couleurs sur demande et selon volume.<\/p>\n<h3 class=\"eclair eclair-bigger uppercase gibson-semibold\">ROUES<\/h3>\n<p>Freins hydraulique AV + Freins \u00e0 tambours AR<\/p>\n<p>Roues\u00a0: 3,1\/10 (AV)\u00a0\u00a0 100\/80-10 (AR)<\/p>\n<p>Fourche bi-bras AV et AR<\/p>\n<p>Pneus\u00a0: CST (Maxxis)<\/p>\n<p>Entraxe de roues (mm)\u00a0: 1200<\/p>\n<h3 class=\"eclair eclair-bigger uppercase gibson-semibold\">SUSPENSION ARRI\u00c8RE<\/h3>\n<p>Le scooter \u00e9lectrique Pink Me dispose de 5 positions, r\u00e9glables en fonction de la charge et des conditions de conduite. Si la position 1 est r\u00e9serv\u00e9e aux d\u00e9placements urbains et \u00e0 une charge l\u00e9g\u00e8re, les positions 2 et suivantes s\u2019adaptent \u00e0 une route accident\u00e9e et \u00e0 une charge plus cons\u00e9quente.<\/p>\n<h3 class=\"eclair eclair-bigger uppercase gibson-semibold\">R\u00c9CUP\u00c9RATION D\u2019\u00c9NERGIE AU FREINAGE<\/h3>\n<p>Par simple pression sur la poign\u00e9e de frein, le frein moteur du scooter \u00e9lectrique\u00a0biplace Pink Me se d\u00e9clenche, permettant jusqu\u2019\u00e0 10 % de r\u00e9cup\u00e9ration d\u2019\u00e9nergie.<\/p>\n<h3 class=\"eclair eclair-bigger uppercase gibson-semibold\">ACCESSOIRES<\/h3>\n<p><strong>En option :<\/strong><br \/>\nTopcase 30 l<br \/>\nHousse de protection de selle<br \/>\nSupport de t\u00e9l\u00e9phone<br \/>\nTraqueur GPS<\/p>\n<p><strong>De s\u00e9rie :<\/strong><br \/>\nPrise USB de recharge pour smartphone<\/p>\n<h3 class=\"eclair eclair-bigger uppercase gibson-semibold\">GARANTIE<\/h3>\n<p>2 ans \/ 500 cycles<\/p>\n","protected":false},"excerpt":{"rendered":"<div class=\"et_pb_module et_pb_text et_pb_text_0 no-stroke et_pb_text_align_center et_pb_bg_layout_light et_multi_view__hover_selector\">\n<div class=\"et_pb_text_inner\" style=\"box-sizing: border-box; margin: 0px; padding: 0px; border: 0px; outline: 0px; font-size: 14px; text-size-adjust: 100%; vertical-align: baseline; background: transparent; position: relative;\" data-et-multi-view=\"{&quot;schema&quot;:{&quot;content&quot;:{&quot;desktop&quot;:&quot;&lt;h3&gt;Urbain et l\\u00e9ger.&lt;br \\\/&gt;simplement branch\\u00e9.&lt;\\\/h3&gt;&quot;,&quot;tablet&quot;:&quot;&lt;h3 style=\\&quot;font-size:25px\\&quot;&gt;Urbain et l\\u00e9ger.&lt;br \\\/&gt;simplement branch\\u00e9.&lt;\\\/h3&gt;&quot;,&quot;phone&quot;:&quot;&lt;h3 style=\\&quot;font-size:20px;text-align:center\\&quot;&gt;Urbain et l\\u00e9ger.&lt;br \\\/&gt;simplement branch\\u00e9.&lt;\\\/h3&gt;&quot;}},&quot;slug&quot;:&quot;et_pb_text&quot;}\" data-et-multi-view-load-tablet-hidden=\"true\" data-et-multi-view-load-phone-hidden=\"true\">\n<h1>PINK ME<br \/>\n50CC<\/h1>\n<h3>URBAIN ET L\u00c9GER.<br \/>\nSIMPLEMENT BRANCH\u00c9.<\/h3>\n<p>Le scooter \u00e9lectrique Pink Me est tr\u00e8s simple au quotidien : relativement bas, avec un centre de gravit\u00e9 proche du sol pour une bonne tenue de route.<br \/>\n3 modes de conduite sont disponibles, privil\u00e9giant l\u2019autonomie ou la vitesse. Le mode 1 (Zen) qui est limit\u00e9 \u00e0 25 km\/h. Le mode 2 (Normal) qui est un bon compromis vitesse \/ autonomie et est limit\u00e9 \u00e0 35 km\/h. Le mode 3 (Sport) qui monte jusqu\u2019\u00e0 45 km\/h.<\/p>\n<\/div>\n<p><strong><span style=\"color: #ff9900;\"><a style=\"color: #ff9900;\" href=\"https:\/\/www.pinkmobility.com\/wp-content\/uploads\/2022\/11\/PINK_ME_FLYER.pdf\" target=\"_blank\" rel=\"noopener\">Cliquez ici pour t\u00e9l\u00e9charger la fiche technique<\/a><\/span><\/strong><\/p>\n<\/div>\n<div class=\"et_pb_module et_pb_text et_pb_text_1 et_pb_text_align_center et_pb_bg_layout_light et_multi_view__hover_selector et_multi_view__hovered\">\n<div class=\"et_pb_text_inner\" style=\"box-sizing: border-box; margin: 0px; padding: 0px; border: 0px; outline: 0px; font-size: 14px; text-size-adjust: 100%; vertical-align: baseline; background: transparent; position: relative;\" data-et-multi-view=\"{&quot;schema&quot;:{&quot;content&quot;:{&quot;desktop&quot;:&quot;&lt;h1 style=\\&quot;font-size: 100px;\\&quot;&gt;Pink&lt;br \\\/&gt;Me&lt;br \\\/&gt;50cc&lt;\\\/h1&gt;&quot;,&quot;tablet&quot;:&quot;&lt;h1 style=\\&quot;font-size: 45px;\\&quot;&gt;Pink Me&lt;br \\\/&gt;50cc&lt;\\\/h1&gt;&quot;,&quot;phone&quot;:&quot;&lt;h1 style=\\&quot;font-size:25px;\\&quot;&gt;Pink Me 50cc&lt;\\\/h1&gt;&quot;}},&quot;slug&quot;:&quot;et_pb_text&quot;}\" data-et-multi-view-load-tablet-hidden=\"true\" data-et-multi-view-load-phone-hidden=\"true\">\n<p><em>Prix hors options affich\u00e9es et hors prestations de mise \u00e0 la route et immatriculation. Photo non contractuelle.<\/em><\/p>\n<\/div>\n<\/div>\n","protected":false},"featured_media":294,"comment_status":"open","ping_status":"closed","template":"","meta":[],"product_brand":[],"product_cat":[36,35],"product_tag":[],"class_list":{"0":"post-887","1":"product","2":"type-product","3":"status-publish","4":"has-post-thumbnail","6":"manufacturer-pink-mobility","7":"product_cat-pink-mobility","8":"product_cat-scooters-50cc","10":"first","11":"instock","12":"taxable","13":"shipping-taxable","14":"purchasable","15":"product-type-simple"},"jetpack_sharing_enabled":true,"_links":{"self":[{"href":"https:\/\/e-zymove.com\/index.php\/wp-json\/wp\/v2\/product\/887","targetHints":{"allow":["GET"]}}],"collection":[{"href":"https:\/\/e-zymove.com\/index.php\/wp-json\/wp\/v2\/product"}],"about":[{"href":"https:\/\/e-zymove.com\/index.php\/wp-json\/wp\/v2\/types\/product"}],"replies":[{"embeddable":true,"href":"https:\/\/e-zymove.com\/index.php\/wp-json\/wp\/v2\/comments?post=887"}],"version-history":[{"count":11,"href":"https:\/\/e-zymove.com\/index.php\/wp-json\/wp\/v2\/product\/887\/revisions"}],"predecessor-version":[{"id":4499,"href":"https:\/\/e-zymove.com\/index.php\/wp-json\/wp\/v2\/product\/887\/revisions\/4499"}],"wp:featuredmedia":[{"embeddable":true,"href":"https:\/\/e-zymove.com\/index.php\/wp-json\/wp\/v2\/media\/294"}],"wp:attachment":[{"href":"https:\/\/e-zymove.com\/index.php\/wp-json\/wp\/v2\/media?parent=887"}],"wp:term":[{"taxonomy":"product_brand","embeddable":true,"href":"https:\/\/e-zymove.com\/index.php\/wp-json\/wp\/v2\/product_brand?post=887"},{"taxonomy":"product_cat","embeddable":true,"href":"https:\/\/e-zymove.com\/index.php\/wp-json\/wp\/v2\/product_cat?post=887"},{"taxonomy":"product_tag","embeddable":true,"href":"https:\/\/e-zymove.com\/index.php\/wp-json\/wp\/v2\/product_tag?post=887"}],"curies":[{"name":"wp","href":"https:\/\/api.w.org\/{rel}","templated":true}]}}