{"id":784,"date":"2023-01-21T12:45:49","date_gmt":"2023-01-21T11:45:49","guid":{"rendered":"https:\/\/e-zymove.com\/?post_type=product&#038;p=784"},"modified":"2025-06-22T18:33:49","modified_gmt":"2025-06-22T16:33:49","slug":"produit-test","status":"publish","type":"product","link":"https:\/\/e-zymove.com\/index.php\/produit\/produit-test\/","title":{"rendered":"ENERGICA RIBELLE"},"content":{"rendered":"","protected":false},"excerpt":{"rendered":"<h1 class=\"fheading__title\">Energica Eva Ribelle<\/h1>\n<p class=\"fheading__subtitle\"><strong>Le seul moteur \u00e9lectrique hyper-naked au monde.<\/strong><\/p>\n<p>Un hyper-naked pour la r\u00e9volution de l\u2019acc\u00e9l\u00e9ration. Pilotes du monde entier, levez-vous!<\/p>\n<p>L\u2019Energica EVA Ribelle est la version roadster de l\u2019Energica EGO+, avec le m\u00eame couple, les m\u00eames puissance, acc\u00e9l\u00e9ration et autonomie ; les seules diff\u00e9rences essentielles \u00e9tant la position de conduite et la vitesse de pointe.<\/p>\n<p>Si vous \u00eates en qu\u00eate d\u2019un v\u00e9ritable <strong>hyper-naked \u00e9lectrique<\/strong>, agressif et au style urbain, ou d\u2019une position de conduite affirm\u00e9e mais droite au lieu du buste en avant comme en course, optez pour l\u2019EVA Ribelle. Mais comme sa cousine (l\u2019EsseEsse9+), l\u2019EVA Ribelle se transforme facilement en routi\u00e8re sport longue distance par le simple ajout des sacoches lat\u00e9rales, de la bulle et de la sacoche de r\u00e9servoir.<br \/>\nNouveaut\u00e9 2022 : la nouvelle version Tricolore.<\/p>\n<p>L\u2019Energica EVA Ribelle enregistre le m\u00eame couple lin\u00e9aire de 159 lb-ft que l\u2019EGO+, la m\u00eame batterie lithium-ion de 21,5 kWh \u00e0 longue dur\u00e9e offrant jusqu\u2019\u00e0 420 kilom\u00e8tres d\u2019autonomie en ville, les m\u00eames options de suspension et de performances, et toutes les commodit\u00e9s technologiques. Cela ne vous suffit pas ? Vous pouvez opter pour la \u00ab Version RS \u00bb pour une vitesse sans \u00e9gale toujours plus fulgurante.<\/p>\n<p>Pour convaincre les plus fervents adeptes des moteurs thermiques, nous avons introduit le nouveau moteur et onduleur EMCE \u2013 r\u00e9duisant ult\u00e9rieurement le poids tout en augmentant la puissance maximale \u00e0 171 ch, pour une autonomie sur autoroute atteignant 198 kilom\u00e8tres et bien entendu, la recharge rapide en courant continu.<\/p>\n<p>&nbsp;<\/p>\n[video width=\"1920\" height=\"1080\" mp4=\"https:\/\/e-zymove.com\/wp-content\/uploads\/2023\/01\/ENERGICA-Eva-Ribelle-MY2022.mp4\"][\/video]\n<p><img decoding=\"async\" class=\"size-medium wp-image-892 alignleft\" src=\"https:\/\/e-zymove.com\/wp-content\/uploads\/2023\/01\/Capture-decran-2023-01-22-a-19.06.05-300x110.png\" alt=\"\" width=\"300\" height=\"110\" srcset=\"https:\/\/e-zymove.com\/wp-content\/uploads\/2023\/01\/Capture-decran-2023-01-22-a-19.06.05-300x110.png 300w, https:\/\/e-zymove.com\/wp-content\/uploads\/2023\/01\/Capture-decran-2023-01-22-a-19.06.05-350x128.png 350w, https:\/\/e-zymove.com\/wp-content\/uploads\/2023\/01\/Capture-decran-2023-01-22-a-19.06.05.png 508w\" sizes=\"(max-width: 300px) 100vw, 300px\" \/><\/p>\n","protected":false},"featured_media":678,"comment_status":"open","ping_status":"closed","template":"","meta":[],"product_brand":[],"product_cat":[17],"product_tag":[],"class_list":{"0":"post-784","1":"product","2":"type-product","3":"status-publish","4":"has-post-thumbnail","6":"product_cat-non-classe","8":"first","9":"instock","10":"taxable","11":"shipping-taxable","12":"purchasable","13":"product-type-simple"},"jetpack_sharing_enabled":true,"_links":{"self":[{"href":"https:\/\/e-zymove.com\/index.php\/wp-json\/wp\/v2\/product\/784","targetHints":{"allow":["GET"]}}],"collection":[{"href":"https:\/\/e-zymove.com\/index.php\/wp-json\/wp\/v2\/product"}],"about":[{"href":"https:\/\/e-zymove.com\/index.php\/wp-json\/wp\/v2\/types\/product"}],"replies":[{"embeddable":true,"href":"https:\/\/e-zymove.com\/index.php\/wp-json\/wp\/v2\/comments?post=784"}],"version-history":[{"count":10,"href":"https:\/\/e-zymove.com\/index.php\/wp-json\/wp\/v2\/product\/784\/revisions"}],"predecessor-version":[{"id":900,"href":"https:\/\/e-zymove.com\/index.php\/wp-json\/wp\/v2\/product\/784\/revisions\/900"}],"wp:featuredmedia":[{"embeddable":true,"href":"https:\/\/e-zymove.com\/index.php\/wp-json\/wp\/v2\/media\/678"}],"wp:attachment":[{"href":"https:\/\/e-zymove.com\/index.php\/wp-json\/wp\/v2\/media?parent=784"}],"wp:term":[{"taxonomy":"product_brand","embeddable":true,"href":"https:\/\/e-zymove.com\/index.php\/wp-json\/wp\/v2\/product_brand?post=784"},{"taxonomy":"product_cat","embeddable":true,"href":"https:\/\/e-zymove.com\/index.php\/wp-json\/wp\/v2\/product_cat?post=784"},{"taxonomy":"product_tag","embeddable":true,"href":"https:\/\/e-zymove.com\/index.php\/wp-json\/wp\/v2\/product_tag?post=784"}],"curies":[{"name":"wp","href":"https:\/\/api.w.org\/{rel}","templated":true}]}}