{"id":4435,"date":"2025-03-09T15:10:22","date_gmt":"2025-03-09T14:10:22","guid":{"rendered":"https:\/\/e-zymove.com\/?post_type=product&#038;p=4435"},"modified":"2025-03-09T15:10:23","modified_gmt":"2025-03-09T14:10:23","slug":"teverun-fighter-mini-pro-60v-25ah-moteur-bosch","status":"publish","type":"product","link":"https:\/\/e-zymove.com\/index.php\/produit\/teverun-fighter-mini-pro-60v-25ah-moteur-bosch\/","title":{"rendered":"TEVERUN &#8211; FIGHTER MINI PRO &#8211; 60V 25AH MOTEUR BOSCH"},"content":{"rendered":"<table class=\"table\">\n<tbody>\n<tr>\n<td class=\"w-25\">Marque<\/td>\n<td class=\"w-75 text-muted\">TEVERUN<\/td>\n<\/tr>\n<tr>\n<td class=\"w-25\">Etanch\u00e9it\u00e9<\/td>\n<td class=\"w-75 text-muted\">IPX5<\/td>\n<\/tr>\n<tr>\n<td class=\"w-25\">Batterie<\/td>\n<td class=\"w-75 text-muted\">60V 25Ah<\/td>\n<\/tr>\n<tr>\n<td class=\"w-25\">Autonomie<\/td>\n<td class=\"w-75 text-muted\">80 km<\/td>\n<\/tr>\n<tr>\n<td class=\"w-25\">Puissance nominale<\/td>\n<td class=\"w-75 text-muted\">1000W x 2<\/td>\n<\/tr>\n<tr>\n<td class=\"w-25\">Puissance max<\/td>\n<td class=\"w-75 text-muted\">2950W<\/td>\n<\/tr>\n<tr>\n<td class=\"w-25\">Vitesse brid\u00e9e<\/td>\n<td class=\"w-75 text-muted\">25 km\/h<\/td>\n<\/tr>\n<tr>\n<td class=\"w-25\">Vitesse max<\/td>\n<td class=\"w-75 text-muted\">65 km\/h<\/td>\n<\/tr>\n<tr>\n<td class=\"w-25\">Taille des roues<\/td>\n<td class=\"w-75 text-muted\">10 pouces<\/td>\n<\/tr>\n<tr>\n<td class=\"w-25\">Freinage<\/td>\n<td class=\"w-75 text-muted\">Hydraulique \u00e0 disque<\/td>\n<\/tr>\n<tr>\n<td class=\"w-25\">Clignotants<\/td>\n<td class=\"w-75 text-muted\">Oui<\/td>\n<\/tr>\n<tr>\n<td class=\"w-25\">Poids<\/td>\n<td class=\"w-75 text-muted\">35.5 kg<\/td>\n<\/tr>\n<tr>\n<td class=\"w-25\">Certification<\/td>\n<td class=\"w-75 text-muted\">HOMOLOGADO DGT SEGUN B.O.E-A-2022-987<\/td>\n<\/tr>\n<tr>\n<td class=\"w-25\">Suspension<\/td>\n<td class=\"w-75 text-muted\">Ressorts hydrauliques<\/td>\n<\/tr>\n<tr>\n<td class=\"w-25\">Contr\u00f4leur<\/td>\n<td class=\"w-75 text-muted\">25A x 2 &#8211; Sine Wave<\/td>\n<\/tr>\n<tr>\n<td class=\"w-25\">Display<\/td>\n<td class=\"w-75 text-muted\">TFT 3,5 pouces<\/td>\n<\/tr>\n<tr>\n<td class=\"w-25\">Chargeur<\/td>\n<td class=\"w-75 text-muted\">67,2V 5A<\/td>\n<\/tr>\n<tr>\n<td class=\"w-25\">Verouillage<\/td>\n<td class=\"w-75 text-muted\">NFC<\/td>\n<\/tr>\n<tr>\n<td class=\"w-25\">Taille d\u00e9pli\u00e9e<\/td>\n<td class=\"w-75 text-muted\">1180 x 650 x 1250 mm (L x l x h)<\/td>\n<\/tr>\n<tr>\n<td class=\"w-25\">Taille pli\u00e9e<\/td>\n<td class=\"w-75 text-muted\">1180 x 650 x 600 mm (L x l x h)<\/td>\n<\/tr>\n<tr>\n<td class=\"w-25\">Taille carton<\/td>\n<td class=\"w-75 text-muted\">1290 x 290 x 650 mm (L x l x h)<\/td>\n<\/tr>\n<\/tbody>\n<\/table>\n","protected":false},"excerpt":{"rendered":"<p><b>Nouvelle Teverun Fighter Mini pro\u00a0:<\/b><\/p>\n<p>La Teverun Fighter Mini pro est bien plus qu&rsquo;une simple trottinette \u00e9lectrique ; c&rsquo;est une fusion parfaite entre design \u00e9l\u00e9gant, performances exceptionnelles et praticit\u00e9 ultime. Con\u00e7ue pour les citadins modernes en qu\u00eate de mobilit\u00e9 efficace, cette trottinette compacte incarne l&rsquo;\u00e9quilibre id\u00e9al entre style et fonctionnalit\u00e9.\u00a0\u00a0D\u00e9couvrez cette trottinette dans cette version PRO qui adopte une batterie plus cons\u00e9quente de 60V 25Ah Samsung. Ainsi, avec cette batterie, vous pourrez parcourir jusqu\u2019\u00e0 80 km en une seule charge. De quoi ravir les amateurs de grandes balades en trottinette.<\/p>\n<p><b>Une trottinette \u00e9lectrique puissante\u00a0:<\/b><\/p>\n<p>La Teverun Fighter Mini pro reprend toutes les qualit\u00e9s de la Mini toute en am\u00e9liorant la puissance, l\u2019autonomie et l\u2019\u00e9tanch\u00e9it\u00e9. En effet, la Mini pro est \u00e9tanche IPX5\u00a0! Vous pourrez dons l\u2019utiliser tous les jours, m\u00eame lorsqu\u2019il pleut. Concernant la puissance, elle passe en 60V au lieu de 52V. Cette Teverun mini pro est alors plus nerveuse et plus rapide\u00a0!<\/p>\n<ul>\n<li>Puissance nominale\u00a0: 2 x 1000W<\/li>\n<li>Vitesse max\u00a0: 65 km\/h<\/li>\n<li>Poids\u00a0: 30,5 kg<\/li>\n<li>Batterie\u00a0: 60V 25Ah Samsung<\/li>\n<li>Autonomie\u00a0: 80 km<\/li>\n<\/ul>\n<p><b>Teverun Fighter Mini pro\u00a0: une s\u00e9curit\u00e9 au top\u00a0:<\/b><\/p>\n<p>Vous remarquerez \u00e9galement que la Teverun Fighter Mini pro est tr\u00e8s bien \u00e9quip\u00e9e niveau s\u00e9curit\u00e9. Vous aimerez son freinage hydraulique \u00e0 disques, ses suspensions souples et sa tenue de route impeccable. D\u2019autre part, la suspension \u00e0 ressort est enti\u00e8rement r\u00e9glable en fonction de votre poids et de votre style de conduite.<\/p>\n<ul>\n<li>Freinage hydraulique<\/li>\n<li>Suspension r\u00e9glable<\/li>\n<li>Pneus 10 pouces tubeless<\/li>\n<li>[embed]https:\/\/youtu.be\/h0IgqfhBiOQ[\/embed]<\/li>\n<li><\/li>\n<\/ul>\n","protected":false},"featured_media":4437,"comment_status":"open","ping_status":"closed","template":"","meta":[],"product_brand":[],"product_cat":[97,32],"product_tag":[],"class_list":{"0":"post-4435","1":"product","2":"type-product","3":"status-publish","4":"has-post-thumbnail","6":"product_cat-teverun","7":"product_cat-trottinettes","9":"first","10":"instock","11":"taxable","12":"shipping-taxable","13":"purchasable","14":"product-type-simple"},"jetpack_sharing_enabled":true,"_links":{"self":[{"href":"https:\/\/e-zymove.com\/index.php\/wp-json\/wp\/v2\/product\/4435","targetHints":{"allow":["GET"]}}],"collection":[{"href":"https:\/\/e-zymove.com\/index.php\/wp-json\/wp\/v2\/product"}],"about":[{"href":"https:\/\/e-zymove.com\/index.php\/wp-json\/wp\/v2\/types\/product"}],"replies":[{"embeddable":true,"href":"https:\/\/e-zymove.com\/index.php\/wp-json\/wp\/v2\/comments?post=4435"}],"version-history":[{"count":1,"href":"https:\/\/e-zymove.com\/index.php\/wp-json\/wp\/v2\/product\/4435\/revisions"}],"predecessor-version":[{"id":4449,"href":"https:\/\/e-zymove.com\/index.php\/wp-json\/wp\/v2\/product\/4435\/revisions\/4449"}],"wp:featuredmedia":[{"embeddable":true,"href":"https:\/\/e-zymove.com\/index.php\/wp-json\/wp\/v2\/media\/4437"}],"wp:attachment":[{"href":"https:\/\/e-zymove.com\/index.php\/wp-json\/wp\/v2\/media?parent=4435"}],"wp:term":[{"taxonomy":"product_brand","embeddable":true,"href":"https:\/\/e-zymove.com\/index.php\/wp-json\/wp\/v2\/product_brand?post=4435"},{"taxonomy":"product_cat","embeddable":true,"href":"https:\/\/e-zymove.com\/index.php\/wp-json\/wp\/v2\/product_cat?post=4435"},{"taxonomy":"product_tag","embeddable":true,"href":"https:\/\/e-zymove.com\/index.php\/wp-json\/wp\/v2\/product_tag?post=4435"}],"curies":[{"name":"wp","href":"https:\/\/api.w.org\/{rel}","templated":true}]}}