{"id":4414,"date":"2025-03-09T15:06:35","date_gmt":"2025-03-09T14:06:35","guid":{"rendered":"https:\/\/e-zymove.com\/?post_type=product&#038;p=4414"},"modified":"2025-03-09T15:06:35","modified_gmt":"2025-03-09T14:06:35","slug":"teverun-fighter-mini-eco-52v-156ah-moteur-bosch","status":"publish","type":"product","link":"https:\/\/e-zymove.com\/index.php\/produit\/teverun-fighter-mini-eco-52v-156ah-moteur-bosch\/","title":{"rendered":"TEVERUN &#8211; FIGHTER MINI ECO &#8211; 52V 15,6AH MOTEUR BOSCH"},"content":{"rendered":"<table class=\"table\">\n<tbody>\n<tr>\n<td class=\"w-25\">Marque<\/td>\n<td class=\"w-75 text-muted\">TEVERUN<\/td>\n<\/tr>\n<tr>\n<td class=\"w-25\">Etanch\u00e9it\u00e9<\/td>\n<td class=\"w-75 text-muted\">IPX5<\/td>\n<\/tr>\n<tr>\n<td class=\"w-25\">Batterie<\/td>\n<td class=\"w-75 text-muted\">52V 15,6Ah<\/td>\n<\/tr>\n<tr>\n<td class=\"w-25\">Autonomie<\/td>\n<td class=\"w-75 text-muted\">60 km<\/td>\n<\/tr>\n<tr>\n<td class=\"w-25\">Puissance nominale<\/td>\n<td class=\"w-75 text-muted\">1000W x 2<\/td>\n<\/tr>\n<tr>\n<td class=\"w-25\">Puissance max<\/td>\n<td class=\"w-75 text-muted\">2950W<\/td>\n<\/tr>\n<tr>\n<td class=\"w-25\">Vitesse brid\u00e9e<\/td>\n<td class=\"w-75 text-muted\">25 km\/h<\/td>\n<\/tr>\n<tr>\n<td class=\"w-25\">Vitesse max<\/td>\n<td class=\"w-75 text-muted\">60 km\/h<\/td>\n<\/tr>\n<tr>\n<td class=\"w-25\">Taille des roues<\/td>\n<td class=\"w-75 text-muted\">10 pouces<\/td>\n<\/tr>\n<tr>\n<td class=\"w-25\">Freinage<\/td>\n<td class=\"w-75 text-muted\">Hydraulique \u00e0 disque<\/td>\n<\/tr>\n<tr>\n<td class=\"w-25\">Clignotants<\/td>\n<td class=\"w-75 text-muted\">Oui<\/td>\n<\/tr>\n<tr>\n<td class=\"w-25\">Poids<\/td>\n<td class=\"w-75 text-muted\">32,65 kg<\/td>\n<\/tr>\n<tr>\n<td class=\"w-25\">Certification<\/td>\n<td class=\"w-75 text-muted\">HOMOLOGADO DGT SEGUN B.O.E-A-2022-987<\/td>\n<\/tr>\n<tr>\n<td class=\"w-25\">Suspension<\/td>\n<td class=\"w-75 text-muted\">Ressorts av\/ar<\/td>\n<\/tr>\n<tr>\n<td class=\"w-25\">Contr\u00f4leur<\/td>\n<td class=\"w-75 text-muted\">25A x 2 &#8211; Sine Wave<\/td>\n<\/tr>\n<tr>\n<td class=\"w-25\">Display<\/td>\n<td class=\"w-75 text-muted\">TFT 3,5 pouces<\/td>\n<\/tr>\n<tr>\n<td class=\"w-25\">Chargeur<\/td>\n<td class=\"w-75 text-muted\">58,8V 2A<\/td>\n<\/tr>\n<tr>\n<td class=\"w-25\">Verouillage<\/td>\n<td class=\"w-75 text-muted\">NFC<\/td>\n<\/tr>\n<tr>\n<td class=\"w-25\">Taille d\u00e9pli\u00e9e<\/td>\n<td class=\"w-75 text-muted\">1180 x 650 x 1250 mm (L x l x h)<\/td>\n<\/tr>\n<tr>\n<td class=\"w-25\">Taille pli\u00e9e<\/td>\n<td class=\"w-75 text-muted\">1180 x 650 x 600 mm (L x l x h)<\/td>\n<\/tr>\n<tr>\n<td class=\"w-25\">Taille carton<\/td>\n<td class=\"w-75 text-muted\">1290 x 290 x 650 mm (L x l x h)<\/td>\n<\/tr>\n<\/tbody>\n<\/table>\n","protected":false},"excerpt":{"rendered":"<h2><strong>TEVERUN &#8211; FIGHTER MINI ECO &#8211; 52V 15,6AH MOTEUR BOSCH<\/strong><\/h2>\n<p><b>Teverun Fighter Mini eco\u00a0: un concentr\u00e9 de puissance<\/b><\/p>\n<p>Voici la nouvelle Teverun Fighter Mini eco, une trottinette \u00e9lectrique puissante et pratique. Cette Teverun reprend toutes les caract\u00e9ristiques de la Fighter Mini que vous connaissez d\u00e9j\u00e0 mais adopte une batterie 52V 15,6Ah. Cette batterie permet de faire descendre le prix de cette trottinette.<\/p>\n<p>R\u00e9put\u00e9e pour sa puissance, son confort de conduite et sa finition exemplaire, la Teverun Mini reste l\u2019une des r\u00e9f\u00e9rences du march\u00e9 face \u00e0 la Dualtron Mini dual. Profitez de ses deux moteurs puissants, de son freinage hydraulique et de toutes ses s\u00e9curit\u00e9s int\u00e9gr\u00e9es.<\/p>\n<p>&nbsp;<\/p>\n<p><b>Les caract\u00e9ristiques techniques\u00a0:<\/b><\/p>\n<p>Teverun est une marque de trottinettes \u00e9lectriques qui innove et cela se ressent dans ses machines. Cette Mini eco adopte notamment un smart BMS dans la batterie qui permet d\u2019am\u00e9liorer l\u2019autonomie tout en limitant la d\u00e9gradation et les risques de pannes. C\u2019est le cas \u00e9galement avec les nouveaux contr\u00f4leurs Sin Wave 58,8V 2A qui sont plus r\u00e9actifs et plus fiables. Ainsi, toute la puissance et toute la capacit\u00e9 des moteurs et de la batterie sont exploit\u00e9s.<\/p>\n<ul>\n<li>2 moteurs puissants de 1000W chacun en nominal<\/li>\n<li>Batterie 52V 15,6Ah (smart BMS)<\/li>\n<li>Vitesse max 60 km\/h<\/li>\n<li>Autonomie jusqu\u2019\u00e0 60 km<\/li>\n<\/ul>\n<p>D\u2019autre part, la s\u00e9curit\u00e9 de conduite est optimale gr\u00e2ce au freinage hydraulique. Vous pourrez ainsi profiter d\u2019un freinage id\u00e9al en toutes situations. C\u2019est aussi le cas pour la tenue de route, am\u00e9lior\u00e9e notamment avec la suspension souple et les pneus larges 10 pouces tubeless de cette machine.<\/p>\n<ul>\n<li>Freinage hydraulique<\/li>\n<li>Pneus 10 pouces tubeless<\/li>\n<li>Poids\u00a0: 29,5 kg<\/li>\n<\/ul>\n[embed]https:\/\/youtu.be\/h0IgqfhBiOQ[\/embed]\n<p>&nbsp;<\/p>\n","protected":false},"featured_media":4416,"comment_status":"open","ping_status":"closed","template":"","meta":[],"product_brand":[],"product_cat":[97,32],"product_tag":[],"class_list":{"0":"post-4414","1":"product","2":"type-product","3":"status-publish","4":"has-post-thumbnail","6":"product_cat-teverun","7":"product_cat-trottinettes","9":"first","10":"instock","11":"taxable","12":"shipping-taxable","13":"purchasable","14":"product-type-simple"},"jetpack_sharing_enabled":true,"_links":{"self":[{"href":"https:\/\/e-zymove.com\/index.php\/wp-json\/wp\/v2\/product\/4414","targetHints":{"allow":["GET"]}}],"collection":[{"href":"https:\/\/e-zymove.com\/index.php\/wp-json\/wp\/v2\/product"}],"about":[{"href":"https:\/\/e-zymove.com\/index.php\/wp-json\/wp\/v2\/types\/product"}],"replies":[{"embeddable":true,"href":"https:\/\/e-zymove.com\/index.php\/wp-json\/wp\/v2\/comments?post=4414"}],"version-history":[{"count":1,"href":"https:\/\/e-zymove.com\/index.php\/wp-json\/wp\/v2\/product\/4414\/revisions"}],"predecessor-version":[{"id":4434,"href":"https:\/\/e-zymove.com\/index.php\/wp-json\/wp\/v2\/product\/4414\/revisions\/4434"}],"wp:featuredmedia":[{"embeddable":true,"href":"https:\/\/e-zymove.com\/index.php\/wp-json\/wp\/v2\/media\/4416"}],"wp:attachment":[{"href":"https:\/\/e-zymove.com\/index.php\/wp-json\/wp\/v2\/media?parent=4414"}],"wp:term":[{"taxonomy":"product_brand","embeddable":true,"href":"https:\/\/e-zymove.com\/index.php\/wp-json\/wp\/v2\/product_brand?post=4414"},{"taxonomy":"product_cat","embeddable":true,"href":"https:\/\/e-zymove.com\/index.php\/wp-json\/wp\/v2\/product_cat?post=4414"},{"taxonomy":"product_tag","embeddable":true,"href":"https:\/\/e-zymove.com\/index.php\/wp-json\/wp\/v2\/product_tag?post=4414"}],"curies":[{"name":"wp","href":"https:\/\/api.w.org\/{rel}","templated":true}]}}