{"id":4407,"date":"2025-03-09T15:01:54","date_gmt":"2025-03-09T14:01:54","guid":{"rendered":"https:\/\/e-zymove.com\/?post_type=product&#038;p=4407"},"modified":"2025-03-09T15:01:54","modified_gmt":"2025-03-09T14:01:54","slug":"teverun-fighter-mini-52v-208ah-moteur-bosch","status":"publish","type":"product","link":"https:\/\/e-zymove.com\/index.php\/produit\/teverun-fighter-mini-52v-208ah-moteur-bosch\/","title":{"rendered":"TEVERUN &#8211; FIGHTER MINI &#8211; 52V 20,8AH MOTEUR BOSCH"},"content":{"rendered":"<table class=\"table\">\n<tbody>\n<tr>\n<td class=\"w-25\">Marque<\/td>\n<td class=\"w-75 text-muted\">TEVERUN<\/td>\n<\/tr>\n<tr>\n<td class=\"w-25\">Etanch\u00e9it\u00e9<\/td>\n<td class=\"w-75 text-muted\">IPX5<\/td>\n<\/tr>\n<tr>\n<td class=\"w-25\">Batterie<\/td>\n<td class=\"w-75 text-muted\">52V 20,8Ah<\/td>\n<\/tr>\n<tr>\n<td class=\"w-25\">Autonomie<\/td>\n<td class=\"w-75 text-muted\">70 km<\/td>\n<\/tr>\n<tr>\n<td class=\"w-25\">Puissance nominale<\/td>\n<td class=\"w-75 text-muted\">1000W x 2<\/td>\n<\/tr>\n<tr>\n<td class=\"w-25\">Puissance max<\/td>\n<td class=\"w-75 text-muted\">2950W<\/td>\n<\/tr>\n<tr>\n<td class=\"w-25\">Vitesse brid\u00e9e<\/td>\n<td class=\"w-75 text-muted\">25 km\/h<\/td>\n<\/tr>\n<tr>\n<td class=\"w-25\">Vitesse max<\/td>\n<td class=\"w-75 text-muted\">60 km\/h<\/td>\n<\/tr>\n<tr>\n<td class=\"w-25\">Taille des roues<\/td>\n<td class=\"w-75 text-muted\">10 pouces<\/td>\n<\/tr>\n<tr>\n<td class=\"w-25\">Freinage<\/td>\n<td class=\"w-75 text-muted\">Hydraulique \u00e0 disque<\/td>\n<\/tr>\n<tr>\n<td class=\"w-25\">Clignotants<\/td>\n<td class=\"w-75 text-muted\">Oui<\/td>\n<\/tr>\n<tr>\n<td class=\"w-25\">Poids<\/td>\n<td class=\"w-75 text-muted\">34,4 kg<\/td>\n<\/tr>\n<tr>\n<td class=\"w-25\">Certification<\/td>\n<td class=\"w-75 text-muted\">HOMOLOGADO DGT SEGUN B.O.E-A-2022-987<\/td>\n<\/tr>\n<tr>\n<td class=\"w-25\">Suspension<\/td>\n<td class=\"w-75 text-muted\">Ressorts hydrauliques<\/td>\n<\/tr>\n<tr>\n<td class=\"w-25\">Contr\u00f4leur<\/td>\n<td class=\"w-75 text-muted\">25A x 2 &#8211; Sine Wave<\/td>\n<\/tr>\n<tr>\n<td class=\"w-25\">Display<\/td>\n<td class=\"w-75 text-muted\">TFT 3,5 pouces<\/td>\n<\/tr>\n<tr>\n<td class=\"w-25\">Chargeur<\/td>\n<td class=\"w-75 text-muted\">58,8V 2A<\/td>\n<\/tr>\n<tr>\n<td class=\"w-25\">Verouillage<\/td>\n<td class=\"w-75 text-muted\">NFC<\/td>\n<\/tr>\n<tr>\n<td class=\"w-25\">Taille d\u00e9pli\u00e9e<\/td>\n<td class=\"w-75 text-muted\">1180 x 650 x 1250 mm (L x l x h)<\/td>\n<\/tr>\n<tr>\n<td class=\"w-25\">Taille pli\u00e9e<\/td>\n<td class=\"w-75 text-muted\">1180 x 650 x 600 mm (L x l x h)<\/td>\n<\/tr>\n<tr>\n<td class=\"w-25\">Taille carton<\/td>\n<td class=\"w-75 text-muted\">1290 x 290 x 650 mm (L x l x h)<\/td>\n<\/tr>\n<\/tbody>\n<\/table>\n","protected":false},"excerpt":{"rendered":"<h2><strong>TEVERUN &#8211; FIGHTER MINI &#8211; 52V 20,8AH MOTEUR BOSCH<\/strong><\/h2>\n<p><b>Teverun Fighter Mini\u00a0: une trottinette pratique et puissante\u00a0:<\/b><\/p>\n<p>D\u00e9couvrez la Fighter Mini, une trottinette \u00e9lectrique tout droit sortie des usines Teverun. La marque, partenaire du g\u00e9ant Minimotors ne cesse de nous impressionner avec des mod\u00e8les toujours plus performants. Cette trottinette Fighter Mini en est la preuve puisqu\u2019elle m\u00e9lange puissance, technologie et confort de conduite.<\/p>\n<p>Vous aimerez avant tout son design moderne et sportif. Cette trottinette adopte un style rac\u00e9 qui rappelle certains mod\u00e8les de chez Dualtron. Le deck est assez large afin de permettre \u00e0 l\u2019utilisateur de se sentir \u00e0 l&rsquo;aise debout. Au niveau du guidon, on retrouve les \u00e9l\u00e9ments indispensables \u00e0 la conduite. Tout d\u2019abord l\u2019\u00e9cran central qui permet une lecture claire et pr\u00e9cise des informations de conduite comme la vitesse, la charge de la batterie ou encore le mode de conduite. Les poign\u00e9es de freins sont facilement accessibles afin de garantir votre s\u00e9curit\u00e9. Enfin, l\u2019acc\u00e9l\u00e9rateur pouce sur la droite permet une acc\u00e9l\u00e9ration pr\u00e9cise et se d\u00e9marque de la concurrence qui opte souvent pour une g\u00e2chette.<\/p>\n<p>&nbsp;<\/p>\n<p><b>Des performances \u00e0 la hauteur\u00a0:<\/b><\/p>\n<p>L\u2019autre point fort de cette trottinette \u00e9lectrique Teverun, ce sont ses performances. En effet, les deux moteurs puissants permettent des acc\u00e9l\u00e9rations franches et d\u00e9livrent un couple important. Gr\u00e2ce \u00e0 eux, vous pourrez rouler sans encombre, m\u00eame lorsque la route devient pentue. Sur terrain priv\u00e9, vous serez bluff\u00e9 par la vitesse maximale qu\u2019elle peut atteindre\u00a0!<\/p>\n<p>Pour ce qui est de l\u2019autonomie, vous trouverez sous le deck une batterie de 60V 20,8Ah qui permet d\u2019effectuer jusqu\u2019\u00e0 60 km en une seule charge. Une belle performance donc qui ravira les pilotes les plus endurants.<\/p>\n<p>Une fois \u00e0 bord de cette Fighter Mini, vous serez conquis par son confort optimal en toutes circonstances. Les suspensions souples absorbent facilement tous les d\u00e9fauts de la route afin de rendre votre trajet agr\u00e9able. En plus de cela, les pneus tubeless larges en 10 pouces assurent une tenue de route parfaite sur le bitume.<\/p>\n<p><b>Fighter Mini\u00a0: la s\u00e9curit\u00e9 avant tout\u00a0:<\/b><\/p>\n<p>Conduisez cette trottinette \u00e9lectrique Teverun Fighter Mini en toute s\u00e9curit\u00e9. Cette machine est \u00e9quip\u00e9e d\u2019un freinage hydraulique puissant et pr\u00e9cis qui permet des freinages faciles et rapides. Un point essentiel puisque la trottinette p\u00e8se 29,5 kg.<\/p>\n<p>Autre point s\u00e9curit\u00e9, les clignotants. Cette Fighter est \u00e9quip\u00e9e de clignotants et permet donc de signaler un changement de direction aux autres usagers de la route. \u00c9vitez ainsi le stress aux intersections et tournez en toute s\u00e9curit\u00e9. Cette trottinette Teverun adopte d\u2019ailleurs des clignotants novateurs puisque c\u2019est tout le c\u00f4t\u00e9 de la trottinette qui clignote afin d\u2019\u00eatre mieux vu.<\/p>\n<p>Enfin, profitez d\u2019une \u00e9tanch\u00e9it\u00e9 IPX5 sur ce mod\u00e8le. Vous pourrez donc rouler tous les jours ou presque avec votre machine sans vous soucier des risques li\u00e9s \u00e0 la pluie (Il faudra tout de m\u00eame \u00e9viter les fortes pluies et les flaques).<\/p>\n[embed]https:\/\/youtu.be\/h0IgqfhBiOQ[\/embed]\n<p>&nbsp;<\/p>\n","protected":false},"featured_media":4409,"comment_status":"open","ping_status":"closed","template":"","meta":[],"product_brand":[],"product_cat":[97,32],"product_tag":[],"class_list":{"0":"post-4407","1":"product","2":"type-product","3":"status-publish","4":"has-post-thumbnail","6":"product_cat-teverun","7":"product_cat-trottinettes","9":"first","10":"instock","11":"taxable","12":"shipping-taxable","13":"purchasable","14":"product-type-simple"},"jetpack_sharing_enabled":true,"_links":{"self":[{"href":"https:\/\/e-zymove.com\/index.php\/wp-json\/wp\/v2\/product\/4407","targetHints":{"allow":["GET"]}}],"collection":[{"href":"https:\/\/e-zymove.com\/index.php\/wp-json\/wp\/v2\/product"}],"about":[{"href":"https:\/\/e-zymove.com\/index.php\/wp-json\/wp\/v2\/types\/product"}],"replies":[{"embeddable":true,"href":"https:\/\/e-zymove.com\/index.php\/wp-json\/wp\/v2\/comments?post=4407"}],"version-history":[{"count":2,"href":"https:\/\/e-zymove.com\/index.php\/wp-json\/wp\/v2\/product\/4407\/revisions"}],"predecessor-version":[{"id":4413,"href":"https:\/\/e-zymove.com\/index.php\/wp-json\/wp\/v2\/product\/4407\/revisions\/4413"}],"wp:featuredmedia":[{"embeddable":true,"href":"https:\/\/e-zymove.com\/index.php\/wp-json\/wp\/v2\/media\/4409"}],"wp:attachment":[{"href":"https:\/\/e-zymove.com\/index.php\/wp-json\/wp\/v2\/media?parent=4407"}],"wp:term":[{"taxonomy":"product_brand","embeddable":true,"href":"https:\/\/e-zymove.com\/index.php\/wp-json\/wp\/v2\/product_brand?post=4407"},{"taxonomy":"product_cat","embeddable":true,"href":"https:\/\/e-zymove.com\/index.php\/wp-json\/wp\/v2\/product_cat?post=4407"},{"taxonomy":"product_tag","embeddable":true,"href":"https:\/\/e-zymove.com\/index.php\/wp-json\/wp\/v2\/product_tag?post=4407"}],"curies":[{"name":"wp","href":"https:\/\/api.w.org\/{rel}","templated":true}]}}