{"id":4389,"date":"2025-03-09T14:40:13","date_gmt":"2025-03-09T13:40:13","guid":{"rendered":"https:\/\/e-zymove.com\/?post_type=product&#038;p=4389"},"modified":"2025-03-09T14:40:13","modified_gmt":"2025-03-09T13:40:13","slug":"dualtron-victor-luxury-60v-30ah-ey4-2024","status":"publish","type":"product","link":"https:\/\/e-zymove.com\/index.php\/produit\/dualtron-victor-luxury-60v-30ah-ey4-2024\/","title":{"rendered":"DUALTRON &#8211; VICTOR LUXURY &#8211; 60V 30AH EY4 2024"},"content":{"rendered":"<table class=\"table\">\n<tbody>\n<tr>\n<td class=\"w-25\">Batterie<\/td>\n<td class=\"w-75 text-muted\">60V 30Ah &#8211; LG 21699<\/td>\n<\/tr>\n<tr>\n<td class=\"w-25\">Autonomie<\/td>\n<td class=\"w-75 text-muted\">100 km<\/td>\n<\/tr>\n<tr>\n<td class=\"w-25\">Puissance max<\/td>\n<td class=\"w-75 text-muted\">4000W<\/td>\n<\/tr>\n<tr>\n<td class=\"w-25\">Vitesse brid\u00e9e<\/td>\n<td class=\"w-75 text-muted\">25 km\/h<\/td>\n<\/tr>\n<tr>\n<td class=\"w-25\">Vitesse max<\/td>\n<td class=\"w-75 text-muted\">80 km\/h<\/td>\n<\/tr>\n<tr>\n<td class=\"w-25\">Taille des roues<\/td>\n<td class=\"w-75 text-muted\">10 pouces<\/td>\n<\/tr>\n<tr>\n<td class=\"w-25\">Pneus<\/td>\n<td class=\"w-75 text-muted\">Tubeless anti-crevaison<\/td>\n<\/tr>\n<tr>\n<td class=\"w-25\">Freinage<\/td>\n<td class=\"w-75 text-muted\">Hydraulique Zoom \u00e0 disques<\/td>\n<\/tr>\n<tr>\n<td class=\"w-25\">Poids<\/td>\n<td class=\"w-75 text-muted\">34,8 kg<\/td>\n<\/tr>\n<tr>\n<td class=\"w-25\">Certification<\/td>\n<td class=\"w-75 text-muted\">HOMOLOGADO DGT SEGUN B.O.E-A-2022-987<\/td>\n<\/tr>\n<tr>\n<td class=\"w-25\">Potencia nominal homologado DGT<\/td>\n<td class=\"w-75 text-muted\">Segun B.O.E-A-2022-987 Max. 1000W seg\u00fan modelo<\/td>\n<\/tr>\n<tr>\n<td class=\"w-25\">Suspension<\/td>\n<td class=\"w-75 text-muted\">Cartouches interchangeables<\/td>\n<\/tr>\n<tr>\n<td class=\"w-25\">Taille d\u00e9pli\u00e9e<\/td>\n<td class=\"w-75 text-muted\">1110 x 609 x 1247 mm (L x l x h),\u00a01110 x 609 x 1247 mm (L x l x h)<\/td>\n<\/tr>\n<tr>\n<td class=\"w-25\">Taille pli\u00e9e<\/td>\n<td class=\"w-75 text-muted\">1110 x 279 x 560 mm (L x l x h),\u00a01110 x 279 x 560 mm (L x l x h)<\/td>\n<\/tr>\n<\/tbody>\n<\/table>\n","protected":false},"excerpt":{"rendered":"<h2><strong>DUALTRON &#8211; VICTOR LUXURY &#8211; 60V 30AH EY4 2024<\/strong><\/h2>\n<h3><strong>La Dualtron Victor Luxury : la version LUXE de la Victor\u00a0<\/strong><\/h3>\n<p><b>LA\u00a0<\/b><strong>Dualtron Victor Luxury\u00a0<\/strong>est une version am\u00e9lior\u00e9e de la Dualtron Victor. D\u2019un point de vue technique, elle reprend les caract\u00e9ristiques de la Dualtron Victor. D\u2019un point de vue esth\u00e9tique, elle reprend les \u00e9l\u00e9ments de la Dualtron Achilleus dans un format plus r\u00e9duit. V\u00e9ritable succ\u00e8s de l\u2019ann\u00e9e 2021, la Dualtron Victor \u00e9volue et restera certainement le best seller dans la cat\u00e9gorie des trottinettes puissantes 10 pouces en 2022.<\/p>\n<h2><strong>Vid\u00e9o de la Dualtron Victor Luxury<\/strong><\/h2>\n[embed]https:\/\/youtu.be\/YL8R6ivKkzM[\/embed]\n[embed]https:\/\/youtu.be\/PSW4UXSy96U[\/embed]\n<h2><strong>Les caract\u00e9ristiques techniques de la Dualtron Victor Luxury<\/strong><\/h2>\n<p>La\u00a0<strong>Dualtron Victor\u00a0Luxury<\/strong>\u00a0est entrain\u00e9e par 2 roues motrices en 10 pouces de technologie brushless. Elle dispose d\u2019une batterie de 60V et d\u2019un controleur en 30 amp\u00e8res. Ce mariage lui permet d\u2019obtenir d\u2019excellentes performances dans sa cat\u00e9gorie.<\/p>\n<p>Elle dispose de freins \u00e0 disques ( 140mm) hydrauliques de marque zoom et de freins \u00e9lectriques \u00e0 r\u00e9cup\u00e9ration d\u2019\u00e9nergie ( technologie KERS).<\/p>\n<p>Dot\u00e9e de suspensions avant et arri\u00e8re ainsi que de pneus en 10 pouces, cette\u00a0<strong>Dualtron Victor Luxury<\/strong>\u00a0offre un excellent compromis entre confort et tenue de route.<\/p>\n<p><strong>La Dualtron Victor Luxury<\/strong>\u00a0dispose du m\u00eame ch\u00e2ssis et de la colonne renforc\u00e9e de la victor classique. Ch\u00e2ssis qui a fait ses preuves en terme de robustesse.<\/p>\n<p>&nbsp;<\/p>\n<h2><strong>Une esth\u00e9tique proche de la\u00a0Dualtron Achilleus et de la Thunder 2<\/strong><\/h2>\n<p>Cette\u00a0<strong>Dualtron Victor Luxury<\/strong>\u00a0\u00e9volue d\u2019un point de vue esth\u00e9tique de la Dualtron Victor \u2018 classique\u2019 et dispose des \u00e9l\u00e9ments suivants ( similaires \u00e0 la Dualtron Achilleus et \u00e0 la Dualtron Thunder 2) :<br \/>\n\u2013 un magnifique cale pied \u00e9quip\u00e9e d\u2019un feu arri\u00e8re et d\u2019un feu stop,<br \/>\n\u2013 Une protection de plateau en silicone permettant une excellente adh\u00e9rence et permettant un entretien plus facile qu\u2019un grip classique,<br \/>\n\u2013 De leds dans les bras de fourches et sur les parties lat\u00e9rales du plateau.<\/p>\n<p>&nbsp;<\/p>\n<h2><strong>Equip\u00e9e d\u2019une batterie de 30 amp\u00e8res<\/strong><\/h2>\n<p>La\u00a0<strong>Dualtron Victor Luxury 30 ah\u00a0<\/strong>dispose d\u2019une batterie LG de 60V 30 amp\u00e8res\/heure M50LT-21700.<\/p>\n<p>&nbsp;<\/p>\n<h2><strong>Fonction Mono-moteur \/ bi-moteurs<\/strong><\/h2>\n<p>Pour plus de confort et d\u2019ergonomie, nous vous proposons de remettre en place gratuitement le mode permettant de\u00a0commuter d\u2019un moteur \u00e0 2 moteurs . Cela vous permettra de rouler \u2018tranquillement \u2018 lorsque vous le souhaiter et d\u2019activer toute la puissance en appuyant sur le bouton mono\/dual pour activer les 2 moteurs. N\u2019h\u00e9sitez pas \u00e0 nous contacter au 07 61 87 64 04 pour plus d\u2019information.<\/p>\n<p>&nbsp;<\/p>\n<h2><strong>La fiche technique de la Dualtron Victor Luxury<\/strong><\/h2>\n<p><strong>Batterie\u00a0:<\/strong>\u00a0 30 ah (distance d\u00e9passant les 60 km )<\/p>\n<p><strong>Puissance \u00a0:<\/strong>\u00a04000 W en cr\u00eate<\/p>\n<p><strong>Freinage\u00a0:<\/strong>\u00a0\u00a0Freins disques 140 hydraulique Zoom avant et arri\u00e8re + freins \u00e9lectriques KERS<\/p>\n<p><strong>Vitesse max\u00a0:<\/strong>\u00a025 km\/h sur voie publique ou 75 km\/ sur terrain priv\u00e9<\/p>\n<p><strong>Pneus :<\/strong>\u00a0Roues gonflable 10 pouce.<\/p>\n<p><strong>Suspensions\u00a0:<\/strong>\u00a0amortisseurs \u00e0 cartouche de suspension avant et arri\u00e8re<\/p>\n<p><strong>Dispositif d\u2019\u00e9clairage :<\/strong>\u00a0Feu led avant et arri\u00e8re, colonne lumineuse, bras lumineux, cot\u00e9s lat\u00e9raux du plateau lumineux, large feu arri\u00e8re au niveau du cale pied<\/p>\n","protected":false},"featured_media":4390,"comment_status":"open","ping_status":"closed","template":"","meta":[],"product_brand":[],"product_cat":[17],"product_tag":[],"class_list":{"0":"post-4389","1":"product","2":"type-product","3":"status-publish","4":"has-post-thumbnail","6":"product_cat-non-classe","8":"first","9":"instock","10":"taxable","11":"shipping-taxable","12":"purchasable","13":"product-type-simple"},"jetpack_sharing_enabled":true,"_links":{"self":[{"href":"https:\/\/e-zymove.com\/index.php\/wp-json\/wp\/v2\/product\/4389","targetHints":{"allow":["GET"]}}],"collection":[{"href":"https:\/\/e-zymove.com\/index.php\/wp-json\/wp\/v2\/product"}],"about":[{"href":"https:\/\/e-zymove.com\/index.php\/wp-json\/wp\/v2\/types\/product"}],"replies":[{"embeddable":true,"href":"https:\/\/e-zymove.com\/index.php\/wp-json\/wp\/v2\/comments?post=4389"}],"version-history":[{"count":1,"href":"https:\/\/e-zymove.com\/index.php\/wp-json\/wp\/v2\/product\/4389\/revisions"}],"predecessor-version":[{"id":4392,"href":"https:\/\/e-zymove.com\/index.php\/wp-json\/wp\/v2\/product\/4389\/revisions\/4392"}],"wp:featuredmedia":[{"embeddable":true,"href":"https:\/\/e-zymove.com\/index.php\/wp-json\/wp\/v2\/media\/4390"}],"wp:attachment":[{"href":"https:\/\/e-zymove.com\/index.php\/wp-json\/wp\/v2\/media?parent=4389"}],"wp:term":[{"taxonomy":"product_brand","embeddable":true,"href":"https:\/\/e-zymove.com\/index.php\/wp-json\/wp\/v2\/product_brand?post=4389"},{"taxonomy":"product_cat","embeddable":true,"href":"https:\/\/e-zymove.com\/index.php\/wp-json\/wp\/v2\/product_cat?post=4389"},{"taxonomy":"product_tag","embeddable":true,"href":"https:\/\/e-zymove.com\/index.php\/wp-json\/wp\/v2\/product_tag?post=4389"}],"curies":[{"name":"wp","href":"https:\/\/api.w.org\/{rel}","templated":true}]}}