{"id":4366,"date":"2025-03-09T14:34:48","date_gmt":"2025-03-09T13:34:48","guid":{"rendered":"https:\/\/e-zymove.com\/?post_type=product&#038;p=4366"},"modified":"2025-03-09T14:34:48","modified_gmt":"2025-03-09T13:34:48","slug":"dualtron-victor-luxury-60v-30ah-ey4-2025","status":"publish","type":"product","link":"https:\/\/e-zymove.com\/index.php\/produit\/dualtron-victor-luxury-60v-30ah-ey4-2025\/","title":{"rendered":"DUALTRON &#8211; VICTOR LUXURY &#8211; 60V 30AH EY4 2025"},"content":{"rendered":"<table class=\"table\">\n<tbody>\n<tr>\n<td class=\"w-25\">Batterie<\/td>\n<td class=\"w-75 text-muted\">60V30AH (LG ou SAMSUNG)<\/td>\n<\/tr>\n<tr>\n<td class=\"w-25\">Autonomie<\/td>\n<td class=\"w-75 text-muted\">100 km<\/td>\n<\/tr>\n<tr>\n<td class=\"w-25\">Puissance max<\/td>\n<td class=\"w-75 text-muted\">4000W<\/td>\n<\/tr>\n<tr>\n<td class=\"w-25\">Vitesse brid\u00e9e<\/td>\n<td class=\"w-75 text-muted\">25 km\/h<\/td>\n<\/tr>\n<tr>\n<td class=\"w-25\">Vitesse max<\/td>\n<td class=\"w-75 text-muted\">80 km\/h<\/td>\n<\/tr>\n<tr>\n<td class=\"w-25\">Taille des roues<\/td>\n<td class=\"w-75 text-muted\">10 pouces<\/td>\n<\/tr>\n<tr>\n<td class=\"w-25\">Pneus<\/td>\n<td class=\"w-75 text-muted\">Tubeless anti-crevaison AO-XIN<\/td>\n<\/tr>\n<tr>\n<td class=\"w-25\">Freinage<\/td>\n<td class=\"w-75 text-muted\">Hydraulique \u00e0 disque<\/td>\n<\/tr>\n<tr>\n<td class=\"w-25\">Poids<\/td>\n<td class=\"w-75 text-muted\">34,8 kg<\/td>\n<\/tr>\n<tr>\n<td class=\"w-25\">Certification<\/td>\n<td class=\"w-75 text-muted\">HOMOLOGADO DGT SEGUN B.O.E-A-2022-987<\/td>\n<\/tr>\n<tr>\n<td class=\"w-25\">Potencia nominal homologado DGT<\/td>\n<td class=\"w-75 text-muted\">Segun B.O.E-A-2022-987 Max. 1000W seg\u00fan modelo<\/td>\n<\/tr>\n<tr>\n<td class=\"w-25\">Suspension<\/td>\n<td class=\"w-75 text-muted\">Cartouches interchangeables<\/td>\n<\/tr>\n<tr>\n<td class=\"w-25\">Taille d\u00e9pli\u00e9e<\/td>\n<td class=\"w-75 text-muted\">1110 x 609 x 1247 mm (L x l x h)<\/td>\n<\/tr>\n<tr>\n<td class=\"w-25\">Taille pli\u00e9e<\/td>\n<td class=\"w-75 text-muted\">1110 x 279 x 560 mm (L x l x h)<\/td>\n<\/tr>\n<\/tbody>\n<\/table>\n","protected":false},"excerpt":{"rendered":"<h2><strong>DUALTRON &#8211; VICTOR LUXURY &#8211; 60V 30AH EY4 2025<\/strong><\/h2>\n<h3><strong>Dualtron Victor Luxury + : Une version allong\u00e9e pour plus de confort<\/strong><\/h3>\n<p><b>La\u00a0<\/b><strong>Dualtron Victor Luxury +\u00a0<\/strong>est une \u00e9volution de la Dualtron Victor classique et de la Victor Luxury . Elle dispose d\u2019un deck et d\u2019une colonne rallong\u00e9e de 60 mm . Cela la rend plus confortable surtout pour les utilisateurs mesurant plus de 1m85. Cette rallonge permet \u00e9galement de loger une batterie de plus grande capacit\u00e9 : 35 ah. Cette grande capacit\u00e9 est une premi\u00e8re dans la gamme des trottinettes 10 pouces. Cela vous permettra de rouler autant de km, voire plus, qu\u2019une Dualtron 11 pouces ( Achilleus ou Thunder).<\/p>\n<h2><strong>Comparaison Dualtron Victor Luxury VS Dualtron Victor Luxury +<\/strong><\/h2>\n<p><img decoding=\"async\" src=\"https:\/\/dualtron-store.com\/wp-content\/uploads\/2022\/08\/comparaison-2-282x300.png\" \/><img decoding=\"async\" src=\"https:\/\/dualtron-store.com\/wp-content\/uploads\/2022\/08\/comparaison-3-1-293x300.png\" \/><img decoding=\"async\" src=\"https:\/\/dualtron-store.com\/wp-content\/uploads\/2022\/08\/comparaison-1-300x275.png\" \/><\/p>\n<h2><strong>Les caract\u00e9ristiques techniques de la Dualtron Victor Luxury +<\/strong><\/h2>\n<p>Cette nouvelle\u00a0<strong>Dualtron Victor\u00a0Luxury<\/strong>\u00a0est plus longue et plus grande de 6 cm que ses petites soeurs Dualtron Victor et Victor Luxury.<\/p>\n<p>Elle est propuls\u00e9e par 2 moteurs Brushless de 10 pouces et d\u00e9velopp\u00e9 une puissance de 4300 W.<\/p>\n<p>Niveau freinage, elle dispose de 2 freins \u00e0 disques de 140mm hydrauliques de marque zoom et de freins \u00e9lectriques \u00e0 r\u00e9cup\u00e9ration d\u2019\u00e9nergie ( technologie KERS).<\/p>\n<p>Gr\u00e2ce \u00e0 ses suspensions efficaces et ses pneus en 10 pouces , la<\/p>\n<p>Dualtron Victor Luxury + vous apportera un bon confort et une bonne adh\u00e9rence quelque soit la chauss\u00e9e.<\/p>\n<p>Equip\u00e9e d\u2019une grosse batterie pouvant aller jusque 35 amp\u00e8res, vous pourrez parcourir de tr\u00e8s longues distances.<\/p>\n[embed]https:\/\/youtu.be\/YL8R6ivKkzM[\/embed]\n<p><img decoding=\"async\" src=\"https:\/\/dualtron-store.com\/wp-content\/uploads\/2022\/08\/fonctions-957x1024.png\" \/><\/p>\n<h2><strong>Plus puissante que ses petites soeurs<\/strong><\/h2>\n<p>Cette Dualtron Victor Luxury + est plus puissante que les autres Dualtron Victor : elle offre une puissance de 4300 W \u00e0 la place de 4000 W. Cela lui permet \u00e9galement d\u2019am\u00e9liorer sa vitesse de pointe. 5 km\/h de plus pour atteindre voire d\u00e9passer les 80 km\/h sur terrain priv\u00e9 !!!<\/p>\n<p>&nbsp;<\/p>\n<h2><strong>Disponible en 1 versions de batterie : \u00a035 amp\u00e8res<\/strong><\/h2>\n<p>Cette dualtron Victor Luxury + est propos\u00e9e en 1 capacit\u00e9 de batterie :<br \/>\n\u2013 La\u00a0<strong>Dualtron Victor Luxury + 35 ah\u00a0<\/strong>dispose d\u2019une batterie LG de 60V 35 amp\u00e8res\/heure M50LT-21700.<\/p>\n<p>&nbsp;<\/p>\n<h2><strong>Switch Mono \/ bimoteurs<\/strong><\/h2>\n<p>De s\u00e9rie, la Dualtron Victor Luxury + dispose de la fonction mono\/bimoteurs qui permet de commuter par un simple appui sur le bouton destin\u00e9 \u00e0 cet effet d\u2019un moteur \u00e0 2 moteurs : cela permet de mieux g\u00e9rer la puissance de la machine, surtout au d\u00e9marrage.<\/p>\n<p>&nbsp;<\/p>\n<h2><strong>D\u00e9couvrez la victor luxury + en video :\u00a0<\/strong><\/h2>\n[embed]https:\/\/youtu.be\/dNeYdJgKnvw[\/embed]\n[embed]https:\/\/youtu.be\/FluNXRskFrM[\/embed]\n<h2><strong>La fiche technique de la Dualtron Victor Luxury Plus<\/strong><\/h2>\n<p><strong>Batterie\u00a0:<\/strong>\u00a0 35 ah (distance d\u00e9passant les 70 km )<\/p>\n<p><strong>Puissance \u00a0:<\/strong>\u00a04300 W max<\/p>\n<p><strong>Freinage\u00a0:<\/strong>\u00a0\u00a0Freins disques 140 hydraulique Zoom avant et arri\u00e8re + freins \u00e9lectriques KERS<\/p>\n<p><strong>Vitesse max\u00a0:<\/strong>\u00a025 km\/h sur voie publique ou 80 km\/ sur terrain priv\u00e9<\/p>\n<p><strong>Pneus :<\/strong>\u00a0Roues gonflable en 10 pouce<\/p>\n<p><strong>Suspensions\u00a0:<\/strong>\u00a0amortisseurs \u00e0 cartouche de suspension avant et arri\u00e8re<\/p>\n<p><strong>Dispositif d\u2019\u00e9clairage :<\/strong>\u00a0Feu led avant et arri\u00e8re, colonne lumineuse, bras lumineux, cot\u00e9s lat\u00e9raux du plateau lumineux, large feu arri\u00e8re au niveau du cale pied, clignotants , phare avant puissant.<\/p>\n","protected":false},"featured_media":4368,"comment_status":"open","ping_status":"closed","template":"","meta":[],"product_brand":[],"product_cat":[67,32],"product_tag":[],"class_list":{"0":"post-4366","1":"product","2":"type-product","3":"status-publish","4":"has-post-thumbnail","6":"product_cat-dualtron","7":"product_cat-trottinettes","9":"first","10":"instock","11":"taxable","12":"shipping-taxable","13":"purchasable","14":"product-type-simple"},"jetpack_sharing_enabled":true,"_links":{"self":[{"href":"https:\/\/e-zymove.com\/index.php\/wp-json\/wp\/v2\/product\/4366","targetHints":{"allow":["GET"]}}],"collection":[{"href":"https:\/\/e-zymove.com\/index.php\/wp-json\/wp\/v2\/product"}],"about":[{"href":"https:\/\/e-zymove.com\/index.php\/wp-json\/wp\/v2\/types\/product"}],"replies":[{"embeddable":true,"href":"https:\/\/e-zymove.com\/index.php\/wp-json\/wp\/v2\/comments?post=4366"}],"version-history":[{"count":1,"href":"https:\/\/e-zymove.com\/index.php\/wp-json\/wp\/v2\/product\/4366\/revisions"}],"predecessor-version":[{"id":4388,"href":"https:\/\/e-zymove.com\/index.php\/wp-json\/wp\/v2\/product\/4366\/revisions\/4388"}],"wp:featuredmedia":[{"embeddable":true,"href":"https:\/\/e-zymove.com\/index.php\/wp-json\/wp\/v2\/media\/4368"}],"wp:attachment":[{"href":"https:\/\/e-zymove.com\/index.php\/wp-json\/wp\/v2\/media?parent=4366"}],"wp:term":[{"taxonomy":"product_brand","embeddable":true,"href":"https:\/\/e-zymove.com\/index.php\/wp-json\/wp\/v2\/product_brand?post=4366"},{"taxonomy":"product_cat","embeddable":true,"href":"https:\/\/e-zymove.com\/index.php\/wp-json\/wp\/v2\/product_cat?post=4366"},{"taxonomy":"product_tag","embeddable":true,"href":"https:\/\/e-zymove.com\/index.php\/wp-json\/wp\/v2\/product_tag?post=4366"}],"curies":[{"name":"wp","href":"https:\/\/api.w.org\/{rel}","templated":true}]}}