{"id":4326,"date":"2025-03-09T14:10:47","date_gmt":"2025-03-09T13:10:47","guid":{"rendered":"https:\/\/e-zymove.com\/?post_type=product&#038;p=4326"},"modified":"2025-03-09T14:10:47","modified_gmt":"2025-03-09T13:10:47","slug":"dualtron-victor-60v-24ah-ey4-2025","status":"publish","type":"product","link":"https:\/\/e-zymove.com\/index.php\/produit\/dualtron-victor-60v-24ah-ey4-2025\/","title":{"rendered":"DUALTRON &#8211; VICTOR 60V 24AH EY4 2025"},"content":{"rendered":"<table class=\"table\">\n<tbody>\n<tr>\n<td class=\"w-25\">Etanch\u00e9it\u00e9<\/td>\n<td class=\"w-75 text-muted\">IPX5<\/td>\n<\/tr>\n<tr>\n<td class=\"w-25\">Batterie<\/td>\n<td class=\"w-75 text-muted\">60V 24Ah<\/td>\n<\/tr>\n<tr>\n<td class=\"w-25\">Autonomie<\/td>\n<td class=\"w-75 text-muted\">80 km<\/td>\n<\/tr>\n<tr>\n<td class=\"w-25\">Puissance nominale<\/td>\n<td class=\"w-75 text-muted\">1200W x 2<\/td>\n<\/tr>\n<tr>\n<td class=\"w-25\">Puissance max<\/td>\n<td class=\"w-75 text-muted\">4000W<\/td>\n<\/tr>\n<tr>\n<td class=\"w-25\">Vitesse brid\u00e9e<\/td>\n<td class=\"w-75 text-muted\">25 km\/h<\/td>\n<\/tr>\n<tr>\n<td class=\"w-25\">Taille des roues<\/td>\n<td class=\"w-75 text-muted\">10 pouces<\/td>\n<\/tr>\n<tr>\n<td class=\"w-25\">Pneus<\/td>\n<td class=\"w-75 text-muted\">Tubeless anti-crevaison AO-XIN<\/td>\n<\/tr>\n<tr>\n<td class=\"w-25\">Freinage<\/td>\n<td class=\"w-75 text-muted\">Hydraulique \u00e0 disque<\/td>\n<\/tr>\n<tr>\n<td class=\"w-25\">Poids<\/td>\n<td class=\"w-75 text-muted\">33,5 kg<\/td>\n<\/tr>\n<tr>\n<td class=\"w-25\">Certification<\/td>\n<td class=\"w-75 text-muted\">HOMOLOGADO DGT SEGUN B.O.E-A-2022-987<\/td>\n<\/tr>\n<tr>\n<td class=\"w-25\">Potencia nominal homologado DGT<\/td>\n<td class=\"w-75 text-muted\">Segun B.O.E-A-2022-987 Max. 1000W seg\u00fan modelo<\/td>\n<\/tr>\n<tr>\n<td class=\"w-25\">Suspension<\/td>\n<td class=\"w-75 text-muted\">Cartouches interchangeables<\/td>\n<\/tr>\n<tr>\n<td class=\"w-25\">\u00c9clairage<\/td>\n<td class=\"w-75 text-muted\">LED<\/td>\n<\/tr>\n<tr>\n<td class=\"w-25\">Charge max<\/td>\n<td class=\"w-75 text-muted\">120 kg<\/td>\n<\/tr>\n<tr>\n<td class=\"w-25\">Contr\u00f4leur<\/td>\n<td class=\"w-75 text-muted\">60V30A<\/td>\n<\/tr>\n<tr>\n<td class=\"w-25\">Display<\/td>\n<td class=\"w-75 text-muted\">EYE 4<\/td>\n<\/tr>\n<tr>\n<td class=\"w-25\">Pente<\/td>\n<td class=\"w-75 text-muted\">43%(23\u00b0)<\/td>\n<\/tr>\n<tr>\n<td class=\"w-25\">Chargeur<\/td>\n<td class=\"w-75 text-muted\">66.4V 1.75A<\/td>\n<\/tr>\n<tr>\n<td class=\"w-25\">Temps de charge<\/td>\n<td class=\"w-75 text-muted\">13h<\/td>\n<\/tr>\n<tr>\n<td class=\"w-25\">EAN<\/td>\n<td class=\"w-75 text-muted\">3701122125370<\/td>\n<\/tr>\n<tr>\n<td class=\"w-25\">Dimensions pli\u00e9e<\/td>\n<td class=\"w-75 text-muted\">1110 x 279 x 560 mm<\/td>\n<\/tr>\n<tr>\n<td class=\"w-25\">Dimensions d\u00e9pli\u00e9e<\/td>\n<td class=\"w-75 text-muted\">1110 x 609 x 1247 mm<\/td>\n<\/tr>\n<\/tbody>\n<\/table>\n","protected":false},"excerpt":{"rendered":"<h2><strong>DUALTRON &#8211; VICTOR 60V 24AH EY4 2025<\/strong><\/h2>\n<h3><strong>NOUVELLE VERSION 2025 :\u00a0<\/strong><\/h3>\n<ul>\n<li>Nouveaux pneus tubeless anti-crevaison AO-XIN<\/li>\n<li>Nouvelle b\u00e9quille renforc\u00e9e et r\u00e9glable<\/li>\n<li>Garde boue arri\u00e8re avec support plaque et catadioptre<\/li>\n<\/ul>\n","protected":false},"featured_media":4328,"comment_status":"open","ping_status":"closed","template":"","meta":[],"product_brand":[],"product_cat":[67,32],"product_tag":[],"class_list":{"0":"post-4326","1":"product","2":"type-product","3":"status-publish","4":"has-post-thumbnail","6":"product_cat-dualtron","7":"product_cat-trottinettes","9":"first","10":"instock","11":"taxable","12":"shipping-taxable","13":"purchasable","14":"product-type-simple"},"jetpack_sharing_enabled":true,"_links":{"self":[{"href":"https:\/\/e-zymove.com\/index.php\/wp-json\/wp\/v2\/product\/4326","targetHints":{"allow":["GET"]}}],"collection":[{"href":"https:\/\/e-zymove.com\/index.php\/wp-json\/wp\/v2\/product"}],"about":[{"href":"https:\/\/e-zymove.com\/index.php\/wp-json\/wp\/v2\/types\/product"}],"replies":[{"embeddable":true,"href":"https:\/\/e-zymove.com\/index.php\/wp-json\/wp\/v2\/comments?post=4326"}],"version-history":[{"count":1,"href":"https:\/\/e-zymove.com\/index.php\/wp-json\/wp\/v2\/product\/4326\/revisions"}],"predecessor-version":[{"id":4340,"href":"https:\/\/e-zymove.com\/index.php\/wp-json\/wp\/v2\/product\/4326\/revisions\/4340"}],"wp:featuredmedia":[{"embeddable":true,"href":"https:\/\/e-zymove.com\/index.php\/wp-json\/wp\/v2\/media\/4328"}],"wp:attachment":[{"href":"https:\/\/e-zymove.com\/index.php\/wp-json\/wp\/v2\/media?parent=4326"}],"wp:term":[{"taxonomy":"product_brand","embeddable":true,"href":"https:\/\/e-zymove.com\/index.php\/wp-json\/wp\/v2\/product_brand?post=4326"},{"taxonomy":"product_cat","embeddable":true,"href":"https:\/\/e-zymove.com\/index.php\/wp-json\/wp\/v2\/product_cat?post=4326"},{"taxonomy":"product_tag","embeddable":true,"href":"https:\/\/e-zymove.com\/index.php\/wp-json\/wp\/v2\/product_tag?post=4326"}],"curies":[{"name":"wp","href":"https:\/\/api.w.org\/{rel}","templated":true}]}}