{"id":4323,"date":"2025-03-09T13:56:39","date_gmt":"2025-03-09T12:56:39","guid":{"rendered":"https:\/\/e-zymove.com\/?post_type=product&#038;p=4323"},"modified":"2025-03-09T14:00:02","modified_gmt":"2025-03-09T13:00:02","slug":"dualtron-victor-60v-35ah-luxury-plus-2024-2","status":"publish","type":"product","link":"https:\/\/e-zymove.com\/index.php\/produit\/dualtron-victor-60v-35ah-luxury-plus-2024-2\/","title":{"rendered":"DUALTRON &#8211; VICTOR &#8211; 60V 35AH &#8211; LUXURY PLUS &#8211; 2024"},"content":{"rendered":"<div id=\"container\">\n<div id=\"content\" role=\"main\">\n<div id=\"product-546705\" class=\"post-546705 product type-product status-publish has-post-thumbnail product_brand-dualtron product_cat-trottinette-electrique product_cat-vehicules-legers product_shipping_class-classe-vehicules-legers-france-monaco first instock taxable shipping-taxable purchasable product-type-simple\">\n<div class=\"container\">\n<h3>Caract\u00e9ristiques<\/h3>\n<ul class=\"row\">\n<li class=\"col-md-6\">\n<h4>WEIGHT<\/h4>\n<p>37.4 kg<\/li>\n<li class=\"col-md-6\">\n<h4>BATTERIE<\/h4>\n<p>60V 35Ah<\/li>\n<li class=\"col-md-6\">\n<h4>PUISSANCE NOMINALE<\/h4>\n<p>1300w*2<\/li>\n<li class=\"col-md-6\">\n<h4>PUISSANCE MAX<\/h4>\n<p>4400 W<\/li>\n<li class=\"col-md-6\">\n<h4>AUTONOMIE<\/h4>\n<p>120km<\/li>\n<li class=\"col-md-6\">\n<h4>VITESSE BRID\u00c9E<\/h4>\n<p>25 km\/h<\/li>\n<li class=\"col-md-6\">\n<h4>VITESSE MAX<\/h4>\n<p>80 km\/h<\/li>\n<li class=\"col-md-6\">\n<h4>POSITION MOTEUR<\/h4>\n<p>AV + AR<\/li>\n<li class=\"col-md-6\">\n<h4>POIDS<\/h4>\n<p>37.4 kg<\/li>\n<li class=\"col-md-6\">\n<h4>CHARGE MAX<\/h4>\n<p>120kg<\/li>\n<li class=\"col-md-6\">\n<h4>FREINAGE<\/h4>\n<p>Hydraulic Brake Zoom<\/li>\n<li class=\"col-md-6\">\n<h4>ROUES<\/h4>\n<p>10 pouces \u2013 chambre \u00e0 air<\/li>\n<li class=\"col-md-6\">\n<h4>CONTROLEUR<\/h4>\n<p>60V32A<\/li>\n<li class=\"col-md-6\">\n<h4>SUSPENSION<\/h4>\n<p>AV + AR \u00e0 cartouche<\/li>\n<li class=\"col-md-6\">\n<h4>\u00c9CLAIRAGE<\/h4>\n<p>LED<\/li>\n<li class=\"col-md-6\">\n<h4>\u00c9TANCH\u00c9IT\u00c9<\/h4>\n<p>IPX5<\/li>\n<li class=\"col-md-6\">\n<h4>PENTE<\/h4>\n<p>70% (35\u00b0)<\/li>\n<li class=\"col-md-6\">\n<h4>DISPLAY<\/h4>\n<p>EY4 LCD Bluetooth<\/li>\n<li class=\"col-md-6\">\n<h4>CLIGNOTANTS<\/h4>\n<p>Oui<\/li>\n<li class=\"col-md-6\">\n<h4>TAILLE D\u00c9PLI\u00c9E<\/h4>\n<p>1170 x 620 x 1370 mm (L x l x h)<\/li>\n<li class=\"col-md-6\">\n<h4>TAILLE PLI\u00c9E<\/h4>\n<p>1170 x 279 x 560 mm (L x l x h)<\/li>\n<li class=\"col-md-6\">\n<h4>EAN<\/h4>\n<p>3701122125035<\/li>\n<li class=\"col-md-6\">\n<h4>CHARGEUR<\/h4>\n<p>66.4V 1.7A<\/li>\n<li class=\"col-md-6\">\n<h4>TEMPS DE CHARGE<\/h4>\n<p>20h<\/li>\n<\/ul>\n<\/div>\n<\/div>\n<\/div>\n<\/div>\n","protected":false},"excerpt":{"rendered":"<h2><strong>DUALTRON VICTOR 60V 35AH LUXURY PLUS 2024<\/strong><\/h2>\n<h4>Pr\u00e9sentation de la Dualtron Victor Luxury + 2024<\/h4>\n<p>D\u00e9couvrez l\u2019entr\u00e9e en action de la\u00a0<strong>Dualtron Victor Luxury + 2024<\/strong>, une nouvelle trottinette \u00e9lectrique Dualtron. Cette machine reprend les bases de la Victor Luxury et propose certaines am\u00e9liorations. Parmi ces am\u00e9liorations, vous trouverez notamment\u00a0<strong>l\u2019ajout d\u2019un klaxon, de clignotants, d\u2019un phare<\/strong> et surtout, d\u2019une batterie 35Ah. La Victor Luxury plus est alors un mod\u00e8le plus imposant que la Dualtron Victor\u00a0que l\u2019on connait.<\/p>\n<p>Cette Dualtron Victor Luxury + profite \u00e9galement d\u2019un\u00a0<strong>ch\u00e2ssis allong\u00e9 de 60 mm<\/strong> compar\u00e9 \u00e0 la Luxury\u00a0classique. Cette allonge permet de pouvoir embarquer l\u2019\u00e9norme\u00a0<strong>batterie LG 60V 35Ah<\/strong>\u00a0et ainsi de pousser l\u2019autonomie \u00e0 plus de 120 km. De plus, la position de conduite est am\u00e9lior\u00e9e. En effet, vous pourrez plus ais\u00e9ment positionner vos pieds sur le deck de cette puissante trottinette \u00e9lectrique. Vous remarquerez que la\u00a0<strong>hauteur du guidon est aussi allong\u00e9e de 60 mm<\/strong>\u00a0afin de mieux prendre en main cette machine.<\/p>\n<h4>Un floril\u00e8ge d\u2019am\u00e9liorations sur cette trottinette Dualtron :<\/h4>\n<p>Si la taille de la trottinette Dualtron Luxury plus augmente, ces capacit\u00e9s et performances aussi. En effet, Cette Luxury + adopte des\u00a0<strong>batteries 16S7P<\/strong>\u00a0qui offrent une meilleure capacit\u00e9. Disponible en\u00a0<strong>batterie CN 60V 28Ah ou LG 60V 35Ah<\/strong>, l\u2019autonomie est alors spectaculaire et permet de parcourir\u00a0<strong>jusqu\u2019\u00e0 150 km en une seule charge<\/strong>. Une v\u00e9ritable performance pour une trottinette \u00e9lectrique.<\/p>\n<p>Autre point important, l\u2019ajout de plusieurs fonctionnalit\u00e9s de s\u00e9rie. Vous trouverez sur cette version luxury + quelques accessoires tr\u00e8s utiles pour vos trajets. Nous avons choisi d\u2019installer certains accessoires comme\u00a0<strong>un klaxon puissant<\/strong>,\u00a0<strong>un phare, des clignotants ou encore des bandes r\u00e9fl\u00e9chissantes<\/strong>. Tous ces \u00e9l\u00e9ments am\u00e9liorent grandement la s\u00e9curit\u00e9 lors de vos d\u00e9placements en trottinette \u00e9lectrique.<\/p>\n<h4>Une trottinette Dualtron qui assure:<\/h4>\n<p>Cette Dualtron Victor Luxury + 2024 reprend bien entendu les bases qui ont fait la r\u00e9putation de la Victor Luxury. Vous trouverez ainsi le\u00a0<strong>grip du deck en caoutchouc\u00a0<\/strong>avec le logo de la trottinette. \u00c0 l\u2019arri\u00e8re de ce deck, le repose pieds imposant qui permet d\u2019\u00eatre parfaitement install\u00e9 sur cette machine. Ce\u00a0<strong>repose pieds Dualtron Victor<\/strong>\u00a0int\u00e8gre les\u00a0<strong>feux clignotants<\/strong>\u00a0et le feu stop afin qu\u2019ils soient visibles rapidement par les autres usagers de la route.<\/p>\n<p>Concernant les capacit\u00e9s techniques de la machine, vous trouverez\u00a0<strong>deux moteurs de 2000W<\/strong>\u00a0chacun afin de vous propulser \u00e0 une\u00a0<strong>vitesse max de 80 km\/h<\/strong>\u00a0(sur piste priv\u00e9e). Ces deux moteurs assurent \u00e0 la fois puissance et couple en toutes situations.<\/p>\n","protected":false},"featured_media":3018,"comment_status":"open","ping_status":"closed","template":"","meta":[],"product_brand":[],"product_cat":[67,32],"product_tag":[],"class_list":{"0":"post-4323","1":"product","2":"type-product","3":"status-publish","4":"has-post-thumbnail","6":"product_cat-dualtron","7":"product_cat-trottinettes","8":"product_shipping_class-articles-lourds","10":"first","11":"instock","12":"taxable","13":"shipping-taxable","14":"purchasable","15":"product-type-simple"},"jetpack_sharing_enabled":true,"_links":{"self":[{"href":"https:\/\/e-zymove.com\/index.php\/wp-json\/wp\/v2\/product\/4323","targetHints":{"allow":["GET"]}}],"collection":[{"href":"https:\/\/e-zymove.com\/index.php\/wp-json\/wp\/v2\/product"}],"about":[{"href":"https:\/\/e-zymove.com\/index.php\/wp-json\/wp\/v2\/types\/product"}],"replies":[{"embeddable":true,"href":"https:\/\/e-zymove.com\/index.php\/wp-json\/wp\/v2\/comments?post=4323"}],"version-history":[{"count":1,"href":"https:\/\/e-zymove.com\/index.php\/wp-json\/wp\/v2\/product\/4323\/revisions"}],"predecessor-version":[{"id":4325,"href":"https:\/\/e-zymove.com\/index.php\/wp-json\/wp\/v2\/product\/4323\/revisions\/4325"}],"wp:featuredmedia":[{"embeddable":true,"href":"https:\/\/e-zymove.com\/index.php\/wp-json\/wp\/v2\/media\/3018"}],"wp:attachment":[{"href":"https:\/\/e-zymove.com\/index.php\/wp-json\/wp\/v2\/media?parent=4323"}],"wp:term":[{"taxonomy":"product_brand","embeddable":true,"href":"https:\/\/e-zymove.com\/index.php\/wp-json\/wp\/v2\/product_brand?post=4323"},{"taxonomy":"product_cat","embeddable":true,"href":"https:\/\/e-zymove.com\/index.php\/wp-json\/wp\/v2\/product_cat?post=4323"},{"taxonomy":"product_tag","embeddable":true,"href":"https:\/\/e-zymove.com\/index.php\/wp-json\/wp\/v2\/product_tag?post=4323"}],"curies":[{"name":"wp","href":"https:\/\/api.w.org\/{rel}","templated":true}]}}