{"id":4312,"date":"2025-03-09T13:18:20","date_gmt":"2025-03-09T12:18:20","guid":{"rendered":"https:\/\/e-zymove.com\/?post_type=product&#038;p=4312"},"modified":"2025-03-09T13:18:20","modified_gmt":"2025-03-09T12:18:20","slug":"dualtron-sonic-pro-noir","status":"publish","type":"product","link":"https:\/\/e-zymove.com\/index.php\/produit\/dualtron-sonic-pro-noir\/","title":{"rendered":"DUALTRON &#8211; SONIC PRO NOIR"},"content":{"rendered":"<table class=\"table\">\n<tbody>\n<tr>\n<td class=\"w-25\">Marque<\/td>\n<td class=\"w-75 text-muted\">MINIMOTORS<\/td>\n<\/tr>\n<tr>\n<td class=\"w-25\">Etanch\u00e9it\u00e9<\/td>\n<td class=\"w-75 text-muted\">IPX5<\/td>\n<\/tr>\n<tr>\n<td class=\"w-25\">Batterie<\/td>\n<td class=\"w-75 text-muted\">36V 10,2Ah Samsung + 36V 4Ah externe<\/td>\n<\/tr>\n<tr>\n<td class=\"w-25\">Autonomie<\/td>\n<td class=\"w-75 text-muted\">30 km<\/td>\n<\/tr>\n<tr>\n<td class=\"w-25\">Puissance nominale<\/td>\n<td class=\"w-75 text-muted\">350W x 2<\/td>\n<\/tr>\n<tr>\n<td class=\"w-25\">Vitesse brid\u00e9e<\/td>\n<td class=\"w-75 text-muted\">25 km\/h<\/td>\n<\/tr>\n<tr>\n<td class=\"w-25\">Vitesse max<\/td>\n<td class=\"w-75 text-muted\">25 km\/h<\/td>\n<\/tr>\n<tr>\n<td class=\"w-25\">Taille des roues<\/td>\n<td class=\"w-75 text-muted\">8 pouces<\/td>\n<\/tr>\n<tr>\n<td class=\"w-25\">Freinage<\/td>\n<td class=\"w-75 text-muted\">Frein \u00e0 disque + EBS<\/td>\n<\/tr>\n<tr>\n<td class=\"w-25\">Clignotants<\/td>\n<td class=\"w-75 text-muted\">Oui<\/td>\n<\/tr>\n<tr>\n<td class=\"w-25\">Poids<\/td>\n<td class=\"w-75 text-muted\">14,7kg<\/td>\n<\/tr>\n<tr>\n<td class=\"w-25\">Certification<\/td>\n<td class=\"w-75 text-muted\">NO HOMOLOGADO DGT<\/td>\n<\/tr>\n<tr>\n<td class=\"w-25\">\u00c9clairage<\/td>\n<td class=\"w-75 text-muted\">LED<\/td>\n<\/tr>\n<tr>\n<td class=\"w-25\">Charge max<\/td>\n<td class=\"w-75 text-muted\">100 kg<\/td>\n<\/tr>\n<tr>\n<td class=\"w-25\">Pente<\/td>\n<td class=\"w-75 text-muted\">26,8% (15\u00b0)<\/td>\n<\/tr>\n<tr>\n<td class=\"w-25\">Chargeur<\/td>\n<td class=\"w-75 text-muted\">42V 1,5A<\/td>\n<\/tr>\n<tr>\n<td class=\"w-25\">Taille d\u00e9pli\u00e9e<\/td>\n<td class=\"w-75 text-muted\">880 x 453 x 1093 mm (L x l x h)<\/td>\n<\/tr>\n<tr>\n<td class=\"w-25\">Taille pli\u00e9e<\/td>\n<td class=\"w-75 text-muted\">1010 x 186 x 355 mm (L x l x h)<\/td>\n<\/tr>\n<\/tbody>\n<\/table>\n","protected":false},"excerpt":{"rendered":"<section class=\"s_title o_colored_level pb0 pt0\" data-vcss=\"001\" data-snippet=\"s_title\" data-name=\"Titre\">\n<h2 class=\"s_allow_columns container\"><strong>Dualtron &#8211; Sonic<\/strong><\/h2>\n<h2>La meilleure trottinette \u00e9lectrique pour une exp\u00e9rience de conduite in\u00e9gal\u00e9e !<\/h2>\n<\/section>\n<section class=\"s_text_block o_colored_level pt16 pb0\" data-snippet=\"s_text_block\" data-name=\"Texte\">\n<div class=\"container s_allow_columns\">\n<p>Cette ann\u00e9e marque un tournant dans l&rsquo;histoire de Dualtron et de la trottinette \u00e9lectrique. La nouvelle Minimotors Dualtron Sonic model N d\u00e9barque et boulverse les classiques. Cette nouvelle trottinette Dualtron est\u00a0<strong>une v\u00e9ritable r\u00e9volution<\/strong>\u00a0et ne ressemble \u00e0 aucune autre sur le march\u00e9.<\/p>\n<p>Vous cherchez une trottinette haut de gamme, puissante et l\u00e9g\u00e8re ? La Dualtron Sonic est faite pour vous. Son\u00a0<strong>design futuriste<\/strong>, ses caract\u00e9ristiques exceptionnelles et sa facilit\u00e9 d&rsquo;utilisation en font d\u00e9j\u00e0 une r\u00e9f\u00e9rence sur le march\u00e9 de la trottinette \u00e9lectrique.<\/p>\n<p>Pens\u00e9e, d\u00e9velopp\u00e9e et fabriqu\u00e9e enti\u00e8rement dans l&rsquo;usine Dualtron, la Model N est le premier d&rsquo;une s\u00e9rie de trottinettes \u00e9lectriques d&rsquo;exception.<\/p>\n<\/div>\n<\/section>\n<section class=\"s_title o_colored_level pb0 pt0\" data-vcss=\"001\" data-snippet=\"s_title\" data-name=\"Titre\">\n<div class=\"s_allow_columns container\">\n<h2>Caract\u00e9ristiques techniques de la Dualtron Sonic<\/h2>\n<\/div>\n<\/section>\n<section class=\"s_text_block o_colored_level pt16 pb0\" data-snippet=\"s_text_block\" data-name=\"Texte\">\n<div class=\"s_allow_columns container\">\n<p>La Dualtron Sonic se distingue par ses caract\u00e9ristiques techniques de pointe qui en font<strong>\u00a0l&rsquo;une des meilleures trottinettes \u00e9lectriques<\/strong>\u00a0disponibles sur le march\u00e9. Vous aimerez \u00e9galement sa qualit\u00e9 de finition remarquable qui illustre bien le positionnement\u00a0<strong>haut de gamme<\/strong>\u00a0de la marque.<\/p>\n<p>Cette Dualtron Sonic model N est notamment \u00e9quip\u00e9e de\u00a0<strong>deux moteurs de 350W<\/strong>\u00a0chacun. Elle peut alors monter avec aisance les pentes et vous promet de belles sensations de conduite.<\/p>\n<p>Ensuite, vous trouverez dans le deck de cette Dualtron, une\u00a0<strong>batterie 36V 10,2Ah Samsung<\/strong>. Cette\u00a0<strong>batterie amovible<\/strong>\u00a0vous offre une autonomie d&rsquo;environ 30 km (mode \u00e9co). Mais ce n&rsquo;est pas tout, vous aurez \u00e9galement une seconde batterie de 36V 4Ah externe avec ! Elle peut \u00eatre utilis\u00e9e pour obtenir une dizaine de kilom\u00e8tres d&rsquo;autonomie suppl\u00e9mentaire.<\/p>\n<\/div>\n<\/section>\n<section class=\"s_image_gallery o_colored_level o_slideshow pt0 o_half_screen_height\" data-vcss=\"001\" data-columns=\"3\" data-snippet=\"s_image_gallery\" data-name=\"Galerie d'images\">\n<div class=\"o_container_small\">\n<div id=\"slideshow_1735904066927\" class=\"carousel slide\" data-bs-ride=\"carousel\" data-bs-interval=\"0\">\n<div class=\"carousel-inner\">\n<div class=\"carousel-item active\"><img decoding=\"async\" src=\"https:\/\/www.volt-corp.com\/web\/image\/220699-2da61e53\/DUALTRON%20SONIC%201.png\" \/><\/div>\n<\/div>\n<div>\n<section class=\"s_title o_colored_level pb0 pt24\" data-vcss=\"001\" data-snippet=\"s_title\" data-name=\"Titre\">\n<div class=\"s_allow_columns container\">\n<h3>Un syst\u00e8me d&rsquo;acc\u00e9l\u00e9rateur et de frein unique :<\/h3>\n<\/div>\n<\/section>\n<section class=\"s_text_block o_colored_level pt16 pb0\" data-snippet=\"s_text_block\" data-name=\"Texte\">\n<div class=\"s_allow_columns container\">\n<p>Repensez vos habitudes avec la Dualtron Sonic. Vous trouverez sur cette trottinette \u00e9lectrique un syst\u00e8me unique au monde. En effet,\u00a0<strong>l&rsquo;acc\u00e9l\u00e9ration se g\u00e8re via une p\u00e9dale<\/strong>\u00a0au pied et non au guidon ! De cette mani\u00e8re, vous pouvez acc\u00e9l\u00e9rer avec\u00a0<strong>plus de pr\u00e9cision<\/strong>\u00a0et ainsi garder une vitesse plus constante.<\/p>\n<p>Ne craignez rien,\u00a0<strong>ce syst\u00e8me est tr\u00e8s intuitif<\/strong>\u00a0et nous fait rapidement oublier les acc\u00e9l\u00e9rations g\u00e9r\u00e9es au guidon.<\/p>\n<p>De plus, vous trouverez \u00e9galement un\u00a0<strong>syst\u00e8me de frein au pied<\/strong>. Plus facile d&rsquo;acc\u00e8s et\u00a0<strong>plus s\u00e9curisant<\/strong>, le freinage au pied (comme sur une moto) permet de r\u00e9agir plus vite en cas de danger. Le frein de la Dualtron Sonic se g\u00e8re \u00e0 l&rsquo;aide d&rsquo;une p\u00e9dale situ\u00e9e sur le garde boue arri\u00e8re.<\/p>\n<p><img decoding=\"async\" src=\"https:\/\/www.volt-corp.com\/web\/image\/220712-242c04b4\/DUALTRON-SONIC-9.jpg?access_token=9ffa3e7c-e211-49d6-847c-a1824da95230\" \/><\/p>\n<section class=\"s_title o_colored_level pb0 pt0\" data-vcss=\"001\" data-snippet=\"s_title\" data-name=\"Titre\">\n<div class=\"s_allow_columns container\">\n<h3>Utilisez la batterie de la Dualtron Sonic comme powerbank !<\/h3>\n<\/div>\n<\/section>\n<section class=\"s_text_block o_colored_level pt16 pb0\" data-snippet=\"s_text_block\" data-name=\"Texte\">\n<div class=\"s_allow_columns container\">\n<p>La caract\u00e9ristique que vous aimerez le plus sur cette Sonic model N est s\u00fbrement sa batterie. En effet, la\u00a0<strong>batterie Samsung 36V 10,2Ah est amovible<\/strong>. Gr\u00e2ce \u00e0 cela, vous pouvez\u00a0plus facilement la recharger \u00e0 votre domicile ou \u00e0 votre bureau sans avoir \u00e0 transporter la trottinette avec.<\/p>\n<p>De plus, la DT Sonic est\u00a0<strong>livr\u00e9e avec une seconde batterie<\/strong>. Celle-ci, de\u00a0<strong>36V 4Ah<\/strong>\u00a0s&rsquo;utilise comme une batterie externe. Elle vient alors ajouter de l&rsquo;autonomie \u00e0 votre trottinette (environ 10 km) ou bien \u00e0 tout autre appareil \u00e9lectronique. Rechargez alors votre t\u00e9l\u00e9phone ou votre ordinateur rapidement (100W) avec cette batterie de Dualtron Sonic.<\/p>\n<p>Enfin, cette seconde batterie poss\u00e8de un avantage non n\u00e9gligeable puisqu&rsquo;elle\u00a0<strong>peut \u00eatre emport\u00e9e en avion<\/strong>\u00a0! Voyagez alors avec votre trottinette \u00e9lectrique Dualtron en toute l\u00e9galit\u00e9 et profitez de votre v\u00e9hicule en vacances.<\/p>\n<p><img decoding=\"async\" src=\"https:\/\/www.volt-corp.com\/web\/image\/220724-b1474021\/DUALTRON%20SONIC%203.png?access_token=3949bac2-b60a-4480-8f12-7b61f05899ae\" \/><\/p>\n<section class=\"s_title o_colored_level pb0 pt24\" data-vcss=\"001\" data-snippet=\"s_title\" data-name=\"Titre\">\n<div class=\"s_allow_columns container\">\n<h3>Des clignotants automatiques et une syst\u00e8me de pliage unique :<\/h3>\n<\/div>\n<\/section>\n<section class=\"s_text_block o_colored_level pt16 pb0\" data-snippet=\"s_text_block\" data-name=\"Texte\">\n<div class=\"s_allow_columns container\">\n<p>Les arguments de la Sonic N ne manquent pas. Vous aimerez son design, ses performances, sa facilit\u00e9 d&rsquo;utilisation mais \u00e9galement sa technologie.<\/p>\n<p>Premi\u00e8rement, la Sonic r\u00e9volutionne l&rsquo;utilisation des clignotants sur une trottinette. Il s&rsquo;agit du seul mod\u00e8le \u00e0 proposer des\u00a0<strong>clignotants automatiques<\/strong>. Vous n&rsquo;aurez m\u00eame plus \u00e0 penser \u00e0 les mettre ou \u00e0 les retirer puisqu&rsquo;ils s&rsquo;allumeront automatiquement lors de vos changements de direction.<\/p>\n<p>Ensuite, le pliage. Vous serez bluff\u00e9 par l&rsquo;aspect pratique de cette trottinette Minimotors. La Sonic est\u00a0<strong>une trottinette l\u00e9g\u00e8re de seulement 14 kg<\/strong>\u00a0et vous pourrez la plier facilement. Que ce soit le guidon ou m\u00eame la colonne de direction,\u00a0<strong>tout se plie<\/strong>\u00a0ou se retire afin d&rsquo;\u00eatre transportable.<\/p>\n<p><img decoding=\"async\" src=\"https:\/\/www.volt-corp.com\/web\/image\/220733-89e38678\/DUALTRON%20SONIC%205.png?access_token=fb104935-90b6-4c56-a7eb-d50af6be72a1\" \/><\/p>\n<section class=\"s_title o_colored_level pb0 pt24\" data-vcss=\"001\" data-snippet=\"s_title\" data-name=\"Titre\">\n<div class=\"s_allow_columns container\">\n<h3>Profitez de l&rsquo;application Dualtron et exploitez tout le potentiel de votre trottinette :<\/h3>\n<\/div>\n<\/section>\n<section class=\"s_text_block o_colored_level pt16 pb0\" data-snippet=\"s_text_block\" data-name=\"Texte\">\n<div class=\"s_allow_columns container\">\n<p>T\u00e9l\u00e9chargez l&rsquo;application Dualtron afin de connecter votre trottinette Minimotors. Vous pourrez alors acc\u00e9der \u00e0 de\u00a0<strong>nombreuses fonctionnalit\u00e9s suppl\u00e9mentaire<\/strong>\u00a0via cette interface. Modifiez et personnalisez les r\u00e9glages de votre trottinette \u00e9lectrique, ajoutez un\u00a0<strong>code de verrouillage<\/strong>\u00a0et bien plus encore.<\/p>\n<p>Cette application vous donnera \u00e9galement de nombreuses informations sur votre Dualtron Sonic. Vous verrez son kilom\u00e9trage, sa charge restante, sa\u00a0<strong>localisation<\/strong>\u00a0ou bien sa version logiciel.<\/p>\n<p>Gr\u00e2ce \u00e0 la fonctionnalit\u00e9 de g\u00e9olocalisation des trottinettes Dualtron, vous pouvez toujours avoir un oeil sur l&rsquo;endroit o\u00f9 se situe votre v\u00e9hicule. Vous pouvez m\u00eame la\u00a0<strong>verrouiller \u00e0 distance<\/strong>\u00a0si besoin. En cas de vol, cette fonctionnalit\u00e9 se r\u00e9v\u00e8le tr\u00e8s efficace puisque vous pourrez retrouver la tr\u00e2ce de votre v\u00e9hicule.<\/p>\n<p><img decoding=\"async\" src=\"https:\/\/www.volt-corp.com\/web\/image\/220740-999d7aec\/DUALTRON%20SONIC%207.png?access_token=7837c0c5-b50b-42ee-9775-75a007abb82c\" \/><\/p>\n<section class=\"s_title o_colored_level pb0 pt24\" data-vcss=\"001\" data-snippet=\"s_title\" data-name=\"Titre\">\n<div class=\"s_allow_columns container\">\n<h3>Des pneus anti-crevaison pour cette Dualtron Sonic :<\/h3>\n<\/div>\n<\/section>\n<section class=\"s_text_block o_colored_level pt16 pb0\" data-snippet=\"s_text_block\" data-name=\"Texte\">\n<div class=\"s_allow_columns container\">\n<p>\u00c9vitez les crevaisons avec les\u00a0<strong>pneus \u00e0 gel cicatrisant<\/strong>\u00a0de cette trottinette Dualtron Sonic model N. Gr\u00e2ce \u00e0 cette technologie anti-crevaison, vous limiterez les risques de finir avec un pneu \u00e0 plat. Un v\u00e9ritable avantage lorsqu&rsquo;on utilise une trottinette tous les jours.<\/p>\n<p>Les pneus Dualtron apportent \u00e9galement une\u00a0<strong>tenue de route optimale<\/strong>\u00a0sur tout type de terrain. Profitez du savoir faire de la marque afin d&rsquo;exploiter en toute s\u00e9curit\u00e9 le potentiel de votre trottinette. Sur la Sonic, les\u00a0<strong>pneus 8 pouces<\/strong>\u00a0sont larges afin de garantir la meilleure tenue de route possible.<\/p>\n<\/div>\n<\/section>\n<section class=\"s_title o_colored_level pb0 pt24\" data-vcss=\"001\" data-snippet=\"s_title\" data-name=\"Titre\">\n<div class=\"s_allow_columns container\">\n<h3>Test &amp; avis Dualtron Sonic :<\/h3>\n<\/div>\n<\/section>\n<section class=\"s_text_block o_colored_level pt16 pb0\" data-snippet=\"s_text_block\" data-name=\"Texte\">\n<div class=\"s_allow_columns container\">\n<p>La trottinette \u00e9lectrique Dualtron Sonic model N est\u00a0<strong>une v\u00e9ritable r\u00e9volution<\/strong>. Cette trottinette ne fait rien comme les autres et on est vite conquis. Ses performances, sa technologie et son poids en font un v\u00e9hicule id\u00e9al au quotidien. La prise en main est rapide et l&rsquo;exp\u00e9rience de conduite est optimale. C&rsquo;est l&rsquo;une des meilleures trottinettes \u00e9lectriques l\u00e9g\u00e8re du march\u00e9.<\/p>\n<p>Optez pour la Sonic et\u00a0<strong>osez le changement<\/strong>. Vous ne pourrez plus revenir en arri\u00e8re apr\u00e8s avoir essay\u00e9 cette trottinette unique en son genre. Les\u00a0<strong>deux moteurs \u00e9lectriques sont bluffants de puissance<\/strong>\u00a0et la technologie embarqu\u00e9e rend les trajets agr\u00e9ables\u00a0et s\u00e9curisant.<\/p>\n<p>Enfin, la<strong>\u00a0batterie amovible\u00a0<\/strong>est un argument non n\u00e9gligeable pour faciliter les recharges ou pour la transporter. De plus, la seconde batterie s&rsquo;av\u00e8re bien pratique lorsque l&rsquo;on est \u00e0 court de jus, que ce soit sur la trottinette ou sur le t\u00e9l\u00e9phone.<\/p>\n[embed]https:\/\/youtu.be\/jcb37053wic[\/embed]\n<\/div>\n<\/section>\n<\/div>\n<\/section>\n<\/div>\n<\/section>\n<\/div>\n<\/section>\n<\/div>\n<\/section>\n<\/div>\n<\/div>\n<\/div>\n<\/section>\n","protected":false},"featured_media":4319,"comment_status":"open","ping_status":"closed","template":"","meta":[],"product_brand":[],"product_cat":[67,32],"product_tag":[],"class_list":{"0":"post-4312","1":"product","2":"type-product","3":"status-publish","4":"has-post-thumbnail","6":"product_cat-dualtron","7":"product_cat-trottinettes","9":"first","10":"instock","11":"taxable","12":"shipping-taxable","13":"purchasable","14":"product-type-simple"},"jetpack_sharing_enabled":true,"_links":{"self":[{"href":"https:\/\/e-zymove.com\/index.php\/wp-json\/wp\/v2\/product\/4312","targetHints":{"allow":["GET"]}}],"collection":[{"href":"https:\/\/e-zymove.com\/index.php\/wp-json\/wp\/v2\/product"}],"about":[{"href":"https:\/\/e-zymove.com\/index.php\/wp-json\/wp\/v2\/types\/product"}],"replies":[{"embeddable":true,"href":"https:\/\/e-zymove.com\/index.php\/wp-json\/wp\/v2\/comments?post=4312"}],"version-history":[{"count":2,"href":"https:\/\/e-zymove.com\/index.php\/wp-json\/wp\/v2\/product\/4312\/revisions"}],"predecessor-version":[{"id":4321,"href":"https:\/\/e-zymove.com\/index.php\/wp-json\/wp\/v2\/product\/4312\/revisions\/4321"}],"wp:featuredmedia":[{"embeddable":true,"href":"https:\/\/e-zymove.com\/index.php\/wp-json\/wp\/v2\/media\/4319"}],"wp:attachment":[{"href":"https:\/\/e-zymove.com\/index.php\/wp-json\/wp\/v2\/media?parent=4312"}],"wp:term":[{"taxonomy":"product_brand","embeddable":true,"href":"https:\/\/e-zymove.com\/index.php\/wp-json\/wp\/v2\/product_brand?post=4312"},{"taxonomy":"product_cat","embeddable":true,"href":"https:\/\/e-zymove.com\/index.php\/wp-json\/wp\/v2\/product_cat?post=4312"},{"taxonomy":"product_tag","embeddable":true,"href":"https:\/\/e-zymove.com\/index.php\/wp-json\/wp\/v2\/product_tag?post=4312"}],"curies":[{"name":"wp","href":"https:\/\/api.w.org\/{rel}","templated":true}]}}