{"id":4302,"date":"2025-03-09T13:05:56","date_gmt":"2025-03-09T12:05:56","guid":{"rendered":"https:\/\/e-zymove.com\/?post_type=product&#038;p=4302"},"modified":"2025-04-11T18:38:44","modified_gmt":"2025-04-11T16:38:44","slug":"dualtron-mini-special-52v-21ah-new-ey3-connecte","status":"publish","type":"product","link":"https:\/\/e-zymove.com\/index.php\/produit\/dualtron-mini-special-52v-21ah-new-ey3-connecte\/","title":{"rendered":"DUALTRON &#8211; MINI SPECIAL &#8211; 52V 21Ah NEW EY3 CONNECTE"},"content":{"rendered":"<table class=\"table\">\n<tbody>\n<tr>\n<td class=\"w-25\">Batterie<\/td>\n<td class=\"w-75 text-muted\">52V 21Ah &#8211; LG<\/td>\n<\/tr>\n<tr>\n<td class=\"w-25\">Autonomie<\/td>\n<td class=\"w-75 text-muted\">70 km<\/td>\n<\/tr>\n<tr>\n<td class=\"w-25\">Puissance max<\/td>\n<td class=\"w-75 text-muted\">1450W<\/td>\n<\/tr>\n<tr>\n<td class=\"w-25\">Vitesse brid\u00e9e<\/td>\n<td class=\"w-75 text-muted\">25 km\/h<\/td>\n<\/tr>\n<tr>\n<td class=\"w-25\">Vitesse max<\/td>\n<td class=\"w-75 text-muted\">45 km\/h<\/td>\n<\/tr>\n<tr>\n<td class=\"w-25\">Taille des roues<\/td>\n<td class=\"w-75 text-muted\">8,5 pouces<\/td>\n<\/tr>\n<tr>\n<td class=\"w-25\">Poids<\/td>\n<td class=\"w-75 text-muted\">22 kg<\/td>\n<\/tr>\n<tr>\n<td class=\"w-25\">Certification<\/td>\n<td class=\"w-75 text-muted\">NO HOMOLOGADO DGT<\/td>\n<\/tr>\n<tr>\n<td class=\"w-25\">\u00c9clairage<\/td>\n<td class=\"w-75 text-muted\">LED<\/td>\n<\/tr>\n<tr>\n<td class=\"w-25\">Taille d\u00e9pli\u00e9e<\/td>\n<td class=\"w-75 text-muted\">1160 x 600 x 1110 mm (L x l x h)<\/td>\n<\/tr>\n<tr>\n<td class=\"w-25\">Taille pli\u00e9e<\/td>\n<td class=\"w-75 text-muted\">300 x 600 x 1110 mm (L x l x h)<\/td>\n<\/tr>\n<\/tbody>\n<\/table>\n","protected":false},"excerpt":{"rendered":"<h2><strong>DUALTRON &#8211; MINI SPECIAL &#8211; 52V 21Ah NEW EY3 CONNECTE<\/strong><\/h2>\n<p style=\"font-weight: 400;\">La\u00a0Dualtron\u00a0Mini Sp\u00e9cial est une trottinette \u00e9lectrique compacte et puissante. Elle est \u00e9quip\u00e9e d&rsquo;un moteur de 1450 W, qui lui permet d&rsquo;atteindre une vitesse maximale de 45 km\/h (sur voie priv\u00e9e). La batterie de 52V \/ 21Ah offre une autonomie allant jusqu&rsquo;\u00e0 65 km, ce qui est suffisant pour les trajets urbains quotidiens.<\/p>\n<p style=\"font-weight: 400;\">\n<p style=\"font-weight: 400;\"><b>Points forts<\/b><\/p>\n<ul>\n<li>Compacit\u00e9 : taille compacte, facile \u00e0 transporter<\/li>\n<li>Performances : moteur puissant, vitesse maximale \u00e9lev\u00e9e<\/li>\n<li>Confort : suspensions pneumatiques, deck large<\/li>\n<li>S\u00e9curit\u00e9 : freins \u00e0 disques hydrauliques, \u00e9clairage LED<\/li>\n<\/ul>\n<p style=\"font-weight: 400;\">\u00a0<b>Conclusion<\/b><\/p>\n<p style=\"font-weight: 400;\">La\u00a0Dualtron\u00a0Mini Sp\u00e9cial est une trottinette \u00e9lectrique compacte et puissante. Elle offre de bonnes performances, un confort satisfaisant et une bonne s\u00e9curit\u00e9. Elle est id\u00e9ale pour les personnes qui recherchent une machine compacte et performante pour les trajets urbains quotidiens.<\/p>\n","protected":false},"featured_media":4304,"comment_status":"open","ping_status":"closed","template":"","meta":[],"product_brand":[],"product_cat":[67,32],"product_tag":[],"class_list":{"0":"post-4302","1":"product","2":"type-product","3":"status-publish","4":"has-post-thumbnail","6":"product_cat-dualtron","7":"product_cat-trottinettes","9":"first","10":"instock","11":"taxable","12":"shipping-taxable","13":"purchasable","14":"product-type-simple"},"jetpack_sharing_enabled":true,"_links":{"self":[{"href":"https:\/\/e-zymove.com\/index.php\/wp-json\/wp\/v2\/product\/4302","targetHints":{"allow":["GET"]}}],"collection":[{"href":"https:\/\/e-zymove.com\/index.php\/wp-json\/wp\/v2\/product"}],"about":[{"href":"https:\/\/e-zymove.com\/index.php\/wp-json\/wp\/v2\/types\/product"}],"replies":[{"embeddable":true,"href":"https:\/\/e-zymove.com\/index.php\/wp-json\/wp\/v2\/comments?post=4302"}],"version-history":[{"count":1,"href":"https:\/\/e-zymove.com\/index.php\/wp-json\/wp\/v2\/product\/4302\/revisions"}],"predecessor-version":[{"id":4311,"href":"https:\/\/e-zymove.com\/index.php\/wp-json\/wp\/v2\/product\/4302\/revisions\/4311"}],"wp:featuredmedia":[{"embeddable":true,"href":"https:\/\/e-zymove.com\/index.php\/wp-json\/wp\/v2\/media\/4304"}],"wp:attachment":[{"href":"https:\/\/e-zymove.com\/index.php\/wp-json\/wp\/v2\/media?parent=4302"}],"wp:term":[{"taxonomy":"product_brand","embeddable":true,"href":"https:\/\/e-zymove.com\/index.php\/wp-json\/wp\/v2\/product_brand?post=4302"},{"taxonomy":"product_cat","embeddable":true,"href":"https:\/\/e-zymove.com\/index.php\/wp-json\/wp\/v2\/product_cat?post=4302"},{"taxonomy":"product_tag","embeddable":true,"href":"https:\/\/e-zymove.com\/index.php\/wp-json\/wp\/v2\/product_tag?post=4302"}],"curies":[{"name":"wp","href":"https:\/\/api.w.org\/{rel}","templated":true}]}}