{"id":4296,"date":"2025-03-09T13:01:46","date_gmt":"2025-03-09T12:01:46","guid":{"rendered":"https:\/\/e-zymove.com\/?post_type=product&#038;p=4296"},"modified":"2025-03-09T13:01:46","modified_gmt":"2025-03-09T12:01:46","slug":"dualtron-mini-limited-52v-21ah","status":"publish","type":"product","link":"https:\/\/e-zymove.com\/index.php\/produit\/dualtron-mini-limited-52v-21ah\/","title":{"rendered":"DUALTRON &#8211; MINI LIMITED 52V 21Ah"},"content":{"rendered":"<table class=\"table\">\n<tbody>\n<tr>\n<td class=\"w-25\">Batterie<\/td>\n<td class=\"w-75 text-muted\">52V 21Ah<\/td>\n<\/tr>\n<tr>\n<td class=\"w-25\">Autonomie<\/td>\n<td class=\"w-75 text-muted\">65 km<\/td>\n<\/tr>\n<tr>\n<td class=\"w-25\">Puissance max<\/td>\n<td class=\"w-75 text-muted\">1450W<\/td>\n<\/tr>\n<tr>\n<td class=\"w-25\">Vitesse max<\/td>\n<td class=\"w-75 text-muted\">25 km\/h<\/td>\n<\/tr>\n<tr>\n<td class=\"w-25\">Taille des roues<\/td>\n<td class=\"w-75 text-muted\">8,5 pouces<\/td>\n<\/tr>\n<tr>\n<td class=\"w-25\">Freinage<\/td>\n<td class=\"w-75 text-muted\">Tambour AV + AR<\/td>\n<\/tr>\n<tr>\n<td class=\"w-25\">Poids<\/td>\n<td class=\"w-75 text-muted\">26 kg<\/td>\n<\/tr>\n<tr>\n<td class=\"w-25\">Certification<\/td>\n<td class=\"w-75 text-muted\">NO HOMOLOGADO DGT<\/td>\n<\/tr>\n<tr>\n<td class=\"w-25\">\u00c9clairage<\/td>\n<td class=\"w-75 text-muted\">LED<\/td>\n<\/tr>\n<tr>\n<td class=\"w-25\">Taille d\u00e9pli\u00e9e<\/td>\n<td class=\"w-75 text-muted\">1160 x 600 x 1110 mm (L x l x h)<\/td>\n<\/tr>\n<tr>\n<td class=\"w-25\">Taille pli\u00e9e<\/td>\n<td class=\"w-75 text-muted\">300 x 600 x 1110 mm (L x l x h)<\/td>\n<\/tr>\n<tr>\n<td class=\"w-25\">Largeur du plateau<\/td>\n<td class=\"w-75 text-muted\">21 cm<\/td>\n<\/tr>\n<\/tbody>\n<\/table>\n","protected":false},"excerpt":{"rendered":"<h2><strong>DUALTRON &#8211; MINI LIMITED 52V 21Ah<\/strong><\/h2>\n<p>Inutile de pr\u00e9senter la Dualtron Mini. Minimotors a cr\u00e9e cette trottinette \u00e9lectrique compacte afin de r\u00e9pondre aux besoins des utilisateurs. Cette\u00a0<strong>Dualtron Mini 52V 21Ah<\/strong>\u00a0s\u2019adresse donc \u00e0 tous ceux cherchant une trottinette pour des petits trajets du quotidien. Puissante et maniable, cette DT Mini se veut surtout\u00a0<strong>polyvalente<\/strong>. Utilisable partout ou presque, elle se faufile avec facilit\u00e9. Retrouvez \u00e9galement de grandes am\u00e9liorations sur cette Mini\u00a0<strong>dual brake<\/strong>. Le changement principal est donc l\u2019<strong>ajout d\u2019un frein suppl\u00e9mentaire<\/strong>.<\/p>\n<h2>Un freinage complet, enfin ! :<\/h2>\n<p>C\u2019\u00e9tait l\u2019am\u00e9lioration attendue par tous les fans. L\u2019ajout d\u2019un second frein sur la\u00a0Dualtron Mini 21Ah\u00a0s\u2019est fait attendre mais vient am\u00e9liorer la s\u00e9curit\u00e9 de la trottinette. Plac\u00e9 \u00e0 l\u2019avant, ce\u00a0<strong>nouveau frein tambour<\/strong>\u00a0est fix\u00e9 dans la\u00a0<strong>nouvelle jante aluminium<\/strong>\u00a0pr\u00e9vue pour l\u2019occasion. Le freinage se veut donc optimal avec cette trottinette \u00e9lectrique et c\u2019est important. En effet, avec les 1000W du moteur arri\u00e8re, il faut un\u00a0<strong>freinage efficace<\/strong>.<\/p>\n<h2>Autonomie Dualtron Mini 21 :<\/h2>\n<p>Cette Dualtron Mini 21 va plaire au plus grand nombre. Elle affiche de belles caract\u00e9ristiques techniques tout en gardant un gabarit raisonnable. Vous trouverez donc un\u00a0<strong>moteur 1000W<\/strong>\u00a0coupl\u00e9 \u00e0 une\u00a0<strong>nouvelle batterie 52V 21Ah<\/strong>. Vous pourrez alors effectuer un\u00a0<strong>trajet de 65 km<\/strong>\u00a0(en mode \u00e9co) avec une charge compl\u00e8te. Cette trottinette \u00e9lectrique est donc id\u00e9ale pour tous les utilisateurs citadins recherchant une alternative efficace aux transports en commun.<\/p>\n","protected":false},"featured_media":4297,"comment_status":"open","ping_status":"closed","template":"","meta":[],"product_brand":[],"product_cat":[67,32],"product_tag":[],"class_list":{"0":"post-4296","1":"product","2":"type-product","3":"status-publish","4":"has-post-thumbnail","6":"product_cat-dualtron","7":"product_cat-trottinettes","9":"first","10":"instock","11":"sale","12":"taxable","13":"shipping-taxable","14":"purchasable","15":"product-type-simple"},"jetpack_sharing_enabled":true,"_links":{"self":[{"href":"https:\/\/e-zymove.com\/index.php\/wp-json\/wp\/v2\/product\/4296","targetHints":{"allow":["GET"]}}],"collection":[{"href":"https:\/\/e-zymove.com\/index.php\/wp-json\/wp\/v2\/product"}],"about":[{"href":"https:\/\/e-zymove.com\/index.php\/wp-json\/wp\/v2\/types\/product"}],"replies":[{"embeddable":true,"href":"https:\/\/e-zymove.com\/index.php\/wp-json\/wp\/v2\/comments?post=4296"}],"version-history":[{"count":2,"href":"https:\/\/e-zymove.com\/index.php\/wp-json\/wp\/v2\/product\/4296\/revisions"}],"predecessor-version":[{"id":4301,"href":"https:\/\/e-zymove.com\/index.php\/wp-json\/wp\/v2\/product\/4296\/revisions\/4301"}],"wp:featuredmedia":[{"embeddable":true,"href":"https:\/\/e-zymove.com\/index.php\/wp-json\/wp\/v2\/media\/4297"}],"wp:attachment":[{"href":"https:\/\/e-zymove.com\/index.php\/wp-json\/wp\/v2\/media?parent=4296"}],"wp:term":[{"taxonomy":"product_brand","embeddable":true,"href":"https:\/\/e-zymove.com\/index.php\/wp-json\/wp\/v2\/product_brand?post=4296"},{"taxonomy":"product_cat","embeddable":true,"href":"https:\/\/e-zymove.com\/index.php\/wp-json\/wp\/v2\/product_cat?post=4296"},{"taxonomy":"product_tag","embeddable":true,"href":"https:\/\/e-zymove.com\/index.php\/wp-json\/wp\/v2\/product_tag?post=4296"}],"curies":[{"name":"wp","href":"https:\/\/api.w.org\/{rel}","templated":true}]}}