{"id":4277,"date":"2025-03-09T11:11:28","date_gmt":"2025-03-09T10:11:28","guid":{"rendered":"https:\/\/e-zymove.com\/?post_type=product&#038;p=4277"},"modified":"2025-03-09T11:19:15","modified_gmt":"2025-03-09T10:19:15","slug":"dualtron-aminia-special-52v-13ah-ipx5","status":"publish","type":"product","link":"https:\/\/e-zymove.com\/index.php\/produit\/dualtron-aminia-special-52v-13ah-ipx5\/","title":{"rendered":"DUALTRON &#8211; AMINIA SPECIAL 52V 13Ah IPX5"},"content":{"rendered":"<p><b>Caract\u00e9ristiques principales<\/b><\/p>\n<ul>\n<li><b>Autonomie :<\/b> Jusqu&rsquo;\u00e0 45 km<\/li>\n<li><b>Puissance moteur :<\/b>\u00a0 1000 W (nominale), jusqu&rsquo;\u00e0\u00a0 1450 W (maximale)<\/li>\n<li><b>Vitesse maximale :<\/b> 45 km\/h (brid\u00e9e \u00e0 25 km\/h selon la r\u00e9glementation)<\/li>\n<li><b>Suspension avant et arri\u00e8re :<\/b>\u00a0Un confort optimal sur tous les terrains<\/li>\n<li><b>Charge maximale :<\/b>\u00a0Supporte jusqu&rsquo;\u00e0 120 kg<\/li>\n<\/ul>\n<p><b>Confort et S\u00e9curit\u00e9<\/b><\/p>\n<ul>\n<li><b>Freins \u00e0 tambour<\/b>\u00a0(avant et arri\u00e8re) pour un freinage s\u00fbr et pr\u00e9cis<\/li>\n<li><b>\u00c9tanch\u00e9it\u00e9 IPX5<\/b>, parfaite pour rouler sous une l\u00e9g\u00e8re pluie<\/li>\n<li><b>Roues 9 pouces tubeless<\/b>\u00a0pour une meilleure absorption des chocs<\/li>\n<li><b>Clignotants int\u00e9gr\u00e9s<\/b>\u00a0et\u00a0<b>\u00e9clairage LED<\/b>\u00a0pour une visibilit\u00e9 maximale<\/li>\n<\/ul>\n<p><b>Technologie et Accessoires<\/b><\/p>\n<ul>\n<li><b>\u00c9cran EY3 connect\u00e9<\/b>\u00a0: Contr\u00f4lez vos param\u00e8tres en temps r\u00e9el<\/li>\n<li><b>Application connect\u00e9e :\u00a0<\/b>Verrouillez et localisez la trottinette \u00e0 distance<\/li>\n<li><b>Temps de charge<\/b>\u00a0: 8 heures avec le chargeur standard<\/li>\n<\/ul>\n<p><b>Inclus avec la trottinette :<\/b><\/p>\n<ul>\n<li>Notice d\u2019utilisation<\/li>\n<li>Chargeur 58,4V 1,5A<\/li>\n<li>Kit d\u2019outils<\/li>\n<\/ul>\n<p><b>Design Compact et Robuste<\/b><\/p>\n<ul>\n<li><b>Dimensions d\u00e9pli\u00e9e :<\/b> 1160 x 620 x 1190 mm<\/li>\n<li><b>Dimensions pli\u00e9e :<\/b> 1240 x 230 x 380 mm<\/li>\n<li><b>Poids :<\/b> 25 kg<\/li>\n<\/ul>\n<p>Le\u00a0<b>Dualtron Aminia<\/b>\u00a0allie un design \u00e9pur\u00e9 \u00e0 des performances impressionnantes, le tout dans un format pliable pour faciliter le transport et le rangement.<\/p>\n<p><b>Pourquoi choisir la Dualtron Aminia ?<\/b><\/p>\n<p>Avec sa puissance et ses fonctionnalit\u00e9s, cette trottinette est parfaite pour les utilisateurs exigeants qui recherchent fiabilit\u00e9, s\u00e9curit\u00e9, et plaisir de conduite.<\/p>\n","protected":false},"excerpt":{"rendered":"<h2><b>Dualtron &#8211; Aminia 52V 13Ah<\/b><\/h2>\n<h2 class=\"o_default_snippet_text\">Une version am\u00e9lior\u00e9e de la Dualtron Mini special<\/h2>\n<p class=\"o_default_snippet_text\">Vous remarquerez tout de suite que cette trottinette Dualtron Aminia special reprend les \u00e9l\u00e9ments forts de la Dualtron Mini. Le design \u00e9volue tr\u00e8s peu cependant vous aimerez toutes les\u00a0<strong>am\u00e9liorations techniques\u00a0apport\u00e9es<\/strong>\u00a0\u00e0 cette trottinette puissante.<\/p>\n<p class=\"o_default_snippet_text\">Cette trottinette Dualtron Aminia devient\u00a0<strong>d\u00e9sormais\u00a0\u00e9tanche (IPX5)<\/strong>, ce qui permet de rouler par tous les temps (il faut tout de m\u00eame \u00e9viter les grosses pluies).<\/p>\n<p class=\"o_default_snippet_text\">Ce n&rsquo;est pas tout, vous aimerez l&rsquo;ajout de l&rsquo;<strong>acc\u00e9l\u00e9rateur EY3 connect\u00e9<\/strong>\u00a0\u00e0 l&rsquo;application Dualtron Minimotors. Gr\u00e2ce \u00e0 cet \u00e9cran Dualtron, vous pourrez contr\u00f4ler plus facilement votre trottinette. Acc\u00e9dez \u00e0 tous les param\u00e8tres directement dans l&rsquo;application mobile et personnalisez la trottinette \u00e0 votre guise.<\/p>\n<p class=\"o_default_snippet_text\">D&rsquo;un point de vue s\u00e9curit\u00e9, vous verrez que cette trottinette \u00e9lectrique Dualtron poss\u00e8de maintenant\u00a0<strong>des clignotants et un phare avant puissant<\/strong>. Les trajets sont donc plus s\u00fbrs car vous serez plus visible par les autres usagers.<\/p>\n","protected":false},"featured_media":4280,"comment_status":"open","ping_status":"closed","template":"","meta":[],"product_brand":[],"product_cat":[67,32],"product_tag":[],"class_list":{"0":"post-4277","1":"product","2":"type-product","3":"status-publish","4":"has-post-thumbnail","6":"product_cat-dualtron","7":"product_cat-trottinettes","9":"first","10":"instock","11":"taxable","12":"shipping-taxable","13":"purchasable","14":"product-type-simple"},"jetpack_sharing_enabled":true,"_links":{"self":[{"href":"https:\/\/e-zymove.com\/index.php\/wp-json\/wp\/v2\/product\/4277","targetHints":{"allow":["GET"]}}],"collection":[{"href":"https:\/\/e-zymove.com\/index.php\/wp-json\/wp\/v2\/product"}],"about":[{"href":"https:\/\/e-zymove.com\/index.php\/wp-json\/wp\/v2\/types\/product"}],"replies":[{"embeddable":true,"href":"https:\/\/e-zymove.com\/index.php\/wp-json\/wp\/v2\/comments?post=4277"}],"version-history":[{"count":1,"href":"https:\/\/e-zymove.com\/index.php\/wp-json\/wp\/v2\/product\/4277\/revisions"}],"predecessor-version":[{"id":4278,"href":"https:\/\/e-zymove.com\/index.php\/wp-json\/wp\/v2\/product\/4277\/revisions\/4278"}],"wp:featuredmedia":[{"embeddable":true,"href":"https:\/\/e-zymove.com\/index.php\/wp-json\/wp\/v2\/media\/4280"}],"wp:attachment":[{"href":"https:\/\/e-zymove.com\/index.php\/wp-json\/wp\/v2\/media?parent=4277"}],"wp:term":[{"taxonomy":"product_brand","embeddable":true,"href":"https:\/\/e-zymove.com\/index.php\/wp-json\/wp\/v2\/product_brand?post=4277"},{"taxonomy":"product_cat","embeddable":true,"href":"https:\/\/e-zymove.com\/index.php\/wp-json\/wp\/v2\/product_cat?post=4277"},{"taxonomy":"product_tag","embeddable":true,"href":"https:\/\/e-zymove.com\/index.php\/wp-json\/wp\/v2\/product_tag?post=4277"}],"curies":[{"name":"wp","href":"https:\/\/api.w.org\/{rel}","templated":true}]}}