{"id":4119,"date":"2024-10-24T08:48:57","date_gmt":"2024-10-24T06:48:57","guid":{"rendered":"https:\/\/e-zymove.com\/?post_type=product&#038;p=4119"},"modified":"2025-03-09T13:23:58","modified_gmt":"2025-03-09T12:23:58","slug":"dualtron-togo-ltd-60v15ah","status":"publish","type":"product","link":"https:\/\/e-zymove.com\/index.php\/produit\/dualtron-togo-ltd-60v15ah\/","title":{"rendered":"DUALTRON &#8211; TOGO LTD &#8211; 60V15Ah"},"content":{"rendered":"<h3>Caract\u00e9ristiques<\/h3>\n<ul class=\"row\">\n<li class=\"col-md-6\">\n<h4>BATTERIE<\/h4>\n<p>60V 15Ah<\/li>\n<li class=\"col-md-6\">\n<h4>AUTONOMIE<\/h4>\n<p>47 km<\/li>\n<li class=\"col-md-6\">\n<h4>PUISSANCE<\/h4>\n<p>900W<\/li>\n<li class=\"col-md-6\">\n<h4>VITESSE BRID\u00c9E<\/h4>\n<p>25 km\/h<\/li>\n<li class=\"col-md-6\">\n<h4>VITESSE MAX<\/h4>\n<p>52 km\/h (sur voie priv\u00e9e)<\/li>\n<li class=\"col-md-6\">\n<h4>POIDS<\/h4>\n<p>25 kg<\/li>\n<li class=\"col-md-6\">\n<h4>FREINAGE<\/h4>\n<p>AV + AR \u00e0 disques<\/li>\n<li class=\"col-md-6\">\n<h4>CHARGE MAX<\/h4>\n<p>100 kg<\/li>\n<li class=\"col-md-6\">\n<h4>SUSPENSION<\/h4>\n<p>AV + AR \u00e0 ressorts<\/li>\n<li class=\"col-md-6\">\n<h4>ROUES<\/h4>\n<p>10 pouces<\/li>\n<li class=\"col-md-6\">\n<h4>TAILLE D\u00c9PLI\u00c9E<\/h4>\n<p>1260 x 635 x 1220 mm (L x l x h)<\/li>\n<li class=\"col-md-6\">\n<h4>TAILLE PLI\u00c9E<\/h4>\n<p>1230 x 635 x 460 mm (L x l x h)<\/li>\n<\/ul>\n","protected":false},"excerpt":{"rendered":"<section class=\"s_text_block o_colored_level pb0 pt16\" data-snippet=\"s_text_block\" data-name=\"Texte\">\n<div class=\"s_allow_columns container\">\n<h1 class=\"o_default_snippet_text\">Dualtron Togo LTD<\/h1>\n<\/div>\n<\/section>\n<section class=\"s_text_block pb40 o_colored_level pt0\" data-snippet=\"s_text_block\" data-name=\"Texte\">\n<div class=\"s_allow_columns container\">\n<p>Cette trottinette \u00e9lectrique\u00a0<strong>Dualtron Togo limited<\/strong>\u00a0est la version survolt\u00e9e de la Togo. Vous serez bluff\u00e9 par les capacit\u00e9s de cette\u00a0<strong>trottinette \u00e9lectrique puissante<\/strong>. En effet, la Togo limited est en 60V ! De quoi vous procurer des acc\u00e9l\u00e9rations dingues.<\/p>\n<p class=\"o_default_snippet_text\">Cette trottinette Dualtron s\u2019annonce comme un mod\u00e8le incontournable du march\u00e9. Vous comprendrez rapidement pourquoi en regardant ses caract\u00e9ristiques techniques impressionnantes. De plus, elle adopte un\u00a0<strong>design moderne et discret, propre \u00e0 l\u2019ADN Minimotors.<\/strong><\/p>\n<section class=\"s_image_gallery o_slideshow s_image_gallery_show_indicators s_image_gallery_indicators_rounded o_colored_level d-lg-block d-none o_snippet_mobile_invisible pt0 pb0\" data-vcss=\"001\" data-columns=\"3\" data-snippet=\"s_image_gallery\" data-name=\"Galerie d&amp;#x27;images\" data-invisible=\"1\">\n<div class=\"container\">\n<div id=\"slideshow_1720603008716\" class=\"carousel slide\" data-bs-ride=\"carousel\" data-bs-interval=\"0\">\n<div class=\"carousel-inner\">\n<div class=\"carousel-item active\"><img decoding=\"async\" class=\"img img-fluid d-block o_we_custom_image\" src=\"https:\/\/www.minimotors.fr\/web\/image\/181460-939290b3\/Togo%20limited%202.jpg\" alt=\"\" data-original-id=\"181458\" data-original-src=\"\/web\/image\/181458-fc065a06\/Togo%20limited%202.jpg\" data-mimetype=\"image\/jpeg\" data-resize-width=\"690\" \/><\/div>\n<\/div>\n<\/div>\n<\/div>\n<\/section>\n<section class=\"s_text_block pt40 pb40 o_colored_level\" data-snippet=\"s_text_block\" data-name=\"Texte\">\n<div class=\"s_allow_columns container\">\n<p class=\"o_default_snippet_text\">Vous remarquerez tout de suite que cette Dualtron Togo limited est plus imposante que la Togo. Premi\u00e8rement, elle s\u2019\u00e9quipe de\u00a0<strong>roues 10 pouces en chambre \u00e0 air<\/strong>. Cela permet d\u2019obtenir une\u00a0<strong>meilleure tenue de route<\/strong>\u00a0ainsi qu\u2019un\u00a0<strong>meilleur confort de conduite<\/strong>. L\u2019autre changement se fait au niveau du deck. Vous pourrez constater que la Togo LTD est plus longue que la Dualtron Togo. Cela permet de renforcer la structure et ainsi garantir une s\u00e9curit\u00e9 optimale avec une telle puissance.<\/p>\n<h3>Une version Togo limited survolt\u00e9e :<\/h3>\n<p>Si cette Dualtron Togo Limited gagne en gabarit, elle gagne aussi en puissance. Vous serez impressionn\u00e9 par le\u00a0<strong>moteur puissant de 900W (nominal)<\/strong>\u00a0situ\u00e9 dans la roue arri\u00e8re 10 pouces. Ce moteur d\u00e9veloppe ainsi une grande puissance et propulse la trottinette\u00a0<strong>jusqu\u2019\u00e0 52 km\/h<\/strong>\u00a0(sur terrain priv\u00e9).<\/p>\n<p>Plus longue de quelques centim\u00e8tres afin de gagner en stabilit\u00e9, son poids n\u2019est cependant pas impact\u00e9. En effet,\u00a0<strong>elle p\u00e8se moins de 25 kg.<\/strong>\u00a0Un vrai poids plume pour une trottinette de ce gabarit et de cette puissance. Ainsi, vous pourrez facilement la plier et la transporter partout avec vous.<\/p>\n<h3>La s\u00e9curit\u00e9 renforc\u00e9e :<\/h3>\n<p>Vous remarquerez une autre diff\u00e9rence avec la Dualtron Togo 36V ou 48V. D\u00e9j\u00e0, la trottinette est\u00a0<strong>plus longue de 5 cm<\/strong>\u00a0et est donc plus stable. Mais ce n\u2019est pas tout, cette trottinette Dualtron Togo limited adopte\u00a0<strong>des freins \u00e0 disques \u00e0 l\u2019avant et \u00e0 l\u2019arri\u00e8re<\/strong>. Vous verrez ainsi que les freinages sont am\u00e9lior\u00e9s et qu\u2019ils permettent de renforcer encore plus la s\u00e9curit\u00e9 de conduite.<\/p>\n<p class=\"o_default_snippet_text\">L\u2019autre point important est le passage en\u00a0<strong>roues 10 pouces<\/strong>. Vous ne pourrez alors qu\u2019\u00eatre convaincu par le confort et la stabilit\u00e9 de conduite \u00e0 bord de cette Dualtron Togo LTD. Les pneus de la Dualtron Togo sont plus larges et offrent ainsi une meilleure tenue de route. \u00c0 l\u2019int\u00e9rieur des pneus se trouve la\u00a0<strong>chambre \u00e0 air 10 pouces<\/strong>\u00a0pour Dualtron Togo limited.<\/p>\n<\/div>\n<\/section>\n<section class=\"s_image_gallery o_slideshow s_image_gallery_show_indicators s_image_gallery_indicators_rounded o_colored_level pt0 pb0 d-lg-block d-none o_snippet_mobile_invisible\" data-vcss=\"001\" data-columns=\"3\" data-snippet=\"s_image_gallery\" data-name=\"Galerie d&amp;#x27;images\" data-invisible=\"1\">\n<div class=\"container\">\n<div id=\"slideshow_1720603065990\" class=\"carousel slide\" data-bs-ride=\"carousel\" data-bs-interval=\"0\">\n<div class=\"carousel-inner\">\n<div class=\"carousel-item active\"><img decoding=\"async\" class=\"img img-fluid d-block o_we_custom_image\" src=\"https:\/\/www.minimotors.fr\/web\/image\/181461-e77c4702\/IMG_8035.jpg\" alt=\"\" data-original-id=\"181459\" data-original-src=\"\/web\/image\/181459-d58206dc\/IMG_8035.jpg\" data-mimetype=\"image\/jpeg\" data-resize-width=\"690\" \/><\/div>\n<\/div>\n<\/div>\n<\/div>\n<\/section>\n<section class=\"s_text_block pt40 o_colored_level pb0\" data-snippet=\"s_text_block\" data-name=\"Texte\">\n<div class=\"s_allow_columns container\">\n<h3>Les \u00e9quipements de la Dualtron Togo limited :<\/h3>\n<p>La trottinette \u00e9lectrique Dualtron Togo limited ne manque pas d\u2019\u00e9quipements. Que ce soit en mati\u00e8re de technologie ou de s\u00e9curit\u00e9, vous serez bluff\u00e9. Il est clair que la Togo est\u00a0<strong>l\u2019une des meilleures trottinettes du march\u00e9<\/strong>\u00a0en rapport prix \/ performances \/ \u00e9quipements. Vous aimerez notamment les\u00a0<strong>clignotants<\/strong>, accessibles en un clic sur la poign\u00e9e gauche. Ils permettent d\u2019indiquer aux autres usagers la direction dans laquelle vous allez. Ainsi, vous pouvez tourner en toute s\u00e9curit\u00e9.<\/p>\n<p>Devant, retrouvez un\u00a0<strong>nouveau phare LED<\/strong>. Il est accroch\u00e9 sur la colonne de direction et permet d\u2019\u00e9clairer la route lorsqu\u2019il fait sombre. Ajoutez \u00e0 cela les fonctionnalit\u00e9s de l\u2019\u00e9cran connect\u00e9 ou encore la possibilit\u00e9 de verrouiller la trottinette \u00e0 distance. Cette DT Togo plaira au plus grand nombre d\u2019entre vous.<\/p>\n<h3>Test Dualtron Togo limited :<\/h3>\n<p>Vous remarquerez que cette trottinette \u00e9lectrique Dualtron est facile \u00e0 prendre en main. Son\u00a0<strong>utilisation est intuitive et s\u00e9curitaire<\/strong>. Lorsque vous montez dessus, vous atteignez facilement le commodo des clignotants avec la main gauche. De l\u2019autre c\u00f4t\u00e9, vous avez l\u2019acc\u00e9l\u00e9rateur ainsi que le bouton power. Au milieu du guidon, vous verrez avec aisance l\u2019\u00e9cran EYE 2 qui permet d\u2019obtenir toutes les informations n\u00e9cessaires \u00e0 votre conduite. Celui-ci indique la vitesse \u00e0 laquelle vous roulez, le pourcentage de batterie restant ou encore le kilom\u00e9trage parcouru.<\/p>\n<p>Lorsque vous appuyez sur l\u2019acc\u00e9l\u00e9rateur, vous remarquez tout de suite\u00a0<strong>la puissance impressionnante<\/strong>\u00a0de cette trottinette \u00e9lectrique. La Dualtron Togo vous propulse rapidement gr\u00e2ce \u00e0 son moteur de 900W nominal. Les sensations ressenties sont tr\u00e8s agr\u00e9ables,\u00a0<strong>les reprises sont franches et le couple bluffant<\/strong>. La batterie int\u00e9gr\u00e9e dans le deck vous offre\u00a0<strong>une autonomie maximale de 38 km (version 12Ah) et 47 km (version 15Ah)<\/strong>. Il est donc facile et plaisant de rouler toute la journ\u00e9e avec cette Dualtron.<\/p>\n<p>Contrairement \u00e0 d\u2019autres trottinettes \u00e9lectriques du march\u00e9, la Dualtron Togo LTD ne renie pas les \u00e9quipements de s\u00e9curit\u00e9. En roulant, on se sent parfaitement confiant. Vous aimerez notamment les\u00a0<strong>freins \u00e0 disques<\/strong>\u00a0qui permettent de g\u00e9rer parfaitement les arr\u00eats. Mais ce qui frappe le plus en conduisant la Togo, c\u2019est son confort. En effet, cette trottinette \u00e9lectrique est tr\u00e8s confortable gr\u00e2ce \u00e0 ces\u00a0<strong>deux suspensions \u00e0 ressort<\/strong>. Vous pourrez rouler sur tous les terrains ou presque sans ressentir les d\u00e9fauts de la route. Vous profiterez ainsi pleinement des trajets sans avoir peur du mal de dos.<\/p>\n<p class=\"o_default_snippet_text\">Le dernier point fort de cette trottinette \u00e9lectrique puissante et confortable est son\u00a0<strong>application connect\u00e9e<\/strong>. Lorsque vous reliez l\u2019application Minimotors \u00e0 votre trottinette \u00e9lectrique, vous pouvez acc\u00e9der \u00e0 tous les param\u00e8tres de la Dualtron Togo. Ainsi vous pourrez r\u00e9gler diff\u00e9rents modes de conduite, de s\u00e9curit\u00e9, de puissance ou encore de r\u00e9cup\u00e9ration d\u2019\u00e9nergie.<\/p>\n<\/div>\n[embed]https:\/\/youtu.be\/EW04KGf-wvA[\/embed]\n<\/section>\n<\/div>\n<\/section>\n","protected":false},"featured_media":4120,"comment_status":"open","ping_status":"closed","template":"","meta":[],"product_brand":[],"product_cat":[67,32],"product_tag":[],"class_list":{"0":"post-4119","1":"product","2":"type-product","3":"status-publish","4":"has-post-thumbnail","6":"product_cat-dualtron","7":"product_cat-trottinettes","8":"product_shipping_class-articles-lourds","10":"first","11":"instock","12":"taxable","13":"shipping-taxable","14":"purchasable","15":"product-type-simple"},"jetpack_sharing_enabled":true,"_links":{"self":[{"href":"https:\/\/e-zymove.com\/index.php\/wp-json\/wp\/v2\/product\/4119","targetHints":{"allow":["GET"]}}],"collection":[{"href":"https:\/\/e-zymove.com\/index.php\/wp-json\/wp\/v2\/product"}],"about":[{"href":"https:\/\/e-zymove.com\/index.php\/wp-json\/wp\/v2\/types\/product"}],"replies":[{"embeddable":true,"href":"https:\/\/e-zymove.com\/index.php\/wp-json\/wp\/v2\/comments?post=4119"}],"version-history":[{"count":2,"href":"https:\/\/e-zymove.com\/index.php\/wp-json\/wp\/v2\/product\/4119\/revisions"}],"predecessor-version":[{"id":4128,"href":"https:\/\/e-zymove.com\/index.php\/wp-json\/wp\/v2\/product\/4119\/revisions\/4128"}],"wp:featuredmedia":[{"embeddable":true,"href":"https:\/\/e-zymove.com\/index.php\/wp-json\/wp\/v2\/media\/4120"}],"wp:attachment":[{"href":"https:\/\/e-zymove.com\/index.php\/wp-json\/wp\/v2\/media?parent=4119"}],"wp:term":[{"taxonomy":"product_brand","embeddable":true,"href":"https:\/\/e-zymove.com\/index.php\/wp-json\/wp\/v2\/product_brand?post=4119"},{"taxonomy":"product_cat","embeddable":true,"href":"https:\/\/e-zymove.com\/index.php\/wp-json\/wp\/v2\/product_cat?post=4119"},{"taxonomy":"product_tag","embeddable":true,"href":"https:\/\/e-zymove.com\/index.php\/wp-json\/wp\/v2\/product_tag?post=4119"}],"curies":[{"name":"wp","href":"https:\/\/api.w.org\/{rel}","templated":true}]}}