{"id":4069,"date":"2024-03-29T14:45:55","date_gmt":"2024-03-29T13:45:55","guid":{"rendered":"https:\/\/e-zymove.com\/?post_type=product&#038;p=4069"},"modified":"2024-03-29T17:27:08","modified_gmt":"2024-03-29T16:27:08","slug":"nami-blast","status":"publish","type":"product","link":"https:\/\/e-zymove.com\/index.php\/produit\/nami-blast\/","title":{"rendered":"NAMI Blast"},"content":{"rendered":"<table class=\"axps_shop_attributes\">\n<tbody>\n<tr>\n<th>Dimensions d\u00e9pli\u00e9<\/th>\n<td>1340mm x 700mm x 1320mm<\/td>\n<\/tr>\n<tr>\n<th>Autonomie<\/th>\n<td>75km<\/td>\n<\/tr>\n<tr>\n<th>Vitesse Max.<\/th>\n<td>25km\/h<\/td>\n<\/tr>\n<tr>\n<th>Suspensions<\/th>\n<td>Hydraulique KKE de 150mm avec r\u00e9glage du rebond<\/td>\n<\/tr>\n<tr>\n<th>Freins<\/th>\n<td>Logan Full Hydraulique (160mm) &#8211; 2 pistons<\/td>\n<\/tr>\n<tr>\n<th>Pneu<\/th>\n<td>11&Prime; Tubeless 90\/65-6.5 Route<\/td>\n<\/tr>\n<tr>\n<th>Poids<\/th>\n<td>45kg<\/td>\n<\/tr>\n<tr>\n<th>Temps de charge complet<\/th>\n<td>5h30<\/td>\n<\/tr>\n<tr>\n<th>\u00c9clairage<\/th>\n<td>Eclairage LED, clignotants<\/td>\n<\/tr>\n<tr>\n<th>Charge max support\u00e9e<\/th>\n<td>120 kg<\/td>\n<\/tr>\n<tr>\n<th>Dimensions pli\u00e9<\/th>\n<td>1340mm x 700mm x 580mm<\/td>\n<\/tr>\n<tr>\n<th>Motor<\/th>\n<td>1000W x2<\/td>\n<\/tr>\n<tr>\n<th>Contr\u00f4leur<\/th>\n<td>40A x2 -SineWave &#8211; IP65<\/td>\n<\/tr>\n<tr>\n<th>Display<\/th>\n<td>Smart dashboard IP 65<\/td>\n<\/tr>\n<tr>\n<th>Configuration<\/th>\n<td>60V 1752Wh<\/td>\n<\/tr>\n<tr>\n<th>Chargeur d&rsquo;origine<\/th>\n<td>60V 5A<\/td>\n<\/tr>\n<tr>\n<th>indice de protection<\/th>\n<td>IP X5<\/td>\n<\/tr>\n<tr>\n<th>Type de mat\u00e9riaux<\/th>\n<td>Cadre tubulaire forg\u00e9 en aluminium de qualit\u00e9 a\u00e9ronautique 6082 monobloc traitement thermique de vieillissement<\/td>\n<\/tr>\n<\/tbody>\n<\/table>\n","protected":false},"excerpt":{"rendered":"<h1>La Nami Blast<\/h1>\n<p>Nous \u00e9tions nombreux \u00e0 attendre les derniers mod\u00e8les de la marque Nami Electric, voil\u00e0 alors la Nami Blast ! L&rsquo;\u00e9quipe Eride est heureuse de vous proposer ce nouveau mod\u00e8le innovant.<\/p>\n<p>Ce mod\u00e8le reste fid\u00e8le \u00e0 la marque avec sa\u00a0qualit\u00e9 haut de gamme\u00a0et son style moderne. Elle saura montrer son dynamisme avec son acc\u00e9l\u00e9ration spectaculaire.<\/p>\n<p>Elle est notamment dot\u00e9e d&rsquo;une toute nouvelle innovation:\u00a0fourche invers\u00e9e \u00e0 l&rsquo;avant. Ce m\u00e9canisme r\u00e9volutionnaire lui permet un\u00a0confort\u00a0et une\u00a0s\u00e9curit\u00e9\u00a0des plus s\u00fbr du march\u00e9. Ce nouveau syst\u00e8me de suspension garantit le confort de route lorsque vous rencontrez les irr\u00e9gularit\u00e9s du chemin.<\/p>\n<p><img fetchpriority=\"high\" decoding=\"async\" src=\"https:\/\/e-ride.fr\/img\/cms\/6_1.png\" alt=\"\" width=\"433\" height=\"433\" \/><\/p>\n<p>&nbsp;<\/p>\n<h2>La Nami Blast: excellent rapport qualit\u00e9\/prix<\/h2>\n<p>Parfait pour les amateurs de vitesse : Nami Electric a con\u00e7u cette trottinette \u00e9lectrique dot\u00e9e de\u00a02 moteurs de 1000W\u00a0pour vous prouver son\u00a0dynamisme. Sa batterie offre \u00e9galement une\u00a0autonomie allant jusqu&rsquo;\u00e0\u00a080km.<\/p>\n<p>Sa suspension r\u00e9glable de 165 mm fait de la Blast, un engin\u00a0tout terrain. De quoi profiter d&rsquo;une conduite\u00a0agr\u00e9able\u00a0et\u00a0confortable, sans ressentir les d\u00e9faut de la route. Son guidon et ses poign\u00e9es\u00a0ergonomiques\u00a0aident \u00e0 un meilleur maintien de la route.<\/p>\n<p>La trottinette \u00e9lectrique Nami Blast est une trottinette de plus d&rsquo;1m30 et d&rsquo;un moteur de\u00a02000W, elle sera alors destin\u00e9e \u00e0 une personne adulte, capable de conduire une trottinette \u00e9lectrique\u00a0compacte\u00a0et assez\u00a0dynamique.<\/p>\n<h2>R\u00e9sum\u00e9 des meilleures caract\u00e9ristiques:<\/h2>\n<p>&#8211; Moteur: 2x 1000W<\/p>\n<p>&#8211; Batterie : 60V 1752Wh<\/p>\n<p>&#8211; Autonomie : 80 km<\/p>\n<p>&#8211; Poids : 47kg<\/p>\n<p>&#8211; Suspensions: hydraulique 165mm<\/p>\n<h2>Un confort et une s\u00e9curit\u00e9 optimale<\/h2>\n<p>Le\u00a0confort\u00a0et la\u00a0s\u00e9curit\u00e9\u00a0\u00e9tant nos priorit\u00e9s pour nos clients, nous nous engageons toujours \u00e0 garantir la\u00a0meilleure qualit\u00e9\u00a0de produit possible. Assembl\u00e9e \u00e0 partir d&rsquo;un ch\u00e2ssis en aluminium et d&rsquo;une colonne de direction en carbone, la Nami Blast est suffisamment\u00a0compacte\u00a0et\u00a0maniable\u00a0pour garantir une grande\u00a0stabilit\u00e9.<\/p>\n<p>Pour assurer un freinage en douceur, mais s\u00fbr, elle est \u00e9quip\u00e9e de\u00a0freins enti\u00e8rement hydrauliques. Freinage d&rsquo;urgence ou simple ralentissement, il n&rsquo;y a\u00a0aucune crainte\u00a0\u00e0 avoir avec des freins hydrauliques de chez Nami Electric.<\/p>\n<p>Pour assurer la visibilit\u00e9 de jour comme de nuit, Nami Electric a choisi d&rsquo;\u00e9quiper cette trottinette \u00e9lectrique de\u00a0phares puissants\u00a0et de\u00a0feux lat\u00e9raux\u00a0\u00e0 LED sous le plateau. Cette touche\u00a0moderne\u00a0et\u00a0futuriste\u00a0s&rsquo;accorde parfaitement \u00e0 son ext\u00e9rieur enti\u00e8rement noir.<\/p>\n<p>La Nami Blast a un \u00e9cran Nami Electric, comme une petite tablette. R\u00e9sistant \u00e0 l&rsquo;eau, il permet de contr\u00f4ler en temps r\u00e9el chaque programme et option (vitesse, batterie, feux, km etc). Il vous permet ainsi de changer d&rsquo;option et de mode en un simple clique.<\/p>\n","protected":false},"featured_media":4054,"comment_status":"open","ping_status":"closed","template":"","meta":[],"product_brand":[],"product_cat":[104,32],"product_tag":[],"class_list":{"0":"post-4069","1":"product","2":"type-product","3":"status-publish","4":"has-post-thumbnail","6":"product_cat-nami","7":"product_cat-trottinettes","9":"first","10":"instock","11":"taxable","12":"shipping-taxable","13":"purchasable","14":"product-type-simple"},"jetpack_sharing_enabled":true,"_links":{"self":[{"href":"https:\/\/e-zymove.com\/index.php\/wp-json\/wp\/v2\/product\/4069","targetHints":{"allow":["GET"]}}],"collection":[{"href":"https:\/\/e-zymove.com\/index.php\/wp-json\/wp\/v2\/product"}],"about":[{"href":"https:\/\/e-zymove.com\/index.php\/wp-json\/wp\/v2\/types\/product"}],"replies":[{"embeddable":true,"href":"https:\/\/e-zymove.com\/index.php\/wp-json\/wp\/v2\/comments?post=4069"}],"version-history":[{"count":1,"href":"https:\/\/e-zymove.com\/index.php\/wp-json\/wp\/v2\/product\/4069\/revisions"}],"predecessor-version":[{"id":4070,"href":"https:\/\/e-zymove.com\/index.php\/wp-json\/wp\/v2\/product\/4069\/revisions\/4070"}],"wp:featuredmedia":[{"embeddable":true,"href":"https:\/\/e-zymove.com\/index.php\/wp-json\/wp\/v2\/media\/4054"}],"wp:attachment":[{"href":"https:\/\/e-zymove.com\/index.php\/wp-json\/wp\/v2\/media?parent=4069"}],"wp:term":[{"taxonomy":"product_brand","embeddable":true,"href":"https:\/\/e-zymove.com\/index.php\/wp-json\/wp\/v2\/product_brand?post=4069"},{"taxonomy":"product_cat","embeddable":true,"href":"https:\/\/e-zymove.com\/index.php\/wp-json\/wp\/v2\/product_cat?post=4069"},{"taxonomy":"product_tag","embeddable":true,"href":"https:\/\/e-zymove.com\/index.php\/wp-json\/wp\/v2\/product_tag?post=4069"}],"curies":[{"name":"wp","href":"https:\/\/api.w.org\/{rel}","templated":true}]}}