{"id":4053,"date":"2024-03-29T12:39:39","date_gmt":"2024-03-29T11:39:39","guid":{"rendered":"https:\/\/e-zymove.com\/?post_type=product&#038;p=4053"},"modified":"2024-03-29T14:45:43","modified_gmt":"2024-03-29T13:45:43","slug":"nami-blast-max","status":"publish","type":"product","link":"https:\/\/e-zymove.com\/index.php\/produit\/nami-blast-max\/","title":{"rendered":"NAMI Blast Max"},"content":{"rendered":"<h5>R\u00e9sum\u00e9 des meilleures caract\u00e9ristiques :<\/h5>\n<p>&#8211;\u00a0\u00a0Moteur : 2x1500W<\/p>\n<p>&#8211; Batterie :\u00a060V 2361,6Wh<\/p>\n<p>&#8211; Autonomie : 100 km<\/p>\n<p>&#8211; Poids : 44kg<\/p>\n<p>&#8211; Freins: Logan full hydraulique<\/p>\n<p>&#8211; Suspension: hydraulique (165mm) et r\u00e9glage du rebond<\/p>\n<h5>La s\u00e9curit\u00e9 et le confort de la trottinette \u00e9lectrique Nami Blast MAX<\/h5>\n<p>Le confort et la s\u00e9curit\u00e9 \u00e9tant notre priorit\u00e9 et celle de l&rsquo;\u00e9quipe Nami Electric, les ing\u00e9nieurs s&rsquo;engagent toujours \u00e0 garantir la\u00a0meilleure qualit\u00e9\u00a0de produit possible. Assembl\u00e9e \u00e0 partir d&rsquo;un ch\u00e2ssis en aluminium et d&rsquo;une colonne de direction en carbone, la Nami Blast MAX est suffisamment\u00a0compacte\u00a0et\u00a0maniable\u00a0pour garantir une\u00a0stabilit\u00e9 au top.<\/p>\n<p>Pour assurer un freinage en douceur, mais s\u00fbr, la trottinette \u00e9lectrique Nami Blast MAX est \u00e9quip\u00e9e de\u00a0freins enti\u00e8rement hydrauliques. Freinage d&rsquo;urgence ou simple ralentissement, il n&rsquo;y a\u00a0aucune crainte\u00a0\u00e0 avoir avec des freins hydrauliques de chez Nami Electric.<\/p>\n<p>Pour assurer la visibilit\u00e9 de jour comme de nuit, Nami a choisi d&rsquo;\u00e9quiper cette trottinette \u00e9lectrique de\u00a0phares puissants\u00a0et de\u00a0feux lat\u00e9raux\u00a0\u00e0 LED sous le plateau. Cette touche\u00a0moderne\u00a0et\u00a0futuriste\u00a0s&rsquo;accorde parfaitement \u00e0 son ext\u00e9rieur enti\u00e8rement noir.<\/p>\n<p>La trottinette \u00e9lectrique Nami Blast MAX a un\u00a0\u00e9cran Nami Electric, comme une petite tablette sur votre v\u00e9hicule. R\u00e9sistant \u00e0 l&rsquo;eau, il permet de contr\u00f4ler en temps r\u00e9el chaque programme et option (vitesse, batterie, feux, km etc). Il vous permet ainsi de changer d&rsquo;option et de mode en un simple clique.<\/p>\n<p><iframe title=\"Nami Blast, la trottinette \u00e9lectrique unique et puissante Nami Electric !\" width=\"500\" height=\"281\" src=\"https:\/\/www.youtube.com\/embed\/YUBqrCMRP9Y?feature=oembed&amp;wmode=opaque\"  allow=\"accelerometer; autoplay; clipboard-write; encrypted-media; gyroscope; picture-in-picture; web-share\" referrerpolicy=\"strict-origin-when-cross-origin\" allowfullscreen><\/iframe><\/p>\n<h2 class=\"h6\">Fiche technique<\/h2>\n<table class=\"axps_shop_attributes\">\n<tbody>\n<tr>\n<th>Dimensions d\u00e9pli\u00e9<\/th>\n<td>1340mm x 700mm x 1320mm<\/td>\n<\/tr>\n<tr>\n<th>Batterie<\/th>\n<td>Li-ion 21700 &#8211; Premium<\/td>\n<\/tr>\n<tr>\n<th>Autonomie<\/th>\n<td>100 km<\/td>\n<\/tr>\n<tr>\n<th>Vitesse Max.<\/th>\n<td>25 km\/h<\/td>\n<\/tr>\n<tr>\n<th>Suspensions<\/th>\n<td>Hydraulique KKE (150mm) avec r\u00e9glage du rebond<\/td>\n<\/tr>\n<tr>\n<th>Freins<\/th>\n<td>Logan Full hydraulique (160 mm) &#8211; 2 pistons<\/td>\n<\/tr>\n<tr>\n<th>Pneu<\/th>\n<td>11&Prime; Tubeless 90\/65-6.5 Route ou Cross<\/td>\n<\/tr>\n<tr>\n<th>Poids<\/th>\n<td>48.3kg<\/td>\n<\/tr>\n<tr>\n<th>Temps de charge complet<\/th>\n<td>8h<\/td>\n<\/tr>\n<tr>\n<th>\u00c9clairage<\/th>\n<td>Eclairage LED, clignotants<\/td>\n<\/tr>\n<tr>\n<th>Charge max support\u00e9e<\/th>\n<td>120kg<\/td>\n<\/tr>\n<tr>\n<th>Dimensions pli\u00e9<\/th>\n<td>1340mm x700mm x 580mm<\/td>\n<\/tr>\n<tr>\n<th>Motor<\/th>\n<td>1500W x2<\/td>\n<\/tr>\n<tr>\n<th>Contr\u00f4leur<\/th>\n<td>50A x2 &#8211; SineWave -IP65<\/td>\n<\/tr>\n<tr>\n<th>Configuration<\/th>\n<td>60V 2361,6Wh<\/td>\n<\/tr>\n<tr>\n<th>Chargeur d&rsquo;origine<\/th>\n<td>60V 5A<\/td>\n<\/tr>\n<tr>\n<th>indice de protection<\/th>\n<td>IP 65<\/td>\n<\/tr>\n<tr>\n<th>Afficheur<\/th>\n<td>Smart dashboard IP 65<\/td>\n<\/tr>\n<tr>\n<th>Type de mat\u00e9riaux<\/th>\n<td>Cadre tubulaire forg\u00e9 en aluminium de qualit\u00e9 a\u00e9ronautique 6082 monobloc traitement thermique de vieillissement<\/td>\n<\/tr>\n<\/tbody>\n<\/table>\n","protected":false},"excerpt":{"rendered":"<h1>NAMI Blast Max<\/h1>\n<p>Parfait pour les amateurs de vitesse : Nami Electric a con\u00e7u cette trottinette \u00e9lectrique dot\u00e9e de\u00a02 moteurs de 1500W\u00a0pour prouver son\u00a0dynamisme. Comme promis, encore\u00a0plus de puissante\u00a0que la Blast. Sa batterie de maintenant 2361,6Wh vous offre alors une\u00a0autonomie allant jusqu&rsquo;\u00e0 100km.<\/p>\n","protected":false},"featured_media":4054,"comment_status":"open","ping_status":"closed","template":"","meta":[],"product_brand":[],"product_cat":[104,32],"product_tag":[],"class_list":{"0":"post-4053","1":"product","2":"type-product","3":"status-publish","4":"has-post-thumbnail","6":"product_cat-nami","7":"product_cat-trottinettes","9":"first","10":"instock","11":"taxable","12":"shipping-taxable","13":"purchasable","14":"product-type-simple"},"jetpack_sharing_enabled":true,"_links":{"self":[{"href":"https:\/\/e-zymove.com\/index.php\/wp-json\/wp\/v2\/product\/4053","targetHints":{"allow":["GET"]}}],"collection":[{"href":"https:\/\/e-zymove.com\/index.php\/wp-json\/wp\/v2\/product"}],"about":[{"href":"https:\/\/e-zymove.com\/index.php\/wp-json\/wp\/v2\/types\/product"}],"replies":[{"embeddable":true,"href":"https:\/\/e-zymove.com\/index.php\/wp-json\/wp\/v2\/comments?post=4053"}],"version-history":[{"count":2,"href":"https:\/\/e-zymove.com\/index.php\/wp-json\/wp\/v2\/product\/4053\/revisions"}],"predecessor-version":[{"id":4066,"href":"https:\/\/e-zymove.com\/index.php\/wp-json\/wp\/v2\/product\/4053\/revisions\/4066"}],"wp:featuredmedia":[{"embeddable":true,"href":"https:\/\/e-zymove.com\/index.php\/wp-json\/wp\/v2\/media\/4054"}],"wp:attachment":[{"href":"https:\/\/e-zymove.com\/index.php\/wp-json\/wp\/v2\/media?parent=4053"}],"wp:term":[{"taxonomy":"product_brand","embeddable":true,"href":"https:\/\/e-zymove.com\/index.php\/wp-json\/wp\/v2\/product_brand?post=4053"},{"taxonomy":"product_cat","embeddable":true,"href":"https:\/\/e-zymove.com\/index.php\/wp-json\/wp\/v2\/product_cat?post=4053"},{"taxonomy":"product_tag","embeddable":true,"href":"https:\/\/e-zymove.com\/index.php\/wp-json\/wp\/v2\/product_tag?post=4053"}],"curies":[{"name":"wp","href":"https:\/\/api.w.org\/{rel}","templated":true}]}}