{"id":4010,"date":"2024-03-26T16:50:12","date_gmt":"2024-03-26T15:50:12","guid":{"rendered":"https:\/\/e-zymove.com\/?post_type=product&#038;p=4010"},"modified":"2025-03-09T14:56:05","modified_gmt":"2025-03-09T13:56:05","slug":"teverun-fighter-7260r","status":"publish","type":"product","link":"https:\/\/e-zymove.com\/index.php\/produit\/teverun-fighter-7260r\/","title":{"rendered":"TEVERUN &#8211; FIGHTER &#8211; 7260R EDITION 2025 V4"},"content":{"rendered":"<table class=\"table\">\n<tbody>\n<tr>\n<td class=\"w-25\">Marque<\/td>\n<td class=\"w-75 text-muted\">TEVERUN<\/td>\n<\/tr>\n<tr>\n<td class=\"w-25\">Batterie<\/td>\n<td class=\"w-75 text-muted\">72V 60Ah &#8211; SK<\/td>\n<\/tr>\n<tr>\n<td class=\"w-25\">Autonomie<\/td>\n<td class=\"w-75 text-muted\">200 km<\/td>\n<\/tr>\n<tr>\n<td class=\"w-25\">Puissance nominale<\/td>\n<td class=\"w-75 text-muted\">2500W x 2<\/td>\n<\/tr>\n<tr>\n<td class=\"w-25\">Puissance max<\/td>\n<td class=\"w-75 text-muted\">8000W<\/td>\n<\/tr>\n<tr>\n<td class=\"w-25\">Vitesse brid\u00e9e<\/td>\n<td class=\"w-75 text-muted\">25 km\/h<\/td>\n<\/tr>\n<tr>\n<td class=\"w-25\">Vitesse max<\/td>\n<td class=\"w-75 text-muted\">110 km\/h<\/td>\n<\/tr>\n<tr>\n<td class=\"w-25\">Taille des roues<\/td>\n<td class=\"w-75 text-muted\">13 pouces<\/td>\n<\/tr>\n<tr>\n<td class=\"w-25\">Freinage<\/td>\n<td class=\"w-75 text-muted\">Hydraulique \u00e0 disques (4 pistons)<\/td>\n<\/tr>\n<tr>\n<td class=\"w-25\">Poids<\/td>\n<td class=\"w-75 text-muted\">63 kg<\/td>\n<\/tr>\n<tr>\n<td class=\"w-25\">Certification<\/td>\n<td class=\"w-75 text-muted\">NO HOMOLOGADO DGT<\/td>\n<\/tr>\n<tr>\n<td class=\"w-25\">Suspension<\/td>\n<td class=\"w-75 text-muted\">Ressorts hydrauliques<\/td>\n<\/tr>\n<tr>\n<td class=\"w-25\">Contr\u00f4leur<\/td>\n<td class=\"w-75 text-muted\">70 \u2013 90A (TURBO) x 2 &#8211; Sine Wave<\/td>\n<\/tr>\n<tr>\n<td class=\"w-25\">Display<\/td>\n<td class=\"w-75 text-muted\">TFT 4 pouces<\/td>\n<\/tr>\n<tr>\n<td class=\"w-25\">Chargeur<\/td>\n<td class=\"w-75 text-muted\">84V 5A<\/td>\n<\/tr>\n<tr>\n<td class=\"w-25\">Verouillage<\/td>\n<td class=\"w-75 text-muted\">NFC<\/td>\n<\/tr>\n<tr>\n<td class=\"w-25\">Taille d\u00e9pli\u00e9e<\/td>\n<td class=\"w-75 text-muted\">1400 x 645 x 1401 mm (L x I x h)<\/td>\n<\/tr>\n<tr>\n<td class=\"w-25\">Taille pli\u00e9e<\/td>\n<td class=\"w-75 text-muted\">1400 x 316 x 577 mm (L x I x h)<\/td>\n<\/tr>\n<\/tbody>\n<\/table>\n","protected":false},"excerpt":{"rendered":"<h2><strong>TEVERUN &#8211; FIGHTER &#8211; 7260R EDITION 2025 V4<\/strong><\/h2>\n<p>La mobilit\u00e9 urbaine \u00e9volue rapidement, avec des alternatives de transport \u00e9lectrique gagnant en popularit\u00e9. Parmi celles-ci, la\u00a0<strong>trottinette \u00e9lectrique Teverun 7260R<\/strong>\u00a0se distingue par son design \u00e9l\u00e9gant, ses fonctionnalit\u00e9s innovantes et ses\u00a0<strong>performances exceptionnelles<\/strong>. Vous comprendrez rapidement que cette Teverun fighter 7260R n\u2019est pas une trottinette comme les autres.<\/p>\n<h3>Design \u00e9l\u00e9gant et robuste :<\/h3>\n<p>La Teverun 7260R impressionne d\u00e8s le premier regard avec son\u00a0<strong>design \u00e9l\u00e9gant et moderne<\/strong>. Imposante, elle est fabriqu\u00e9e \u00e0 partir de\u00a0<strong>mat\u00e9riaux de haute qualit\u00e9<\/strong>. Cette trottinette \u00e9lectrique se veut rassurante et robuste. Les lignes \u00e9pur\u00e9es et les finitions soign\u00e9es t\u00e9moignent de l\u2019attention port\u00e9e au design, faisant de la Teverun 7260R une machine au style unique qui fera tourner les t\u00eates. Vous aimerez notamment ses\u00a0<strong>\u00e9l\u00e9ments en imitation carbone<\/strong>\u00a0qui lui donnent un look racing. Son\u00a0<strong>\u00e9cran TFT bien int\u00e9gr\u00e9<\/strong>\u00a0au centre du guidon ou encore son puissant phare avant positionn\u00e9 en haut de la colonne de direction.<\/p>\n<h3>Des performances impressionantes pour cette Teverun Fighter 7260R 2025 :<\/h3>\n<p>La Fighter 7260R n\u2019impressionne pas que visuellement. Cette trottinette \u00e9lectrique est\u00a0<strong>une vraie machine de course<\/strong>. En effet, vous serez tout simplement bluff\u00e9 par sa puissance monstrueuse. Cette trottinette est \u00e9quip\u00e9e de\u00a0<strong>deux moteurs de 2500W<\/strong>\u00a0chacun (puissance nominale), ce qui lui offre une\u00a0<strong>puissance maximale de plus de 8000W<\/strong>\u00a0! Attention \u00e0 bien s\u2019accrocher au guidon car les acc\u00e9l\u00e9rations vous laisseront sur place !\u00a0C\u00f4t\u00e9 vitesse et sur piste priv\u00e9e, cette Teverun 7260R atteint la\u00a0<strong>vitesse maximale de 110 km\/h<\/strong>\u00a0et se classe parmi les trottinettes les plus rapides au monde.<\/p>\n<p>Bien s\u00fbr, nous avons \u00e9quip\u00e9 cette machine d\u2019une batterie \u00e0 la hauteur de ses performance. Profitez d\u2019une \u00e9norme<strong>\u00a0batterie 72V 60Ah<\/strong>\u00a0positionn\u00e9e dans le deck de la trottinette. Ainsi, vous pourrez parcourir\u00a0<strong>jusqu\u2019\u00e0 200 km<\/strong>\u00a0en une seule charge, ce qui, une nouvelle fois, la classe parmi les meilleures sur le march\u00e9. De plus, nous proposons de s\u00e9rie un\u00a0<strong>chargeur rapide 84V 5A<\/strong>\u00a0pour recharger cette batterie.<\/p>\n<h3>La s\u00e9curit\u00e9 avant tout :<\/h3>\n<p>Bien entendu, avec de telles performances, il ne faut pas n\u00e9gliger la s\u00e9curit\u00e9. Nous avons donc \u00e9quip\u00e9 cette trottinette d\u2019\u00e9l\u00e9ments \u00e0 la hauteur de ses performances. Profitez ainsi d\u2019un\u00a0<strong>freinage full hydraulique \u00e0 disques (4 pistons)<\/strong>, l\u2019un des plus performants du march\u00e9. Les freinages sont souples et pr\u00e9cis, m\u00eame en cas de freinage d\u2019urgence.<\/p>\n<p>Les\u00a0<strong>pneus larges de 13 pouces tubeless (avec gel anti-crevaison)<\/strong>\u00a0permettent quant \u00e0 eux une tenue de route optimale sur les diff\u00e9rentes pistes. Ces roues am\u00e9liorent \u00e9galement le confort de conduite et la stabilit\u00e9. C\u00f4t\u00e9 suspension, vous ne serez pas d\u00e9\u00e7u. La\u00a0<strong>suspension hydraulique<\/strong>\u00a0de la Teverun Fighter 7260R est ajustable \u00e0 votre guise afin que vous soyez le plus \u00e0 l\u2019aise possible sur la machine.<\/p>\n<p>De plus, pour plus de s\u00e9curit\u00e9, nous avons \u00e9quip\u00e9\u00a0 cette Teverun de<strong>\u00a0deux amortisseurs de direction.<\/strong>\u00a0Ils permettent d\u2019\u00e9viter le guidonnage \u00e0 haute vitesse et renforce ainsi la s\u00e9curit\u00e9 lorsqu\u2019on roule avec cette trottinette.<\/p>\n<h3>\u00c9cran LCD intuitif :<\/h3>\n<p>Le tableau de bord de la Teverun 7260R est dot\u00e9 d\u2019un\u00a0<strong>\u00e9cran LCD<\/strong>\u00a0intuitif qui fournit des informations essentielles telles que la vitesse, la distance parcourue et le niveau de batterie. Cette interface utilisateur conviviale garantit une exp\u00e9rience de conduite agr\u00e9able tout en permettant aux utilisateurs de rester inform\u00e9s sur les param\u00e8tres cl\u00e9s de leur trajet. Vous pourrez \u00e9galement utiliser\u00a0<strong>l\u2019application TEVERUN<\/strong>\u00a0sur votre t\u00e9l\u00e9phone afin d\u2019acc\u00e9der aux diff\u00e9rents param\u00e8tres de la trottinette.<\/p>\n<p>De plus, l\u2019\u00e9cran est coupl\u00e9 \u00e0 un\u00a0<strong>capteur NFC<\/strong>\u00a0afin de verrouiller la trottinette lorsque vous ne l\u2019utilisez pas. Cette fonctionnalit\u00e9 est tr\u00e8s pratique pour \u00e9viter les vols.<\/p>\n<h3>Conclusion :<\/h3>\n<p>La Teverun 7260R se positionne comme une option de choix pour ceux qui recherchent une trottinette \u00e9lectrique alliant style, performance et s\u00e9curit\u00e9. Avec son design \u00e9l\u00e9gant, sa\u00a0<strong>puissance impressionnante<\/strong>\u00a0et ses fonctionnalit\u00e9s ax\u00e9es sur la s\u00e9curit\u00e9, la Teverun 7260R se place\u00a0<strong>parmi les meilleures machines du march\u00e9<\/strong>. Une chose est s\u00fbre, cette Teverun Fighter 7260R ne laissera personne indiff\u00e9rent.<\/p>\n","protected":false},"featured_media":4011,"comment_status":"open","ping_status":"closed","template":"","meta":[],"product_brand":[],"product_cat":[97,32],"product_tag":[],"class_list":{"0":"post-4010","1":"product","2":"type-product","3":"status-publish","4":"has-post-thumbnail","6":"product_cat-teverun","7":"product_cat-trottinettes","9":"first","10":"instock","11":"taxable","12":"shipping-taxable","13":"purchasable","14":"product-type-simple"},"jetpack_sharing_enabled":true,"_links":{"self":[{"href":"https:\/\/e-zymove.com\/index.php\/wp-json\/wp\/v2\/product\/4010","targetHints":{"allow":["GET"]}}],"collection":[{"href":"https:\/\/e-zymove.com\/index.php\/wp-json\/wp\/v2\/product"}],"about":[{"href":"https:\/\/e-zymove.com\/index.php\/wp-json\/wp\/v2\/types\/product"}],"replies":[{"embeddable":true,"href":"https:\/\/e-zymove.com\/index.php\/wp-json\/wp\/v2\/comments?post=4010"}],"version-history":[{"count":3,"href":"https:\/\/e-zymove.com\/index.php\/wp-json\/wp\/v2\/product\/4010\/revisions"}],"predecessor-version":[{"id":4404,"href":"https:\/\/e-zymove.com\/index.php\/wp-json\/wp\/v2\/product\/4010\/revisions\/4404"}],"wp:featuredmedia":[{"embeddable":true,"href":"https:\/\/e-zymove.com\/index.php\/wp-json\/wp\/v2\/media\/4011"}],"wp:attachment":[{"href":"https:\/\/e-zymove.com\/index.php\/wp-json\/wp\/v2\/media?parent=4010"}],"wp:term":[{"taxonomy":"product_brand","embeddable":true,"href":"https:\/\/e-zymove.com\/index.php\/wp-json\/wp\/v2\/product_brand?post=4010"},{"taxonomy":"product_cat","embeddable":true,"href":"https:\/\/e-zymove.com\/index.php\/wp-json\/wp\/v2\/product_cat?post=4010"},{"taxonomy":"product_tag","embeddable":true,"href":"https:\/\/e-zymove.com\/index.php\/wp-json\/wp\/v2\/product_tag?post=4010"}],"curies":[{"name":"wp","href":"https:\/\/api.w.org\/{rel}","templated":true}]}}