{"id":4008,"date":"2024-03-26T15:36:42","date_gmt":"2024-03-26T14:36:42","guid":{"rendered":"https:\/\/e-zymove.com\/?post_type=product&#038;p=4008"},"modified":"2024-03-26T15:38:56","modified_gmt":"2024-03-26T14:38:56","slug":"silence-s02-2","status":"publish","type":"product","link":"https:\/\/e-zymove.com\/index.php\/produit\/silence-s02-2\/","title":{"rendered":"SILENCE &#8211; S02"},"content":{"rendered":"<h4>MOTEUR<\/h4>\n<table class=\"woocommerce-product-attributes shop_attributes\">\n<tbody>\n<tr class=\"woocommerce-product-attributes-item woocommerce-product-attributes-item--attribute_pa_couple_maximal\">\n<th class=\"woocommerce-product-attributes-item__label\">COUPLE MAXIMAL<\/th>\n<td class=\"woocommerce-product-attributes-item__value\">165 Nm<\/td>\n<\/tr>\n<tr class=\"woocommerce-product-attributes-item woocommerce-product-attributes-item--attribute_pa_cylindree\">\n<th class=\"woocommerce-product-attributes-item__label\">CYLINDR\u00c9E<\/th>\n<td class=\"woocommerce-product-attributes-item__value\">\u00c9quivalent 50 cm3<\/td>\n<\/tr>\n<tr class=\"woocommerce-product-attributes-item woocommerce-product-attributes-item--attribute_pa_marque_du_moteur\">\n<th class=\"woocommerce-product-attributes-item__label\">MARQUE DU MOTEUR<\/th>\n<td class=\"woocommerce-product-attributes-item__value\">Silence<\/td>\n<\/tr>\n<tr class=\"woocommerce-product-attributes-item woocommerce-product-attributes-item--attribute_pa_puissance_maximale\">\n<th class=\"woocommerce-product-attributes-item__label\">PUISSANCE MAXIMALE<\/th>\n<td class=\"woocommerce-product-attributes-item__value\">6 000 W<\/td>\n<\/tr>\n<tr class=\"woocommerce-product-attributes-item woocommerce-product-attributes-item--attribute_pa_puissance\">\n<th class=\"woocommerce-product-attributes-item__label\">PUISSANCE MOTEUR<\/th>\n<td class=\"woocommerce-product-attributes-item__value\">4 000 W<\/td>\n<\/tr>\n<tr class=\"woocommerce-product-attributes-item woocommerce-product-attributes-item--attribute_pa_transmission\">\n<th class=\"woocommerce-product-attributes-item__label\">TRANSMISSION<\/th>\n<td class=\"woocommerce-product-attributes-item__value\">Moteur int\u00e9gr\u00e9 dans la roue arri\u00e8re<\/td>\n<\/tr>\n<tr class=\"woocommerce-product-attributes-item woocommerce-product-attributes-item--attribute_pa_speed\">\n<th class=\"woocommerce-product-attributes-item__label\">VITESSE MAXIMALE<\/th>\n<td class=\"woocommerce-product-attributes-item__value\">45 km\/h<\/td>\n<\/tr>\n<\/tbody>\n<\/table>\n<h4>BATTERIE<\/h4>\n<table class=\"woocommerce-product-attributes shop_attributes\" style=\"height: 426px;\" width=\"467\">\n<tbody>\n<tr class=\"woocommerce-product-attributes-item woocommerce-product-attributes-item--attribute_pa_autonomie\">\n<th class=\"woocommerce-product-attributes-item__label\" style=\"text-align: left;\">Autonomie<\/th>\n<td class=\"woocommerce-product-attributes-item__value\" style=\"text-align: left;\">146 km<\/td>\n<\/tr>\n<tr class=\"woocommerce-product-attributes-item woocommerce-product-attributes-item--attribute_pa_batterie_amovible\">\n<th class=\"woocommerce-product-attributes-item__label\" style=\"text-align: left;\">Batterie Amovible<\/th>\n<td class=\"woocommerce-product-attributes-item__value\">Oui<\/td>\n<\/tr>\n<tr class=\"woocommerce-product-attributes-item woocommerce-product-attributes-item--attribute_pa_chargeur_fourni\">\n<th class=\"woocommerce-product-attributes-item__label\" style=\"text-align: left;\">Chargeur fourni<\/th>\n<td class=\"woocommerce-product-attributes-item__value\">Oui<\/td>\n<\/tr>\n<tr class=\"woocommerce-product-attributes-item woocommerce-product-attributes-item--attribute_pa_poids_batterie\">\n<th class=\"woocommerce-product-attributes-item__label\" style=\"text-align: left;\">Poids de la batterie<\/th>\n<td class=\"woocommerce-product-attributes-item__value\">41 kg<\/td>\n<\/tr>\n<tr class=\"woocommerce-product-attributes-item woocommerce-product-attributes-item--attribute_pa_puissance_de_batterie\">\n<th class=\"woocommerce-product-attributes-item__label\" style=\"text-align: left;\">Puissance de la batterie<\/th>\n<td class=\"woocommerce-product-attributes-item__value\">5.6 kWh<\/td>\n<\/tr>\n<tr class=\"woocommerce-product-attributes-item woocommerce-product-attributes-item--attribute_pa_temps_recharge\">\n<th class=\"woocommerce-product-attributes-item__label\" style=\"text-align: left;\">Temps de recharge<\/th>\n<td class=\"woocommerce-product-attributes-item__value\">\n<p style=\"text-align: left;\">5 h<\/p>\n<\/td>\n<\/tr>\n<tr class=\"woocommerce-product-attributes-item woocommerce-product-attributes-item--attribute_pa_type_de_batterie\">\n<th class=\"woocommerce-product-attributes-item__label\" style=\"text-align: left;\">Type de Batterie<\/th>\n<td class=\"woocommerce-product-attributes-item__value\">Lithium<\/td>\n<\/tr>\n<\/tbody>\n<\/table>\n<h4>CHASSIS<\/h4>\n<table class=\"woocommerce-product-attributes shop_attributes\" style=\"height: 439px;\" width=\"468\">\n<tbody>\n<tr class=\"woocommerce-product-attributes-item woocommerce-product-attributes-item--attribute_pa_charge_maximale\">\n<th class=\"woocommerce-product-attributes-item__label\" style=\"text-align: left;\">Charge maximale<\/th>\n<td class=\"woocommerce-product-attributes-item__value\">170 kg<\/td>\n<\/tr>\n<tr class=\"woocommerce-product-attributes-item woocommerce-product-attributes-item--attribute_pa_empattement\">\n<th class=\"woocommerce-product-attributes-item__label\" style=\"text-align: left;\">Empattement<\/th>\n<td class=\"woocommerce-product-attributes-item__value\">1 476 mm<\/td>\n<\/tr>\n<tr class=\"woocommerce-product-attributes-item woocommerce-product-attributes-item--attribute_pa_garde_au_sol_minimale\">\n<th class=\"woocommerce-product-attributes-item__label\" style=\"text-align: left;\">Garde au sol minimale<\/th>\n<td class=\"woocommerce-product-attributes-item__value\">175 mm<\/td>\n<\/tr>\n<tr class=\"woocommerce-product-attributes-item woocommerce-product-attributes-item--attribute_pa_hauteur_de_selle\">\n<th class=\"woocommerce-product-attributes-item__label\" style=\"text-align: left;\">Hauteur de selle<\/th>\n<td class=\"woocommerce-product-attributes-item__value\">750 mm<\/td>\n<\/tr>\n<tr class=\"woocommerce-product-attributes-item woocommerce-product-attributes-item--attribute_pa_hauteur_hors_tout\">\n<th class=\"woocommerce-product-attributes-item__label\" style=\"text-align: left;\">Hauteur hors tout<\/th>\n<td class=\"woocommerce-product-attributes-item__value\">1 078 mm<\/td>\n<\/tr>\n<tr class=\"woocommerce-product-attributes-item woocommerce-product-attributes-item--attribute_pa_largeur_hors_tout\">\n<th class=\"woocommerce-product-attributes-item__label\" style=\"text-align: left;\">Largeur hors tout<\/th>\n<td class=\"woocommerce-product-attributes-item__value\">766 mm<\/td>\n<\/tr>\n<tr class=\"woocommerce-product-attributes-item woocommerce-product-attributes-item--attribute_pa_longueur_hors_tout\">\n<th class=\"woocommerce-product-attributes-item__label\" style=\"text-align: left;\">Longueur hors tout<\/th>\n<td class=\"woocommerce-product-attributes-item__value\">1 971 mm<\/td>\n<\/tr>\n<\/tbody>\n<\/table>\n<h4>PARTIE CYCLE<\/h4>\n<table class=\"woocommerce-product-attributes shop_attributes\" style=\"height: 633px;\" width=\"473\">\n<tbody>\n<tr class=\"woocommerce-product-attributes-item woocommerce-product-attributes-item--attribute_pa_amortisseur_arr_reglable\">\n<th class=\"woocommerce-product-attributes-item__label\">\n<p style=\"text-align: left;\">Amortisseur arri\u00e8re r\u00e9glable<\/p>\n<\/th>\n<td class=\"woocommerce-product-attributes-item__value\">Oui<\/td>\n<\/tr>\n<tr class=\"woocommerce-product-attributes-item woocommerce-product-attributes-item--attribute_pa_amortisseur_avant_reglable\">\n<th class=\"woocommerce-product-attributes-item__label\" style=\"text-align: left;\">Amortisseur avant r\u00e9glable<\/th>\n<td class=\"woocommerce-product-attributes-item__value\">Non<\/td>\n<\/tr>\n<tr class=\"woocommerce-product-attributes-item woocommerce-product-attributes-item--attribute_pa_taille_frein_arriere\">\n<th class=\"woocommerce-product-attributes-item__label\" style=\"text-align: left;\">Taille frein arri\u00e8re<\/th>\n<td class=\"woocommerce-product-attributes-item__value\">220 mm<\/td>\n<\/tr>\n<tr class=\"woocommerce-product-attributes-item woocommerce-product-attributes-item--attribute_pa_taille_frein_avant\">\n<th class=\"woocommerce-product-attributes-item__label\" style=\"text-align: left;\">Taille frein avant<\/th>\n<td class=\"woocommerce-product-attributes-item__value\">240 mm<\/td>\n<\/tr>\n<tr class=\"woocommerce-product-attributes-item woocommerce-product-attributes-item--attribute_pa_taille_pneu_arriere\">\n<th class=\"woocommerce-product-attributes-item__label\" style=\"text-align: left;\">Taille pneu arri\u00e8re<\/th>\n<td class=\"woocommerce-product-attributes-item__value\">120\/70-14<\/td>\n<\/tr>\n<tr class=\"woocommerce-product-attributes-item woocommerce-product-attributes-item--attribute_pa_taille_pneu_avant\">\n<th class=\"woocommerce-product-attributes-item__label\" style=\"text-align: left;\">Taille pneu avant<\/th>\n<td class=\"woocommerce-product-attributes-item__value\">120\/70-13<\/td>\n<\/tr>\n<tr class=\"woocommerce-product-attributes-item woocommerce-product-attributes-item--attribute_pa_taille_roue_arriere\">\n<th class=\"woocommerce-product-attributes-item__label\" style=\"text-align: left;\">Taille roue arri\u00e8re<\/th>\n<td class=\"woocommerce-product-attributes-item__value\">14 pouces<\/td>\n<\/tr>\n<tr class=\"woocommerce-product-attributes-item woocommerce-product-attributes-item--attribute_pa_taille_roue_avant\">\n<th class=\"woocommerce-product-attributes-item__label\" style=\"text-align: left;\">Taille roue avant<\/th>\n<td class=\"woocommerce-product-attributes-item__value\">13 pouces<\/td>\n<\/tr>\n<tr class=\"woocommerce-product-attributes-item woocommerce-product-attributes-item--attribute_pa_type_frein_arriere\">\n<th class=\"woocommerce-product-attributes-item__label\" style=\"text-align: left;\">Type frein arri\u00e8re<\/th>\n<td class=\"woocommerce-product-attributes-item__value\">Disque<\/td>\n<\/tr>\n<tr class=\"woocommerce-product-attributes-item woocommerce-product-attributes-item--attribute_pa_type_frein_avant\">\n<th class=\"woocommerce-product-attributes-item__label\" style=\"text-align: left;\">Type frein avant<\/th>\n<td class=\"woocommerce-product-attributes-item__value\">Disque<\/td>\n<\/tr>\n<\/tbody>\n<\/table>\n<h4>FONCTIONNALIT\u00c9S<\/h4>\n<table class=\"woocommerce-product-attributes shop_attributes\" style=\"height: 561px;\" width=\"468\">\n<tbody>\n<tr class=\"woocommerce-product-attributes-item woocommerce-product-attributes-item--attribute_pa_alarme\">\n<th class=\"woocommerce-product-attributes-item__label\" style=\"text-align: left;\">Alarme<\/th>\n<td class=\"woocommerce-product-attributes-item__value\">Oui<\/td>\n<\/tr>\n<tr class=\"woocommerce-product-attributes-item woocommerce-product-attributes-item--attribute_pa_freinage_couple\">\n<th class=\"woocommerce-product-attributes-item__label\" style=\"text-align: left;\">Freinage coupl\u00e9<\/th>\n<td class=\"woocommerce-product-attributes-item__value\">Oui<\/td>\n<\/tr>\n<tr class=\"woocommerce-product-attributes-item woocommerce-product-attributes-item--attribute_pa_freinage_regeneratif\">\n<th class=\"woocommerce-product-attributes-item__label\" style=\"text-align: left;\">Freinage r\u00e9g\u00e9n\u00e9ratif<\/th>\n<td class=\"woocommerce-product-attributes-item__value\">Oui<\/td>\n<\/tr>\n<tr class=\"woocommerce-product-attributes-item woocommerce-product-attributes-item--attribute_pa_passager\">\n<th class=\"woocommerce-product-attributes-item__label\" style=\"text-align: left;\">Homologu\u00e9 2 places<\/th>\n<td class=\"woocommerce-product-attributes-item__value\">Oui<\/td>\n<\/tr>\n<tr class=\"woocommerce-product-attributes-item woocommerce-product-attributes-item--attribute_pa_marche_arriere\">\n<th class=\"woocommerce-product-attributes-item__label\" style=\"text-align: left;\">Marche Arri\u00e8re<\/th>\n<td class=\"woocommerce-product-attributes-item__value\">Oui<\/td>\n<\/tr>\n<tr class=\"woocommerce-product-attributes-item woocommerce-product-attributes-item--attribute_pa_mode-conduite\">\n<th class=\"woocommerce-product-attributes-item__label\" style=\"text-align: left;\">Modes de conduites<\/th>\n<td class=\"woocommerce-product-attributes-item__value\">3 + Marche arri\u00e8re<\/td>\n<\/tr>\n<tr class=\"woocommerce-product-attributes-item woocommerce-product-attributes-item--attribute_pa_prise_usb\">\n<th class=\"woocommerce-product-attributes-item__label\" style=\"text-align: left;\">Prise USB<\/th>\n<td class=\"woocommerce-product-attributes-item__value\">Oui<\/td>\n<\/tr>\n<tr class=\"woocommerce-product-attributes-item woocommerce-product-attributes-item--attribute_pa_casque-sous-selle\">\n<th class=\"woocommerce-product-attributes-item__label\" style=\"text-align: left;\">Rangement casque sous la selle<\/th>\n<td class=\"woocommerce-product-attributes-item__value\">Non<\/td>\n<\/tr>\n<tr class=\"woocommerce-product-attributes-item woocommerce-product-attributes-item--attribute_pa_regulateur\">\n<th class=\"woocommerce-product-attributes-item__label\" style=\"text-align: left;\">R\u00e9gulateur<\/th>\n<td class=\"woocommerce-product-attributes-item__value\">Non<\/td>\n<\/tr>\n<\/tbody>\n<\/table>\n<h4>V\u00c9HICULE<\/h4>\n<table class=\"woocommerce-product-attributes shop_attributes\">\n<tbody>\n<tr class=\"woocommerce-product-attributes-item woocommerce-product-attributes-item--attribute_pa_accelerationtime\">\n<th class=\"woocommerce-product-attributes-item__label\" style=\"text-align: left;\">Acc\u00e9l\u00e9ration<\/th>\n<td class=\"woocommerce-product-attributes-item__value\">0 \u00e0 50 km\/h en 3.9 secondes<\/td>\n<\/tr>\n<tr class=\"woocommerce-product-attributes-item woocommerce-product-attributes-item--attribute_pa_bonus_ecologique_etat\">\n<th class=\"woocommerce-product-attributes-item__label\" style=\"text-align: left;\">Bonus \u00c9cologique \u00c9tat<\/th>\n<td class=\"woocommerce-product-attributes-item__value\">900 \u20ac<\/td>\n<\/tr>\n<tr class=\"woocommerce-product-attributes-item woocommerce-product-attributes-item--attribute_pa_cargovolume\">\n<th class=\"woocommerce-product-attributes-item__label\" style=\"text-align: left;\">Capacit\u00e9 d&#8217;emport<\/th>\n<td class=\"woocommerce-product-attributes-item__value\">Top Case 47L de s\u00e9rie<\/td>\n<\/tr>\n<tr class=\"woocommerce-product-attributes-item woocommerce-product-attributes-item--attribute_pa_categorie_administrative\">\n<th class=\"woocommerce-product-attributes-item__label\" style=\"text-align: left;\">Cat\u00e9gorie Administrative<\/th>\n<td class=\"woocommerce-product-attributes-item__value\">L3e<\/td>\n<\/tr>\n<tr class=\"woocommerce-product-attributes-item woocommerce-product-attributes-item--attribute_pa_code_national\">\n<th class=\"woocommerce-product-attributes-item__label\" style=\"text-align: left;\">Code National<\/th>\n<td class=\"woocommerce-product-attributes-item__value\">MTL<\/td>\n<\/tr>\n<tr class=\"woocommerce-product-attributes-item woocommerce-product-attributes-item--attribute_pa_couleur\">\n<th class=\"woocommerce-product-attributes-item__label\" style=\"text-align: left;\">Couleur<\/th>\n<td class=\"woocommerce-product-attributes-item__value\">Blanc, Gris \/ Vert, Vert \/ Noir<\/td>\n<\/tr>\n<tr class=\"woocommerce-product-attributes-item woocommerce-product-attributes-item--dimensions\">\n<th class=\"woocommerce-product-attributes-item__label\" style=\"text-align: left;\">Dimensions<\/th>\n<td class=\"woocommerce-product-attributes-item__value\" data-o_content=\"197 \u00d7 76 \u00d7 107 cm\">197 \u00d7 76 \u00d7 107 cm<\/td>\n<\/tr>\n<tr class=\"woocommerce-product-attributes-item woocommerce-product-attributes-item--attribute_pa_marque\">\n<th class=\"woocommerce-product-attributes-item__label\" style=\"text-align: left;\">Marque<\/th>\n<td class=\"woocommerce-product-attributes-item__value\">Silence<\/td>\n<\/tr>\n<tr class=\"woocommerce-product-attributes-item woocommerce-product-attributes-item--attribute_pa_modele\">\n<th class=\"woocommerce-product-attributes-item__label\" style=\"text-align: left;\">Mod\u00e8le<\/th>\n<td class=\"woocommerce-product-attributes-item__value\">S02 HS<\/td>\n<\/tr>\n<tr class=\"woocommerce-product-attributes-item woocommerce-product-attributes-item--attribute_pa_permis\">\n<th class=\"woocommerce-product-attributes-item__label\" style=\"text-align: left;\">Permis<\/th>\n<td class=\"woocommerce-product-attributes-item__value\">Permis AM, Permis B + Formation 7h, Sans permis<\/td>\n<\/tr>\n<tr class=\"woocommerce-product-attributes-item woocommerce-product-attributes-item--weight\">\n<th class=\"woocommerce-product-attributes-item__label\" style=\"text-align: left;\">Poids en ordre de marche<\/th>\n<td class=\"woocommerce-product-attributes-item__value\" data-o_content=\"105 kg\">105 kg<\/td>\n<\/tr>\n<\/tbody>\n<\/table>\n","protected":false},"excerpt":{"rendered":"<p><img decoding=\"async\" class=\"alignnone wp-image-3970\" src=\"https:\/\/e-zymove.com\/wp-content\/uploads\/2024\/03\/logo-transparent-e1711450418846-300x114.png\" alt=\"\" width=\"258\" height=\"98\" srcset=\"https:\/\/e-zymove.com\/wp-content\/uploads\/2024\/03\/logo-transparent-e1711450418846-300x114.png 300w, https:\/\/e-zymove.com\/wp-content\/uploads\/2024\/03\/logo-transparent-e1711450418846-350x133.png 350w, https:\/\/e-zymove.com\/wp-content\/uploads\/2024\/03\/logo-transparent-e1711450418846.png 500w\" sizes=\"(max-width: 258px) 100vw, 258px\" \/><\/p>\n<h1>S02<\/h1>\n<h3>Un maximum de confort et de fonctionnalit\u00e9<\/h3>\n<p>Le S02 est le scooter le plus confortable de toute la gamme Silence. Ses dimensions et son centre de gravit\u00e9 bas en font un v\u00e9hicule tr\u00e8s facile et confortable \u00e0 manier.<\/p>\n<h3>Souplesse et plaisir<\/h3>\n<p>Sans sacrifier le confort et le c\u00f4t\u00e9 pratique, le S02 offre un haut niveau de souplesse gr\u00e2ce \u00e0 son acc\u00e9l\u00e9ration \u00e9lev\u00e9e. Un scooter unique con\u00e7u pour le plaisir de conduite.<\/p>\n<h2><span style=\"color: #ff0000;\"><a style=\"color: #ff0000;\" href=\"https:\/\/www.silence-idf.fr\/wp-content\/uploads\/2022\/11\/catalogue-Silence-2022.pdf\">DEPLIANT DU SILENCE<\/a>\u00a0<\/span><\/h2>\n<p>&nbsp;<\/p>\n","protected":false},"featured_media":3971,"comment_status":"open","ping_status":"closed","template":"","meta":[],"product_brand":[],"product_cat":[33,101],"product_tag":[],"class_list":{"0":"post-4008","1":"product","2":"type-product","3":"status-publish","4":"has-post-thumbnail","6":"product_cat-scooters-125","7":"product_cat-silence-scooters-125","9":"first","10":"instock","11":"taxable","12":"shipping-taxable","13":"purchasable","14":"product-type-simple"},"jetpack_sharing_enabled":true,"_links":{"self":[{"href":"https:\/\/e-zymove.com\/index.php\/wp-json\/wp\/v2\/product\/4008","targetHints":{"allow":["GET"]}}],"collection":[{"href":"https:\/\/e-zymove.com\/index.php\/wp-json\/wp\/v2\/product"}],"about":[{"href":"https:\/\/e-zymove.com\/index.php\/wp-json\/wp\/v2\/types\/product"}],"replies":[{"embeddable":true,"href":"https:\/\/e-zymove.com\/index.php\/wp-json\/wp\/v2\/comments?post=4008"}],"version-history":[{"count":1,"href":"https:\/\/e-zymove.com\/index.php\/wp-json\/wp\/v2\/product\/4008\/revisions"}],"predecessor-version":[{"id":4009,"href":"https:\/\/e-zymove.com\/index.php\/wp-json\/wp\/v2\/product\/4008\/revisions\/4009"}],"wp:featuredmedia":[{"embeddable":true,"href":"https:\/\/e-zymove.com\/index.php\/wp-json\/wp\/v2\/media\/3971"}],"wp:attachment":[{"href":"https:\/\/e-zymove.com\/index.php\/wp-json\/wp\/v2\/media?parent=4008"}],"wp:term":[{"taxonomy":"product_brand","embeddable":true,"href":"https:\/\/e-zymove.com\/index.php\/wp-json\/wp\/v2\/product_brand?post=4008"},{"taxonomy":"product_cat","embeddable":true,"href":"https:\/\/e-zymove.com\/index.php\/wp-json\/wp\/v2\/product_cat?post=4008"},{"taxonomy":"product_tag","embeddable":true,"href":"https:\/\/e-zymove.com\/index.php\/wp-json\/wp\/v2\/product_tag?post=4008"}],"curies":[{"name":"wp","href":"https:\/\/api.w.org\/{rel}","templated":true}]}}