{"id":3965,"date":"2024-03-23T13:29:09","date_gmt":"2024-03-23T12:29:09","guid":{"rendered":"https:\/\/e-zymove.com\/?post_type=product&#038;p=3965"},"modified":"2024-03-26T10:42:11","modified_gmt":"2024-03-26T09:42:11","slug":"e-roadster-max-2","status":"publish","type":"product","link":"https:\/\/e-zymove.com\/index.php\/produit\/e-roadster-max-2\/","title":{"rendered":"E-roadster MAX"},"content":{"rendered":"<p><strong>Type de v\u00e9hicule \u2013\u00a0<\/strong>Scooter \u00e9lectrique<\/p>\n<hr \/>\n<p><strong>Vitesse max \u2013<\/strong> 75\u00a0km\/h<\/p>\n<hr \/>\n<p><strong>Marche arri\u00e8re \u2013\u00a0<\/strong>Oui<\/p>\n<hr \/>\n<p><strong>\u00c9cran de contr\u00f4le \u2013\u00a0<\/strong>LED<\/p>\n<hr \/>\n<p><strong>S\u00e9curit\u00e9 antivol \u2013 <\/strong>Guidon verrouillable<\/p>\n<hr \/>\n<p><strong>Type de moteur \u2013\u00a0<\/strong>Brushless en moyeu de roue arri\u00e8re<\/p>\n<hr \/>\n<p><strong>Puissance moteur nette \u2013 <\/strong>4000 Watts<\/p>\n<hr \/>\n<p><strong>Couple \u2013<\/strong>44 nm \u00e0 1175 tr\/min<\/p>\n<hr \/>\n<p><strong>Type de batterie \u2013\u00a0<\/strong>Lithium-ion NMC<\/p>\n<hr \/>\n<p><strong>Voltage batterie \u2013<\/strong>\u00a072 Volts<\/p>\n<hr \/>\n<p><strong>Amp\u00e8re \/ Heure batterie \u2013\u00a0<\/strong>56\u00a0Ah<\/p>\n<hr \/>\n<p><strong>Kilowattheures \u2013\u00a0<\/strong>4 Kwh<\/p>\n<hr \/>\n<p><strong>Autonomie ( conduite \u00e9co ) \u2013 <\/strong>90 km<\/p>\n<hr \/>\n<p><strong>Autonomie ( conduite pleine puissance ) \u2013 <\/strong>65 km<\/p>\n<hr \/>\n<p><strong>Batterie amovible \u2013\u00a0<\/strong>Non<\/p>\n","protected":false},"excerpt":{"rendered":"<p><img decoding=\"async\" class=\"alignnone wp-image-3186\" src=\"https:\/\/e-zymove.com\/wp-content\/uploads\/2024\/02\/logo-300x87.png\" alt=\"\" width=\"228\" height=\"66\" srcset=\"https:\/\/e-zymove.com\/wp-content\/uploads\/2024\/02\/logo-300x87.png 300w, https:\/\/e-zymove.com\/wp-content\/uploads\/2024\/02\/logo-600x173.png 600w, https:\/\/e-zymove.com\/wp-content\/uploads\/2024\/02\/logo-350x101.png 350w, https:\/\/e-zymove.com\/wp-content\/uploads\/2024\/02\/logo.png 755w\" sizes=\"(max-width: 228px) 100vw, 228px\" \/><\/p>\n<h1>E-Roadster MAX<\/h1>\n<p>La e-roadster MAX est une moto \u00e9lectrique pour adulte \u00e9quivalent 125 cm\u00b3. Sa vitesse maximum est de 75 km\/h. Pour conduire cette moto \u00e9lectrique, il vous faudra le permis ad\u00e9quat. (Permis A1 ou permis B + 7 h de formation).<\/p>\n<p>Le moteur \u00e9lectrique brushless en roue arri\u00e8re poss\u00e8de une puissance de 4 000 Watts. Celui ci ne poss\u00e8de ni cha\u00eene, ni transmission =\u00a0z\u00e9ro entretien !<\/p>\n<p>La batterie au lithium de 72V et 56 Ah offre jusqu\u2019\u00e0 95 km d\u2019autonomie. (Tout d\u00e9pend de la vitesse \u00e0 laquelle vous roulez, du terrain, du poids de chargement et de la temp\u00e9rature.) Afin de r\u00e9cup\u00e9rer de l\u2019autonomie, le e-roadster MAX est dot\u00e9 du syst\u00e8me REF : r\u00e9cup\u00e9ration d\u2019\u00e9nergie au freinage.<\/p>\n<p>Pour la recharger, rien de plus simple : une prise domestique en 220 suffit.<\/p>\n<p>Nous avons choisi le meilleur des chargeurs qui se fait actuellement sur le march\u00e9 : un chargeur de la marque SANS. Ce chargeur utilise des composants de tr\u00e8s haute qualit\u00e9 permettant une recharge rapide et silencieuse. (Comptez environ 6 heures pour une charge compl\u00e8te).<\/p>\n<p>Disponible en blanc brillant avec son liser\u00e9 chrom\u00e9 ou en noir brillant avec son liser\u00e9 rouge, cette moto \u00e9lectrique 125cc pour adulte a \u00e9t\u00e9 pens\u00e9e pour vous donner du style sur les routes. Amateur de sensations et de nouveaut\u00e9, cette moto est faite pour vous\u00a0!<\/p>\n<p><a href=\"https:\/\/e-zymove.com\/index.php\/produit\/e-roadster-max-2\/\"><img decoding=\"async\" class=\"alignnone wp-image-3230\" src=\"https:\/\/e-zymove.com\/wp-content\/uploads\/2024\/02\/blanc-cadre-300x300.png\" alt=\"\" width=\"31\" height=\"31\" srcset=\"https:\/\/e-zymove.com\/wp-content\/uploads\/2024\/02\/blanc-cadre-300x300.png 300w, https:\/\/e-zymove.com\/wp-content\/uploads\/2024\/02\/blanc-cadre-100x100.png 100w, https:\/\/e-zymove.com\/wp-content\/uploads\/2024\/02\/blanc-cadre-600x600.png 600w, https:\/\/e-zymove.com\/wp-content\/uploads\/2024\/02\/blanc-cadre-1024x1024.png 1024w, https:\/\/e-zymove.com\/wp-content\/uploads\/2024\/02\/blanc-cadre-150x150.png 150w, https:\/\/e-zymove.com\/wp-content\/uploads\/2024\/02\/blanc-cadre-768x768.png 768w, https:\/\/e-zymove.com\/wp-content\/uploads\/2024\/02\/blanc-cadre-350x350.png 350w, https:\/\/e-zymove.com\/wp-content\/uploads\/2024\/02\/blanc-cadre.png 1080w\" sizes=\"(max-width: 31px) 100vw, 31px\" \/><\/a> <a href=\"https:\/\/e-zymove.com\/index.php\/produit\/e-roadster-max\/\"><img decoding=\"async\" class=\"alignnone wp-image-3934\" src=\"https:\/\/e-zymove.com\/wp-content\/uploads\/2024\/03\/noir-rouge-300x300.png\" alt=\"\" width=\"31\" height=\"31\" srcset=\"https:\/\/e-zymove.com\/wp-content\/uploads\/2024\/03\/noir-rouge-300x300.png 300w, https:\/\/e-zymove.com\/wp-content\/uploads\/2024\/03\/noir-rouge-100x100.png 100w, https:\/\/e-zymove.com\/wp-content\/uploads\/2024\/03\/noir-rouge-600x600.png 600w, https:\/\/e-zymove.com\/wp-content\/uploads\/2024\/03\/noir-rouge-1024x1024.png 1024w, https:\/\/e-zymove.com\/wp-content\/uploads\/2024\/03\/noir-rouge-150x150.png 150w, https:\/\/e-zymove.com\/wp-content\/uploads\/2024\/03\/noir-rouge-768x768.png 768w, https:\/\/e-zymove.com\/wp-content\/uploads\/2024\/03\/noir-rouge-350x350.png 350w, https:\/\/e-zymove.com\/wp-content\/uploads\/2024\/03\/noir-rouge.png 1080w\" sizes=\"(max-width: 31px) 100vw, 31px\" \/><\/a><\/p>\n<p><img loading=\"lazy\" decoding=\"async\" class=\"alignnone wp-image-3674\" src=\"https:\/\/e-zymove.com\/wp-content\/uploads\/2024\/03\/60-a-80-km-1-300x300.png\" alt=\"\" width=\"160\" height=\"160\" srcset=\"https:\/\/e-zymove.com\/wp-content\/uploads\/2024\/03\/60-a-80-km-1-300x300.png 300w, https:\/\/e-zymove.com\/wp-content\/uploads\/2024\/03\/60-a-80-km-1-100x100.png 100w, https:\/\/e-zymove.com\/wp-content\/uploads\/2024\/03\/60-a-80-km-1-600x600.png 600w, https:\/\/e-zymove.com\/wp-content\/uploads\/2024\/03\/60-a-80-km-1-1024x1024.png 1024w, https:\/\/e-zymove.com\/wp-content\/uploads\/2024\/03\/60-a-80-km-1-150x150.png 150w, https:\/\/e-zymove.com\/wp-content\/uploads\/2024\/03\/60-a-80-km-1-768x768.png 768w, https:\/\/e-zymove.com\/wp-content\/uploads\/2024\/03\/60-a-80-km-1-350x350.png 350w, https:\/\/e-zymove.com\/wp-content\/uploads\/2024\/03\/60-a-80-km-1.png 1080w\" sizes=\"(max-width: 160px) 100vw, 160px\" \/> <img loading=\"lazy\" decoding=\"async\" class=\"alignnone wp-image-3937\" src=\"https:\/\/e-zymove.com\/wp-content\/uploads\/2024\/03\/auto-7-300x300.png\" alt=\"\" width=\"160\" height=\"160\" srcset=\"https:\/\/e-zymove.com\/wp-content\/uploads\/2024\/03\/auto-7-300x300.png 300w, https:\/\/e-zymove.com\/wp-content\/uploads\/2024\/03\/auto-7-100x100.png 100w, https:\/\/e-zymove.com\/wp-content\/uploads\/2024\/03\/auto-7-600x600.png 600w, https:\/\/e-zymove.com\/wp-content\/uploads\/2024\/03\/auto-7-1024x1024.png 1024w, https:\/\/e-zymove.com\/wp-content\/uploads\/2024\/03\/auto-7-150x150.png 150w, https:\/\/e-zymove.com\/wp-content\/uploads\/2024\/03\/auto-7-768x768.png 768w, https:\/\/e-zymove.com\/wp-content\/uploads\/2024\/03\/auto-7-350x350.png 350w, https:\/\/e-zymove.com\/wp-content\/uploads\/2024\/03\/auto-7.png 1080w\" sizes=\"(max-width: 160px) 100vw, 160px\" \/> <img loading=\"lazy\" decoding=\"async\" class=\"alignnone wp-image-3938\" src=\"https:\/\/e-zymove.com\/wp-content\/uploads\/2024\/03\/autonomie-5-300x300.png\" alt=\"\" width=\"160\" height=\"160\" srcset=\"https:\/\/e-zymove.com\/wp-content\/uploads\/2024\/03\/autonomie-5-300x300.png 300w, https:\/\/e-zymove.com\/wp-content\/uploads\/2024\/03\/autonomie-5-100x100.png 100w, https:\/\/e-zymove.com\/wp-content\/uploads\/2024\/03\/autonomie-5-600x600.png 600w, https:\/\/e-zymove.com\/wp-content\/uploads\/2024\/03\/autonomie-5-1024x1024.png 1024w, https:\/\/e-zymove.com\/wp-content\/uploads\/2024\/03\/autonomie-5-150x150.png 150w, https:\/\/e-zymove.com\/wp-content\/uploads\/2024\/03\/autonomie-5-768x768.png 768w, https:\/\/e-zymove.com\/wp-content\/uploads\/2024\/03\/autonomie-5-350x350.png 350w, https:\/\/e-zymove.com\/wp-content\/uploads\/2024\/03\/autonomie-5.png 1080w\" sizes=\"(max-width: 160px) 100vw, 160px\" \/><\/p>\n","protected":false},"featured_media":3939,"comment_status":"open","ping_status":"closed","template":"","meta":[],"product_brand":[],"product_cat":[103,47],"product_tag":[],"class_list":{"0":"post-3965","1":"product","2":"type-product","3":"status-publish","4":"has-post-thumbnail","6":"product_cat-easy-watts-motos","7":"product_cat-motos","9":"first","10":"onbackorder","11":"taxable","12":"shipping-taxable","13":"purchasable","14":"product-type-simple"},"jetpack_sharing_enabled":true,"_links":{"self":[{"href":"https:\/\/e-zymove.com\/index.php\/wp-json\/wp\/v2\/product\/3965","targetHints":{"allow":["GET"]}}],"collection":[{"href":"https:\/\/e-zymove.com\/index.php\/wp-json\/wp\/v2\/product"}],"about":[{"href":"https:\/\/e-zymove.com\/index.php\/wp-json\/wp\/v2\/types\/product"}],"replies":[{"embeddable":true,"href":"https:\/\/e-zymove.com\/index.php\/wp-json\/wp\/v2\/comments?post=3965"}],"version-history":[{"count":2,"href":"https:\/\/e-zymove.com\/index.php\/wp-json\/wp\/v2\/product\/3965\/revisions"}],"predecessor-version":[{"id":3967,"href":"https:\/\/e-zymove.com\/index.php\/wp-json\/wp\/v2\/product\/3965\/revisions\/3967"}],"wp:featuredmedia":[{"embeddable":true,"href":"https:\/\/e-zymove.com\/index.php\/wp-json\/wp\/v2\/media\/3939"}],"wp:attachment":[{"href":"https:\/\/e-zymove.com\/index.php\/wp-json\/wp\/v2\/media?parent=3965"}],"wp:term":[{"taxonomy":"product_brand","embeddable":true,"href":"https:\/\/e-zymove.com\/index.php\/wp-json\/wp\/v2\/product_brand?post=3965"},{"taxonomy":"product_cat","embeddable":true,"href":"https:\/\/e-zymove.com\/index.php\/wp-json\/wp\/v2\/product_cat?post=3965"},{"taxonomy":"product_tag","embeddable":true,"href":"https:\/\/e-zymove.com\/index.php\/wp-json\/wp\/v2\/product_tag?post=3965"}],"curies":[{"name":"wp","href":"https:\/\/api.w.org\/{rel}","templated":true}]}}