{"id":3657,"date":"2024-03-19T19:04:27","date_gmt":"2024-03-19T18:04:27","guid":{"rendered":"https:\/\/e-zymove.com\/?post_type=product&#038;p=3657"},"modified":"2024-03-26T10:43:13","modified_gmt":"2024-03-26T09:43:13","slug":"silence-s01-plus","status":"publish","type":"product","link":"https:\/\/e-zymove.com\/index.php\/produit\/silence-s01-plus\/","title":{"rendered":"Silence &#8211; S01 PLUS"},"content":{"rendered":"<div>\n<h4>MOTEUR<\/h4>\n<table class=\"woocommerce-product-attributes shop_attributes\">\n<tbody>\n<tr class=\"woocommerce-product-attributes-item woocommerce-product-attributes-item--attribute_pa_couple_maximal\">\n<th class=\"woocommerce-product-attributes-item__label\">Couple maximal<\/th>\n<td class=\"woocommerce-product-attributes-item__value\">165 Nm<\/td>\n<\/tr>\n<tr class=\"woocommerce-product-attributes-item woocommerce-product-attributes-item--attribute_pa_cylindree\">\n<th class=\"woocommerce-product-attributes-item__label\">Cylindr\u00e9e<\/th>\n<td class=\"woocommerce-product-attributes-item__value\">\u00c9quivalent 125 cm3<\/td>\n<\/tr>\n<tr class=\"woocommerce-product-attributes-item woocommerce-product-attributes-item--attribute_pa_marque_du_moteur\">\n<th class=\"woocommerce-product-attributes-item__label\">Marque du moteur<\/th>\n<td class=\"woocommerce-product-attributes-item__value\">Silence<\/td>\n<\/tr>\n<tr class=\"woocommerce-product-attributes-item woocommerce-product-attributes-item--attribute_pa_puissance_maximale\">\n<th class=\"woocommerce-product-attributes-item__label\">Puissance maximale<\/th>\n<td class=\"woocommerce-product-attributes-item__value\">11 500 W<\/td>\n<\/tr>\n<tr class=\"woocommerce-product-attributes-item woocommerce-product-attributes-item--attribute_pa_puissance\">\n<th class=\"woocommerce-product-attributes-item__label\">Puissance moteur<\/th>\n<td class=\"woocommerce-product-attributes-item__value\">7 500 W<\/td>\n<\/tr>\n<tr class=\"woocommerce-product-attributes-item woocommerce-product-attributes-item--attribute_pa_transmission\">\n<th class=\"woocommerce-product-attributes-item__label\">Transmission<\/th>\n<td class=\"woocommerce-product-attributes-item__value\">Moteur int\u00e9gr\u00e9 dans la roue arri\u00e8re<\/td>\n<\/tr>\n<tr class=\"woocommerce-product-attributes-item woocommerce-product-attributes-item--attribute_pa_speed\">\n<th class=\"woocommerce-product-attributes-item__label\">Vitesse Maximale<\/th>\n<td class=\"woocommerce-product-attributes-item__value\">100 km\/h<\/td>\n<\/tr>\n<\/tbody>\n<\/table>\n<\/div>\n<div>\n<h4>BATTERIE<\/h4>\n<table class=\"woocommerce-product-attributes shop_attributes\">\n<tbody>\n<tr class=\"woocommerce-product-attributes-item woocommerce-product-attributes-item--attribute_pa_autonomie\">\n<th class=\"woocommerce-product-attributes-item__label\">Autonomie<\/th>\n<td class=\"woocommerce-product-attributes-item__value\">130 km<\/td>\n<\/tr>\n<tr class=\"woocommerce-product-attributes-item woocommerce-product-attributes-item--attribute_pa_batterie_amovible\">\n<th class=\"woocommerce-product-attributes-item__label\">Batterie Amovible<\/th>\n<td class=\"woocommerce-product-attributes-item__value\">Oui<\/td>\n<\/tr>\n<tr class=\"woocommerce-product-attributes-item woocommerce-product-attributes-item--attribute_pa_chargeur_fourni\">\n<th class=\"woocommerce-product-attributes-item__label\">Chargeur fourni<\/th>\n<td class=\"woocommerce-product-attributes-item__value\">Oui<\/td>\n<\/tr>\n<tr class=\"woocommerce-product-attributes-item woocommerce-product-attributes-item--attribute_pa_poids_batterie\">\n<th class=\"woocommerce-product-attributes-item__label\">Poids de la batterie<\/th>\n<td class=\"woocommerce-product-attributes-item__value\">41 kg<\/td>\n<\/tr>\n<tr class=\"woocommerce-product-attributes-item woocommerce-product-attributes-item--attribute_pa_puissance_de_batterie\">\n<th class=\"woocommerce-product-attributes-item__label\">Puissance de la batterie<\/th>\n<td class=\"woocommerce-product-attributes-item__value\">5.6 kWh<\/td>\n<\/tr>\n<tr class=\"woocommerce-product-attributes-item woocommerce-product-attributes-item--attribute_pa_temps_recharge\">\n<th class=\"woocommerce-product-attributes-item__label\">Temps de recharge<\/th>\n<td class=\"woocommerce-product-attributes-item__value\">6 h<\/td>\n<\/tr>\n<tr class=\"woocommerce-product-attributes-item woocommerce-product-attributes-item--attribute_pa_type_de_batterie\">\n<th class=\"woocommerce-product-attributes-item__label\">Type de Batterie<\/th>\n<td class=\"woocommerce-product-attributes-item__value\">Lithium<\/td>\n<\/tr>\n<\/tbody>\n<\/table>\n<\/div>\n<div>\n<h4>CHASSIS<\/h4>\n<table class=\"woocommerce-product-attributes shop_attributes\">\n<tbody>\n<tr class=\"woocommerce-product-attributes-item woocommerce-product-attributes-item--attribute_pa_charge_maximale\">\n<th class=\"woocommerce-product-attributes-item__label\">Charge maximale<\/th>\n<td class=\"woocommerce-product-attributes-item__value\">175 kg<\/td>\n<\/tr>\n<tr class=\"woocommerce-product-attributes-item woocommerce-product-attributes-item--attribute_pa_empattement\">\n<th class=\"woocommerce-product-attributes-item__label\">Empattement<\/th>\n<td class=\"woocommerce-product-attributes-item__value\">1 450 mm<\/td>\n<\/tr>\n<tr class=\"woocommerce-product-attributes-item woocommerce-product-attributes-item--attribute_pa_garde_au_sol_minimale\">\n<th class=\"woocommerce-product-attributes-item__label\">Garde au sol minimale<\/th>\n<td class=\"woocommerce-product-attributes-item__value\">177 mm<\/td>\n<\/tr>\n<tr class=\"woocommerce-product-attributes-item woocommerce-product-attributes-item--attribute_pa_hauteur_hors_tout\">\n<th class=\"woocommerce-product-attributes-item__label\">Hauteur hors tout<\/th>\n<td class=\"woocommerce-product-attributes-item__value\">1313 mm<\/td>\n<\/tr>\n<tr class=\"woocommerce-product-attributes-item woocommerce-product-attributes-item--attribute_pa_largeur_hors_tout\">\n<th class=\"woocommerce-product-attributes-item__label\">Largeur hors tout<\/th>\n<td class=\"woocommerce-product-attributes-item__value\">705 mm<\/td>\n<\/tr>\n<tr class=\"woocommerce-product-attributes-item woocommerce-product-attributes-item--attribute_pa_longueur_hors_tout\">\n<th class=\"woocommerce-product-attributes-item__label\">Longueur hors tout<\/th>\n<td class=\"woocommerce-product-attributes-item__value\">2 000 mm<\/td>\n<\/tr>\n<\/tbody>\n<\/table>\n<\/div>\n<div>\n<h4>PARTIE CYCLE<\/h4>\n<table class=\"woocommerce-product-attributes shop_attributes\">\n<tbody>\n<tr class=\"woocommerce-product-attributes-item woocommerce-product-attributes-item--attribute_pa_amortisseur_arr_reglable\">\n<th class=\"woocommerce-product-attributes-item__label\">Amortisseur arri\u00e8re r\u00e9glable<\/th>\n<td class=\"woocommerce-product-attributes-item__value\">Oui<\/td>\n<\/tr>\n<tr class=\"woocommerce-product-attributes-item woocommerce-product-attributes-item--attribute_pa_amortisseur_avant_reglable\">\n<th class=\"woocommerce-product-attributes-item__label\">Amortisseur avant r\u00e9glable<\/th>\n<td class=\"woocommerce-product-attributes-item__value\">Non<\/td>\n<\/tr>\n<tr class=\"woocommerce-product-attributes-item woocommerce-product-attributes-item--attribute_pa_taille_frein_arriere\">\n<th class=\"woocommerce-product-attributes-item__label\">Taille frein arri\u00e8re<\/th>\n<td class=\"woocommerce-product-attributes-item__value\">240 mm<\/td>\n<\/tr>\n<tr class=\"woocommerce-product-attributes-item woocommerce-product-attributes-item--attribute_pa_taille_frein_avant\">\n<th class=\"woocommerce-product-attributes-item__label\">Taille frein avant<\/th>\n<td class=\"woocommerce-product-attributes-item__value\">260 mm<\/td>\n<\/tr>\n<tr class=\"woocommerce-product-attributes-item woocommerce-product-attributes-item--attribute_pa_taille_pneu_arriere\">\n<th class=\"woocommerce-product-attributes-item__label\">Taille pneu arri\u00e8re<\/th>\n<td class=\"woocommerce-product-attributes-item__value\">140\/70-14<\/td>\n<\/tr>\n<tr class=\"woocommerce-product-attributes-item woocommerce-product-attributes-item--attribute_pa_taille_pneu_avant\">\n<th class=\"woocommerce-product-attributes-item__label\">Taille pneu avant<\/th>\n<td class=\"woocommerce-product-attributes-item__value\">120\/70-15<\/td>\n<\/tr>\n<tr class=\"woocommerce-product-attributes-item woocommerce-product-attributes-item--attribute_pa_taille_roue_arriere\">\n<th class=\"woocommerce-product-attributes-item__label\">Taille roue arri\u00e8re<\/th>\n<td class=\"woocommerce-product-attributes-item__value\">14 pouces<\/td>\n<\/tr>\n<tr class=\"woocommerce-product-attributes-item woocommerce-product-attributes-item--attribute_pa_taille_roue_avant\">\n<th class=\"woocommerce-product-attributes-item__label\">Taille roue avant<\/th>\n<td class=\"woocommerce-product-attributes-item__value\">15 pouces<\/td>\n<\/tr>\n<tr class=\"woocommerce-product-attributes-item woocommerce-product-attributes-item--attribute_pa_type_frein_arriere\">\n<th class=\"woocommerce-product-attributes-item__label\">Type frein arri\u00e8re<\/th>\n<td class=\"woocommerce-product-attributes-item__value\">Disque<\/td>\n<\/tr>\n<tr class=\"woocommerce-product-attributes-item woocommerce-product-attributes-item--attribute_pa_type_frein_avant\">\n<th class=\"woocommerce-product-attributes-item__label\">Type frein avant<\/th>\n<td class=\"woocommerce-product-attributes-item__value\">Disque<\/td>\n<\/tr>\n<\/tbody>\n<\/table>\n<h4>FONCTIONNALIT\u00c9S<\/h4>\n<table class=\"woocommerce-product-attributes shop_attributes\">\n<tbody>\n<tr class=\"woocommerce-product-attributes-item woocommerce-product-attributes-item--attribute_pa_alarme\">\n<th class=\"woocommerce-product-attributes-item__label\">Alarme<\/th>\n<td class=\"woocommerce-product-attributes-item__value\">Oui<\/td>\n<\/tr>\n<tr class=\"woocommerce-product-attributes-item woocommerce-product-attributes-item--attribute_pa_freinage_couple\">\n<th class=\"woocommerce-product-attributes-item__label\">Freinage coupl\u00e9<\/th>\n<td class=\"woocommerce-product-attributes-item__value\">Oui<\/td>\n<\/tr>\n<tr class=\"woocommerce-product-attributes-item woocommerce-product-attributes-item--attribute_pa_freinage_regeneratif\">\n<th class=\"woocommerce-product-attributes-item__label\">Freinage r\u00e9g\u00e9n\u00e9ratif<\/th>\n<td class=\"woocommerce-product-attributes-item__value\">Oui<\/td>\n<\/tr>\n<tr class=\"woocommerce-product-attributes-item woocommerce-product-attributes-item--attribute_pa_passager\">\n<th class=\"woocommerce-product-attributes-item__label\">Homologu\u00e9 2 places<\/th>\n<td class=\"woocommerce-product-attributes-item__value\">Oui<\/td>\n<\/tr>\n<tr class=\"woocommerce-product-attributes-item woocommerce-product-attributes-item--attribute_pa_marche_arriere\">\n<th class=\"woocommerce-product-attributes-item__label\">Marche Arri\u00e8re<\/th>\n<td class=\"woocommerce-product-attributes-item__value\">Oui<\/td>\n<\/tr>\n<tr class=\"woocommerce-product-attributes-item woocommerce-product-attributes-item--attribute_pa_mode-conduite\">\n<th class=\"woocommerce-product-attributes-item__label\">Modes de conduites<\/th>\n<td class=\"woocommerce-product-attributes-item__value\">3<\/td>\n<\/tr>\n<tr class=\"woocommerce-product-attributes-item woocommerce-product-attributes-item--attribute_pa_prise_usb\">\n<th class=\"woocommerce-product-attributes-item__label\">Prise USB<\/th>\n<td class=\"woocommerce-product-attributes-item__value\">Oui<\/td>\n<\/tr>\n<tr class=\"woocommerce-product-attributes-item woocommerce-product-attributes-item--attribute_pa_casque-sous-selle\">\n<th class=\"woocommerce-product-attributes-item__label\">Rangement casque sous la selle<\/th>\n<td class=\"woocommerce-product-attributes-item__value\">Oui<\/td>\n<\/tr>\n<tr class=\"woocommerce-product-attributes-item woocommerce-product-attributes-item--attribute_pa_regulateur\">\n<th class=\"woocommerce-product-attributes-item__label\">R\u00e9gulateur<\/th>\n<td class=\"woocommerce-product-attributes-item__value\">Non<\/td>\n<\/tr>\n<\/tbody>\n<\/table>\n<h4>V\u00c9HICULE<\/h4>\n<table class=\"woocommerce-product-attributes shop_attributes\">\n<tbody>\n<tr class=\"woocommerce-product-attributes-item woocommerce-product-attributes-item--attribute_pa_accelerationtime\">\n<th class=\"woocommerce-product-attributes-item__label\">Acc\u00e9l\u00e9ration<\/th>\n<td class=\"woocommerce-product-attributes-item__value\">0 \u00e0 50 km\/h en 3 secondes<\/td>\n<\/tr>\n<tr class=\"woocommerce-product-attributes-item woocommerce-product-attributes-item--attribute_pa_bonus_ecologique_etat\">\n<th class=\"woocommerce-product-attributes-item__label\">Bonus \u00c9cologique \u00c9tat<\/th>\n<td class=\"woocommerce-product-attributes-item__value\">900 \u20ac<\/td>\n<\/tr>\n<tr class=\"woocommerce-product-attributes-item woocommerce-product-attributes-item--attribute_pa_categorie_administrative\">\n<th class=\"woocommerce-product-attributes-item__label\">Cat\u00e9gorie Administrative<\/th>\n<td class=\"woocommerce-product-attributes-item__value\">L3e<\/td>\n<\/tr>\n<tr class=\"woocommerce-product-attributes-item woocommerce-product-attributes-item--attribute_pa_code_national\">\n<th class=\"woocommerce-product-attributes-item__label\">Code National<\/th>\n<td class=\"woocommerce-product-attributes-item__value\">MTL<\/td>\n<\/tr>\n<tr class=\"woocommerce-product-attributes-item woocommerce-product-attributes-item--attribute_pa_couleur\">\n<th class=\"woocommerce-product-attributes-item__label\">Couleur<\/th>\n<td class=\"woocommerce-product-attributes-item__value\">Gris<\/td>\n<\/tr>\n<tr class=\"woocommerce-product-attributes-item woocommerce-product-attributes-item--dimensions\">\n<th class=\"woocommerce-product-attributes-item__label\">Dimensions<\/th>\n<td class=\"woocommerce-product-attributes-item__value\">200 \u00d7 70 \u00d7 131 cm<\/td>\n<\/tr>\n<tr class=\"woocommerce-product-attributes-item woocommerce-product-attributes-item--attribute_pa_marque\">\n<th class=\"woocommerce-product-attributes-item__label\">Marque<\/th>\n<td class=\"woocommerce-product-attributes-item__value\">Silence<\/td>\n<\/tr>\n<tr class=\"woocommerce-product-attributes-item woocommerce-product-attributes-item--attribute_pa_modele\">\n<th class=\"woocommerce-product-attributes-item__label\">Mod\u00e8le<\/th>\n<td class=\"woocommerce-product-attributes-item__value\">S01+<\/td>\n<\/tr>\n<tr class=\"woocommerce-product-attributes-item woocommerce-product-attributes-item--attribute_pa_permis\">\n<th class=\"woocommerce-product-attributes-item__label\">Permis<\/th>\n<td class=\"woocommerce-product-attributes-item__value\">Permis B + Formation 7h, Permis moto<\/td>\n<\/tr>\n<tr class=\"woocommerce-product-attributes-item woocommerce-product-attributes-item--weight\">\n<th class=\"woocommerce-product-attributes-item__label\">Poids en ordre de marche<\/th>\n<td class=\"woocommerce-product-attributes-item__value\">155 kg<\/td>\n<\/tr>\n<\/tbody>\n<\/table>\n<\/div>\n","protected":false},"excerpt":{"rendered":"<p>D\u00e9clinaison sportive du\u00a0<a href=\"https:\/\/e-zymove.com\/index.php\/produit\/silence-s01-2\/\">Silence S01<\/a>\u00a0, le Silence S01 Plus (parfois orthographi\u00e9 Silence S01+) est le mod\u00e8le\u00a0<strong>le plus puissant<\/strong>\u00a0et\u00a0<strong>le plus haut de gamme<\/strong> propos\u00e9 par le constructeur espagnol. Le Silence S01 Plus est disponible en une seule couleur : grise.<\/p>\n<h3>Un moteur tr\u00e8s puissant<\/h3>\n<p>Ce scooter \u00e9lectrique poss\u00e8de un moteur \u00e9lectrique de\u00a0<strong>7.5 kW<\/strong>. Int\u00e9gr\u00e9 en roue arri\u00e8re, sans transmission, il ne n\u00e9cessite presque aucun entretien.<br \/>\nPuissant tout \u00e9tant \u00e9conomique, le Silence S01 Plus permet de r\u00e9aliser le 0 \u00e0 50 km\/h en\u00a0<strong>3 secondes<\/strong>\u00a0et autorise une vitesse maximale de\u00a0<strong>100 km\/h<\/strong>. On aurait appr\u00e9ci\u00e9 un l\u00e9ger suppl\u00e9ment de vitesse de pointe pour emprunter sereinement les voies rapides.<\/p>\n<h3>Trois modes de conduite<\/h3>\n<p>Le Silence S01 Plus dispose d\u2019un contr\u00f4leur permettant de doser finement l\u2019acc\u00e9l\u00e9ration. Ce scooter \u00e9lectrique poss\u00e8de trois modes :<\/p>\n<ul>\n<li>le\u00a0<strong>mode Eco<\/strong>\u00a0limite la vitesse \u00e0\u00a0<strong>45 km\/h<\/strong>, l\u2019acc\u00e9l\u00e9ration se fait plus douce : ceci allonge donc l\u2019autonomie. Ce mode est tout indiqu\u00e9 pour les zones 30.<\/li>\n<li>Le\u00a0<strong>mode City<\/strong>\u00a0\u00e9quilibre la puissance et l\u2019autonomie : parfait en ville, notamment lorsque la limitation de vitesse atteint les 50 km\/h.<\/li>\n<li>Le\u00a0<strong>mode Sport<\/strong>\u00a0permet d\u2019atteindre les\u00a0<strong>100 km\/h<\/strong>\u00a0et lib\u00e8re toute la puissance du moteur. Ce mode accro\u00eet \u00e9galement le frein moteur, pour r\u00e9cup\u00e9rer une partie de l\u2019\u00e9nergie de freinage.<\/li>\n<\/ul>\n<h3>Une batterie amovible que vous n\u2019aurez pas besoin de porter<\/h3>\n<p>Amovible, la batterie du Silence S01 Plus est\u00a0<strong>l\u2019un des gros points forts<\/strong>\u00a0de ce scooter \u00e9lectrique. Disposant de roulettes et d\u2019une poign\u00e9e, vous n\u2019aurez pas \u00e0 la porter pour l\u2019extraire et la recharger chez vous. Il suffit de faire rouler, telle une valise trolley. Cette batterie pr\u00e9sente une capacit\u00e9 de\u00a0<strong>5,6 kWh<\/strong>. Cette capacit\u00e9 confortable autorise une autonomie maximale de\u00a0<strong>130 kilom\u00e8tres<\/strong>\u00a0en ville.<br \/>\nSur voie rapide, avec un conducteur de 80 kg, une temp\u00e9rature de 15\u00b0 et une vitesse stabilis\u00e9e \u00e0 95 km\/h, on pourra atteindre une autonomie de\u00a0<strong>65 \u00e0 70 kilom\u00e8tres<\/strong>.<picture class=\"aligncenter wp-image-86556 size-full\"><source srcset=\"https:\/\/www.go2roues.com\/wp-content\/uploads\/2021\/12\/silence-s01-plus-phare-avant-gros-plan.jpg.webp 1280w, https:\/\/www.go2roues.com\/wp-content\/uploads\/2021\/12\/silence-s01-plus-phare-avant-gros-plan-300x122.jpg.webp 300w, https:\/\/www.go2roues.com\/wp-content\/uploads\/2021\/12\/silence-s01-plus-phare-avant-gros-plan-1024x416.jpg.webp 1024w, https:\/\/www.go2roues.com\/wp-content\/uploads\/2021\/12\/silence-s01-plus-phare-avant-gros-plan-768x312.jpg.webp 768w, https:\/\/www.go2roues.com\/wp-content\/uploads\/2021\/12\/silence-s01-plus-phare-avant-gros-plan-655x266.jpg.webp 655w\" type=\"image\/webp\" sizes=\"(max-width: 1280px) 100vw, 1280px\" data-lazy-srcset=\"https:\/\/www.go2roues.com\/wp-content\/uploads\/2021\/12\/silence-s01-plus-phare-avant-gros-plan.jpg.webp 1280w, https:\/\/www.go2roues.com\/wp-content\/uploads\/2021\/12\/silence-s01-plus-phare-avant-gros-plan-300x122.jpg.webp 300w, https:\/\/www.go2roues.com\/wp-content\/uploads\/2021\/12\/silence-s01-plus-phare-avant-gros-plan-1024x416.jpg.webp 1024w, https:\/\/www.go2roues.com\/wp-content\/uploads\/2021\/12\/silence-s01-plus-phare-avant-gros-plan-768x312.jpg.webp 768w, https:\/\/www.go2roues.com\/wp-content\/uploads\/2021\/12\/silence-s01-plus-phare-avant-gros-plan-655x266.jpg.webp 655w\" data-lazy-sizes=\"(max-width: 1280px) 100vw, 1280px\" \/><\/picture>\n<h3>Une recharge simple et relativement rapide<\/h3>\n<p>Cette batterie pourra \u00eatre recharg\u00e9e sur une prise 220V domestique : on pourra donc \u00ab faire le plein \u00bb \u00e0 la maison, chez des amis ou au travail.<br \/>\nAutre qualit\u00e9 de cette batterie : l\u2019absence de chargeur externe. Celui-ci est\u00a0<strong>int\u00e9gr\u00e9 \u00e0 la batterie<\/strong>. En d\u00e9placement, vous n\u2019aurez donc pas \u00e0 vous encombrer d\u2019un chargeur, juste du c\u00e2ble fourni, permettant de relier la batterie \u00e0 la prise secteur. Pratique ! De 0 \u00e0 100 %, le temps de charge sera de\u00a0<strong>six heures<\/strong>.<\/p>\n<h3>Un bon niveau de confort pour sa cat\u00e9gorie<\/h3>\n<p>La vie \u00e0 bord du Silence S01 Plus est agr\u00e9able. Son \u00e9cran de bord est lisible,\u00a0<strong>complet<\/strong>. En plus des informations classiques et indispensables, il permet notamment d\u2019avoir une estimation de l\u2019autonomie restante. Une\u00a0<strong>prise USB<\/strong>\u00a0permet de brancher un t\u00e9l\u00e9phone, par exemple.<br \/>\nLa position de conduite et la hauteur de selle conviennent \u00e0 toutes les tailles : le confort g\u00e9n\u00e9ral est assez proche du BMW C Evolution, avec suffisamment de place pour les jambes. Le confort pour le passager est honn\u00eate, sans \u00eatre 3 \u00e9toiles, la selle et les suspensions \u00e9tant assez raides.<picture class=\"aligncenter wp-image-86557 size-full\"><source srcset=\"https:\/\/www.go2roues.com\/wp-content\/uploads\/2021\/12\/silence-s01-plus-batterie-gros-plan.jpg.webp 1280w, https:\/\/www.go2roues.com\/wp-content\/uploads\/2021\/12\/silence-s01-plus-batterie-gros-plan-300x122.jpg.webp 300w, https:\/\/www.go2roues.com\/wp-content\/uploads\/2021\/12\/silence-s01-plus-batterie-gros-plan-1024x416.jpg.webp 1024w, https:\/\/www.go2roues.com\/wp-content\/uploads\/2021\/12\/silence-s01-plus-batterie-gros-plan-768x312.jpg.webp 768w, https:\/\/www.go2roues.com\/wp-content\/uploads\/2021\/12\/silence-s01-plus-batterie-gros-plan-655x266.jpg.webp 655w\" type=\"image\/webp\" sizes=\"(max-width: 1280px) 100vw, 1280px\" data-lazy-srcset=\"https:\/\/www.go2roues.com\/wp-content\/uploads\/2021\/12\/silence-s01-plus-batterie-gros-plan.jpg.webp 1280w, https:\/\/www.go2roues.com\/wp-content\/uploads\/2021\/12\/silence-s01-plus-batterie-gros-plan-300x122.jpg.webp 300w, https:\/\/www.go2roues.com\/wp-content\/uploads\/2021\/12\/silence-s01-plus-batterie-gros-plan-1024x416.jpg.webp 1024w, https:\/\/www.go2roues.com\/wp-content\/uploads\/2021\/12\/silence-s01-plus-batterie-gros-plan-768x312.jpg.webp 768w, https:\/\/www.go2roues.com\/wp-content\/uploads\/2021\/12\/silence-s01-plus-batterie-gros-plan-655x266.jpg.webp 655w\" data-lazy-sizes=\"(max-width: 1280px) 100vw, 1280px\" \/><\/picture>\n<h3>Le Silence S01 Plus est connect\u00e9<\/h3>\n<p><strong>Mod\u00e8le haut de gamme<\/strong>, le Silence S01 Plus dispose naturellement de l\u2019application Silence. Cette fonction permet de d\u00e9marrer le v\u00e9hicule ou de l\u2019\u00e9teindre \u00e0 distance.\u00a0Elle int\u00e8gre\u00a0<strong>une<\/strong>\u00a0<strong>alarme<\/strong>, la localisation et d\u2019ouvrir le coffre \u00e0 distance.<br \/>\nEnfin, elle permet de\u00a0<strong>programmer un trajet<\/strong>\u00a0en fonction du restant de charge dans la batterie : le Silence S01 Plus saura s\u2019il dispose de suffisamment de charge pour effectuer le trajet que vous lui demandez de r\u00e9aliser avant de partir. Cette application est compatible Android et iPhone.<\/p>\n<h3>Pneus Pirelli, grand coffre et marche arri\u00e8re<\/h3>\n<p>Ses pneus sont des\u00a0<strong>Pirelli<\/strong>, gage de qualit\u00e9 et d\u2019une bonne tenue de route en ville, sur les p\u00e9riph\u00e9riques et voies rapides, quelle que soit la situation.<br \/>\nAfin de faciliter les man\u0153uvres de parking, le Silence S01 Plus dispose d\u2019une\u00a0<strong>marche arri\u00e8re<\/strong>. Loin d\u2019\u00eatre un gadget, l\u2019essayer, c\u2019est l\u2019adopter. Gr\u00e2ce \u00e0 l\u2019emplacement de la batterie trolley, sous la selle, il y a de la place : on pourra y ranger\u00a0<strong>deux casques<\/strong>.<picture class=\"aligncenter wp-image-86554 size-full\"><source srcset=\"https:\/\/www.go2roues.com\/wp-content\/uploads\/2021\/12\/silence-s01-plus-selle.jpg.webp 1280w, https:\/\/www.go2roues.com\/wp-content\/uploads\/2021\/12\/silence-s01-plus-selle-300x122.jpg.webp 300w, https:\/\/www.go2roues.com\/wp-content\/uploads\/2021\/12\/silence-s01-plus-selle-1024x416.jpg.webp 1024w, https:\/\/www.go2roues.com\/wp-content\/uploads\/2021\/12\/silence-s01-plus-selle-768x312.jpg.webp 768w, https:\/\/www.go2roues.com\/wp-content\/uploads\/2021\/12\/silence-s01-plus-selle-655x266.jpg.webp 655w\" type=\"image\/webp\" sizes=\"(max-width: 1280px) 100vw, 1280px\" data-lazy-srcset=\"https:\/\/www.go2roues.com\/wp-content\/uploads\/2021\/12\/silence-s01-plus-selle.jpg.webp 1280w, https:\/\/www.go2roues.com\/wp-content\/uploads\/2021\/12\/silence-s01-plus-selle-300x122.jpg.webp 300w, https:\/\/www.go2roues.com\/wp-content\/uploads\/2021\/12\/silence-s01-plus-selle-1024x416.jpg.webp 1024w, https:\/\/www.go2roues.com\/wp-content\/uploads\/2021\/12\/silence-s01-plus-selle-768x312.jpg.webp 768w, https:\/\/www.go2roues.com\/wp-content\/uploads\/2021\/12\/silence-s01-plus-selle-655x266.jpg.webp 655w\" data-lazy-sizes=\"(max-width: 1280px) 100vw, 1280px\" \/><\/picture>\n<h3>Le Silence S01 Plus reste s\u00e9curisant<\/h3>\n<p>La tenue de route et le freinage nous ont convaincus : le pack de batterie du Silence S01 est pr\u00e8s du sol, un bon point pour le centre de gravit\u00e9.\u00a0<a href=\"https:\/\/www.silence.eco\/lang\/fr\/\" target=\"_blank\" rel=\"noopener\">Son constructeur<\/a>\u00a0a su faire les bons choix et les bons compromis.<br \/>\nLes disques de frein avant et arri\u00e8re nous ont fait forte impression. Apr\u00e8s plusieurs essais de freinage d\u2019urgence, nous avons relev\u00e9 des distances de freinage particuli\u00e8rement r\u00e9duites. \u00c0 noter : l\u2019amortisseur arri\u00e8re est\u00a0<strong>r\u00e9glable<\/strong>.<\/p>\n<p>Le Silence S01 Plus est garantie 2 ans, pi\u00e8ces et main-d\u2019\u0153uvre et est \u00e9ligible aux primes et bonus \u00e9cologiques.<\/p>\n","protected":false},"featured_media":3662,"comment_status":"open","ping_status":"closed","template":"","meta":[],"product_brand":[],"product_cat":[101],"product_tag":[],"class_list":{"0":"post-3657","1":"product","2":"type-product","3":"status-publish","4":"has-post-thumbnail","6":"product_cat-silence-scooters-125","8":"first","9":"onbackorder","10":"taxable","11":"shipping-taxable","12":"purchasable","13":"product-type-simple"},"jetpack_sharing_enabled":true,"_links":{"self":[{"href":"https:\/\/e-zymove.com\/index.php\/wp-json\/wp\/v2\/product\/3657","targetHints":{"allow":["GET"]}}],"collection":[{"href":"https:\/\/e-zymove.com\/index.php\/wp-json\/wp\/v2\/product"}],"about":[{"href":"https:\/\/e-zymove.com\/index.php\/wp-json\/wp\/v2\/types\/product"}],"replies":[{"embeddable":true,"href":"https:\/\/e-zymove.com\/index.php\/wp-json\/wp\/v2\/comments?post=3657"}],"version-history":[{"count":1,"href":"https:\/\/e-zymove.com\/index.php\/wp-json\/wp\/v2\/product\/3657\/revisions"}],"predecessor-version":[{"id":3668,"href":"https:\/\/e-zymove.com\/index.php\/wp-json\/wp\/v2\/product\/3657\/revisions\/3668"}],"wp:featuredmedia":[{"embeddable":true,"href":"https:\/\/e-zymove.com\/index.php\/wp-json\/wp\/v2\/media\/3662"}],"wp:attachment":[{"href":"https:\/\/e-zymove.com\/index.php\/wp-json\/wp\/v2\/media?parent=3657"}],"wp:term":[{"taxonomy":"product_brand","embeddable":true,"href":"https:\/\/e-zymove.com\/index.php\/wp-json\/wp\/v2\/product_brand?post=3657"},{"taxonomy":"product_cat","embeddable":true,"href":"https:\/\/e-zymove.com\/index.php\/wp-json\/wp\/v2\/product_cat?post=3657"},{"taxonomy":"product_tag","embeddable":true,"href":"https:\/\/e-zymove.com\/index.php\/wp-json\/wp\/v2\/product_tag?post=3657"}],"curies":[{"name":"wp","href":"https:\/\/api.w.org\/{rel}","templated":true}]}}