{"id":3604,"date":"2024-03-19T15:49:52","date_gmt":"2024-03-19T14:49:52","guid":{"rendered":"https:\/\/e-zymove.com\/?post_type=product&#038;p=3604"},"modified":"2024-03-19T16:58:25","modified_gmt":"2024-03-19T15:58:25","slug":"virage-zen","status":"publish","type":"product","link":"https:\/\/e-zymove.com\/index.php\/produit\/virage-zen\/","title":{"rendered":"VIRAGE &#8211; Zen"},"content":{"rendered":"<div class=\"col-lg-3 col-sm-12 offset-lg-1\">\n<div class=\"col-lg-3 col-sm-12 offset-lg-1\">\n<h5>LES +<\/h5>\n<div>\n<ul>\n<li>Aide au d\u00e9marage<\/li>\n<li>Eclairage LED<\/li>\n<li>Potence r\u00e9glable<\/li>\n<li>Moteur non captif<\/li>\n<\/ul>\n<\/div>\n<h5>FREINS<\/h5>\n<div>\n<ul>\n<li>Disques<\/li>\n<li>M\u00e9caniques<\/li>\n<li>Avant \/ arri\u00e8re<\/li>\n<\/ul>\n<\/div>\n<h5>MOTEUR<\/h5>\n<div>\n<ul>\n<li>Eco Drive<\/li>\n<li>Central<\/li>\n<li>250W 80Nm<\/li>\n<\/ul>\n<\/div>\n<\/div>\n<div class=\"col-lg-3 col-sm-12\">\n<h5>BATTERIE<\/h5>\n<div>\n<ul>\n<li>\u00a0580Wh<\/li>\n<li>36V Lithium<\/li>\n<\/ul>\n<\/div>\n<h5>TRANSMISSION<\/h5>\n<div>\n<ul>\n<li>9 vitesses par chaine<\/li>\n<li>SRAM ou SHIMANO<\/li>\n<li>Plateau 42T<\/li>\n<\/ul>\n<\/div>\n<h5>ROUES<\/h5>\n<div>\n<ul>\n<li>26 Pouces<\/li>\n<li>Section 2,125<\/li>\n<\/ul>\n<\/div>\n<h5>POIDS<\/h5>\n<div>23,7 Kg<\/div>\n<\/div>\n<\/div>\n","protected":false},"excerpt":{"rendered":"<div class=\"elementor-element elementor-element-29300848 elementor-widget elementor-widget-product-name elementor-widget-heading\" data-id=\"29300848\" data-element_type=\"widget\" data-widget_type=\"product-name.default\">\n<div class=\"elementor-widget-container\">\n<h1>VIRAGE &#8211; Zen<\/h1>\n<h2>80Nm \/ 580Wh<\/h2>\n<p>Le Zen offre les atouts des v\u00e9los Virages: polyvalents et adapt\u00e9s \u00e0 tout terrain et tout relief gr\u00e2ce \u00e0 des pneus larges et au couple de 80 Nm. On appr\u00e9cie la qualit\u00e9 et la progressivit\u00e9 de l&rsquo;assistance apport\u00e9e par le capteur de puissance du moteur central Aik\u00e9ma.<\/p>\n<\/div>\n<\/div>\n","protected":false},"featured_media":3605,"comment_status":"open","ping_status":"closed","template":"","meta":[],"product_brand":[],"product_cat":[99],"product_tag":[],"class_list":{"0":"post-3604","1":"product","2":"type-product","3":"status-publish","4":"has-post-thumbnail","6":"product_cat-virage","8":"first","9":"instock","10":"taxable","11":"shipping-taxable","12":"purchasable","13":"product-type-simple"},"jetpack_sharing_enabled":true,"_links":{"self":[{"href":"https:\/\/e-zymove.com\/index.php\/wp-json\/wp\/v2\/product\/3604","targetHints":{"allow":["GET"]}}],"collection":[{"href":"https:\/\/e-zymove.com\/index.php\/wp-json\/wp\/v2\/product"}],"about":[{"href":"https:\/\/e-zymove.com\/index.php\/wp-json\/wp\/v2\/types\/product"}],"replies":[{"embeddable":true,"href":"https:\/\/e-zymove.com\/index.php\/wp-json\/wp\/v2\/comments?post=3604"}],"version-history":[{"count":1,"href":"https:\/\/e-zymove.com\/index.php\/wp-json\/wp\/v2\/product\/3604\/revisions"}],"predecessor-version":[{"id":3606,"href":"https:\/\/e-zymove.com\/index.php\/wp-json\/wp\/v2\/product\/3604\/revisions\/3606"}],"wp:featuredmedia":[{"embeddable":true,"href":"https:\/\/e-zymove.com\/index.php\/wp-json\/wp\/v2\/media\/3605"}],"wp:attachment":[{"href":"https:\/\/e-zymove.com\/index.php\/wp-json\/wp\/v2\/media?parent=3604"}],"wp:term":[{"taxonomy":"product_brand","embeddable":true,"href":"https:\/\/e-zymove.com\/index.php\/wp-json\/wp\/v2\/product_brand?post=3604"},{"taxonomy":"product_cat","embeddable":true,"href":"https:\/\/e-zymove.com\/index.php\/wp-json\/wp\/v2\/product_cat?post=3604"},{"taxonomy":"product_tag","embeddable":true,"href":"https:\/\/e-zymove.com\/index.php\/wp-json\/wp\/v2\/product_tag?post=3604"}],"curies":[{"name":"wp","href":"https:\/\/api.w.org\/{rel}","templated":true}]}}