{"id":3580,"date":"2024-03-01T12:45:28","date_gmt":"2024-03-01T11:45:28","guid":{"rendered":"https:\/\/e-zymove.com\/?post_type=product&#038;p=3580"},"modified":"2025-03-10T13:12:03","modified_gmt":"2025-03-10T12:12:03","slug":"e-stock-air-copie","status":"publish","type":"product","link":"https:\/\/e-zymove.com\/index.php\/produit\/e-stock-air-copie\/","title":{"rendered":"E-stock air"},"content":{"rendered":"<p><strong>Type de v\u00e9hicule \u2013\u00a0<\/strong>Scooter \u00e9lectrique<\/p>\n<hr \/>\n<p><strong>Vitesse max \u2013\u00a0<\/strong>45 km\/h<\/p>\n<hr \/>\n<p><strong>Marche arri\u00e8re \u2013\u00a0<\/strong>Non<\/p>\n<hr \/>\n<p><strong>\u00c9cran de contr\u00f4le \u2013\u00a0<\/strong>LED<\/p>\n<hr \/>\n<p><strong>S\u00e9curit\u00e9 antivol \u2013\u00a0<\/strong>Batterie amovible, guidon verrouillable<\/p>\n<hr \/>\n<p><strong>Type de moteur \u2013\u00a0<\/strong>Brushless en moyeu de roue arri\u00e8re<\/p>\n<hr \/>\n<p><strong>Puissance moteur nette \u2013\u00a0<\/strong>2400 Watts<\/p>\n<hr \/>\n<p><strong>Couple \u2013<\/strong> 80 nm \u00e0 361 tr\/min<\/p>\n<hr \/>\n<p><strong>Type de batterie \u2013\u00a0<\/strong>Lithium-ion NMC<\/p>\n<hr \/>\n<p><strong>Voltage batterie \u2013<\/strong> 48 Volts<\/p>\n<hr \/>\n<p><strong>Amp\u00e8re \/ Heure batterie \u2013 <\/strong>65\u00a0Ah<\/p>\n<hr \/>\n<p><strong>Kilowattheures \u2013 <\/strong>3.12\u00a0Kwh<\/p>\n<hr \/>\n<p><strong>Autonomie ( conduite \u00e9co ) \u2013 <\/strong>100\u00a0km<\/p>\n<hr \/>\n<p><strong>Autonomie ( conduite pleine puissance ) \u2013 <\/strong>80\u00a0km<\/p>\n<hr \/>\n<p><strong>Batterie amovible \u2013\u00a0<\/strong>Oui<\/p>\n","protected":false},"excerpt":{"rendered":"<p><span style=\"color: #000000;\"><img decoding=\"async\" class=\"alignnone wp-image-3186\" src=\"https:\/\/e-zymove.com\/wp-content\/uploads\/2024\/02\/logo-300x87.png\" alt=\"\" width=\"217\" height=\"63\" srcset=\"https:\/\/e-zymove.com\/wp-content\/uploads\/2024\/02\/logo-300x87.png 300w, https:\/\/e-zymove.com\/wp-content\/uploads\/2024\/02\/logo-600x173.png 600w, https:\/\/e-zymove.com\/wp-content\/uploads\/2024\/02\/logo-350x101.png 350w, https:\/\/e-zymove.com\/wp-content\/uploads\/2024\/02\/logo.png 755w\" sizes=\"(max-width: 217px) 100vw, 217px\" \/><\/span><\/p>\n<h1><span style=\"color: #000000;\"><strong>E-stock air<\/strong><\/span><\/h1>\n<p>easy-Watts vous propose en exclusivit\u00e9 un tout nouveau mod\u00e8le de batterie.<\/p>\n<p>La batterie au lithium du e-presto air embarque 48 Volts et 65 Ah (Amp\u00e8re\/heure), soit 3,12 kWh.<\/p>\n<p>Avec seulement 14,4 kg, sa batterie amovible est plus l\u00e9g\u00e8re que celle du e-presto (qui p\u00e8se 22kg)<\/p>\n<p>Et pourtant, elle vous permettra toujours un maximum d&rsquo;autonomie !<\/p>\n<p><img decoding=\"async\" class=\"alignnone wp-image-3462\" src=\"https:\/\/e-zymove.com\/wp-content\/uploads\/2024\/03\/60-a-80-km-300x300.png\" alt=\"\" width=\"146\" height=\"146\" srcset=\"https:\/\/e-zymove.com\/wp-content\/uploads\/2024\/03\/60-a-80-km-300x300.png 300w, https:\/\/e-zymove.com\/wp-content\/uploads\/2024\/03\/60-a-80-km-100x100.png 100w, https:\/\/e-zymove.com\/wp-content\/uploads\/2024\/03\/60-a-80-km-600x600.png 600w, https:\/\/e-zymove.com\/wp-content\/uploads\/2024\/03\/60-a-80-km-1024x1024.png 1024w, https:\/\/e-zymove.com\/wp-content\/uploads\/2024\/03\/60-a-80-km-150x150.png 150w, https:\/\/e-zymove.com\/wp-content\/uploads\/2024\/03\/60-a-80-km-768x768.png 768w, https:\/\/e-zymove.com\/wp-content\/uploads\/2024\/03\/60-a-80-km-350x350.png 350w, https:\/\/e-zymove.com\/wp-content\/uploads\/2024\/03\/60-a-80-km.png 1080w\" sizes=\"(max-width: 146px) 100vw, 146px\" \/> \u00a0<img decoding=\"async\" class=\"alignnone wp-image-3328\" src=\"https:\/\/e-zymove.com\/wp-content\/uploads\/2024\/02\/vitesse-300x300.png\" alt=\"\" width=\"146\" height=\"146\" srcset=\"https:\/\/e-zymove.com\/wp-content\/uploads\/2024\/02\/vitesse-300x300.png 300w, https:\/\/e-zymove.com\/wp-content\/uploads\/2024\/02\/vitesse-100x100.png 100w, https:\/\/e-zymove.com\/wp-content\/uploads\/2024\/02\/vitesse-600x600.png 600w, https:\/\/e-zymove.com\/wp-content\/uploads\/2024\/02\/vitesse-1024x1024.png 1024w, https:\/\/e-zymove.com\/wp-content\/uploads\/2024\/02\/vitesse-150x150.png 150w, https:\/\/e-zymove.com\/wp-content\/uploads\/2024\/02\/vitesse-768x768.png 768w, https:\/\/e-zymove.com\/wp-content\/uploads\/2024\/02\/vitesse-350x350.png 350w, https:\/\/e-zymove.com\/wp-content\/uploads\/2024\/02\/vitesse.png 1080w\" sizes=\"(max-width: 146px) 100vw, 146px\" \/> \u00a0<img loading=\"lazy\" decoding=\"async\" class=\"alignnone wp-image-3464\" src=\"https:\/\/e-zymove.com\/wp-content\/uploads\/2024\/03\/2400-300x300.png\" alt=\"\" width=\"146\" height=\"146\" srcset=\"https:\/\/e-zymove.com\/wp-content\/uploads\/2024\/03\/2400-300x300.png 300w, https:\/\/e-zymove.com\/wp-content\/uploads\/2024\/03\/2400-100x100.png 100w, https:\/\/e-zymove.com\/wp-content\/uploads\/2024\/03\/2400-600x600.png 600w, https:\/\/e-zymove.com\/wp-content\/uploads\/2024\/03\/2400-1024x1024.png 1024w, https:\/\/e-zymove.com\/wp-content\/uploads\/2024\/03\/2400-150x150.png 150w, https:\/\/e-zymove.com\/wp-content\/uploads\/2024\/03\/2400-768x768.png 768w, https:\/\/e-zymove.com\/wp-content\/uploads\/2024\/03\/2400-350x350.png 350w, https:\/\/e-zymove.com\/wp-content\/uploads\/2024\/03\/2400.png 1080w\" sizes=\"(max-width: 146px) 100vw, 146px\" \/><\/p>\n<p><strong><em><span style=\"color: #ff6600;\">*Hors frais d&rsquo;immatriculation et mise en service<\/span><\/em><\/strong><\/p>\n","protected":false},"featured_media":3581,"comment_status":"open","ping_status":"closed","template":"","meta":[],"product_brand":[],"product_cat":[98,35],"product_tag":[],"class_list":{"0":"post-3580","1":"product","2":"type-product","3":"status-publish","4":"has-post-thumbnail","6":"product_cat-easy-watts","7":"product_cat-scooters-50cc","9":"first","10":"instock","11":"taxable","12":"shipping-taxable","13":"purchasable","14":"product-type-variable"},"jetpack_sharing_enabled":true,"_links":{"self":[{"href":"https:\/\/e-zymove.com\/index.php\/wp-json\/wp\/v2\/product\/3580","targetHints":{"allow":["GET"]}}],"collection":[{"href":"https:\/\/e-zymove.com\/index.php\/wp-json\/wp\/v2\/product"}],"about":[{"href":"https:\/\/e-zymove.com\/index.php\/wp-json\/wp\/v2\/types\/product"}],"replies":[{"embeddable":true,"href":"https:\/\/e-zymove.com\/index.php\/wp-json\/wp\/v2\/comments?post=3580"}],"version-history":[{"count":5,"href":"https:\/\/e-zymove.com\/index.php\/wp-json\/wp\/v2\/product\/3580\/revisions"}],"predecessor-version":[{"id":4558,"href":"https:\/\/e-zymove.com\/index.php\/wp-json\/wp\/v2\/product\/3580\/revisions\/4558"}],"wp:featuredmedia":[{"embeddable":true,"href":"https:\/\/e-zymove.com\/index.php\/wp-json\/wp\/v2\/media\/3581"}],"wp:attachment":[{"href":"https:\/\/e-zymove.com\/index.php\/wp-json\/wp\/v2\/media?parent=3580"}],"wp:term":[{"taxonomy":"product_brand","embeddable":true,"href":"https:\/\/e-zymove.com\/index.php\/wp-json\/wp\/v2\/product_brand?post=3580"},{"taxonomy":"product_cat","embeddable":true,"href":"https:\/\/e-zymove.com\/index.php\/wp-json\/wp\/v2\/product_cat?post=3580"},{"taxonomy":"product_tag","embeddable":true,"href":"https:\/\/e-zymove.com\/index.php\/wp-json\/wp\/v2\/product_tag?post=3580"}],"curies":[{"name":"wp","href":"https:\/\/api.w.org\/{rel}","templated":true}]}}