{"id":3366,"date":"2024-02-29T14:54:31","date_gmt":"2024-02-29T13:54:31","guid":{"rendered":"https:\/\/e-zymove.com\/?post_type=product&#038;p=3366"},"modified":"2025-03-10T13:04:39","modified_gmt":"2025-03-10T12:04:39","slug":"e-bonsai-4","status":"publish","type":"product","link":"https:\/\/e-zymove.com\/index.php\/produit\/e-bonsai-4\/","title":{"rendered":"E-bonsa\u00ef"},"content":{"rendered":"<p><iframe title=\"Essai Easy-Watts e-bonsa\u00ef - scooter \u00e9lectrique - 2021\" width=\"500\" height=\"281\" src=\"https:\/\/www.youtube.com\/embed\/5pBhVwpMHEQ?list=PL0a0Hzpf1kM0_AfKmsGHa3oSl_TWQ0JF_\"  allow=\"accelerometer; autoplay; clipboard-write; encrypted-media; gyroscope; picture-in-picture; web-share\" referrerpolicy=\"strict-origin-when-cross-origin\" allowfullscreen><\/iframe><\/p>\n<p><strong>Type de v\u00e9hicule \u2013\u00a0<\/strong>Scooter \u00e9lectrique<\/p>\n<hr \/>\n<p><strong>Vitesse max \u2013\u00a0<\/strong>45 km\/h<\/p>\n<hr \/>\n<p><strong>Marche arri\u00e8re \u2013\u00a0<\/strong>Non<\/p>\n<hr \/>\n<p><strong>\u00c9cran de contr\u00f4le \u2013\u00a0<\/strong>LED<\/p>\n<hr \/>\n<p><strong>S\u00e9curit\u00e9 antivol \u2013\u00a0<\/strong>Batterie amovible, guidon verrouillable,alarme<\/p>\n<hr \/>\n<p><strong>Type de moteur \u2013\u00a0<\/strong>Brushless en moyeu de roue arri\u00e8re<\/p>\n<hr \/>\n<p><strong>Puissance moteur nette \u2013\u00a0<\/strong>2200 Watts<\/p>\n<hr \/>\n<p><strong>Couple \u2013 <\/strong>43,7 nm \u00e0 473 tr\/min<\/p>\n<hr \/>\n<p><strong>Type de batterie \u2013\u00a0<\/strong>Lithium-ion NMC<\/p>\n<hr \/>\n<p><strong>Voltage batterie \u2013<\/strong> 60 Volts<\/p>\n<hr \/>\n<p><strong>Amp\u00e8re \/ Heure batterie \u2013 <\/strong>30 Ah<\/p>\n<hr \/>\n<p><strong>Kilowattheures \u2013\u00a0<\/strong>1.8 Kwh<\/p>\n<hr \/>\n<p><strong>Autonomie ( conduite \u00e9co ) \u2013 <\/strong>80\u00a0km<\/p>\n<hr \/>\n<p><strong>Autonomie ( conduite pleine puissance ) \u2013 <\/strong>60 km<\/p>\n<hr \/>\n<p><strong>Batterie amovible \u2013\u00a0<\/strong>Oui<\/p>\n","protected":false},"excerpt":{"rendered":"<p><img decoding=\"async\" class=\"alignnone wp-image-3186\" src=\"https:\/\/e-zymove.com\/wp-content\/uploads\/2024\/02\/logo-300x87.png\" alt=\"\" width=\"214\" height=\"62\" srcset=\"https:\/\/e-zymove.com\/wp-content\/uploads\/2024\/02\/logo-300x87.png 300w, https:\/\/e-zymove.com\/wp-content\/uploads\/2024\/02\/logo-600x173.png 600w, https:\/\/e-zymove.com\/wp-content\/uploads\/2024\/02\/logo-350x101.png 350w, https:\/\/e-zymove.com\/wp-content\/uploads\/2024\/02\/logo.png 755w\" sizes=\"(max-width: 214px) 100vw, 214px\" \/><\/p>\n<h1>E-bonsa\u00ef<\/h1>\n<p>Apr\u00e8s + de deux ans de d\u00e9veloppement, la marque fran\u00e7aise easy-Watts pr\u00e9sente le e-bonsa\u00ef, le scooter \u00e9lectrique ultra design et maniable.<\/p>\n<p>Avec son look des ann\u00e9es 70-80 et son ch\u00e2ssis apparent, il rappellera aux plus nostalgiques la gen\u00e8se des scooters<em>.<\/em><\/p>\n<p>Guidon pliable, hauteur d&rsquo;un m\u00e8tre, poids plume de 62 kg sans batterie, le e-bonsa\u00ef a \u00e9t\u00e9 con\u00e7u autant pour les grands que pour les petits conducteurs.<\/p>\n<p><img decoding=\"async\" class=\"alignnone wp-image-3328\" src=\"https:\/\/e-zymove.com\/wp-content\/uploads\/2024\/02\/vitesse-300x300.png\" alt=\"\" width=\"144\" height=\"144\" srcset=\"https:\/\/e-zymove.com\/wp-content\/uploads\/2024\/02\/vitesse-300x300.png 300w, https:\/\/e-zymove.com\/wp-content\/uploads\/2024\/02\/vitesse-100x100.png 100w, https:\/\/e-zymove.com\/wp-content\/uploads\/2024\/02\/vitesse-600x600.png 600w, https:\/\/e-zymove.com\/wp-content\/uploads\/2024\/02\/vitesse-1024x1024.png 1024w, https:\/\/e-zymove.com\/wp-content\/uploads\/2024\/02\/vitesse-150x150.png 150w, https:\/\/e-zymove.com\/wp-content\/uploads\/2024\/02\/vitesse-768x768.png 768w, https:\/\/e-zymove.com\/wp-content\/uploads\/2024\/02\/vitesse-350x350.png 350w, https:\/\/e-zymove.com\/wp-content\/uploads\/2024\/02\/vitesse.png 1080w\" sizes=\"(max-width: 144px) 100vw, 144px\" \/> <img decoding=\"async\" class=\"alignnone wp-image-3329\" src=\"https:\/\/e-zymove.com\/wp-content\/uploads\/2024\/02\/60-a-80-km-300x300.png\" alt=\"\" width=\"144\" height=\"144\" srcset=\"https:\/\/e-zymove.com\/wp-content\/uploads\/2024\/02\/60-a-80-km-300x300.png 300w, https:\/\/e-zymove.com\/wp-content\/uploads\/2024\/02\/60-a-80-km-100x100.png 100w, https:\/\/e-zymove.com\/wp-content\/uploads\/2024\/02\/60-a-80-km-600x600.png 600w, https:\/\/e-zymove.com\/wp-content\/uploads\/2024\/02\/60-a-80-km-1024x1024.png 1024w, https:\/\/e-zymove.com\/wp-content\/uploads\/2024\/02\/60-a-80-km-150x150.png 150w, https:\/\/e-zymove.com\/wp-content\/uploads\/2024\/02\/60-a-80-km-768x768.png 768w, https:\/\/e-zymove.com\/wp-content\/uploads\/2024\/02\/60-a-80-km-350x350.png 350w, https:\/\/e-zymove.com\/wp-content\/uploads\/2024\/02\/60-a-80-km.png 1080w\" sizes=\"(max-width: 144px) 100vw, 144px\" \/> <img loading=\"lazy\" decoding=\"async\" class=\"alignnone wp-image-3330\" src=\"https:\/\/e-zymove.com\/wp-content\/uploads\/2024\/02\/moteur-300x300.png\" alt=\"\" width=\"144\" height=\"144\" srcset=\"https:\/\/e-zymove.com\/wp-content\/uploads\/2024\/02\/moteur-300x300.png 300w, https:\/\/e-zymove.com\/wp-content\/uploads\/2024\/02\/moteur-100x100.png 100w, https:\/\/e-zymove.com\/wp-content\/uploads\/2024\/02\/moteur-600x600.png 600w, https:\/\/e-zymove.com\/wp-content\/uploads\/2024\/02\/moteur-1024x1024.png 1024w, https:\/\/e-zymove.com\/wp-content\/uploads\/2024\/02\/moteur-150x150.png 150w, https:\/\/e-zymove.com\/wp-content\/uploads\/2024\/02\/moteur-768x768.png 768w, https:\/\/e-zymove.com\/wp-content\/uploads\/2024\/02\/moteur-350x350.png 350w, https:\/\/e-zymove.com\/wp-content\/uploads\/2024\/02\/moteur.png 1080w\" sizes=\"(max-width: 144px) 100vw, 144px\" \/><\/p>\n<p><em><span style=\"color: #ff6600;\"><strong>*Hors frais d&rsquo;immatriculation et de mise en service<\/strong><\/span><\/em><\/p>\n","protected":false},"featured_media":3315,"comment_status":"open","ping_status":"closed","template":"","meta":[],"product_brand":[],"product_cat":[98,35],"product_tag":[],"class_list":{"0":"post-3366","1":"product","2":"type-product","3":"status-publish","4":"has-post-thumbnail","6":"product_cat-easy-watts","7":"product_cat-scooters-50cc","9":"first","10":"instock","11":"taxable","12":"shipping-taxable","13":"purchasable","14":"product-type-variable"},"jetpack_sharing_enabled":true,"_links":{"self":[{"href":"https:\/\/e-zymove.com\/index.php\/wp-json\/wp\/v2\/product\/3366","targetHints":{"allow":["GET"]}}],"collection":[{"href":"https:\/\/e-zymove.com\/index.php\/wp-json\/wp\/v2\/product"}],"about":[{"href":"https:\/\/e-zymove.com\/index.php\/wp-json\/wp\/v2\/types\/product"}],"replies":[{"embeddable":true,"href":"https:\/\/e-zymove.com\/index.php\/wp-json\/wp\/v2\/comments?post=3366"}],"version-history":[{"count":7,"href":"https:\/\/e-zymove.com\/index.php\/wp-json\/wp\/v2\/product\/3366\/revisions"}],"predecessor-version":[{"id":4550,"href":"https:\/\/e-zymove.com\/index.php\/wp-json\/wp\/v2\/product\/3366\/revisions\/4550"}],"wp:featuredmedia":[{"embeddable":true,"href":"https:\/\/e-zymove.com\/index.php\/wp-json\/wp\/v2\/media\/3315"}],"wp:attachment":[{"href":"https:\/\/e-zymove.com\/index.php\/wp-json\/wp\/v2\/media?parent=3366"}],"wp:term":[{"taxonomy":"product_brand","embeddable":true,"href":"https:\/\/e-zymove.com\/index.php\/wp-json\/wp\/v2\/product_brand?post=3366"},{"taxonomy":"product_cat","embeddable":true,"href":"https:\/\/e-zymove.com\/index.php\/wp-json\/wp\/v2\/product_cat?post=3366"},{"taxonomy":"product_tag","embeddable":true,"href":"https:\/\/e-zymove.com\/index.php\/wp-json\/wp\/v2\/product_tag?post=3366"}],"curies":[{"name":"wp","href":"https:\/\/api.w.org\/{rel}","templated":true}]}}