{"id":3224,"date":"2024-02-29T12:28:25","date_gmt":"2024-02-29T11:28:25","guid":{"rendered":"https:\/\/e-zymove.com\/?post_type=product&#038;p=3224"},"modified":"2025-03-11T09:36:57","modified_gmt":"2025-03-11T08:36:57","slug":"e-opai","status":"publish","type":"product","link":"https:\/\/e-zymove.com\/index.php\/produit\/e-opai\/","title":{"rendered":"E-opai"},"content":{"rendered":"<p><strong>Type de v\u00e9hicule \u2013\u00a0<\/strong>Scooter \u00e9lectrique<\/p>\n<hr \/>\n<p><strong>Vitesse max \u2013\u00a0<\/strong>45 km\/h<\/p>\n<hr \/>\n<p><strong>Marche arri\u00e8re \u2013 <\/strong>Non<\/p>\n<hr \/>\n<p><strong>\u00c9cran de contr\u00f4le \u2013\u00a0<\/strong>LED<\/p>\n<hr \/>\n<p><strong>S\u00e9curit\u00e9 antivol \u2013\u00a0<\/strong>Batterie amovible, guidon verrouillable<\/p>\n<hr \/>\n<p><strong>Type de moteur \u2013\u00a0<\/strong>Brushless en moyeu de roue arri\u00e8re<\/p>\n<hr \/>\n<p><strong>Puissance moteur nette \u2013\u00a0<\/strong>2400 Watts<\/p>\n<hr \/>\n<p><strong>Couple \u2013 <\/strong>57 nm \u00e0 400 tr\/min<\/p>\n<hr \/>\n<p><strong>Type de batterie \u2013\u00a0<\/strong>Lithium-ion NMC<\/p>\n<hr \/>\n<p><strong>Voltage batterie \u2013<\/strong> 72 Volts<\/p>\n<hr \/>\n<p><strong>Amp\u00e8re \/ Heure batterie \u2013\u00a0<\/strong>20 Ah<\/p>\n<hr \/>\n<p><strong>Kilowattheures \u2013\u00a0<\/strong>1.44 Kwh<\/p>\n<hr \/>\n<p><strong>Autonomie ( conduite \u00e9co ) \u2013 <\/strong>70\u00a0km<\/p>\n<hr \/>\n<p><strong>Autonomie ( conduite pleine puissance ) \u2013 <\/strong>50 km<\/p>\n<hr \/>\n<p><strong>Batterie amovible \u2013\u00a0<\/strong>Oui<\/p>\n","protected":false},"excerpt":{"rendered":"<p><img decoding=\"async\" class=\"alignnone wp-image-3186\" src=\"https:\/\/e-zymove.com\/wp-content\/uploads\/2024\/02\/logo-300x87.png\" alt=\"\" width=\"203\" height=\"59\" srcset=\"https:\/\/e-zymove.com\/wp-content\/uploads\/2024\/02\/logo-300x87.png 300w, https:\/\/e-zymove.com\/wp-content\/uploads\/2024\/02\/logo-600x173.png 600w, https:\/\/e-zymove.com\/wp-content\/uploads\/2024\/02\/logo-350x101.png 350w, https:\/\/e-zymove.com\/wp-content\/uploads\/2024\/02\/logo.png 755w\" sizes=\"(max-width: 203px) 100vw, 203px\" \/><\/p>\n<h1>E-opai<\/h1>\n<p>Le e-opai est un scooter \u00e9lectrique qui s&rsquo;adresse \u00e0 tous ceux qui d\u00e9sirent un v\u00e9hicule fiable combinant puissance, robustesse et faible co\u00fbt d&rsquo;entretien et d&rsquo;achat. Disponible \u00e0 partir de 14 ans, il offre un tr\u00e8s bon rapport qualit\u00e9 prix. Id\u00e9al pour des trajets urbains maison-\u00e9cole \/ maison-travail ou tout simplement pour se d\u00e9placer sans consommer et sans polluer.<\/p>\n<p><a href=\"https:\/\/e-zymove.com\/index.php\/produit\/e-opai-2\/\"><img decoding=\"async\" class=\"alignnone wp-image-3230\" src=\"https:\/\/e-zymove.com\/wp-content\/uploads\/2024\/02\/blanc-cadre-300x300.png\" alt=\"\" width=\"31\" height=\"31\" srcset=\"https:\/\/e-zymove.com\/wp-content\/uploads\/2024\/02\/blanc-cadre-300x300.png 300w, https:\/\/e-zymove.com\/wp-content\/uploads\/2024\/02\/blanc-cadre-100x100.png 100w, https:\/\/e-zymove.com\/wp-content\/uploads\/2024\/02\/blanc-cadre-600x600.png 600w, https:\/\/e-zymove.com\/wp-content\/uploads\/2024\/02\/blanc-cadre-1024x1024.png 1024w, https:\/\/e-zymove.com\/wp-content\/uploads\/2024\/02\/blanc-cadre-150x150.png 150w, https:\/\/e-zymove.com\/wp-content\/uploads\/2024\/02\/blanc-cadre-768x768.png 768w, https:\/\/e-zymove.com\/wp-content\/uploads\/2024\/02\/blanc-cadre-350x350.png 350w, https:\/\/e-zymove.com\/wp-content\/uploads\/2024\/02\/blanc-cadre.png 1080w\" sizes=\"(max-width: 31px) 100vw, 31px\" \/><\/a>\u00a0<a href=\"https:\/\/e-zymove.com\/index.php\/produit\/e-opai\/\"><img decoding=\"async\" class=\"alignnone wp-image-3226\" src=\"https:\/\/e-zymove.com\/wp-content\/uploads\/2024\/02\/gris-300x300.png\" alt=\"\" width=\"31\" height=\"31\" srcset=\"https:\/\/e-zymove.com\/wp-content\/uploads\/2024\/02\/gris-300x300.png 300w, https:\/\/e-zymove.com\/wp-content\/uploads\/2024\/02\/gris-100x100.png 100w, https:\/\/e-zymove.com\/wp-content\/uploads\/2024\/02\/gris-600x600.png 600w, https:\/\/e-zymove.com\/wp-content\/uploads\/2024\/02\/gris-1024x1024.png 1024w, https:\/\/e-zymove.com\/wp-content\/uploads\/2024\/02\/gris-150x150.png 150w, https:\/\/e-zymove.com\/wp-content\/uploads\/2024\/02\/gris-768x768.png 768w, https:\/\/e-zymove.com\/wp-content\/uploads\/2024\/02\/gris-350x350.png 350w, https:\/\/e-zymove.com\/wp-content\/uploads\/2024\/02\/gris.png 1080w\" sizes=\"(max-width: 31px) 100vw, 31px\" \/><\/a>\u00a0<a href=\"https:\/\/e-zymove.com\/index.php\/produit\/e-opai-3\/\"><img loading=\"lazy\" decoding=\"async\" class=\"alignnone wp-image-3228\" src=\"https:\/\/e-zymove.com\/wp-content\/uploads\/2024\/02\/rouge-300x300.png\" alt=\"\" width=\"31\" height=\"31\" srcset=\"https:\/\/e-zymove.com\/wp-content\/uploads\/2024\/02\/rouge-300x300.png 300w, https:\/\/e-zymove.com\/wp-content\/uploads\/2024\/02\/rouge-100x100.png 100w, https:\/\/e-zymove.com\/wp-content\/uploads\/2024\/02\/rouge-600x600.png 600w, https:\/\/e-zymove.com\/wp-content\/uploads\/2024\/02\/rouge-1024x1024.png 1024w, https:\/\/e-zymove.com\/wp-content\/uploads\/2024\/02\/rouge-150x150.png 150w, https:\/\/e-zymove.com\/wp-content\/uploads\/2024\/02\/rouge-768x768.png 768w, https:\/\/e-zymove.com\/wp-content\/uploads\/2024\/02\/rouge-350x350.png 350w, https:\/\/e-zymove.com\/wp-content\/uploads\/2024\/02\/rouge.png 1080w\" sizes=\"(max-width: 31px) 100vw, 31px\" \/><\/a><a href=\"https:\/\/e-zymove.com\/index.php\/produit\/e-opai-4\/\"><img loading=\"lazy\" decoding=\"async\" class=\"alignnone wp-image-3227\" src=\"https:\/\/e-zymove.com\/wp-content\/uploads\/2024\/02\/orange-blanc-300x300.png\" alt=\"\" width=\"31\" height=\"31\" srcset=\"https:\/\/e-zymove.com\/wp-content\/uploads\/2024\/02\/orange-blanc-300x300.png 300w, https:\/\/e-zymove.com\/wp-content\/uploads\/2024\/02\/orange-blanc-100x100.png 100w, https:\/\/e-zymove.com\/wp-content\/uploads\/2024\/02\/orange-blanc-600x600.png 600w, https:\/\/e-zymove.com\/wp-content\/uploads\/2024\/02\/orange-blanc-1024x1024.png 1024w, https:\/\/e-zymove.com\/wp-content\/uploads\/2024\/02\/orange-blanc-150x150.png 150w, https:\/\/e-zymove.com\/wp-content\/uploads\/2024\/02\/orange-blanc-768x768.png 768w, https:\/\/e-zymove.com\/wp-content\/uploads\/2024\/02\/orange-blanc-350x350.png 350w, https:\/\/e-zymove.com\/wp-content\/uploads\/2024\/02\/orange-blanc.png 1080w\" sizes=\"(max-width: 31px) 100vw, 31px\" \/><\/a> \u00a0<a href=\"https:\/\/e-zymove.com\/index.php\/produit\/e-opai-5\/\"><img loading=\"lazy\" decoding=\"async\" class=\"alignnone wp-image-3229\" src=\"https:\/\/e-zymove.com\/wp-content\/uploads\/2024\/02\/vert-blanc-300x300.png\" alt=\"\" width=\"31\" height=\"31\" srcset=\"https:\/\/e-zymove.com\/wp-content\/uploads\/2024\/02\/vert-blanc-300x300.png 300w, https:\/\/e-zymove.com\/wp-content\/uploads\/2024\/02\/vert-blanc-100x100.png 100w, https:\/\/e-zymove.com\/wp-content\/uploads\/2024\/02\/vert-blanc-600x600.png 600w, https:\/\/e-zymove.com\/wp-content\/uploads\/2024\/02\/vert-blanc-1024x1024.png 1024w, https:\/\/e-zymove.com\/wp-content\/uploads\/2024\/02\/vert-blanc-150x150.png 150w, https:\/\/e-zymove.com\/wp-content\/uploads\/2024\/02\/vert-blanc-768x768.png 768w, https:\/\/e-zymove.com\/wp-content\/uploads\/2024\/02\/vert-blanc-350x350.png 350w, https:\/\/e-zymove.com\/wp-content\/uploads\/2024\/02\/vert-blanc.png 1080w\" sizes=\"(max-width: 31px) 100vw, 31px\" \/><\/a><\/p>\n<h4><span style=\"color: #ff9900;\"><strong>*Bonus \u00e9cologique -360 \u20ac d\u00e9j\u00e0 d\u00e9duit<\/strong><\/span><\/h4>\n","protected":false},"featured_media":3232,"comment_status":"open","ping_status":"closed","template":"","meta":[],"product_brand":[],"product_cat":[98,35],"product_tag":[],"class_list":{"0":"post-3224","1":"product","2":"type-product","3":"status-publish","4":"has-post-thumbnail","6":"type-motos-et-scooters","7":"product_cat-easy-watts","8":"product_cat-scooters-50cc","10":"first","11":"instock","12":"taxable","13":"shipping-taxable","14":"purchasable","15":"product-type-simple"},"jetpack_sharing_enabled":true,"_links":{"self":[{"href":"https:\/\/e-zymove.com\/index.php\/wp-json\/wp\/v2\/product\/3224","targetHints":{"allow":["GET"]}}],"collection":[{"href":"https:\/\/e-zymove.com\/index.php\/wp-json\/wp\/v2\/product"}],"about":[{"href":"https:\/\/e-zymove.com\/index.php\/wp-json\/wp\/v2\/types\/product"}],"replies":[{"embeddable":true,"href":"https:\/\/e-zymove.com\/index.php\/wp-json\/wp\/v2\/comments?post=3224"}],"version-history":[{"count":10,"href":"https:\/\/e-zymove.com\/index.php\/wp-json\/wp\/v2\/product\/3224\/revisions"}],"predecessor-version":[{"id":3575,"href":"https:\/\/e-zymove.com\/index.php\/wp-json\/wp\/v2\/product\/3224\/revisions\/3575"}],"wp:featuredmedia":[{"embeddable":true,"href":"https:\/\/e-zymove.com\/index.php\/wp-json\/wp\/v2\/media\/3232"}],"wp:attachment":[{"href":"https:\/\/e-zymove.com\/index.php\/wp-json\/wp\/v2\/media?parent=3224"}],"wp:term":[{"taxonomy":"product_brand","embeddable":true,"href":"https:\/\/e-zymove.com\/index.php\/wp-json\/wp\/v2\/product_brand?post=3224"},{"taxonomy":"product_cat","embeddable":true,"href":"https:\/\/e-zymove.com\/index.php\/wp-json\/wp\/v2\/product_cat?post=3224"},{"taxonomy":"product_tag","embeddable":true,"href":"https:\/\/e-zymove.com\/index.php\/wp-json\/wp\/v2\/product_tag?post=3224"}],"curies":[{"name":"wp","href":"https:\/\/api.w.org\/{rel}","templated":true}]}}