{"id":3195,"date":"2024-02-29T11:46:15","date_gmt":"2024-02-29T10:46:15","guid":{"rendered":"https:\/\/e-zymove.com\/?post_type=product&#038;p=3195"},"modified":"2025-03-10T13:31:39","modified_gmt":"2025-03-10T12:31:39","slug":"emma-2","status":"publish","type":"product","link":"https:\/\/e-zymove.com\/index.php\/produit\/emma-2\/","title":{"rendered":"Emma"},"content":{"rendered":"<p style=\"text-align: left; padding-left: 80px;\"><strong>Type de v\u00e9hicule &#8211; <\/strong>Scooter \u00e9lectrique<\/p>\n<hr style=\"padding-left: 80px;\" \/>\n<p style=\"text-align: left; padding-left: 80px;\"><strong>Vitesse max &#8211;\u00a0<\/strong>45 km\/h<\/p>\n<hr style=\"padding-left: 80px;\" \/>\n<p style=\"text-align: left; padding-left: 80px;\"><strong>Marche arri\u00e8re &#8211; <\/strong>Oui<\/p>\n<hr style=\"padding-left: 80px;\" \/>\n<p style=\"text-align: left; padding-left: 80px;\"><strong>\u00c9cran de contr\u00f4le &#8211;\u00a0<\/strong>LED<\/p>\n<hr style=\"padding-left: 80px;\" \/>\n<p style=\"text-align: left; padding-left: 80px;\"><strong>S\u00e9curit\u00e9 antivol &#8211; <\/strong>Batterie amovible, guidon verrouillable, alarme<\/p>\n<hr style=\"padding-left: 80px;\" \/>\n<p style=\"text-align: left; padding-left: 80px;\"><strong>Type de jantes &#8211; <\/strong>\u00c0 b\u00e2tons<\/p>\n<hr style=\"padding-left: 80px;\" \/>\n<p style=\"text-align: left; padding-left: 80px;\"><strong>Type de moteur &#8211; <\/strong>Brushless en moyeu de roue arri\u00e8re<\/p>\n<hr style=\"padding-left: 80px;\" \/>\n<p style=\"text-align: left; padding-left: 80px;\"><strong>Puissance moteur nette &#8211; <\/strong>2200 Watts<\/p>\n<hr style=\"padding-left: 80px;\" \/>\n<p style=\"text-align: left; padding-left: 80px;\"><strong>Couple &#8211; <\/strong>44 nm \u00e0 1175 tr\/min<\/p>\n<hr style=\"padding-left: 80px;\" \/>\n<p style=\"text-align: left; padding-left: 80px;\"><strong>Type de batterie &#8211; <\/strong>Lithium-ion NMC<\/p>\n<hr style=\"padding-left: 80px;\" \/>\n<p style=\"text-align: left; padding-left: 80px;\"><strong>Voltage batterie &#8211;<\/strong> 60 Volts<\/p>\n<hr style=\"padding-left: 80px;\" \/>\n<p style=\"text-align: left; padding-left: 80px;\"><strong>Amp\u00e8re \/ Heure batterie &#8211; <\/strong>20 Ah<\/p>\n<hr style=\"padding-left: 80px;\" \/>\n<p style=\"text-align: left; padding-left: 80px;\"><strong>Kilowattheures &#8211; <\/strong>1.2 Kwh<\/p>\n<hr style=\"padding-left: 80px;\" \/>\n<p style=\"text-align: left; padding-left: 80px;\"><strong>Autonomie ( conduite \u00e9co ) &#8211;\u00a0<\/strong>60 km<\/p>\n<hr style=\"padding-left: 80px;\" \/>\n<p style=\"text-align: left; padding-left: 80px;\"><strong>Autonomie ( conduite pleine puissance ) &#8211;\u00a0<\/strong>40 km<\/p>\n<hr style=\"padding-left: 80px;\" \/>\n<p style=\"text-align: left; padding-left: 80px;\"><strong>Batterie amovible &#8211; <\/strong>Oui<\/p>\n<hr \/>\n<p>&nbsp;<\/p>\n","protected":false},"excerpt":{"rendered":"<p><img decoding=\"async\" class=\"alignnone wp-image-3186\" src=\"https:\/\/e-zymove.com\/wp-content\/uploads\/2024\/02\/logo-300x87.png\" alt=\"\" width=\"193\" height=\"56\" srcset=\"https:\/\/e-zymove.com\/wp-content\/uploads\/2024\/02\/logo-300x87.png 300w, https:\/\/e-zymove.com\/wp-content\/uploads\/2024\/02\/logo-600x173.png 600w, https:\/\/e-zymove.com\/wp-content\/uploads\/2024\/02\/logo-350x101.png 350w, https:\/\/e-zymove.com\/wp-content\/uploads\/2024\/02\/logo.png 755w\" sizes=\"(max-width: 193px) 100vw, 193px\" \/><\/p>\n<h1>Emma<\/h1>\n<p>Le scooter \u00e9lectrique Emma est dot\u00e9 d&rsquo;un moteur \u00e9lectrique brushless en moyeu de roue arri\u00e8re.<br \/>\nSa puissance nominale est de\u00a0<strong>2 200 Watts (soit 2,2 kw).<\/strong><\/p>\n<p><a href=\"https:\/\/e-zymove.com\/index.php\/produit\/emma-3\/\"><img decoding=\"async\" class=\"alignnone wp-image-3190\" src=\"https:\/\/e-zymove.com\/wp-content\/uploads\/2024\/02\/bleu-300x300.png\" alt=\"\" width=\"31\" height=\"31\" srcset=\"https:\/\/e-zymove.com\/wp-content\/uploads\/2024\/02\/bleu-300x300.png 300w, https:\/\/e-zymove.com\/wp-content\/uploads\/2024\/02\/bleu-100x100.png 100w, https:\/\/e-zymove.com\/wp-content\/uploads\/2024\/02\/bleu-600x600.png 600w, https:\/\/e-zymove.com\/wp-content\/uploads\/2024\/02\/bleu-1024x1024.png 1024w, https:\/\/e-zymove.com\/wp-content\/uploads\/2024\/02\/bleu-150x150.png 150w, https:\/\/e-zymove.com\/wp-content\/uploads\/2024\/02\/bleu-768x768.png 768w, https:\/\/e-zymove.com\/wp-content\/uploads\/2024\/02\/bleu-350x350.png 350w, https:\/\/e-zymove.com\/wp-content\/uploads\/2024\/02\/bleu.png 1080w\" sizes=\"(max-width: 31px) 100vw, 31px\" \/><\/a> <a href=\"https:\/\/e-zymove.com\/index.php\/produit\/emma-2\/\"><img decoding=\"async\" class=\"alignnone wp-image-3191\" src=\"https:\/\/e-zymove.com\/wp-content\/uploads\/2024\/02\/rose-300x300.png\" alt=\"\" width=\"31\" height=\"31\" srcset=\"https:\/\/e-zymove.com\/wp-content\/uploads\/2024\/02\/rose-300x300.png 300w, https:\/\/e-zymove.com\/wp-content\/uploads\/2024\/02\/rose-100x100.png 100w, https:\/\/e-zymove.com\/wp-content\/uploads\/2024\/02\/rose-600x600.png 600w, https:\/\/e-zymove.com\/wp-content\/uploads\/2024\/02\/rose-1024x1024.png 1024w, https:\/\/e-zymove.com\/wp-content\/uploads\/2024\/02\/rose-150x150.png 150w, https:\/\/e-zymove.com\/wp-content\/uploads\/2024\/02\/rose-768x768.png 768w, https:\/\/e-zymove.com\/wp-content\/uploads\/2024\/02\/rose-350x350.png 350w, https:\/\/e-zymove.com\/wp-content\/uploads\/2024\/02\/rose.png 1080w\" sizes=\"(max-width: 31px) 100vw, 31px\" \/><\/a> <a href=\"https:\/\/e-zymove.com\/index.php\/produit\/emma\/\"><img loading=\"lazy\" decoding=\"async\" class=\"alignnone wp-image-3192\" src=\"https:\/\/e-zymove.com\/wp-content\/uploads\/2024\/02\/vertt-300x300.png\" alt=\"\" width=\"31\" height=\"31\" srcset=\"https:\/\/e-zymove.com\/wp-content\/uploads\/2024\/02\/vertt-300x300.png 300w, https:\/\/e-zymove.com\/wp-content\/uploads\/2024\/02\/vertt-100x100.png 100w, https:\/\/e-zymove.com\/wp-content\/uploads\/2024\/02\/vertt-600x600.png 600w, https:\/\/e-zymove.com\/wp-content\/uploads\/2024\/02\/vertt-1024x1024.png 1024w, https:\/\/e-zymove.com\/wp-content\/uploads\/2024\/02\/vertt-150x150.png 150w, https:\/\/e-zymove.com\/wp-content\/uploads\/2024\/02\/vertt-768x768.png 768w, https:\/\/e-zymove.com\/wp-content\/uploads\/2024\/02\/vertt-350x350.png 350w, https:\/\/e-zymove.com\/wp-content\/uploads\/2024\/02\/vertt.png 1080w\" sizes=\"(max-width: 31px) 100vw, 31px\" \/><\/a><\/p>\n<h4><span style=\"color: #ff9900;\"><strong>*Bonus \u00e9cologique -300 \u20ac d\u00e9j\u00e0 d\u00e9duit<\/strong><\/span><\/h4>\n","protected":false},"featured_media":3196,"comment_status":"open","ping_status":"closed","template":"","meta":[],"product_brand":[],"product_cat":[98,35],"product_tag":[],"class_list":{"0":"post-3195","1":"product","2":"type-product","3":"status-publish","4":"has-post-thumbnail","6":"type-motos-et-scooters","7":"product_cat-easy-watts","8":"product_cat-scooters-50cc","10":"first","11":"instock","12":"taxable","13":"shipping-taxable","14":"purchasable","15":"product-type-simple"},"jetpack_sharing_enabled":true,"_links":{"self":[{"href":"https:\/\/e-zymove.com\/index.php\/wp-json\/wp\/v2\/product\/3195","targetHints":{"allow":["GET"]}}],"collection":[{"href":"https:\/\/e-zymove.com\/index.php\/wp-json\/wp\/v2\/product"}],"about":[{"href":"https:\/\/e-zymove.com\/index.php\/wp-json\/wp\/v2\/types\/product"}],"replies":[{"embeddable":true,"href":"https:\/\/e-zymove.com\/index.php\/wp-json\/wp\/v2\/comments?post=3195"}],"version-history":[{"count":5,"href":"https:\/\/e-zymove.com\/index.php\/wp-json\/wp\/v2\/product\/3195\/revisions"}],"predecessor-version":[{"id":3577,"href":"https:\/\/e-zymove.com\/index.php\/wp-json\/wp\/v2\/product\/3195\/revisions\/3577"}],"wp:featuredmedia":[{"embeddable":true,"href":"https:\/\/e-zymove.com\/index.php\/wp-json\/wp\/v2\/media\/3196"}],"wp:attachment":[{"href":"https:\/\/e-zymove.com\/index.php\/wp-json\/wp\/v2\/media?parent=3195"}],"wp:term":[{"taxonomy":"product_brand","embeddable":true,"href":"https:\/\/e-zymove.com\/index.php\/wp-json\/wp\/v2\/product_brand?post=3195"},{"taxonomy":"product_cat","embeddable":true,"href":"https:\/\/e-zymove.com\/index.php\/wp-json\/wp\/v2\/product_cat?post=3195"},{"taxonomy":"product_tag","embeddable":true,"href":"https:\/\/e-zymove.com\/index.php\/wp-json\/wp\/v2\/product_tag?post=3195"}],"curies":[{"name":"wp","href":"https:\/\/api.w.org\/{rel}","templated":true}]}}