{"id":3159,"date":"2024-02-07T17:27:07","date_gmt":"2024-02-07T16:27:07","guid":{"rendered":"https:\/\/e-zymove.com\/?post_type=product&#038;p=3159"},"modified":"2025-03-09T16:06:19","modified_gmt":"2025-03-09T15:06:19","slug":"speedtrott-xt-800","status":"publish","type":"product","link":"https:\/\/e-zymove.com\/index.php\/produit\/speedtrott-xt-800\/","title":{"rendered":"SPEEDTROTT &#8211; XT 800 &#8211; Limited Edition"},"content":{"rendered":"<ul class=\"elementor-icon-list-items\">\n<li class=\"elementor-icon-list-item\">\n<div class=\"elementor-widget elementor-element elementor-element-04w98uz elementor-widget-heading\" data-element_type=\"heading\">\n<div class=\"elementor-widget-container\">\n<h2 class=\"elementor-heading-title elementor-size-default none\">CARACT\u00c9RISTIQUES TECHNIQUES :<\/h2>\n<\/div>\n<\/div>\n<div class=\"elementor-widget elementor-element elementor-element-f489ac4 elementor-widget-divider\" data-element_type=\"divider\">\n<div class=\"elementor-widget-container\">\n<div class=\"elementor-divider\"><\/div>\n<\/div>\n<\/div>\n<div class=\"elementor-widget elementor-element elementor-element-vr3vlya elementor-widget-icon-list\" data-element_type=\"icon-list\">\n<div class=\"elementor-widget-container\">\n<ul class=\"elementor-icon-list-items\">\n<li class=\"elementor-icon-list-item\"><i class=\"fa fa-check\"><\/i>\u00a0<span class=\"elementor-icon-list-text\">MOD\u00c8LE : XT<\/span><\/li>\n<li class=\"elementor-icon-list-item\"><i class=\"fa fa-check\"><\/i>\u00a0<span class=\"elementor-icon-list-text\">POIDS : 21 KG<\/span><\/li>\n<li class=\"elementor-icon-list-item\"><i class=\"fa fa-check\"><\/i>\u00a0<span class=\"elementor-icon-list-text\">\u00c2GE L\u00c9GAL : \u00e0 partir de 14 ans<\/span><\/li>\n<li class=\"elementor-icon-list-item\"><i class=\"fa fa-check\"><\/i>\u00a0<span class=\"elementor-icon-list-text\">TAILLE ID\u00c9ALE du pilote : entre 1,30m et 2m<\/span><\/li>\n<li class=\"elementor-icon-list-item\"><i class=\"fa fa-check\"><\/i>\u00a0<span class=\"elementor-icon-list-text\">CHARGE MAX : 120 KG<\/span><\/li>\n<li class=\"elementor-icon-list-item\"><i class=\"fa fa-check\"><\/i>\u00a0<span class=\"elementor-icon-list-text\">VITESSE MAX : 25 KM\/H (brid\u00e9e)<\/span><\/li>\n<li class=\"elementor-icon-list-item\"><i class=\"fa fa-check\"><\/i>\u00a0<span class=\"elementor-icon-list-text\">AUTONOMIE MAX : 40 KMS<\/span><\/li>\n<li class=\"elementor-icon-list-item\"><i class=\"fa fa-check\"><\/i>\u00a0<span class=\"elementor-icon-list-text\">PENTES ADMISSIBLES : environ 20%<\/span><\/li>\n<li class=\"elementor-icon-list-item\"><i class=\"fa fa-check\"><\/i>\u00a0<span class=\"elementor-icon-list-text\">\u00c9TANCH\u00c9IT\u00c9 : IP65<\/span><\/li>\n<li class=\"elementor-icon-list-item\"><i class=\"fa fa-check\"><\/i>\u00a0<span class=\"elementor-icon-list-text\">TEMPS DE CHARGE : 5 heures<\/span><\/li>\n<li class=\"elementor-icon-list-item\"><i class=\"fa fa-check\"><\/i>\u00a0<span class=\"elementor-icon-list-text\">FREINAGE : Tambour AV + Disque AR<\/span><\/li>\n<li class=\"elementor-icon-list-item\"><i class=\"fa fa-check\"><\/i>\u00a0<span class=\"elementor-icon-list-text\">CADRE : Magn\u00e9sium monobloc<\/span><\/li>\n<li class=\"elementor-icon-list-item\"><i class=\"fa fa-check\"><\/i>\u00a0<span class=\"elementor-icon-list-text\">PNEUS : 10&Prime; semi offroad<\/span><\/li>\n<li class=\"elementor-icon-list-item\"><i class=\"fa fa-check\"><\/i>\u00a0<span class=\"elementor-icon-list-text\">BATTERIE : 48V-15Ah<\/span><\/li>\n<li class=\"elementor-icon-list-item\"><i class=\"fa fa-check\"><\/i>\u00a0<span class=\"elementor-icon-list-text\">MOTEUR : 800W<\/span><\/li>\n<li class=\"elementor-icon-list-item\"><i class=\"fa fa-check\"><\/i>\u00a0<span class=\"elementor-icon-list-text\">SUSPENSIONS : Ressorts AV &#8211; PU AR<\/span><\/li>\n<li class=\"elementor-icon-list-item\"><i class=\"fa fa-check\"><\/i>\u00a0<span class=\"elementor-icon-list-text\">VISIBILIT\u00c9 : Clignotants &#8211; Phare AV &#8211; Feux stop &#8211; LED lat\u00e9rales<\/span><\/li>\n<li class=\"elementor-icon-list-item\"><i class=\"fa fa-check\"><\/i>\u00a0<span class=\"elementor-icon-list-text\">CONNECTIVIT\u00c9 : Bluetooth<\/span><\/li>\n<\/ul>\n<\/div>\n<\/div>\n<\/li>\n<\/ul>\n","protected":false},"excerpt":{"rendered":"<h2><strong>SPEEDTROTT &#8211; XT 800 &#8211; Limited Edition<\/strong><\/h2>\n<h4><strong>LA BAROUDEUSE DES TEMPS MODERNES<\/strong><\/h4>\n<p>PR\u00caTE POUR L&rsquo;AVENTURE<\/p>\n<p>La XT-800 est con\u00e7ue pour les aventuriers. Cette\u00a0<strong>trottinette \u00e9lectrique robuste et polyvalente<\/strong>\u00a0est \u00e9quip\u00e9e d&rsquo;<strong>un moteur arri\u00e8re de 800W<\/strong>, de\u00a0<strong>pneus semi off-road<\/strong>\u00a0et de\u00a0<strong>suspensions<\/strong>\u00a0soigneusement s\u00e9lectionn\u00e9es pour affronter les terrains les plus exigeants. Elle vous emm\u00e8nera o\u00f9 vous le souhaitez, que ce soit\u00a0<strong>\u00e0 travers la boue, la neige, ou sur les chemins accident\u00e9s. <img decoding=\"async\" src=\"https:\/\/gyromax.fr\/img\/cms\/XT-XTDUAL\/XT-02.png\" \/><\/strong><\/p>\n<h4><strong>UN DESIGN SUBVERSIF<\/strong><\/h4>\n<p>INSPIR\u00c9 DE LA MOTO CROSS<\/p>\n<p>Avec son\u00a0<strong>cadre monobloc<\/strong>,\u00a0<strong>ses suspensions robustes<\/strong>, et son allure distinctive, la XT-800 est un v\u00e9ritable \u00e9talon. Sa\u00a0<strong>double fourche avant<\/strong>\u00a0et son deck rappelant la\u00a0<strong>g\u00e9om\u00e9trie des skateboards<\/strong> la rendent unique par rapport aux autres trottinettes \u00e9lectriques sur le march\u00e9. <img decoding=\"async\" src=\"https:\/\/gyromax.fr\/img\/cms\/XT-XTDUAL\/XT-PERFS.png\" \/><\/p>\n<h4><strong>\u00c9TANCH\u00c9IT\u00c9 CERTIFI\u00c9E<\/strong><\/h4>\n<p>\u00c0 L&rsquo;\u00c9PREUVE DE TOUS LES TEMPS<\/p>\n<p>Ne craignez plus les intemp\u00e9ries avec la XT-800. Gr\u00e2ce \u00e0 sa certification IPX5, elle\u00a0<strong>r\u00e9siste \u00e0 l&rsquo;eau, la boue et la neige<\/strong>, pour ne jamais vous laisser tomber, quelles que soient les conditions.<\/p>\n<p>Bien que la XT-800 soit\u00a0<strong>taill\u00e9e pour les aventures en tout-terrain<\/strong>, elle s&rsquo;adapte \u00e9galement parfaitement au paysage urbain.\u00a0<strong>Maniable et robuste<\/strong>, elle offre\u00a0<strong>des performances adapt\u00e9es aux grands rouleurs urbains<\/strong>\u00a0et vous accompagnera fid\u00e8lement au quotidien,\u00a0<strong>quel que soit le temps<\/strong>.<\/p>\n<p><img decoding=\"async\" src=\"https:\/\/gyromax.fr\/img\/cms\/XT-XTDUAL\/XTDUAL-CLIGNOS.png\" \/><\/p>\n<div class=\"elementor-widget elementor-element elementor-element-jy3nzna elementor-widget-heading\" data-element_type=\"heading\">\n<div class=\"elementor-widget-container\">\n<h2 class=\"elementor-heading-title elementor-size-default none\">\u00c9DITION LIMIT\u00c9E<\/h2>\n<\/div>\n<\/div>\n<div class=\"elementor-widget elementor-element elementor-element-x7d9jxg elementor-widget-text-editor\" data-element_type=\"text-editor\">\n<div class=\"elementor-widget-container\">\n<div class=\"elementor-text-editor rte-content\">\n<p>UNE OCCASION \u00c0 NE PAS RATER !<\/p>\n<\/div>\n<\/div>\n<\/div>\n<div class=\"elementor-widget elementor-element elementor-element-bi376vl elementor-widget-text-editor\" data-element_type=\"text-editor\">\n<div class=\"elementor-widget-container\">\n<div class=\"elementor-text-editor rte-content\">\n<p>Produite en\u00a0<strong>tr\u00e8s faible quantit\u00e9<\/strong>, cette\u00a0<strong>trottinette \u00e9lectrique<\/strong>\u00a0a tout pour se distinguer. Une\u00a0<strong>couleur bronze<\/strong>\u00a0\u00e9l\u00e9gante,\u00a0<strong>des clignotants int\u00e9gr\u00e9s au guidon<\/strong>, une\u00a0<strong>visibilit\u00e9 accentu\u00e9e<\/strong>\u00a0pour la s\u00e9curit\u00e9,\u00a0<strong>une connectivit\u00e9<\/strong>\u00a0sans faille pour suivre les performances de votre trottinette \u00e9lectrique !<\/p>\n<p><img decoding=\"async\" src=\"https:\/\/gyromax.fr\/img\/cms\/XT-XTDUAL\/XT-03-bis.png\" \/><\/p>\n<div class=\"elementor-widget elementor-element elementor-element-ab9a0is elementor-widget-heading\" data-element_type=\"heading\">\n<div class=\"elementor-widget-container\">\n<h2 class=\"elementor-heading-title elementor-size-default none\">UN DESIGN SUBVERSIF<\/h2>\n<\/div>\n<\/div>\n<div class=\"elementor-widget elementor-element elementor-element-vypz4gp elementor-widget-text-editor\" data-element_type=\"text-editor\">\n<div class=\"elementor-widget-container\">\n<div class=\"elementor-text-editor rte-content\">\n<p>INSPIR\u00c9 DE LA MOTO CROSS<\/p>\n<\/div>\n<\/div>\n<\/div>\n<div class=\"elementor-widget elementor-element elementor-element-6kd87sw elementor-widget-divider\" data-element_type=\"divider\">\n<div class=\"elementor-widget-container\">\n<div class=\"elementor-divider\"><\/div>\n<\/div>\n<\/div>\n<div class=\"elementor-widget elementor-element elementor-element-ags6gj3 elementor-widget-text-editor\" data-element_type=\"text-editor\">\n<div class=\"elementor-widget-container\">\n<div class=\"elementor-text-editor rte-content\">\n<p>Avec son\u00a0<strong>cadre monobloc<\/strong>,\u00a0<strong>ses suspensions robustes<\/strong>, et son allure distinctive, la XT est un v\u00e9ritable \u00e9talon. Sa\u00a0<strong>double fourche avant<\/strong>\u00a0et son deck rappelant la\u00a0<strong>g\u00e9om\u00e9trie des skateboards<\/strong>\u00a0la rendent unique par rapport aux autres trottinettes \u00e9lectriques sur le march\u00e9.<\/p>\n<\/div>\n<\/div>\n<\/div>\n<\/div>\n<\/div>\n<\/div>\n","protected":false},"featured_media":4463,"comment_status":"open","ping_status":"closed","template":"","meta":[],"product_brand":[],"product_cat":[94,32],"product_tag":[],"class_list":{"0":"post-3159","1":"product","2":"type-product","3":"status-publish","4":"has-post-thumbnail","6":"product_cat-speedtrott","7":"product_cat-trottinettes","9":"first","10":"instock","11":"sale","12":"taxable","13":"shipping-taxable","14":"purchasable","15":"product-type-simple"},"jetpack_sharing_enabled":true,"_links":{"self":[{"href":"https:\/\/e-zymove.com\/index.php\/wp-json\/wp\/v2\/product\/3159","targetHints":{"allow":["GET"]}}],"collection":[{"href":"https:\/\/e-zymove.com\/index.php\/wp-json\/wp\/v2\/product"}],"about":[{"href":"https:\/\/e-zymove.com\/index.php\/wp-json\/wp\/v2\/types\/product"}],"replies":[{"embeddable":true,"href":"https:\/\/e-zymove.com\/index.php\/wp-json\/wp\/v2\/comments?post=3159"}],"version-history":[{"count":7,"href":"https:\/\/e-zymove.com\/index.php\/wp-json\/wp\/v2\/product\/3159\/revisions"}],"predecessor-version":[{"id":4466,"href":"https:\/\/e-zymove.com\/index.php\/wp-json\/wp\/v2\/product\/3159\/revisions\/4466"}],"wp:featuredmedia":[{"embeddable":true,"href":"https:\/\/e-zymove.com\/index.php\/wp-json\/wp\/v2\/media\/4463"}],"wp:attachment":[{"href":"https:\/\/e-zymove.com\/index.php\/wp-json\/wp\/v2\/media?parent=3159"}],"wp:term":[{"taxonomy":"product_brand","embeddable":true,"href":"https:\/\/e-zymove.com\/index.php\/wp-json\/wp\/v2\/product_brand?post=3159"},{"taxonomy":"product_cat","embeddable":true,"href":"https:\/\/e-zymove.com\/index.php\/wp-json\/wp\/v2\/product_cat?post=3159"},{"taxonomy":"product_tag","embeddable":true,"href":"https:\/\/e-zymove.com\/index.php\/wp-json\/wp\/v2\/product_tag?post=3159"}],"curies":[{"name":"wp","href":"https:\/\/api.w.org\/{rel}","templated":true}]}}