{"id":3135,"date":"2024-01-26T10:45:53","date_gmt":"2024-01-26T09:45:53","guid":{"rendered":"https:\/\/e-zymove.com\/?post_type=product&#038;p=3135"},"modified":"2025-03-09T14:50:50","modified_gmt":"2025-03-09T13:50:50","slug":"teverun-fighter-mini-52v-208ah","status":"publish","type":"product","link":"https:\/\/e-zymove.com\/index.php\/produit\/teverun-fighter-mini-52v-208ah\/","title":{"rendered":"TEVERUN &#8211; FIGHTER MINI 52V 20,8AH"},"content":{"rendered":"<h3>Caract\u00e9ristiques<\/h3>\n<ul class=\"row\">\n<li class=\"col-md-6\">\n<h4>WEIGHT<\/h4>\n<p>68 kg<\/li>\n<li class=\"col-md-6\">\n<h4>BATTERIE<\/h4>\n<p>52V 20,8Ah<\/li>\n<li class=\"col-md-6\">\n<h4>AUTONOMIE<\/h4>\n<p>60 km (mode \u00e9co)<\/li>\n<li class=\"col-md-6\">\n<h4>PUISSANCE<\/h4>\n<p>2950W MAX<\/li>\n<li class=\"col-md-6\">\n<h4>VITESSE BRID\u00c9E<\/h4>\n<p>25 km\/h<\/li>\n<li class=\"col-md-6\">\n<h4>VITESSE MAX<\/h4>\n<p>60 km\/h<\/li>\n<li class=\"col-md-6\">\n<h4>POIDS<\/h4>\n<p>29,5 kg<\/li>\n<li class=\"col-md-6\">\n<h4>FREINAGE<\/h4>\n<p>Hydraulique, disque AV + AR<\/li>\n<li class=\"col-md-6\">\n<h4>ROUES<\/h4>\n<p>10 x 3 pouces, tubeless<\/li>\n<li class=\"col-md-6\">\n<h4>SUSPENSION<\/h4>\n<p>Hydraulique \u00e0 ressorts AV + AR<\/li>\n<li class=\"col-md-6\">\n<h4>\u00c9TANCH\u00c9IT\u00c9<\/h4>\n<p>IPX5<\/li>\n<li class=\"col-md-6\">\n<h4>TAILLE D\u00c9PLI\u00c9E<\/h4>\n<p>1180 x 650 x 1250 mm (L x l x h)<\/li>\n<\/ul>\n","protected":false},"excerpt":{"rendered":"<h2><strong>Teverun Fighter Mini : Pr\u00e9sentation :<\/strong><\/h2>\n<p>La nouvelle trottinette \u00e9lectrique\u00a0<strong>Teverun Fighter Mini<\/strong>\u00a0n\u2019a pas fini de faire parler d\u2019elle. En effet, les mod\u00e8les Teverun sont des\u00a0<strong>trottinettes puissantes et haut de gamme<\/strong>. La Fighter Mini l\u2019est \u00e9galement.\u00a0<strong>Plus compacte<\/strong> que la Fighter Ten et que l\u2019imposante Fighter Eleven, cette Mini vient jouer dans la cat\u00e9gorie des trottinettes compactes pour un usage urbain.<\/p>\n<p>Sur le plan du design, vous remarquerez que la Fighter Mini reprend les \u00e9l\u00e9ments typiques de chez Teverun. Vous reconnaitrez la\u00a0<strong>signature lumineuse propose \u00e0 la gamme<\/strong>\u00a0ainsi que le design g\u00e9n\u00e9ral de la trottinette, assez proche de ses grandes soeurs. Cependant,\u00a0<strong>cette Mini est plus compacte<\/strong> puisqu\u2019elle mesure presque 20 cm de moins que la Fighter Ten. Elle vient ainsi directement se positionner dans la cat\u00e9gorie de la l\u00e9gendaire Dualtron Mini.<\/p>\n<p>C\u00f4t\u00e9 technologies, vous serez servi. La Fighter Mini poss\u00e8de un\u00a0<strong>\u00e9cran TFT 3,5 pouces<\/strong>\u00a0au centre du guidon qui donne toutes les informations n\u00e9cessaires. De plus, il est\u00a0<strong>connect\u00e9 \u00e0 votre t\u00e9l\u00e9phone portable<\/strong>, ce qui permet plus de faciliter pour personnaliser les r\u00e9glages de la machine. Nous avons \u00e9galement ajout\u00e9 un\u00a0<strong>verrouillage par NFC<\/strong>\u00a0afin de s\u00e9curiser la trottinette lorsque vous la garer.<\/p>\n<h4>Des grandes performances pour cette Teverun Mini :<\/h4>\n<p>La Teverun Mini offre des caract\u00e9ristiques dignes d\u2019une trottinette sportive. Elle est tr\u00e8s puissante gr\u00e2ce aux\u00a0<strong>deux moteurs de 1000W<\/strong>\u00a0chacun positionn\u00e9 dans chaque roue. Cela lui permet d\u2019atteindre en\u00a0<strong>puissance maximale 2950W<\/strong>\u00a0! Pas mal pour une trottinette de\u00a0<strong>seulement 29,5 kg<\/strong>. Sur piste priv\u00e9e, vous pourrez rouler\u00a0<strong>jusqu\u2019\u00e0 60 km\/h<\/strong>\u00a0\u00e0 pleine puissance.<\/p>\n<p>Si vous recherchez une trottinette avec une grande autonomie alors vous serez satisfait de la\u00a0<strong>batterie 52V 20,8Ah<\/strong>\u00a0de cette Mini. Vous pourrez parcourir en mode \u00e9co\u00a0<strong>jusqu\u2019\u00e0 60 km<\/strong>. Une autonomie cons\u00e9quente pour une trottinette de ce gabarit. Elle sera parfaite pour effectuer vos d\u00e9placements quotidien et m\u00eame pour les balades.<\/p>\n<h4>Fighter Mini : freinage &amp; s\u00e9curit\u00e9 :<\/h4>\n<p>Bien entendu, nous avons mis le paquet sur la s\u00e9curit\u00e9 pour cette trottinette \u00e9lectrique. Vous serez impressionn\u00e9 par la\u00a0<strong>qualit\u00e9 des freins full hydrauliques<\/strong>\u00a0d\u00e9velopp\u00e9s en interne. Ils permettent de freiner efficacement en toute situation. Ainsi, \u00e9vitez les risques lors de freinage d\u2019urgence et roulez plus sereinement.<\/p>\n<p>La\u00a0<strong>suspension \u00e0 ressorts<\/strong>\u00a0a \u00e9galement \u00e9t\u00e9 travaill\u00e9e pour optimiser la tenue de route sans n\u00e9gliger le confort. Vous pourrez faire confiance \u00e0 la trottinette dans les courbes puisque les suspensions absorberont les asp\u00e9rit\u00e9s de la route et les pneus garantissent une tenue optimale au bitume. Les\u00a0<strong>roues 10 x 3 pouces en pneus tubeless<\/strong>\u00a0sont larges et permettent une conduite fluide sur la route.<\/p>\n<p>Autre point fort de cette trottinette \u00e9lectrique Teverun :\u00a0<strong>ses clignotants<\/strong>. En effet, vous remarquez que lorsque vous enclenchez les clignotants, toutes les LED du c\u00f4t\u00e9 gauche ou droit clignotent. Ainsi,\u00a0<strong>tout le c\u00f4t\u00e9 de la trottinette clignote en orange<\/strong>, ce qui permet d\u2019\u00eatre parfaitement visible par les autres utilisateurs.<\/p>\n","protected":false},"featured_media":3139,"comment_status":"open","ping_status":"closed","template":"","meta":[],"product_brand":[],"product_cat":[97,32],"product_tag":[],"class_list":{"0":"post-3135","1":"product","2":"type-product","3":"status-publish","4":"has-post-thumbnail","6":"product_cat-teverun","7":"product_cat-trottinettes","8":"product_shipping_class-articles-lourds","10":"first","11":"instock","12":"sale","13":"taxable","14":"shipping-taxable","15":"purchasable","16":"product-type-simple"},"jetpack_sharing_enabled":true,"_links":{"self":[{"href":"https:\/\/e-zymove.com\/index.php\/wp-json\/wp\/v2\/product\/3135","targetHints":{"allow":["GET"]}}],"collection":[{"href":"https:\/\/e-zymove.com\/index.php\/wp-json\/wp\/v2\/product"}],"about":[{"href":"https:\/\/e-zymove.com\/index.php\/wp-json\/wp\/v2\/types\/product"}],"replies":[{"embeddable":true,"href":"https:\/\/e-zymove.com\/index.php\/wp-json\/wp\/v2\/comments?post=3135"}],"version-history":[{"count":1,"href":"https:\/\/e-zymove.com\/index.php\/wp-json\/wp\/v2\/product\/3135\/revisions"}],"predecessor-version":[{"id":3140,"href":"https:\/\/e-zymove.com\/index.php\/wp-json\/wp\/v2\/product\/3135\/revisions\/3140"}],"wp:featuredmedia":[{"embeddable":true,"href":"https:\/\/e-zymove.com\/index.php\/wp-json\/wp\/v2\/media\/3139"}],"wp:attachment":[{"href":"https:\/\/e-zymove.com\/index.php\/wp-json\/wp\/v2\/media?parent=3135"}],"wp:term":[{"taxonomy":"product_brand","embeddable":true,"href":"https:\/\/e-zymove.com\/index.php\/wp-json\/wp\/v2\/product_brand?post=3135"},{"taxonomy":"product_cat","embeddable":true,"href":"https:\/\/e-zymove.com\/index.php\/wp-json\/wp\/v2\/product_cat?post=3135"},{"taxonomy":"product_tag","embeddable":true,"href":"https:\/\/e-zymove.com\/index.php\/wp-json\/wp\/v2\/product_tag?post=3135"}],"curies":[{"name":"wp","href":"https:\/\/api.w.org\/{rel}","templated":true}]}}