{"id":3076,"date":"2024-01-10T11:18:53","date_gmt":"2024-01-10T10:18:53","guid":{"rendered":"https:\/\/e-zymove.com\/?post_type=product&#038;p=3076"},"modified":"2024-10-02T10:53:05","modified_gmt":"2024-10-02T08:53:05","slug":"dualtron-thunder-2-72v-40ah-2024","status":"publish","type":"product","link":"https:\/\/e-zymove.com\/index.php\/produit\/dualtron-thunder-2-72v-40ah-2024\/","title":{"rendered":"DUALTRON &#8211; THUNDER 2 &#8211; 72V 40Ah &#8211; 2024"},"content":{"rendered":"<div id=\"container\">\n<div id=\"content\" role=\"main\">\n<div id=\"product-546705\" class=\"post-546705 product type-product status-publish has-post-thumbnail product_brand-dualtron product_cat-trottinette-electrique product_cat-vehicules-legers product_shipping_class-classe-vehicules-legers-france-monaco first instock taxable shipping-taxable purchasable product-type-simple\">\n<div class=\"container\">\n<div id=\"container\">\n<div id=\"content\" role=\"main\">\n<div id=\"product-497879\" class=\"post-497879 product type-product status-publish has-post-thumbnail product_brand-dualtron product_brand-minimotors product_cat-trottinette-electrique product_cat-vehicules-legers product_shipping_class-classe-vehicules-lourds-france-monaco first instock taxable shipping-taxable purchasable product-type-simple\">\n<div class=\"container\">\n<div id=\"container\">\n<div id=\"content\" role=\"main\">\n<div id=\"product-2482654\" class=\"post-2482654 product type-product status-publish has-post-thumbnail product_brand-dualtron product_cat-trottinette-electrique product_cat-vehicules-legers product_shipping_class-classe-vehicules-lourds-france-monaco first outofstock taxable shipping-taxable purchasable product-type-simple\">\n<div class=\"container\">\n<p>&nbsp;<\/p>\n<div class=\"row\">\n<div id=\"product-content\" class=\"col-md-6 summary\">\n<section class=\"product-caracts\">\n<h3>Caract\u00e9ristiques<\/h3>\n<ul class=\"row\">\n<li class=\"col-md-6\">\n<h4>WEIGHT<\/h4>\n<p>47.3 kg<\/li>\n<li class=\"col-md-6\">\n<h4>BATTERIE<\/h4>\n<p>LG M50T 72V 40Ah \u2013 cellules 21700 2058P<\/li>\n<li class=\"col-md-6\">\n<h4>AUTONOMIE<\/h4>\n<p>130km<\/li>\n<li class=\"col-md-6\">\n<h4>PUISSANCE NOMINALE<\/h4>\n<p>2000W x2<\/li>\n<li class=\"col-md-6\">\n<h4>PUISSANCE MAX<\/h4>\n<p>10080W<\/li>\n<li class=\"col-md-6\">\n<h4>VITESSE BRID\u00c9E<\/h4>\n<p>25 km\/h<\/li>\n<li class=\"col-md-6\">\n<h4>VITESSE MAX<\/h4>\n<p>100 km\/h<\/li>\n<li class=\"col-md-6\">\n<h4>POSITION MOTEUR<\/h4>\n<p>AV + AR<\/li>\n<li class=\"col-md-6\">\n<h4>POIDS<\/h4>\n<p>47,3 kg<\/li>\n<li class=\"col-md-6\">\n<h4>FREINAGE<\/h4>\n<p>Frein hydraulique<\/li>\n<li class=\"col-md-6\">\n<h4>ROUES<\/h4>\n<p>11 pouces anti-crevaison<\/li>\n<li class=\"col-md-6\">\n<h4>CONTROLEUR<\/h4>\n<p>72V 45Ah<\/li>\n<li class=\"col-md-6\">\n<h4>SUSPENSION<\/h4>\n<p>Cartouche r\u00e9glable avant et arri\u00e8re<\/li>\n<li class=\"col-md-6\">\n<h4>ECLAIRAGE<\/h4>\n<p>LED<\/li>\n<li class=\"col-md-6\">\n<h4>ETANCHEITE<\/h4>\n<p>IPX5<\/li>\n<li class=\"col-md-6\">\n<h4>PENTES<\/h4>\n<p>70% (35\u00b0)<\/li>\n<li class=\"col-md-6\">\n<h4>DISPLAY<\/h4>\n<p>Display EY4 LCD Bluetooth (Application DUALTRON disponible)<\/li>\n<li class=\"col-md-6\">\n<h4>TAILLE D\u00c9PLI\u00c9E<\/h4>\n<p>1260 x 620 x 1290 mm (longueur x largeur x hauteur)<\/li>\n<li class=\"col-md-6\">\n<h4>TAILLE PLI\u00c9E<\/h4>\n<p>1260 x 320 x 570 mm (longueur x largeur x hauteur)<\/li>\n<li class=\"col-md-6\">\n<h4>CHARGEUR<\/h4>\n<p>83V 1,5 Ah<\/li>\n<li class=\"col-md-6\">\n<h4>TEMPS DE CHARGE<\/h4>\n<p>27h<\/li>\n<\/ul>\n<\/section>\n<\/div>\n<\/div>\n<p>&nbsp;<\/p>\n<\/div>\n<\/div>\n<\/div>\n<\/div>\n<\/div>\n<\/div>\n<\/div>\n<\/div>\n<\/div>\n<\/div>\n<\/div>\n<\/div>\n","protected":false},"excerpt":{"rendered":"<h2><strong>DUALTRON &#8211; THUNDER 2 &#8211; 72V 40Ah &#8211; 2024<\/strong><\/h2>\n<h2>La trottinette ultime :<\/h2>\n<p>Nul besoin de pr\u00e9senter cette trottinette \u00e9lectrique dont le seul nom donne la chair de poule. La Dualtron Thunder 2 d\u00e9barque afin de remplacer un mod\u00e8le \u00e0 la r\u00e9putation immense. D\u00e9couvrez ce mod\u00e8le aux\u00a0<strong>performances uniques<\/strong>\u00a0au monde.<\/p>\n<p>Cette <strong>nouvelle version<\/strong>\u00a0de la Dualtron Thunder n\u2019est pas qu\u2019une simple mise \u00e0 jour, loin de l\u00e0. C\u2019est une toute nouvelle trottinette, plus moderne, plus puissante et surtout,\u00a0<strong>plus performante<\/strong>.<\/p>\n<h4>De la puissance \u00e0 tous les \u00e9tages :<\/h4>\n<p>Lors de sa sortie en 2018, nous avions l\u2019ambition de produire une trottinette unique en son genre. Ce fut chose faite puisque la Thunder \u00e9tait la plus puissante de sa cat\u00e9gorie. Aujourd\u2019hui, sa renomm\u00e9e est exceptionnelle et ses performances en font l\u2019<strong>une des meilleures trottinettes du monde<\/strong>.<\/p>\n<p>Cette Dualtron Thunder 2021 compte cependant faire oublier la g\u00e9n\u00e9ration pr\u00e9c\u00e9dente en repoussant toujours plus les limites. Ainsi, vous trouverez\u00a0<strong>deux moteurs surpuissants<\/strong>\u00a0pouvant d\u00e9velopper jusqu\u2019\u00e0 10080W de puissance. Vous ne r\u00eavez pas, la Thunder II ne fait pas les choses \u00e0 moiti\u00e9. Si vous en avez le courage, vous pourrez facilement atteindre les\u00a0<strong>100 km\/h<\/strong>\u00a0(sur piste priv\u00e9e) \u00e0 bord de ce bolide.<\/p>\n<p>Cette puissance exceptionnelle est coupl\u00e9e \u00e0 une batterie nouvelle g\u00e9n\u00e9ration. Sous le deck, vous trouverez une\u00a0<strong>batterie LG M50T de 72V 40Ah<\/strong>, ce qui se fait de mieux actuellement puisqu\u2019elle est \u00e9quip\u00e9e de cellules 21700 2058P. Cette batterie incroyable permet de maintenir une\u00a0<strong>autonomie cons\u00e9quente<\/strong>\u00a0(170km) malgr\u00e9 l\u2019app\u00e9tit des moteurs.<\/p>\n<h4>Dualtron Thunder 2 : une technologie de pointe :<\/h4>\n<p>Vous l\u2019aurez compris, la puissance r\u00e8gne \u00e0 bord de cette Dualtron 2024. Ce n\u2019est pas tout, nous avons \u00e9galement apport\u00e9 de <strong>nombreuses options<\/strong>\u00a0afin de rendre cette trottinette \u00e9lectrique performante et s\u00e9curisante. Vous verrez ainsi des nouveaut\u00e9s telles que des\u00a0<strong>contr\u00f4leurs 50A<\/strong>\u00a0pouvant monter jusqu\u2019\u00e0 60A avec le\u00a0<strong>mode boost<\/strong>. Un technologie unique sur le march\u00e9 qui vous permettra de d\u00e9passer vos limites sans d\u00e9passer celles de la machine.<\/p>\n<p>C\u00f4t\u00e9 s\u00e9curit\u00e9, nous avons s\u00e9lectionn\u00e9 pour vous un\u00a0<strong>freinage full hydraulique NUTT<\/strong>, gage de qualit\u00e9. Ces freins sont coupl\u00e9s \u00e0 un syst\u00e8me de r\u00e9cup\u00e9ration d\u2019\u00e9nergie lors des d\u00e9c\u00e9l\u00e9rations.<br \/>\nDe la puissance, du freinage mais aussi de la tenue de route pour cette trottinette. En effet, vous verrez ce mod\u00e8le \u00e9quip\u00e9 de\u00a0<strong>pneus 11 pouces<\/strong>\u00a0mais \u00e9galement de suspensions avec amortisseurs \u00e0 cartouches interchangeables. Un syst\u00e8me permettant confort et maintient au sol en conduite sportive.<\/p>\n<h4>Les autres nouveaut\u00e9s :<\/h4>\n<p>La Dualtron Thunder 2 vous r\u00e9serve encore quelques surprises. En effet, nous avons repens\u00e9 totalement son design et sa conception. Concr\u00e8tement, vous trouverez un\u00a0<strong>nouveau syst\u00e8me de pliage<\/strong>\u00a0(folding), plus r\u00e9sistant et plus s\u00e9curisant. Celui-ci est associ\u00e9 \u00e0 un\u00a0<strong>collier de serrage double<\/strong>, emp\u00eachant qu\u2019un jeu de guidon apparaisse.<\/p>\n<p>Concernant l\u2019esth\u00e9tique, vous avez d\u00fb remarquer le\u00a0<strong>spoiler arri\u00e8re<\/strong>\u00a0int\u00e9grant le feu stop \u00e0 LED. Ce spoiler fait \u00e9galement office de repose-pieds afin d\u2019assurer une\u00a0<strong>conduite agr\u00e9able<\/strong>. Lorsque vous souhaitez d\u00e9placer la trottinette, ce spoiler se transforme en poign\u00e9e de transport et facilite vos manoeuvres. Au niveau du deck, le grip a \u00e9t\u00e9 chang\u00e9. Nous avons d\u00e9velopp\u00e9 un\u00a0<strong>nouveau grip en caoutchouc<\/strong>\u00a0pour le plateau. Outre le fait d\u2019\u00eatre moins salissant, il permet aussi de ne pas glisser et ainsi d\u2019\u00eatre plus en s\u00e9curit\u00e9.<\/p>\n","protected":false},"featured_media":4111,"comment_status":"open","ping_status":"closed","template":"","meta":[],"product_brand":[],"product_cat":[67,32],"product_tag":[],"class_list":{"0":"post-3076","1":"product","2":"type-product","3":"status-publish","4":"has-post-thumbnail","6":"product_cat-dualtron","7":"product_cat-trottinettes","8":"product_shipping_class-articles-lourds","10":"first","11":"instock","12":"taxable","13":"shipping-taxable","14":"purchasable","15":"product-type-simple"},"jetpack_sharing_enabled":true,"_links":{"self":[{"href":"https:\/\/e-zymove.com\/index.php\/wp-json\/wp\/v2\/product\/3076","targetHints":{"allow":["GET"]}}],"collection":[{"href":"https:\/\/e-zymove.com\/index.php\/wp-json\/wp\/v2\/product"}],"about":[{"href":"https:\/\/e-zymove.com\/index.php\/wp-json\/wp\/v2\/types\/product"}],"replies":[{"embeddable":true,"href":"https:\/\/e-zymove.com\/index.php\/wp-json\/wp\/v2\/comments?post=3076"}],"version-history":[{"count":3,"href":"https:\/\/e-zymove.com\/index.php\/wp-json\/wp\/v2\/product\/3076\/revisions"}],"predecessor-version":[{"id":4113,"href":"https:\/\/e-zymove.com\/index.php\/wp-json\/wp\/v2\/product\/3076\/revisions\/4113"}],"wp:featuredmedia":[{"embeddable":true,"href":"https:\/\/e-zymove.com\/index.php\/wp-json\/wp\/v2\/media\/4111"}],"wp:attachment":[{"href":"https:\/\/e-zymove.com\/index.php\/wp-json\/wp\/v2\/media?parent=3076"}],"wp:term":[{"taxonomy":"product_brand","embeddable":true,"href":"https:\/\/e-zymove.com\/index.php\/wp-json\/wp\/v2\/product_brand?post=3076"},{"taxonomy":"product_cat","embeddable":true,"href":"https:\/\/e-zymove.com\/index.php\/wp-json\/wp\/v2\/product_cat?post=3076"},{"taxonomy":"product_tag","embeddable":true,"href":"https:\/\/e-zymove.com\/index.php\/wp-json\/wp\/v2\/product_tag?post=3076"}],"curies":[{"name":"wp","href":"https:\/\/api.w.org\/{rel}","templated":true}]}}