{"id":3051,"date":"2024-01-10T10:46:53","date_gmt":"2024-01-10T09:46:53","guid":{"rendered":"https:\/\/e-zymove.com\/?post_type=product&#038;p=3051"},"modified":"2025-03-09T11:01:23","modified_gmt":"2025-03-09T10:01:23","slug":"dualtron-achilleus-60v-35ah-rouge-2024","status":"publish","type":"product","link":"https:\/\/e-zymove.com\/index.php\/produit\/dualtron-achilleus-60v-35ah-rouge-2024\/","title":{"rendered":"DUALTRON &#8211; ACHILLEUS &#8211; 60V 35AH &#8211; ROUGE 2024"},"content":{"rendered":"<div id=\"container\">\n<div id=\"content\" role=\"main\">\n<div id=\"product-546705\" class=\"post-546705 product type-product status-publish has-post-thumbnail product_brand-dualtron product_cat-trottinette-electrique product_cat-vehicules-legers product_shipping_class-classe-vehicules-legers-france-monaco first instock taxable shipping-taxable purchasable product-type-simple\">\n<div class=\"container\">\n<h3>Caract\u00e9ristiques<\/h3>\n<ul class=\"row\">\n<li class=\"col-md-6\">\n<h4>BATTERIE<\/h4>\n<p>60V 35Ah LG21700<\/li>\n<li class=\"col-md-6\">\n<h4>AUTONOMIE<\/h4>\n<p>120 km<\/li>\n<li class=\"col-md-6\">\n<h4>PUISSANCE<\/h4>\n<p>4648W<\/li>\n<li class=\"col-md-6\">\n<h4>VITESSE BRID\u00c9E<\/h4>\n<p>25 km\/h<\/li>\n<li class=\"col-md-6\">\n<h4>VITESSE MAX<\/h4>\n<p>80 km\/h<\/li>\n<li class=\"col-md-6\">\n<h4>FREINAGE<\/h4>\n<p>Full hydraulique<\/li>\n<li class=\"col-md-6\">\n<h4>POIDS<\/h4>\n<p>40,2 kg<\/li>\n<li class=\"col-md-6\">\n<h4>ROUES<\/h4>\n<p>11&Prime; tubeless<\/li>\n<li class=\"col-md-6\">\n<h4>CHARGE MAX<\/h4>\n<p>120 kg<\/li>\n<li class=\"col-md-6\">\n<h4>SUSPENSIONS<\/h4>\n<p>AV + AR<\/li>\n<li class=\"col-md-6\">\n<h4>TAILLE D\u00c9PLI\u00c9E<\/h4>\n<p>1250 x 615 x 1240 mm (L x l x h)<\/li>\n<li class=\"col-md-6\">\n<h4>TAILLE PLI\u00c9E<\/h4>\n<p>1250 x 275 x 560 mm (L x l x h)<\/li>\n<\/ul>\n<\/div>\n<\/div>\n<\/div>\n<\/div>\n","protected":false},"excerpt":{"rendered":"<h4>Nouveaut\u00e9s sur cette version 2024 :<\/h4>\n<ul>\n<li>Display EYE 4<\/li>\n<li>Grip deck en silicone<\/li>\n<li>Phare avant puissant<\/li>\n<li>Klaxon puissant<\/li>\n<li>Freinage NUTT<\/li>\n<\/ul>\n<h2><strong>Dualtron Achilleus 2024 : Nouvelle reine des trottinettes 11\u2033<\/strong><\/h2>\n<p>Nous avons l\u2019honneur de vous pr\u00e9senter un nouveau mod\u00e8le de la gamme Dualtron. La Dualtron Achilleus 2024 vient compl\u00e9ter une gamme de trottinettes \u00e9lectriques sportives et se positionne comme rempla\u00e7ante de la Dualtron Thunder 1\u00e8re g\u00e9n\u00e9ration. Cette trottinette \u00e9lectrique aux caract\u00e9ristiques uniques se veut moderne, fiable et performante.<\/p>\n<p>Vous remarquerez dans un premier temps le design de cette\u00a0<strong>Dualtron Achilleus 2024 60V 35Ah<\/strong>. Il est emprunt\u00e9 \u00e0 la Dualtron Thunder 2 afin de rester dans l\u2019esprit de la marque. Sobre et \u00e9l\u00e9gante, la Achilleus se d\u00e9marque par ses \u00e9quipements. Vous trouverez notamment des\u00a0<strong>freins full hydrauliques<\/strong>, un repose pied int\u00e9gr\u00e9 dans le deck et une suspension am\u00e9lior\u00e9e.<\/p>\n<h4>Des caract\u00e9ristiques impressionnantes :<\/h4>\n<p>Outre son design et ses \u00e9quipements, la Achilleus offre des capacit\u00e9s hors normes. Vous aimerez sa\u00a0<strong>puissance de 4648W<\/strong>\u00a0d\u00e9velopp\u00e9e par ses deux moteurs. Inutile de vous pr\u00e9ciser que vous n\u2019aurez aucun souci \u00e0 franchir les mont\u00e9es ou \u00e0 circuler hors des sentiers battus avec cette Dualtron Achilleus. Chauss\u00e9e en pneus 11\u2033 comme la Thunder, elle offre une tenue de route impeccable sur tous les terrains.<\/p>\n<p>Ce n\u2019est pas tout, nous avons choisi de l\u2019\u00e9quiper de la m\u00eame\u00a0<strong>batterie LG 60V 35Ah<\/strong>\u00a0que la Thunder. Ainsi, cette batterie de grande qualit\u00e9 continuera de faire ses preuves avec l\u2019Achilleus. Elle proposera cependant une autonomie l\u00e9g\u00e8rement sup\u00e9rieure \u00e0 celle de la Dualtron Thunder. En effet, cette Dualtron Achilleus est \u00e9quip\u00e9e d\u2019un contr\u00f4leur 35A, moins gourmand en \u00e9nergie.<\/p>\n<h4>Dualtron Achilleus 2024 vs Dualtron Thunder :<\/h4>\n<p>Vous l\u2019aurez compris, la Dualtron Achilleus 2024 vient remplacer la premi\u00e8re g\u00e9n\u00e9ration de Dualtron Thunder. Nous tenions \u00e0 garder dans notre gamme une trottinette \u00e9lectrique 60V afin de r\u00e9pondre aux besoins du plus grand nombre. Au niveau du design, vous remarquerez que les deux mod\u00e8les sont vraiment diff\u00e9rents. La Dualtron Achilleus est plus moderne, profite de la\u00a0<strong>nouvelle signature LED<\/strong>\u00a0mais \u00e9galement du repose pieds int\u00e9gr\u00e9 dans le deck.<\/p>\n<p>Sur le plan des caract\u00e9ristiques, les deux mod\u00e8les sont tr\u00e8s proches. Nous avons cependant int\u00e9gr\u00e9 un\u00a0<strong>contr\u00f4leur 35A<\/strong>\u00a0dans cette Achilleus afin de permettre d\u2019obtenir une autonomie l\u00e9g\u00e8rement am\u00e9lior\u00e9e. La taille de l\u2019aimant du moteur a \u00e9galement \u00e9t\u00e9 r\u00e9duite \u00e0 50 mm (60 pour la Thunder). L\u2019autre diff\u00e9rence va se faire au niveau du gabarit de la trottinette puisque\u00a0<strong>la Achilleus est plus fine et plus l\u00e9g\u00e8re<\/strong>. Elle perd ainsi presque 3 kg sur la balance.<\/p>\n[embed]https:\/\/youtu.be\/g4qF-vWuW0Y[\/embed]\n","protected":false},"featured_media":3149,"comment_status":"open","ping_status":"closed","template":"","meta":[],"product_brand":[],"product_cat":[67,32],"product_tag":[],"class_list":{"0":"post-3051","1":"product","2":"type-product","3":"status-publish","4":"has-post-thumbnail","6":"product_cat-dualtron","7":"product_cat-trottinettes","8":"product_shipping_class-articles-lourds","10":"first","11":"instock","12":"taxable","13":"shipping-taxable","14":"purchasable","15":"product-type-simple"},"jetpack_sharing_enabled":true,"_links":{"self":[{"href":"https:\/\/e-zymove.com\/index.php\/wp-json\/wp\/v2\/product\/3051","targetHints":{"allow":["GET"]}}],"collection":[{"href":"https:\/\/e-zymove.com\/index.php\/wp-json\/wp\/v2\/product"}],"about":[{"href":"https:\/\/e-zymove.com\/index.php\/wp-json\/wp\/v2\/types\/product"}],"replies":[{"embeddable":true,"href":"https:\/\/e-zymove.com\/index.php\/wp-json\/wp\/v2\/comments?post=3051"}],"version-history":[{"count":4,"href":"https:\/\/e-zymove.com\/index.php\/wp-json\/wp\/v2\/product\/3051\/revisions"}],"predecessor-version":[{"id":4256,"href":"https:\/\/e-zymove.com\/index.php\/wp-json\/wp\/v2\/product\/3051\/revisions\/4256"}],"wp:featuredmedia":[{"embeddable":true,"href":"https:\/\/e-zymove.com\/index.php\/wp-json\/wp\/v2\/media\/3149"}],"wp:attachment":[{"href":"https:\/\/e-zymove.com\/index.php\/wp-json\/wp\/v2\/media?parent=3051"}],"wp:term":[{"taxonomy":"product_brand","embeddable":true,"href":"https:\/\/e-zymove.com\/index.php\/wp-json\/wp\/v2\/product_brand?post=3051"},{"taxonomy":"product_cat","embeddable":true,"href":"https:\/\/e-zymove.com\/index.php\/wp-json\/wp\/v2\/product_cat?post=3051"},{"taxonomy":"product_tag","embeddable":true,"href":"https:\/\/e-zymove.com\/index.php\/wp-json\/wp\/v2\/product_tag?post=3051"}],"curies":[{"name":"wp","href":"https:\/\/api.w.org\/{rel}","templated":true}]}}