{"id":2996,"date":"2024-01-10T01:05:27","date_gmt":"2024-01-10T00:05:27","guid":{"rendered":"https:\/\/e-zymove.com\/?post_type=product&#038;p=2996"},"modified":"2025-03-09T11:21:34","modified_gmt":"2025-03-09T10:21:34","slug":"dualtron-city-60v20ah","status":"publish","type":"product","link":"https:\/\/e-zymove.com\/index.php\/produit\/dualtron-city-60v20ah\/","title":{"rendered":"DUALTRON &#8211; CITY &#8211; 60V20AH"},"content":{"rendered":"<div id=\"container\">\n<div id=\"content\" role=\"main\">\n<div id=\"product-546705\" class=\"post-546705 product type-product status-publish has-post-thumbnail product_brand-dualtron product_cat-trottinette-electrique product_cat-vehicules-legers product_shipping_class-classe-vehicules-legers-france-monaco first instock taxable shipping-taxable purchasable product-type-simple\">\n<div class=\"container\">\n<h3>Caract\u00e9ristiques<\/h3>\n<ul class=\"row\">\n<li class=\"col-md-6\">\n<h4>BATTERIE<\/h4>\n<p>60V20Ah<\/li>\n<li class=\"col-md-6\">\n<h4>PUISSANCE<\/h4>\n<p>4000W<\/li>\n<li class=\"col-md-6\">\n<h4>AUTONOMIE<\/h4>\n<p>70 km<\/li>\n<li class=\"col-md-6\">\n<h4>VITESSE BRID\u00c9E<\/h4>\n<p>25 km\/h<\/li>\n<li class=\"col-md-6\">\n<h4>VITESSE MAX<\/h4>\n<p>70 km\/h<\/li>\n<li class=\"col-md-6\">\n<h4>FREINAGE<\/h4>\n<p>Hydraulique Zoom \u00e0 disques 160mm<\/li>\n<li class=\"col-md-6\">\n<h4>POIDS<\/h4>\n<p>41,2 kg<\/li>\n<li class=\"col-md-6\">\n<h4>ROUES<\/h4>\n<p>15 pouces<\/li>\n<li class=\"col-md-6\">\n<h4>CHARGE MAX<\/h4>\n<p>120 kg<\/li>\n<li class=\"col-md-6\">\n<h4>SUSPENSIONS<\/h4>\n<p>Cartouches interchangeables<\/li>\n<li class=\"col-md-6\">\n<h4>TAILLE D\u00c9PLI\u00c9E<\/h4>\n<p>1570 x 615 x 1310 mm (guidon position haute)<br \/>\n1570 x 615 X 1270 mm (guidon position basse)<\/li>\n<li class=\"col-md-6\">\n<h4>TAILLE PLI\u00c9E<\/h4>\n<p>1570 x 256 x 750 mm<\/li>\n<li class=\"col-md-6\">\n<h4>TEMPS DE CHARGE<\/h4>\n<p>10h<\/li>\n<li class=\"col-md-6\">\n<h4>\u00c9CLAIRAGE<\/h4>\n<p>LED<\/li>\n<\/ul>\n<\/div>\n<\/div>\n<\/div>\n<\/div>\n","protected":false},"excerpt":{"rendered":"<h2><strong>DUALTRON &#8211; CITY &#8211; 60V20AH<\/strong><\/h2>\n<h4>Dualtron City : la trottinette \u00e9lectrique confortable<\/h4>\n<p>Nouvelle arriv\u00e9e dans la gamme Dualtron, la City vient adopter\u00a0<strong>un style totalement unique<\/strong>\u00a0sur la march\u00e9. Vous serez tout de suite attir\u00e9 par ses\u00a0<strong>grandes roues 15 pouces<\/strong>\u00a0qui lui donne une allure imposante. Taill\u00e9e pour la ville et l\u2019utilisation urbaine, cette trottinette \u00e9lectrique est avant tout confortable. Dot\u00e9e de deux moteurs, elle d\u00e9veloppe\u00a0<strong>une puissance de 4000W<\/strong>\u00a0et confirme ainsi son ADN Dualtron.<\/p>\n<p>Assez haute, cette Dualtron City permet une\u00a0<strong>prise en main facile et rapide<\/strong>. Vous appr\u00e9cierez la position de conduite qui permet de rouler tout en douceur, peu importe la route.<\/p>\n<h4>Du confort mais aussi de la puissance :<\/h4>\n<p>Cette trottinette \u00e9lectrique Dualtron City n\u2019est pas seulement\u00a0<strong>une trottinette confortable<\/strong>. Elle poss\u00e8de \u00e9galement une grande puissance digne des meilleures Dualtron. Avec 4000W au total, soyez s\u00fbr de ne jamais manquer d\u2019acc\u00e9l\u00e9ration ou de vitesse ! Cette puissance importante est r\u00e9partie dans les deux grandes roues de 15 pouces chacune.<\/p>\n<p>Afin d\u2019aider les moteurs \u00e0 fournir une telle puissance, nous avons \u00e9quip\u00e9 la trottinette d\u2019une\u00a0<strong>batterie 60V 20Ah ou 30Ah<\/strong>. Cette batterie permet ainsi d\u2019obtenir\u00a0<strong>jusqu\u2019\u00e0 80 \u00e0 110 kilom\u00e8tres d\u2019autonomie<\/strong>\u00a0en mode \u00e9co. Vous pourrez alors rouler toute la journ\u00e9e, que ce soit pour aller travailler ou le week-end pour des balades, sans avoir \u00e0 recharger.<\/p>\n<h4>Une qualit\u00e9 irr\u00e9prochable pour cette Dualtron City :<\/h4>\n<p>Une chose est s\u00fbre, cette trottinette \u00e9lectrique fait partie des\u00a0<strong>trottinettes haut de gamme<\/strong>\u00a0du march\u00e9. Nous avons pris soin d\u2019apporter une grande attention \u00e0 la finition du mod\u00e8le. Vous trouverez ainsi un deck silicone moderne et solide. \u00c0 l\u2019arri\u00e8re, un\u00a0<strong>repose pieds int\u00e9grant le feu stop<\/strong>\u00a0et permettant d\u2019avoir une position de conduite optimale.<\/p>\n<p>Les bras de suspensions int\u00e8grent des\u00a0<strong>lumi\u00e8res LED<\/strong>\u00a0avec le logo Dualtron. Ces LED sont d\u2019ailleurs r\u00e9glables et personnalisables \u00e0 souhait afin de donner un look unique \u00e0 votre machine.<\/p>\n<h4>Trottinette \u00e9lectrique \u00e0 batterie amovible :<\/h4>\n<p>L\u2019autre point fort de cette trottinette \u00e9lectrique puissante est sa batterie. En effet, celle-ci est\u00a0<strong>totalement amovible<\/strong>\u00a0et peut donc \u00eatre recharg\u00e9e partout sans avoir besoin d\u2019avoir la trottinette \u00e0 proximit\u00e9.<\/p>\n<p>Cette trottinette se r\u00e9v\u00e8le alors tr\u00e8s\u00a0<strong>pratique en toute situation<\/strong>. Elle est pliable, compacte et peut \u00eatre recharg\u00e9e facilement et rapidement. Un vrai plus pour l\u2019utilisation au quotidien.<\/p>\n[embed]https:\/\/youtu.be\/yfJUe8HPKdI[\/embed]\n","protected":false},"featured_media":2997,"comment_status":"open","ping_status":"closed","template":"","meta":[],"product_brand":[],"product_cat":[67,32],"product_tag":[],"class_list":{"0":"post-2996","1":"product","2":"type-product","3":"status-publish","4":"has-post-thumbnail","6":"product_cat-dualtron","7":"product_cat-trottinettes","8":"product_shipping_class-articles-lourds","10":"first","11":"instock","12":"taxable","13":"shipping-taxable","14":"purchasable","15":"product-type-simple"},"jetpack_sharing_enabled":true,"_links":{"self":[{"href":"https:\/\/e-zymove.com\/index.php\/wp-json\/wp\/v2\/product\/2996","targetHints":{"allow":["GET"]}}],"collection":[{"href":"https:\/\/e-zymove.com\/index.php\/wp-json\/wp\/v2\/product"}],"about":[{"href":"https:\/\/e-zymove.com\/index.php\/wp-json\/wp\/v2\/types\/product"}],"replies":[{"embeddable":true,"href":"https:\/\/e-zymove.com\/index.php\/wp-json\/wp\/v2\/comments?post=2996"}],"version-history":[{"count":1,"href":"https:\/\/e-zymove.com\/index.php\/wp-json\/wp\/v2\/product\/2996\/revisions"}],"predecessor-version":[{"id":3005,"href":"https:\/\/e-zymove.com\/index.php\/wp-json\/wp\/v2\/product\/2996\/revisions\/3005"}],"wp:featuredmedia":[{"embeddable":true,"href":"https:\/\/e-zymove.com\/index.php\/wp-json\/wp\/v2\/media\/2997"}],"wp:attachment":[{"href":"https:\/\/e-zymove.com\/index.php\/wp-json\/wp\/v2\/media?parent=2996"}],"wp:term":[{"taxonomy":"product_brand","embeddable":true,"href":"https:\/\/e-zymove.com\/index.php\/wp-json\/wp\/v2\/product_brand?post=2996"},{"taxonomy":"product_cat","embeddable":true,"href":"https:\/\/e-zymove.com\/index.php\/wp-json\/wp\/v2\/product_cat?post=2996"},{"taxonomy":"product_tag","embeddable":true,"href":"https:\/\/e-zymove.com\/index.php\/wp-json\/wp\/v2\/product_tag?post=2996"}],"curies":[{"name":"wp","href":"https:\/\/api.w.org\/{rel}","templated":true}]}}