{"id":2967,"date":"2024-01-10T00:21:53","date_gmt":"2024-01-09T23:21:53","guid":{"rendered":"https:\/\/e-zymove.com\/?post_type=product&#038;p=2967"},"modified":"2024-10-24T08:29:23","modified_gmt":"2024-10-24T06:29:23","slug":"dualtron-mini-52v-21ah","status":"publish","type":"product","link":"https:\/\/e-zymove.com\/index.php\/produit\/dualtron-mini-52v-21ah\/","title":{"rendered":"TROTTINETTE ELECTRIQUE DUALTRON MINI SPECIAL 52V 21Ah NEW EY3 CONNECTE"},"content":{"rendered":"<div id=\"container\">\n<div id=\"content\" role=\"main\">\n<div id=\"product-117022\" class=\"post-117022 product type-product status-publish has-post-thumbnail product_brand-dualtron product_brand-minimotors product_cat-trottinette-electrique product_cat-vehicules-legers product_shipping_class-classe-vehicules-legers-france-monaco first instock taxable shipping-taxable purchasable product-type-simple\">\n<div class=\"container\">\n<p>&nbsp;<\/p>\n<div class=\"row\">\n<div id=\"product-content\" class=\"col-md-6 summary\">\n<section class=\"product-caracts\">\n<h3>Caract\u00e9ristiques<\/h3>\n<ul class=\"row\">\n<li class=\"col-md-6\">\n<h4>WEIGHT<\/h4>\n<p>26 kg<\/li>\n<li class=\"col-md-6\">\n<h4>BATTERIE<\/h4>\n<p>52V 21Ah<\/li>\n<li class=\"col-md-6\">\n<h4>PUISSANCE<\/h4>\n<p>&nbsp;<\/p>\n<p>1000W &#8211; 1450W MAX<\/li>\n<li class=\"col-md-6\">\n<h4>FREINAGE<\/h4>\n<p>Frein tambour avant + arri\u00e8re<\/li>\n<li class=\"col-md-6\">\n<h4>PNEUS<\/h4>\n<p>8,5 pouces chambre \u00e0 air<\/li>\n<li class=\"col-md-6\">\n<h4>\u00c9CLAIRAGE<\/h4>\n<p>LED<\/li>\n<li class=\"col-md-6\">\n<h4>VITESSE<\/h4>\n<p>25 km\/h<\/li>\n<li class=\"col-md-6\">\n<h4>AUTONOMIE<\/h4>\n<p>65 km<\/li>\n<li class=\"col-md-6\">\n<h4>LARGEUR DU PLATEAU<\/h4>\n<p>21 cm<\/li>\n<li class=\"col-md-6\">\n<h4>DIMENSIONS D\u00c9PLI\u00c9E<\/h4>\n<p>116 x 60 x 111 cm<\/li>\n<li class=\"col-md-6\">\n<h4>DIMENSIONS PLI\u00c9E<\/h4>\n<p>30 x 60 x 111 cm<\/li>\n<\/ul>\n<\/section>\n<\/div>\n<\/div>\n<p>&nbsp;<\/p>\n<\/div>\n<\/div>\n<\/div>\n<\/div>\n","protected":false},"excerpt":{"rendered":"<h2><strong>DUALTRON &#8211; MINI &#8211; 52V 21Ah<\/strong><\/h2>\n<p>Inutile de pr\u00e9senter la Dualtron Mini. Minimotors a cr\u00e9e cette trottinette \u00e9lectrique compacte afin de r\u00e9pondre aux besoins des utilisateurs. Cette\u00a0<strong>Dualtron Mini 52V 21Ah<\/strong>\u00a0s&rsquo;adresse donc \u00e0 tous ceux cherchant une trottinette pour des petits trajets du quotidien. Puissante et maniable, cette DT Mini se veut surtout\u00a0<strong>polyvalente<\/strong>. Utilisable partout ou presque, elle se faufile avec facilit\u00e9. Retrouvez \u00e9galement de grandes am\u00e9liorations sur cette Mini\u00a0<strong>dual brake<\/strong>. Le changement principal est donc l&rsquo;<strong>ajout d&rsquo;un frein suppl\u00e9mentaire<\/strong>.<\/p>\n<h4>Un freinage complet, enfin ! :<\/h4>\n<p>C&rsquo;\u00e9tait l&rsquo;am\u00e9lioration attendue par tous les fans. L&rsquo;ajout d&rsquo;un second frein sur la Dualtron Mini 21Ah\u00a0s&rsquo;est fait attendre mais vient am\u00e9liorer la s\u00e9curit\u00e9 de la trottinette. Plac\u00e9 \u00e0 l&rsquo;avant, ce\u00a0<strong>nouveau frein tambour<\/strong>\u00a0est fix\u00e9 dans la\u00a0<strong>nouvelle jante aluminium<\/strong>\u00a0pr\u00e9vue pour l&rsquo;occasion. Le freinage se veut donc optimal avec cette trottinette \u00e9lectrique et c&rsquo;est important. En effet, avec les 1000W du moteur arri\u00e8re, il faut un\u00a0<strong>freinage efficace<\/strong>.<\/p>\n<h4>Autonomie Dualtron Mini 21 :<\/h4>\n<p>Cette Dualtron Mini 21 va plaire au plus grand nombre. Elle affiche de belles caract\u00e9ristiques techniques tout en gardant un gabarit raisonnable. Vous trouverez donc un\u00a0<strong>moteur 1000W<\/strong>\u00a0coupl\u00e9 \u00e0 une\u00a0<strong>nouvelle batterie 52V 21Ah<\/strong>. Vous pourrez alors effectuer un\u00a0<strong>trajet de 65 km<\/strong>\u00a0(en mode \u00e9co) avec une charge compl\u00e8te. Cette trottinette \u00e9lectrique est donc id\u00e9ale pour tous les utilisateurs citadins recherchant une alternative efficace aux transports en commun.<\/p>\n[embed]https:\/\/youtu.be\/sdHHfCj_IuM[\/embed]\n","protected":false},"featured_media":2969,"comment_status":"open","ping_status":"closed","template":"","meta":[],"product_brand":[],"product_cat":[67,32],"product_tag":[],"class_list":{"0":"post-2967","1":"product","2":"type-product","3":"status-publish","4":"has-post-thumbnail","6":"product_cat-dualtron","7":"product_cat-trottinettes","8":"product_shipping_class-articles-lourds","10":"first","11":"instock","12":"taxable","13":"shipping-taxable","14":"purchasable","15":"product-type-simple"},"jetpack_sharing_enabled":true,"_links":{"self":[{"href":"https:\/\/e-zymove.com\/index.php\/wp-json\/wp\/v2\/product\/2967","targetHints":{"allow":["GET"]}}],"collection":[{"href":"https:\/\/e-zymove.com\/index.php\/wp-json\/wp\/v2\/product"}],"about":[{"href":"https:\/\/e-zymove.com\/index.php\/wp-json\/wp\/v2\/types\/product"}],"replies":[{"embeddable":true,"href":"https:\/\/e-zymove.com\/index.php\/wp-json\/wp\/v2\/comments?post=2967"}],"version-history":[{"count":4,"href":"https:\/\/e-zymove.com\/index.php\/wp-json\/wp\/v2\/product\/2967\/revisions"}],"predecessor-version":[{"id":4116,"href":"https:\/\/e-zymove.com\/index.php\/wp-json\/wp\/v2\/product\/2967\/revisions\/4116"}],"wp:featuredmedia":[{"embeddable":true,"href":"https:\/\/e-zymove.com\/index.php\/wp-json\/wp\/v2\/media\/2969"}],"wp:attachment":[{"href":"https:\/\/e-zymove.com\/index.php\/wp-json\/wp\/v2\/media?parent=2967"}],"wp:term":[{"taxonomy":"product_brand","embeddable":true,"href":"https:\/\/e-zymove.com\/index.php\/wp-json\/wp\/v2\/product_brand?post=2967"},{"taxonomy":"product_cat","embeddable":true,"href":"https:\/\/e-zymove.com\/index.php\/wp-json\/wp\/v2\/product_cat?post=2967"},{"taxonomy":"product_tag","embeddable":true,"href":"https:\/\/e-zymove.com\/index.php\/wp-json\/wp\/v2\/product_tag?post=2967"}],"curies":[{"name":"wp","href":"https:\/\/api.w.org\/{rel}","templated":true}]}}