{"id":2952,"date":"2024-01-09T23:58:04","date_gmt":"2024-01-09T22:58:04","guid":{"rendered":"https:\/\/e-zymove.com\/?post_type=product&#038;p=2952"},"modified":"2025-03-09T13:20:44","modified_gmt":"2025-03-09T12:20:44","slug":"dualtron-pop-52v-20ah-mono-moteur","status":"publish","type":"product","link":"https:\/\/e-zymove.com\/index.php\/produit\/dualtron-pop-52v-20ah-mono-moteur\/","title":{"rendered":"DUALTRON &#8211; POP &#8211; 52V 20Ah &#8211; MONO MOTEUR"},"content":{"rendered":"<h3>Caract\u00e9ristiques<\/h3>\n<ul class=\"row\">\n<li class=\"col-md-6\">\n<h4>WEIGHT<\/h4>\n<p>32.5 kg<\/li>\n<li class=\"col-md-6\">\n<h4>BATTERIE<\/h4>\n<p>52V 20AH<\/li>\n<li class=\"col-md-6\">\n<h4>AUTONOMIE<\/h4>\n<p>60 km<\/li>\n<li class=\"col-md-6\">\n<h4>PUISSANCE NOMINALE<\/h4>\n<p>900W<\/li>\n<li class=\"col-md-6\">\n<h4>PUISSANCE MAX<\/h4>\n<p>1450W<\/li>\n<li class=\"col-md-6\">\n<h4>VITESSE BRID\u00c9E<\/h4>\n<p>25 km\/h<\/li>\n<li class=\"col-md-6\">\n<h4>VITESSE MAX<\/h4>\n<p>45 km\/h<\/li>\n<li class=\"col-md-6\">\n<h4>POIDS<\/h4>\n<p>30,1 kg<\/li>\n<li class=\"col-md-6\">\n<h4>CHARGE MAX<\/h4>\n<p>120 kg<\/li>\n<li class=\"col-md-6\">\n<h4>SUSPENSION<\/h4>\n<p>AV + AR r\u00e9glable<\/li>\n<li class=\"col-md-6\">\n<h4>ROUES<\/h4>\n<p>9 pouces chambre \u00e0 air<\/li>\n<li class=\"col-md-6\">\n<h4>CONTR\u00d4LEUR<\/h4>\n<p>52V 25A<\/li>\n<li class=\"col-md-6\">\n<h4>\u00c9TANCH\u00c9IT\u00c9<\/h4>\n<p>IPX5<\/li>\n<li class=\"col-md-6\">\n<h4>PENTE<\/h4>\n<p>37% \/ 20\u00b0<\/li>\n<li class=\"col-md-6\">\n<h4>CLIGNOTANTS<\/h4>\n<p>OUI<\/li>\n<li class=\"col-md-6\">\n<h4>CHARGEUR<\/h4>\n<p>58,1V 2A<\/li>\n<li class=\"col-md-6\">\n<h4>TEMPS DE CHARGE<\/h4>\n<p>10h<\/li>\n<li class=\"col-md-6\">\n<h4>TAILLE D\u00c9PLI\u00c9E<\/h4>\n<p>1200 x 634 x 1216 mm (L x l x h)<\/li>\n<li class=\"col-md-6\">\n<h4>TAILLE PLI\u00c9E<\/h4>\n<p>1227 x 205 x 523 mm (L x l x h)<\/li>\n<li class=\"col-md-6\">\n<h4>TAILLE CARTON<\/h4>\n<p>1260 x 270 x 465 mm (L x l x h)<\/li>\n<\/ul>\n","protected":false},"excerpt":{"rendered":"<h2>DUALTRON &#8211; POP &#8211; 52V 20Ah &#8211; MONO MOTEUR<\/h2>\n<h4><strong>La Dualtron Pop ( popular) : La trottinette \u00e9lectrique urbaine par\u00a0excellence<\/strong><\/h4>\n<p>La\u00a0<strong>Dualtron Pop<\/strong>, derni\u00e8re merveille de l\u2019ann\u00e9e 2023, tr\u00f4ne majestueusement au sommet de la gamme des trottinettes \u00e9lectriques urbaines. Elle est tout simplement exceptionnelle, \u00e9tanche avec une certification IPX5, son ch\u00e2ssis est d\u2019une robustesse in\u00e9gal\u00e9e, sa batterie est tout bonnement immense et d\u2019une puissance ph\u00e9nom\u00e9nale. La\u00a0<strong>Dualtron Pop<\/strong>\u00a0surpasse toutes les attentes en mati\u00e8re de mobilit\u00e9 quotidienne.<\/p>\n<h4><strong>Disponible en 5 versions<\/strong><\/h4>\n<p>La\u00a0<strong>Dualtron Pop\u00a0<\/strong>est propos\u00e9e avec 3 types de batterie 52V et une motorisation simple moteur ou double moteur :<\/p>\n<p>\u2013 monomoteur : 14 AH cellules 18650, 20 AH cellules 21700, 25 AH cellules \u00a0LG 21700<br \/>\n\u2013 bimoteur : 20 AH cellules 21700, 25 AH cellules \u00a0LG 21700,<\/p>\n<h4><strong>Les atouts de la Dualtron Pop<\/strong><\/h4>\n<p>Cette toute nouvelle Dualtron Popular arbore un \u00c9cran TFT couleur EY2 d\u2019une qualit\u00e9 exceptionnelle et une connectivit\u00e9 Bluetooth de pointe pour un contr\u00f4le absolu depuis votre smartphone.<\/p>\n<p>Elle \u00e9blouit avec des autonomies remarquablement \u00e9tendues gr\u00e2ce \u00e0 ses trois options de batterie. La batterie se retire avec une facilit\u00e9 sans \u00e9gale, rendant la maintenance un jeu d\u2019enfant.<\/p>\n<p>En ce qui concerne l\u2019\u00e9clairage, elle brille de mille feux avec ses deux phares avant de 3 watts d\u2019une luminosit\u00e9 in\u00e9gal\u00e9e. Elle est \u00e9galement \u00e9quip\u00e9e de clignotants avant et arri\u00e8re, ainsi que d\u2019un Klaxon \u00e9lectronique de qualit\u00e9 sup\u00e9rieure.<\/p>\n<p>Le confort offert par la Dualtron Pop est tout simplement somptueux. Elle est munie d\u2019une double suspension avant et arri\u00e8re d\u2019une douceur in\u00e9gal\u00e9e.<\/p>\n<p>Ses performances ne sont rien de moins qu\u2019extraordinaires, avec une puissance ph\u00e9nom\u00e9nale de 1450 WATTS pour la version mono-moteur et une incroyable puissance de 2900 WATTS pour la version bi-moteur, vous permettant d\u2019atteindre une vitesse vertigineuse de 60 km\/h.<\/p>\n<p>De plus, ses pneus extra-larges de 9 pouces vous garantissent un confort optimal, le summum de la conduite en tout terrain.<\/p>\n","protected":false},"featured_media":2950,"comment_status":"open","ping_status":"closed","template":"","meta":[],"product_brand":[],"product_cat":[67,32],"product_tag":[],"class_list":{"0":"post-2952","1":"product","2":"type-product","3":"status-publish","4":"has-post-thumbnail","6":"product_cat-dualtron","7":"product_cat-trottinettes","8":"product_shipping_class-articles-lourds","10":"first","11":"instock","12":"sale","13":"taxable","14":"shipping-taxable","15":"purchasable","16":"product-type-simple"},"jetpack_sharing_enabled":true,"_links":{"self":[{"href":"https:\/\/e-zymove.com\/index.php\/wp-json\/wp\/v2\/product\/2952","targetHints":{"allow":["GET"]}}],"collection":[{"href":"https:\/\/e-zymove.com\/index.php\/wp-json\/wp\/v2\/product"}],"about":[{"href":"https:\/\/e-zymove.com\/index.php\/wp-json\/wp\/v2\/types\/product"}],"replies":[{"embeddable":true,"href":"https:\/\/e-zymove.com\/index.php\/wp-json\/wp\/v2\/comments?post=2952"}],"version-history":[{"count":1,"href":"https:\/\/e-zymove.com\/index.php\/wp-json\/wp\/v2\/product\/2952\/revisions"}],"predecessor-version":[{"id":2953,"href":"https:\/\/e-zymove.com\/index.php\/wp-json\/wp\/v2\/product\/2952\/revisions\/2953"}],"wp:featuredmedia":[{"embeddable":true,"href":"https:\/\/e-zymove.com\/index.php\/wp-json\/wp\/v2\/media\/2950"}],"wp:attachment":[{"href":"https:\/\/e-zymove.com\/index.php\/wp-json\/wp\/v2\/media?parent=2952"}],"wp:term":[{"taxonomy":"product_brand","embeddable":true,"href":"https:\/\/e-zymove.com\/index.php\/wp-json\/wp\/v2\/product_brand?post=2952"},{"taxonomy":"product_cat","embeddable":true,"href":"https:\/\/e-zymove.com\/index.php\/wp-json\/wp\/v2\/product_cat?post=2952"},{"taxonomy":"product_tag","embeddable":true,"href":"https:\/\/e-zymove.com\/index.php\/wp-json\/wp\/v2\/product_tag?post=2952"}],"curies":[{"name":"wp","href":"https:\/\/api.w.org\/{rel}","templated":true}]}}