{"id":2942,"date":"2024-01-09T23:43:52","date_gmt":"2024-01-09T22:43:52","guid":{"rendered":"https:\/\/e-zymove.com\/?post_type=product&#038;p=2942"},"modified":"2024-09-14T19:19:42","modified_gmt":"2024-09-14T17:19:42","slug":"dualtron-togo-plus-48v-15a","status":"publish","type":"product","link":"https:\/\/e-zymove.com\/index.php\/produit\/dualtron-togo-plus-48v-15a\/","title":{"rendered":"DUALTRON &#8211; TOGO PLUS &#8211; 48V 15A"},"content":{"rendered":"<h3>Caract\u00e9ristiques<\/h3>\n<ul class=\"row\">\n<li class=\"col-md-6\">\n<h4>WEIGHT<\/h4>\n<p>29.6 kg<\/li>\n<li class=\"col-md-6\">\n<h4>BATTERIE<\/h4>\n<p>48V 15Ah<\/li>\n<li class=\"col-md-6\">\n<h4>AUTONOMIE<\/h4>\n<p>50 km<\/li>\n<li class=\"col-md-6\">\n<h4>PUISSSANCE<\/h4>\n<p>650W<\/li>\n<li class=\"col-md-6\">\n<h4>VITESSE BRID\u00c9E<\/h4>\n<p>25 km\/h<\/li>\n<li class=\"col-md-6\">\n<h4>VITESSE MAX<\/h4>\n<p>45 km\/h<\/li>\n<li class=\"col-md-6\">\n<h4>POIDS<\/h4>\n<p>24,5 kg<\/li>\n<li class=\"col-md-6\">\n<h4>FREINAGE<\/h4>\n<p>AV + AR \u00e0 tambour<\/li>\n<li class=\"col-md-6\">\n<h4>CHARGE MAX<\/h4>\n<p>120 kg<\/li>\n<li class=\"col-md-6\">\n<h4>SUSPENSION<\/h4>\n<p>AV + AR \u00e0 ressorts<\/li>\n<li class=\"col-md-6\">\n<h4>ROUES<\/h4>\n<p>9 pouces chambre \u00e0 air<\/li>\n<li class=\"col-md-6\">\n<h4>TAILLE PLI\u00c9E<\/h4>\n<p>1160 x 600 x 400 mm (L x l x h)<\/li>\n<li class=\"col-md-6\">\n<h4>TAILLE D\u00c9PLI\u00c9E<\/h4>\n<p>1200 x 600 x 1130 mm (L x l x h)<\/li>\n<\/ul>\n","protected":false},"excerpt":{"rendered":"<h2>DUALTRON &#8211; TOGO &#8211; 48V 15A<\/h2>\n<h4><strong>La Dualtron TOGO : L\u2019entr\u00e9e de gamme Dualtron tr\u00e8s bien\u00a0<\/strong><strong>\u00e9quip\u00e9e<\/strong><\/h4>\n<p>La\u00a0<strong>Dualtron TOGO\u00a0<\/strong>est une\u00a0<strong>trottinette \u00e9lectrique l\u00e9g\u00e8re<\/strong>, pliable et puissante. En plus de cela, vous pourrez b\u00e9n\u00e9ficier de son \u00e9tanch\u00e9it\u00e9. Vous serrez \u00e9galement \u00e0 l\u2019aise en ville ( son terrain favori ).<\/p>\n<h4><strong>Disponible en 4 versions<\/strong><\/h4>\n<p>La\u00a0<strong>Dualtron TOGO\u00a0<\/strong>est\u00a0propos\u00e9e avec 4 types de batteries :<\/p>\n<ul>\n<li>36V 7,8 Ah<\/li>\n<li>36V 12 Ah<\/li>\n<li>48V 12 aH<\/li>\n<li>48V 15 ah<\/li>\n<\/ul>\n<h4><strong>Les atouts de la Dualtron TOGO<\/strong><\/h4>\n<div class=\"flex-1 overflow-hidden\">\n<div class=\"react-scroll-to-bottom--css-ruywv-79elbk h-full dark:bg-gray-800\">\n<div class=\"react-scroll-to-bottom--css-ruywv-1n7m0yu\">\n<div class=\"flex flex-col text-sm dark:bg-gray-800\">\n<div class=\"group w-full text-token-text-primary border-b border-black\/10 gizmo:border-0 dark:border-gray-900\/50 gizmo:dark:border-0 bg-gray-50 gizmo:bg-transparent dark:bg-[#444654] gizmo:dark:bg-transparent\" data-testid=\"conversation-turn-7\">\n<div class=\"p-4 justify-center text-base md:gap-6 md:py-6 m-auto\">\n<div class=\"flex flex-1 gap-4 text-base mx-auto md:gap-6 md:max-w-2xl lg:max-w-[38rem] xl:max-w-3xl }\">\n<div class=\"relative flex w-[calc(100%-50px)] flex-col gap-1 md:gap-3 lg:w-[calc(100%-115px)]\">\n<div class=\"flex flex-grow flex-col gap-3 max-w-full\">\n<div class=\"min-h-[20px] flex flex-col items-start gap-3 overflow-x-auto whitespace-pre-wrap break-words\">\n<div class=\"markdown prose w-full break-words dark:prose-invert light\">\n<p>La trottinette \u00e9lectrique\u00a0<strong>Dualtron Togo<\/strong>\u00a0incarne un design moderne qui associe les lignes sportives de la Dualtron Mini \u00e0 la robustesse de la Dualtron Pop, cr\u00e9ant ainsi une esth\u00e9tique urbaine \u00e9l\u00e9gante.<\/p>\n<p>Au c\u0153ur de cette exp\u00e9rience se trouve l\u2019\u00e9cran central, le Display EYE 2, qui va bien au-del\u00e0 de la simple indication de votre vitesse, de la charge de la batterie et du kilom\u00e9trage. Cet \u00e9cran intelligent est connect\u00e9 \u00e0 une application mobile d\u00e9di\u00e9e, disponible sur iOS et Android.<\/p>\n<p>L\u2019application Minimotors permet d\u2019\u00e9tablir une connexion fluide entre votre trottinette et votre smartphone, vous offrant un acc\u00e8s complet \u00e0 des informations essentielles telles que le kilom\u00e9trage total.<\/p>\n<p>Mais ce n\u2019est pas tout, l\u2019application offre \u00e9galement une personnalisation pouss\u00e9e de votre trottinette. Vous pouvez ainsi activer ou d\u00e9sactiver le syst\u00e8me de freinage antiblocage (ABS) selon vos pr\u00e9f\u00e9rences, et adapter les modes de vitesse pour une conduite sur mesure.<\/p>\n<p>En r\u00e9sum\u00e9, la\u00a0<strong>Dualtron Togo<\/strong> offre une exp\u00e9rience de conduite \u00e9lectrique moderne et personnalisable pour les d\u00e9placements urbains.<\/p>\n<\/div>\n<\/div>\n<\/div>\n<\/div>\n<\/div>\n<\/div>\n<\/div>\n<\/div>\n<\/div>\n<\/div>\n<\/div>\n","protected":false},"featured_media":2935,"comment_status":"open","ping_status":"closed","template":"","meta":[],"product_brand":[],"product_cat":[67,32],"product_tag":[],"class_list":{"0":"post-2942","1":"product","2":"type-product","3":"status-publish","4":"has-post-thumbnail","6":"product_cat-dualtron","7":"product_cat-trottinettes","8":"product_shipping_class-articles-lourds","10":"first","11":"instock","12":"taxable","13":"shipping-taxable","14":"purchasable","15":"product-type-simple"},"jetpack_sharing_enabled":true,"_links":{"self":[{"href":"https:\/\/e-zymove.com\/index.php\/wp-json\/wp\/v2\/product\/2942","targetHints":{"allow":["GET"]}}],"collection":[{"href":"https:\/\/e-zymove.com\/index.php\/wp-json\/wp\/v2\/product"}],"about":[{"href":"https:\/\/e-zymove.com\/index.php\/wp-json\/wp\/v2\/types\/product"}],"replies":[{"embeddable":true,"href":"https:\/\/e-zymove.com\/index.php\/wp-json\/wp\/v2\/comments?post=2942"}],"version-history":[{"count":1,"href":"https:\/\/e-zymove.com\/index.php\/wp-json\/wp\/v2\/product\/2942\/revisions"}],"predecessor-version":[{"id":2943,"href":"https:\/\/e-zymove.com\/index.php\/wp-json\/wp\/v2\/product\/2942\/revisions\/2943"}],"wp:featuredmedia":[{"embeddable":true,"href":"https:\/\/e-zymove.com\/index.php\/wp-json\/wp\/v2\/media\/2935"}],"wp:attachment":[{"href":"https:\/\/e-zymove.com\/index.php\/wp-json\/wp\/v2\/media?parent=2942"}],"wp:term":[{"taxonomy":"product_brand","embeddable":true,"href":"https:\/\/e-zymove.com\/index.php\/wp-json\/wp\/v2\/product_brand?post=2942"},{"taxonomy":"product_cat","embeddable":true,"href":"https:\/\/e-zymove.com\/index.php\/wp-json\/wp\/v2\/product_cat?post=2942"},{"taxonomy":"product_tag","embeddable":true,"href":"https:\/\/e-zymove.com\/index.php\/wp-json\/wp\/v2\/product_tag?post=2942"}],"curies":[{"name":"wp","href":"https:\/\/api.w.org\/{rel}","templated":true}]}}