{"id":2923,"date":"2024-01-09T23:17:09","date_gmt":"2024-01-09T22:17:09","guid":{"rendered":"https:\/\/e-zymove.com\/?post_type=product&#038;p=2923"},"modified":"2025-03-09T14:44:34","modified_gmt":"2025-03-09T13:44:34","slug":"dualtron-x-ltd-84v-60ah-2","status":"publish","type":"product","link":"https:\/\/e-zymove.com\/index.php\/produit\/dualtron-x-ltd-84v-60ah-2\/","title":{"rendered":"DUALTRON X LTD &#8211; 84V 60AH"},"content":{"rendered":"<h3>Caract\u00e9ristiques<\/h3>\n<ul class=\"row\">\n<li class=\"col-md-6\">\n<h4>BATTERIE<\/h4>\n<p>84V 60Ah<\/li>\n<li class=\"col-md-6\">\n<h4>AUTONOMIE<\/h4>\n<p>170 km<\/li>\n<li class=\"col-md-6\">\n<h4>VITESSE BRID\u00c9E<\/h4>\n<p>25 km\/h<\/li>\n<li class=\"col-md-6\">\n<h4>VITESSE MAX<\/h4>\n<p>110 km\/h<\/li>\n<li class=\"col-md-6\">\n<h4>POIDS<\/h4>\n<p>82,9 kg<\/li>\n<li class=\"col-md-6\">\n<h4>ROUES<\/h4>\n<p>13 pouces tubeless<\/li>\n<li class=\"col-md-6\">\n<h4>FREINAGE<\/h4>\n<p>Hydraulique<\/li>\n<li class=\"col-md-6\">\n<h4>\u00c9CLAIRAGE<\/h4>\n<p>100W LED + clignotants<\/li>\n<li class=\"col-md-6\">\n<h4>SUSPENSION<\/h4>\n<p>Hydraulique<\/li>\n<li class=\"col-md-6\">\n<h4>TAILLE D\u00c9PLI\u00c9E<\/h4>\n<p>1450 x 648 x 1400 mm (L x l x h)<\/li>\n<li class=\"col-md-6\">\n<h4>TAILLE PLI\u00c9E<\/h4>\n<p>1450 x 358 x 775 mm (L x l x h)<\/li>\n<li class=\"col-md-6\">\n<h4>AUTRE<\/h4>\n<p>Application bluetooth<\/li>\n<\/ul>\n","protected":false},"excerpt":{"rendered":"<h2><strong>DUALTRON X LTD &#8211; 84V 60AH<\/strong><\/h2>\n<div><\/div>\n<div>La nouvelle trottinette \u00e9lectrique Dualtron X Limited est un monstre de puissance. Elle b\u00e9n\u00e9ficie de toute les derni\u00e8res nouveaut\u00e9s Minimotors, et son \u00e9cran Ey4 connect\u00e9 vous permettra une gestion compl\u00e8te de votre trottinette sur votre smartphone.<\/div>\n<div>Profitez de ce nouveau mod\u00e8le aux caract\u00e9ristiques spectaculaires et au design innovant !<\/div>\n<div><\/div>\n<h4>Puissance et Performance<\/h4>\n<div>La Dualtron X Limited offre un confort haut de gamme permettant d&rsquo;affronter le bitume, les pav\u00e9s et les chemins de campagne.<\/div>\n<div>Avec une puissance motrice \u00e9lev\u00e9e de 13300W en cr\u00eate, c&rsquo;est une trottinette \u00e9lectrique qu&rsquo;il ne faut pas prendre \u00e0 la l\u00e9g\u00e8re et qui vous transportera jusqu&rsquo;\u00e0 une vitesse exceptionnelle de 110 km\/h (d\u00e9brid\u00e9e sur terrain priv\u00e9). Elle peut monter des c\u00f4tes allants jusqu&rsquo;\u00e0 70%. Une puissance exceptionnelle pour une trottinette exceptionnelle.<\/div>\n<div>Gr\u00e2ce \u00e0 sa batteries 84V 60Ah, la Dualtron X Limited\u00a0poss\u00e8de une autonomie sup\u00e9rieure \u00e0 la majorit\u00e9 des trottinettes \u00e9lectriques. Ses contr\u00f4leurs de 2x70A promettent des acc\u00e9l\u00e9rations fulgurantes. Minimotors annonce 170 Km d&rsquo;autonomie !<\/div>\n<div><\/div>\n<div>\n<h4>Confort<\/h4>\n<div>Gr\u00e2ce \u00e0 ses pneus\u00a013 pouces Tubeless, profitez d&rsquo;une stabilit\u00e9 impressionnante et ce m\u00eame \u00e0 grande vitesse. Leur surface vous apporte \u00e9galement une excellente transmission de la puissance\u00a0au sol. Les d\u00e9parts sont nerveux et le couple est bien au rendez-vous.<\/div>\n<div>Les terrains plus difficiles seront \u00e9galement praticables gr\u00e2ce \u00e0 sa hauteur et \u00e0 l&rsquo;efficacit\u00e9 de ses \u00e9normes suspensions hydrauliques avant et arri\u00e8re. La souplesse des suspensions vous garantit une tenue de route sans pareil.<\/div>\n<div><\/div>\n<h4>Un mod\u00e8le surpuissant connect\u00e9<\/h4>\n<div>Le tableau de bord connect\u00e9 LCD EY4 vous permettra de contr\u00f4ler\u00a0la jauge de batterie, la vitesse, les diff\u00e9rents phares ou encore l\u2019allumage la X Limited. Minimotors innove encore en rendant compatible son mod\u00e8le le plus puissant avec nos smartphone Android et iOS. L&rsquo;application d\u00e9di\u00e9e \u00e0 l&rsquo;EY4 vous permettra de contr\u00f4ler tous les param\u00e8tres de votre X Limited de fa\u00e7on bien plus intuitive que par les r\u00e9glages du LCD. Vous pourrez d\u00e9sormais activer la pr\u00e9vention de coupure du BMS, l&rsquo;antivol \u00e9lectronique, les effets d&rsquo;\u00e9clairage et l&rsquo;activation du mode boost directement sur votre t\u00e9l\u00e9phone.<\/div>\n<div><\/div>\n<div>\n<h4>Roulez en toute s\u00e9curit\u00e9<\/h4>\n<div>En plus d&rsquo;avoir un nouveau design, le syst\u00e8me d&rsquo;\u00e9clairage LED de la Dualtron X limited a lui aussi \u00e9volu\u00e9. Il est d\u00e9sormais multicolore et se situe sur la colonne de direction ainsi que sur les flancs du deck.\u00a0Haut en couleur, vous \u00eates ainsi plus visible et vous pouvez rouler sans risque la nuit. Elle est \u00e9galement \u00e9quip\u00e9e de trois phares Leds \u00e0 l&rsquo;avant avant et de feux stop \u00e0 l&rsquo;arri\u00e8re. Les nouveaux clignotants sur les repose-pieds vous permettront de toujours rester en s\u00e9curit\u00e9. Le logo Dualtron sur la colonne et la g\u00e2chette d&rsquo;acc\u00e9l\u00e9ration sont \u00e9galement lumineux. La Dualtron X Limited veillera \u00e0 ce que vous restiez toujours visible, de jour comme de nuit.<\/div>\n<\/div>\n<\/div>\n","protected":false},"featured_media":2917,"comment_status":"open","ping_status":"closed","template":"","meta":[],"product_brand":[],"product_cat":[67,32],"product_tag":[],"class_list":{"0":"post-2923","1":"product","2":"type-product","3":"status-publish","4":"has-post-thumbnail","6":"product_cat-dualtron","7":"product_cat-trottinettes","8":"product_shipping_class-articles-lourds","10":"first","11":"instock","12":"taxable","13":"shipping-taxable","14":"purchasable","15":"product-type-simple"},"jetpack_sharing_enabled":true,"_links":{"self":[{"href":"https:\/\/e-zymove.com\/index.php\/wp-json\/wp\/v2\/product\/2923","targetHints":{"allow":["GET"]}}],"collection":[{"href":"https:\/\/e-zymove.com\/index.php\/wp-json\/wp\/v2\/product"}],"about":[{"href":"https:\/\/e-zymove.com\/index.php\/wp-json\/wp\/v2\/types\/product"}],"replies":[{"embeddable":true,"href":"https:\/\/e-zymove.com\/index.php\/wp-json\/wp\/v2\/comments?post=2923"}],"version-history":[{"count":1,"href":"https:\/\/e-zymove.com\/index.php\/wp-json\/wp\/v2\/product\/2923\/revisions"}],"predecessor-version":[{"id":2929,"href":"https:\/\/e-zymove.com\/index.php\/wp-json\/wp\/v2\/product\/2923\/revisions\/2929"}],"wp:featuredmedia":[{"embeddable":true,"href":"https:\/\/e-zymove.com\/index.php\/wp-json\/wp\/v2\/media\/2917"}],"wp:attachment":[{"href":"https:\/\/e-zymove.com\/index.php\/wp-json\/wp\/v2\/media?parent=2923"}],"wp:term":[{"taxonomy":"product_brand","embeddable":true,"href":"https:\/\/e-zymove.com\/index.php\/wp-json\/wp\/v2\/product_brand?post=2923"},{"taxonomy":"product_cat","embeddable":true,"href":"https:\/\/e-zymove.com\/index.php\/wp-json\/wp\/v2\/product_cat?post=2923"},{"taxonomy":"product_tag","embeddable":true,"href":"https:\/\/e-zymove.com\/index.php\/wp-json\/wp\/v2\/product_tag?post=2923"}],"curies":[{"name":"wp","href":"https:\/\/api.w.org\/{rel}","templated":true}]}}