{"id":2830,"date":"2023-06-03T13:39:18","date_gmt":"2023-06-03T11:39:18","guid":{"rendered":"https:\/\/e-zymove.com\/?post_type=product&#038;p=2830"},"modified":"2025-04-01T00:05:01","modified_gmt":"2025-03-31T22:05:01","slug":"speedtrott-xr-500-blanc","status":"publish","type":"product","link":"https:\/\/e-zymove.com\/index.php\/produit\/speedtrott-xr-500-blanc\/","title":{"rendered":"SPEEDTROTT &#8211; XR-500 &#8211; BLANC"},"content":{"rendered":"<p><strong>MODELE<\/strong> : XR-500<\/p>\n<p><strong>POIDS NET<\/strong> : 20 KG<\/p>\n<p><strong>CHARGE MAXIMALE<\/strong> : 100KG<\/p>\n<p><strong>AUTONOMIE<\/strong> : 35\/40 KMS<\/p>\n<p><strong>PENTE ADMISSIBLE<\/strong> : ENVIRON 15%<\/p>\n<p><strong>CLASSEMENT IP<\/strong> : IP65<\/p>\n<p><strong>TEMPS DE CHARGE<\/strong> : 6 HEURES<\/p>\n<p><strong>SYSTEME DE FREINAGE<\/strong> : DISQUES AVANT &amp; ARRIERE<\/p>\n<p><strong>CADRE :<\/strong> MAGNESIUM MONOBLOC<\/p>\n<p><strong>TAILLE DES PNEUS :<\/strong> 10 POUCES CST<\/p>\n<p><strong>BATTERIE<\/strong> : 48V &#8211; 13AH<\/p>\n<p><strong>PUISSANCE MOTEUR<\/strong> : 500W<\/p>\n<p><strong>SUSPENSION<\/strong> : RIGIDE<\/p>\n<p><strong>VISIBILIT\u00c9 :<\/strong> PHARE AVANT &#8211; FEUX STOP ARRIERES<\/p>\n","protected":false},"excerpt":{"rendered":"<h1>SPEEDTROTT &#8211; XR-500 &#8211; BLANC<\/h1>\n<p class=\"font_9 wixui-rich-text__text\">Le design de la XR-500 sort totalement du lot dans le monde de la trottinette \u00e9lectrique.<\/p>\n<p class=\"font_9 wixui-rich-text__text\">Vous appr\u00e9cierez l\u2019avantage d\u2019un monobloc au niveau du ch\u00e2ssis offrant un confort et une stabilit\u00e9 \u00e0 l\u2019\u00e9preuve de tous les obstacles.<\/p>\n<p>EXISTE EN:<\/p>\n<p><a href=\"https:\/\/e-zymove.com\/index.php\/produit\/speedtrott-xr-500-gris\/\"><img decoding=\"async\" class=\"alignnone wp-image-2826\" src=\"https:\/\/e-zymove.com\/wp-content\/uploads\/2023\/06\/GRIS-300x300.jpeg\" alt=\"\" width=\"28\" height=\"28\" srcset=\"https:\/\/e-zymove.com\/wp-content\/uploads\/2023\/06\/GRIS-300x300.jpeg 300w, https:\/\/e-zymove.com\/wp-content\/uploads\/2023\/06\/GRIS-100x100.jpeg 100w, https:\/\/e-zymove.com\/wp-content\/uploads\/2023\/06\/GRIS-150x150.jpeg 150w, https:\/\/e-zymove.com\/wp-content\/uploads\/2023\/06\/GRIS-350x350.jpeg 350w, https:\/\/e-zymove.com\/wp-content\/uploads\/2023\/06\/GRIS.jpeg 400w\" sizes=\"(max-width: 28px) 100vw, 28px\" \/><\/a> <a href=\"https:\/\/e-zymove.com\/index.php\/produit\/speedtrott-xr-500-orange\/\"><img decoding=\"async\" class=\"alignnone wp-image-2082\" src=\"https:\/\/e-zymove.com\/wp-content\/uploads\/2023\/02\/orange-2-300x300.jpg\" alt=\"\" width=\"28\" height=\"28\" srcset=\"https:\/\/e-zymove.com\/wp-content\/uploads\/2023\/02\/orange-2-300x300.jpg 300w, https:\/\/e-zymove.com\/wp-content\/uploads\/2023\/02\/orange-2-100x100.jpg 100w, https:\/\/e-zymove.com\/wp-content\/uploads\/2023\/02\/orange-2-600x600.jpg 600w, https:\/\/e-zymove.com\/wp-content\/uploads\/2023\/02\/orange-2-1024x1024.jpg 1024w, https:\/\/e-zymove.com\/wp-content\/uploads\/2023\/02\/orange-2-150x150.jpg 150w, https:\/\/e-zymove.com\/wp-content\/uploads\/2023\/02\/orange-2-768x768.jpg 768w, https:\/\/e-zymove.com\/wp-content\/uploads\/2023\/02\/orange-2-350x350.jpg 350w, https:\/\/e-zymove.com\/wp-content\/uploads\/2023\/02\/orange-2.jpg 1080w\" sizes=\"(max-width: 28px) 100vw, 28px\" \/><\/a><\/p>\n<p>&nbsp;<\/p>\n<p>&nbsp;<\/p>\n","protected":false},"featured_media":3152,"comment_status":"open","ping_status":"closed","template":"","meta":[],"product_brand":[],"product_cat":[94,32],"product_tag":[],"class_list":{"0":"post-2830","1":"product","2":"type-product","3":"status-publish","4":"has-post-thumbnail","6":"product_cat-speedtrott","7":"product_cat-trottinettes","9":"first","10":"instock","11":"taxable","12":"shipping-taxable","13":"purchasable","14":"product-type-simple"},"jetpack_sharing_enabled":true,"_links":{"self":[{"href":"https:\/\/e-zymove.com\/index.php\/wp-json\/wp\/v2\/product\/2830","targetHints":{"allow":["GET"]}}],"collection":[{"href":"https:\/\/e-zymove.com\/index.php\/wp-json\/wp\/v2\/product"}],"about":[{"href":"https:\/\/e-zymove.com\/index.php\/wp-json\/wp\/v2\/types\/product"}],"replies":[{"embeddable":true,"href":"https:\/\/e-zymove.com\/index.php\/wp-json\/wp\/v2\/comments?post=2830"}],"version-history":[{"count":3,"href":"https:\/\/e-zymove.com\/index.php\/wp-json\/wp\/v2\/product\/2830\/revisions"}],"predecessor-version":[{"id":2837,"href":"https:\/\/e-zymove.com\/index.php\/wp-json\/wp\/v2\/product\/2830\/revisions\/2837"}],"wp:featuredmedia":[{"embeddable":true,"href":"https:\/\/e-zymove.com\/index.php\/wp-json\/wp\/v2\/media\/3152"}],"wp:attachment":[{"href":"https:\/\/e-zymove.com\/index.php\/wp-json\/wp\/v2\/media?parent=2830"}],"wp:term":[{"taxonomy":"product_brand","embeddable":true,"href":"https:\/\/e-zymove.com\/index.php\/wp-json\/wp\/v2\/product_brand?post=2830"},{"taxonomy":"product_cat","embeddable":true,"href":"https:\/\/e-zymove.com\/index.php\/wp-json\/wp\/v2\/product_cat?post=2830"},{"taxonomy":"product_tag","embeddable":true,"href":"https:\/\/e-zymove.com\/index.php\/wp-json\/wp\/v2\/product_tag?post=2830"}],"curies":[{"name":"wp","href":"https:\/\/api.w.org\/{rel}","templated":true}]}}