{"id":2812,"date":"2023-06-03T13:08:15","date_gmt":"2023-06-03T11:08:15","guid":{"rendered":"https:\/\/e-zymove.com\/?post_type=product&#038;p=2812"},"modified":"2025-04-01T00:05:01","modified_gmt":"2025-03-31T22:05:01","slug":"speedtrott-xm-350","status":"publish","type":"product","link":"https:\/\/e-zymove.com\/index.php\/produit\/speedtrott-xm-350\/","title":{"rendered":"SPEEDTROTT &#8211; XM-350"},"content":{"rendered":"<div id=\"comp-l6esyhcx\" class=\"KcpHeO tz5f0K comp-l6esyhcx wixui-rich-text\" data-testid=\"richTextElement\">\n<p class=\"font_8 wixui-rich-text__text\"><strong>Poids net<\/strong> &#8211; 15,5B kg<\/p>\n<p class=\"font_8 wixui-rich-text__text\"><strong>Charge maximale-\u00a0<\/strong>120 kg<\/p>\n<p class=\"font_8 wixui-rich-text__text\"><strong>Autonomie &#8211;\u00a0<\/strong>30 km<\/p>\n<p class=\"font_8 wixui-rich-text__text\"><strong>Pente admissible &#8211;\u00a0<\/strong>15%<\/p>\n<p class=\"font_8 wixui-rich-text__text\"><strong>Classement IP-\u00a0<\/strong>IP65<\/p>\n<p class=\"font_8 wixui-rich-text__text\"><strong>Temps de charge &#8211;\u00a0<\/strong>6h<\/p>\n<p class=\"font_8 wixui-rich-text__text\"><strong>Syste\u0300me de freinage &#8211; <\/strong>Tambour AV<\/p>\n<p class=\"font_8 wixui-rich-text__text\"><strong>Cadre- <\/strong>Magnesium Monobloc<\/p>\n<p class=\"font_8 wixui-rich-text__text\"><strong>Taille des pneus- <\/strong>9 pouces tubeless renforce\u0301s<\/p>\n<p class=\"font_8 wixui-rich-text__text\"><strong>Batterie- <\/strong>36V-7,8Ah<\/p>\n<p class=\"font_8 wixui-rich-text__text\"><strong>Puissance Moteur- <\/strong>350W<\/p>\n<p class=\"font_8 wixui-rich-text__text\"><strong>Visibilite\u0301-<\/strong>Phare AV &#8211; feux stop AR &#8211; LED late\u0301rales<\/p>\n<p class=\"font_8 wixui-rich-text__text\"><strong>Connectivite\u0301- <\/strong>Bluetooth<\/p>\n<\/div>\n<div id=\"comp-l6et1dy8\" class=\"KcpHeO tz5f0K comp-l6et1dy8 wixui-rich-text\" data-testid=\"richTextElement\">\n<p class=\"font_8 wixui-rich-text__text\"><br class=\"wixui-rich-text__text\" \/><br class=\"wixui-rich-text__text\" \/><\/p>\n<\/div>\n","protected":false},"excerpt":{"rendered":"<section id=\"comp-l6dpbemi\" class=\"comp-l6dpbemi CohWsy wixui-column-strip\">\n<div class=\"V5AUxf\" data-testid=\"columns\">\n<div id=\"comp-l6dpbeo8\" class=\"comp-l6dpbeo8 YzqVVZ wixui-column-strip__column\">\n<div class=\"\" data-mesh-id=\"comp-l6dpbeo8inlineContent\" data-testid=\"inline-content\">\n<div data-mesh-id=\"comp-l6dpbeo8inlineContent-gridContainer\" data-testid=\"mesh-container-content\">\n<div id=\"comp-l6esesyh\" class=\"KcpHeO tz5f0K comp-l6esesyh wixui-rich-text\" data-testid=\"richTextElement\">\n<h1>SPEEDTROTT &#8211; XM-350<\/h1>\n<p class=\"font_9 wixui-rich-text__text\"><span class=\"color_11 wixui-rich-text__text\">Cette trottinette \u00e9lectrique a tout pour s\u00e9duire quiconque circulant en ville, ou se d\u00e9pla\u00e7ant quotidiennement en utilisant diff\u00e9rents modes de transport (trains, bus, voiture etc.).<\/span><\/p>\n<p class=\"font_9 wixui-rich-text__text\"><span class=\"color_11 wixui-rich-text__text\">Son encombrement est notamment optimis\u00e9 gr\u00e2ce au verrouillage du manche une fois la trottinette \u00e9lectrique XM-350 repli\u00e9e.<\/span><\/p>\n<p class=\"font_9 wixui-rich-text__text\"><span class=\"color_11 wixui-rich-text__text\">L\u00e9g\u00e8re et pouvant facilement \u00eatre port\u00e9e avec un seul bras, m\u00eame dans les escaliers conduisant au 4\u00e8me \u00e9tage&#8230;&#8230; la transporter sera un jeu d\u2019enfant.<\/span><\/p>\n<\/div>\n<div id=\"comp-l6erlatn\" class=\"comp-l6erlatn aVng1S wixui-horizontal-line\"><\/div>\n<div data-mesh-id=\"comp-l6dpbeo8inlineContent-wedge-4\"><\/div>\n<\/div>\n<\/div>\n<\/div>\n<\/div>\n<\/section>\n<div id=\"comp-l6erii0j\" class=\"comp-l6erii0j aVng1S wixui-horizontal-line\"><\/div>\n<div id=\"comp-l6dpdlqu\" class=\"v__F4U comp-l6dpdlqu wixui-image\" data-angle=\"0\" data-angle-style-location=\"style\" data-screen-in-hide=\"done\">\n<div class=\"MVY5Lo\" data-testid=\"linkElement\"><\/div>\n<\/div>\n","protected":false},"featured_media":3151,"comment_status":"open","ping_status":"closed","template":"","meta":[],"product_brand":[],"product_cat":[94],"product_tag":[],"class_list":{"0":"post-2812","1":"product","2":"type-product","3":"status-publish","4":"has-post-thumbnail","6":"product_cat-speedtrott","8":"first","9":"instock","10":"taxable","11":"shipping-taxable","12":"purchasable","13":"product-type-simple"},"jetpack_sharing_enabled":true,"_links":{"self":[{"href":"https:\/\/e-zymove.com\/index.php\/wp-json\/wp\/v2\/product\/2812","targetHints":{"allow":["GET"]}}],"collection":[{"href":"https:\/\/e-zymove.com\/index.php\/wp-json\/wp\/v2\/product"}],"about":[{"href":"https:\/\/e-zymove.com\/index.php\/wp-json\/wp\/v2\/types\/product"}],"replies":[{"embeddable":true,"href":"https:\/\/e-zymove.com\/index.php\/wp-json\/wp\/v2\/comments?post=2812"}],"version-history":[{"count":1,"href":"https:\/\/e-zymove.com\/index.php\/wp-json\/wp\/v2\/product\/2812\/revisions"}],"predecessor-version":[{"id":2818,"href":"https:\/\/e-zymove.com\/index.php\/wp-json\/wp\/v2\/product\/2812\/revisions\/2818"}],"wp:featuredmedia":[{"embeddable":true,"href":"https:\/\/e-zymove.com\/index.php\/wp-json\/wp\/v2\/media\/3151"}],"wp:attachment":[{"href":"https:\/\/e-zymove.com\/index.php\/wp-json\/wp\/v2\/media?parent=2812"}],"wp:term":[{"taxonomy":"product_brand","embeddable":true,"href":"https:\/\/e-zymove.com\/index.php\/wp-json\/wp\/v2\/product_brand?post=2812"},{"taxonomy":"product_cat","embeddable":true,"href":"https:\/\/e-zymove.com\/index.php\/wp-json\/wp\/v2\/product_cat?post=2812"},{"taxonomy":"product_tag","embeddable":true,"href":"https:\/\/e-zymove.com\/index.php\/wp-json\/wp\/v2\/product_tag?post=2812"}],"curies":[{"name":"wp","href":"https:\/\/api.w.org\/{rel}","templated":true}]}}