{"id":2705,"date":"2023-04-15T12:24:41","date_gmt":"2023-04-15T10:24:41","guid":{"rendered":"https:\/\/e-zymove.com\/?post_type=product&#038;p=2705"},"modified":"2025-03-10T11:16:49","modified_gmt":"2025-03-10T10:16:49","slug":"pinkmobility-pink-fly","status":"publish","type":"product","link":"https:\/\/e-zymove.com\/index.php\/produit\/pinkmobility-pink-fly\/","title":{"rendered":"Pink &#8211; Fly"},"content":{"rendered":"<h3 class=\"eclair eclair-bigger uppercase gibson-semibold\">PUISSANCE \u00c9QUIVALENTE \u00c0 UN SCOOTER 125CC<\/h3>\n<p>Le scooter \u00e9lectrique Pink Fly a tout d\u2019un maxi-scooter : le confort, le look et la puissance gr\u00e2ce \u00e0 son moteur QS (7 kW) avec allumage \u00e0 la cl\u00e9 ou au plip, suivi d\u2019une pression sur le levier de frein.<br \/>\nLe Pink Fly pr\u00e9sente une homologation de type L3E et une vitesse maximale de 130 km\/h. Id\u00e9al pour rouler sur les axes urbains et autoroutiers.<\/p>\n<h3 class=\"eclair eclair-bigger uppercase gibson-semibold\">BATTERIE INT\u00c9GR\u00c9E<\/h3>\n<p>Le scooter \u00e9lectrique Pink Fly 125cc comporte une batterie fixe int\u00e9gr\u00e9e, en partie basse du ch\u00e2ssis, garantissant une meilleure stabilit\u00e9 et un vrai confort de conduite. L\u2019autonomie maximale est de 150 kilom\u00e8tres en mode Eco, 130 kilom\u00e8tres en Confort et 100 kilom\u00e8tres en Sport.<br \/>\n<b>Capacit\u00e9 batterie :<\/b> 72V 93Ah \/ 6,7 kWh<\/p>\n<h3 class=\"eclair eclair-bigger uppercase gibson-semibold\">SYST\u00c8ME DE RECHARGE<\/h3>\n<p>Le chargeur du Pink Fly 125cc, un simple c\u00e2ble \u00e0 brancher sur une prise 220 V classique, est int\u00e9gr\u00e9 au scooter.<br \/>\n<b>Capacit\u00e9 :<\/b> 72V 18A<br \/>\n<b>Temps de charge :<\/b> 4h \u00e0 80% \u2013 6h \u00e0 100%<br \/>\nFixation cadenas anti-vol au niveau du c\u00e2ble de recharge.<\/p>\n<h3 class=\"eclair eclair-bigger uppercase gibson-semibold\">MENSURATIONS DU SCOOTER \u00c9LECTRIQUE PINK STYLE PLUS 125CC<\/h3>\n<p><strong>Poids \u00e0 vide :<\/strong> 197 kg<br \/>\n<strong>Poids total autoris\u00e9 :<\/strong> 328 kg<br \/>\n<strong>Dimensions (L x l x h) :<\/strong> 2200 x 785 x 1400<\/p>\n<h3 class=\"eclair eclair-bigger uppercase gibson-semibold\">ROUES 14 POUCES<\/h3>\n<p>Bien camp\u00e9 sur ses roues 14 pouces, le scooter \u00e9lectrique Pink Fly pr\u00e9sente un comportement \u00e0 la fois dynamique et \u00e9quilibr\u00e9.<br \/>\n<b>Pneus :<\/b> 110\/80-14 (AV) \u2013\u2013 120\/80-14 (AR)<br \/>\nFourche arri\u00e8re bi-bras pour un confort de conduite renforc\u00e9<br \/>\n<strong>Empattement (mm) :<\/strong> 1600<\/p>\n<h3 class=\"eclair eclair-bigger uppercase gibson-semibold\">\u00c9CLAIRAGE PUISSANT<\/h3>\n<p>Le nouveau scooter \u00e9lectrique Pink Fly pr\u00e9sente un \u00e9clairage LED \u00e0 l\u2019avant pour une meilleure couverture visuelle par conduite de nuit. A l\u2019arri\u00e8re, les feux, full LED aussi, garantissent une visibilit\u00e9 optimale du v\u00e9hicule par son entourage.<\/p>\n<h3 class=\"eclair eclair-bigger uppercase gibson-semibold\">3 VITESSES<\/h3>\n<p>Les 3 vitesses sont accessibles depuis le bouton s\u00e9lecteur pr\u00e9sent sur le comodo droit. En mode Eco, la vitesse n\u2019exc\u00e8de pas 70 km\/h. Le mode Confort du scooter \u00e9lectrique Pink Fly atteint 90 km\/h et les 130km\/h sont accessibles en position Sport. Id\u00e9al pour les voies rapides et les axes autoroutiers.<\/p>\n<h3 class=\"eclair eclair-bigger uppercase gibson-semibold\">TABLEAU DE BORD \u00c0 DOUBLE CADRAN<\/h3>\n<p>Le double \u00e9cran au design \u00e9pur\u00e9, permet un contr\u00f4le de toutes les fonctionnalit\u00e9s du nouveau scooter \u00e9lectrique Pink Fly 125cc : niveau de charge des batteries, consommation instantan\u00e9e d\u2019\u00e9nergie, vitesse, kilom\u00e8tres parcourus, modulation du mode de conduite, etc.<\/p>\n","protected":false},"excerpt":{"rendered":"<h1>Pinkmobility &#8211; Pink Fly<\/h1>\n<div class=\"et_pb_row et_pb_row_0\">\n<div class=\"et_pb_column et_pb_column_4_4 et_pb_column_0 et_pb_css_mix_blend_mode_passthrough et-last-child\">\n<div class=\"et_pb_module et_pb_text et_pb_text_2 no-stroke et_pb_text_align_justified et_pb_bg_layout_light\">\n<div class=\"et_pb_text_inner\">\n<p>Puissant avec sa motorisation de 7 kW, le nouveau Pink Fly 125 cc multiplie les avantages avec son look ravageur : roues 14 pouces, autonomie et vitesse max de, respectivement, 150 km (en mode Eco) et 130 km\/h (en mode Sport), silhouette rac\u00e9e, deux places, un dosseret ou support et topcase en option. Enfin une alternative \u00e9lectrique pour les trajets domicile-travail en m\u00e9tropole. Fait pour les axes routiers et autoroutiers.<\/p>\n<p><span style=\"color: #ff6600;\">* Prix valable (hors options affich\u00e9es) pour l&rsquo;achat d&rsquo;un scooter \u00e9lectrique \u00e9quip\u00e9 d&rsquo;un pack batterie 6,7 kWh et un chargeur int\u00e9gr\u00e9 72V 18A. <strong>Frais d&rsquo;immatriculation et de mise en service en supplement.<\/strong><\/span><\/p>\n[embed]https:\/\/www.youtube.com\/watch?v=bnDCB2jUXT0[\/embed]\n<\/div>\n<\/div>\n<\/div>\n<\/div>\n<div class=\"et_pb_row et_pb_row_1\">\n<div class=\"et_pb_column et_pb_column_4_4 et_pb_column_1 et_pb_css_mix_blend_mode_passthrough et-last-child\"><\/div>\n<\/div>\n","protected":false},"featured_media":2715,"comment_status":"open","ping_status":"closed","template":"","meta":[],"product_brand":[],"product_cat":[45,33],"product_tag":[],"class_list":{"0":"post-2705","1":"product","2":"type-product","3":"status-publish","4":"has-post-thumbnail","6":"product_cat-pink-mobility-scooters-125","7":"product_cat-scooters-125","9":"first","10":"instock","11":"taxable","12":"shipping-taxable","13":"purchasable","14":"product-type-variable"},"jetpack_sharing_enabled":true,"_links":{"self":[{"href":"https:\/\/e-zymove.com\/index.php\/wp-json\/wp\/v2\/product\/2705","targetHints":{"allow":["GET"]}}],"collection":[{"href":"https:\/\/e-zymove.com\/index.php\/wp-json\/wp\/v2\/product"}],"about":[{"href":"https:\/\/e-zymove.com\/index.php\/wp-json\/wp\/v2\/types\/product"}],"replies":[{"embeddable":true,"href":"https:\/\/e-zymove.com\/index.php\/wp-json\/wp\/v2\/comments?post=2705"}],"version-history":[{"count":8,"href":"https:\/\/e-zymove.com\/index.php\/wp-json\/wp\/v2\/product\/2705\/revisions"}],"predecessor-version":[{"id":4540,"href":"https:\/\/e-zymove.com\/index.php\/wp-json\/wp\/v2\/product\/2705\/revisions\/4540"}],"wp:featuredmedia":[{"embeddable":true,"href":"https:\/\/e-zymove.com\/index.php\/wp-json\/wp\/v2\/media\/2715"}],"wp:attachment":[{"href":"https:\/\/e-zymove.com\/index.php\/wp-json\/wp\/v2\/media?parent=2705"}],"wp:term":[{"taxonomy":"product_brand","embeddable":true,"href":"https:\/\/e-zymove.com\/index.php\/wp-json\/wp\/v2\/product_brand?post=2705"},{"taxonomy":"product_cat","embeddable":true,"href":"https:\/\/e-zymove.com\/index.php\/wp-json\/wp\/v2\/product_cat?post=2705"},{"taxonomy":"product_tag","embeddable":true,"href":"https:\/\/e-zymove.com\/index.php\/wp-json\/wp\/v2\/product_tag?post=2705"}],"curies":[{"name":"wp","href":"https:\/\/api.w.org\/{rel}","templated":true}]}}