{"id":2690,"date":"2023-04-13T18:40:57","date_gmt":"2023-04-13T16:40:57","guid":{"rendered":"https:\/\/e-zymove.com\/?post_type=product&#038;p=2690"},"modified":"2025-03-09T16:18:37","modified_gmt":"2025-03-09T15:18:37","slug":"pinkme-occasion","status":"publish","type":"product","link":"https:\/\/e-zymove.com\/index.php\/produit\/pinkme-occasion\/","title":{"rendered":"PinkMe &#8211; Occasion"},"content":{"rendered":"<h3>PUISSANCE \u00c9QUIVALENTE \u00c0 UN SCOOTER DE 50CC<\/h3>\n<p>Dot\u00e9 d\u2019un moteur BOSCH d\u2019une puissance de 2000 W (110 N.m), le scooter \u00e9lectrique Pink Me s\u2019allume en deux temps, par rotation de la cl\u00e9 suivi d\u2019un bref appui sur le bouton d\u2019activation du comodo. Il pr\u00e9sente une homologation de type L1E et une vitesse r\u00e9glementaire maximale de 45 km\/h.<\/p>\n<h3>BATTERIE<\/h3>\n<p>Disponible avec une capacit\u00e9 batterie de 1,56 kWh amovible, lui-m\u00eame dot\u00e9 d\u2019une technologie Li-NMC, le scooter \u00e9lectrique Pink Me dispose d\u2019une autonomie maximale de 50 km. Compact et l\u00e9ger (9 kg), le pack batterie du Pink Me est rechargeable sur une simple prise de 220 V en 4 \u00e0 6 heures. Capacit\u00e9 : 60V26Ah \/ 1,56 kWh<\/p>\n<h3>3 MODES DE CONDUITE<\/h3>\n<p>R\u00e9glable depuis la molette situ\u00e9e sur la poign\u00e9e d\u2019acc\u00e9l\u00e9ration, le scooter \u00e9lectrique Pink Me pr\u00e9sente 3 modes de conduite au choix : Eco (pour aller plus loin), Normal (sur un trajet fluide et continu), Sport (pour les plus press\u00e9s avec le risque de consommer davantage d\u2019\u00e9nergie).<\/p>\n<h3>R\u00c9GULATEUR DE VITESSE<\/h3>\n<p>Activable depuis la poign\u00e9e d\u2019acc\u00e9l\u00e9ration, le r\u00e9gulateur de vitesse du Pink Me peut \u00eatre enclench\u00e9 au-del\u00e0 de 5km\/h de vitesse. Le voyant de la fonction \u00ab R\u00e9gulation \u00bb s\u2019allume alors en vert sur l\u2019\u00e9cran, et s\u2019\u00e9teint automatiquement, par simple pression de la poign\u00e9e de frein.<\/p>\n<h3>PORT USB<\/h3>\n<p>Disponible \u00e0 gauche du guidon dans une cavit\u00e9 utilisable en tant que vide-poches, le port USB du scooter \u00e9lectrique Pink Me permet de recharger son t\u00e9l\u00e9phone portable tout en roulant.<\/p>\n<h3>\u00c9CLAIRAGE 100% LED<\/h3>\n<p>Phares et clignotants avant et arri\u00e8re 100% LED pour une meilleure visibilit\u00e9 du conducteur sur la route.<\/p>\n<h3>ROUES<\/h3>\n<p>Freins hydraulique AV + Freins \u00e0 tambours AR<\/p>\n<h3>SUSPENSION ARRI\u00c8RE<\/h3>\n<p>Le scooter \u00e9lectrique Pink Me dispose de 5 positions, r\u00e9glables en fonction de la charge et des conditions de conduite. Si la position 1 est r\u00e9serv\u00e9e aux d\u00e9placements urbains et \u00e0 une charge l\u00e9g\u00e8re, les positions 2 et suivantes s\u2019adaptent \u00e0 une route accident\u00e9e et \u00e0 une charge plus cons\u00e9quente.<\/p>\n<h3>R\u00c9CUP\u00c9RATION D\u2019\u00c9NERGIE AU FREINAGE<\/h3>\n<p>Par simple pression sur la poign\u00e9e de frein, le frein moteur du scooter \u00e9lectrique biplace Pink Me se d\u00e9clenche, permettant jusqu\u2019\u00e0 10 % de r\u00e9cup\u00e9ration d\u2019\u00e9nergie.<\/p>\n<h3>ACCESSOIRES<\/h3>\n<p>En option :<\/p>\n<p>Topcase 30 l &#8211; (94,90 \u20ac NEUF \/ 80\u20ac OCCASION)<\/p>\n<p>Traqueur GPS &#8211; 123,60\u20ac OFFERT<\/p>\n<p>De s\u00e9rie : Prise USB de recharge pour smartphone<\/p>\n<p>*Montants hors frais de livraison et frais d&rsquo;immatriculation N&rsquo;h\u00e9sitez \u00e0 nous rendre visite<\/p>\n<p>E-ZY MOVE 101, Avenue Georges Clemenceau 34500, B\u00e9ziers 09.78.80.20.74<\/p>\n<p>&nbsp;<\/p>\n","protected":false},"excerpt":{"rendered":"<h2 class=\"_1rwR5 _1oejz _21rqc _1hnil _35DXM _1-TTU\">Pink Me &#8211; 2022 &#8211; V\u00e9hicule d&rsquo;expo &#8211; avec tracker GPS<\/h2>\n<p>Nous mettons en vente un de nos v\u00e9hicules de d\u00e9monstration.<\/p>\n<p>Le v\u00e9hicule date d&rsquo;avril 2022.<\/p>\n<p>Facile d\u2019utilisation, le Pink Me est un scooter \u00e9lectrique l\u00e9ger et pratique, dot\u00e9 de deux places, pour une mobilit\u00e9 \u00e9lectrique accessible \u00e0 tous.<\/p>\n<p>&nbsp;<\/p>\n","protected":false},"featured_media":2691,"comment_status":"open","ping_status":"closed","template":"","meta":[],"product_brand":[],"product_cat":[43],"product_tag":[],"class_list":{"0":"post-2690","1":"product","2":"type-product","3":"status-publish","4":"has-post-thumbnail","6":"product_cat-occasions","8":"first","9":"instock","10":"taxable","11":"shipping-taxable","12":"purchasable","13":"product-type-simple"},"jetpack_sharing_enabled":true,"_links":{"self":[{"href":"https:\/\/e-zymove.com\/index.php\/wp-json\/wp\/v2\/product\/2690","targetHints":{"allow":["GET"]}}],"collection":[{"href":"https:\/\/e-zymove.com\/index.php\/wp-json\/wp\/v2\/product"}],"about":[{"href":"https:\/\/e-zymove.com\/index.php\/wp-json\/wp\/v2\/types\/product"}],"replies":[{"embeddable":true,"href":"https:\/\/e-zymove.com\/index.php\/wp-json\/wp\/v2\/comments?post=2690"}],"version-history":[{"count":4,"href":"https:\/\/e-zymove.com\/index.php\/wp-json\/wp\/v2\/product\/2690\/revisions"}],"predecessor-version":[{"id":4472,"href":"https:\/\/e-zymove.com\/index.php\/wp-json\/wp\/v2\/product\/2690\/revisions\/4472"}],"wp:featuredmedia":[{"embeddable":true,"href":"https:\/\/e-zymove.com\/index.php\/wp-json\/wp\/v2\/media\/2691"}],"wp:attachment":[{"href":"https:\/\/e-zymove.com\/index.php\/wp-json\/wp\/v2\/media?parent=2690"}],"wp:term":[{"taxonomy":"product_brand","embeddable":true,"href":"https:\/\/e-zymove.com\/index.php\/wp-json\/wp\/v2\/product_brand?post=2690"},{"taxonomy":"product_cat","embeddable":true,"href":"https:\/\/e-zymove.com\/index.php\/wp-json\/wp\/v2\/product_cat?post=2690"},{"taxonomy":"product_tag","embeddable":true,"href":"https:\/\/e-zymove.com\/index.php\/wp-json\/wp\/v2\/product_tag?post=2690"}],"curies":[{"name":"wp","href":"https:\/\/api.w.org\/{rel}","templated":true}]}}