{"id":2662,"date":"2023-04-06T15:18:54","date_gmt":"2023-04-06T13:18:54","guid":{"rendered":"https:\/\/e-zymove.com\/?post_type=product&#038;p=2662"},"modified":"2023-04-06T15:18:54","modified_gmt":"2023-04-06T13:18:54","slug":"segway-e125s","status":"publish","type":"product","link":"https:\/\/e-zymove.com\/index.php\/produit\/segway-e125s\/","title":{"rendered":"Segway &#8211; E125S"},"content":{"rendered":"<h3>Syst\u00e8me de freinage de r\u00e9cup\u00e9ration s\u00fbr et ABS<\/h3>\n<p>Votre s\u00e9curit\u00e9 \u00e9tant notre principale pr\u00e9occupation, nous avons int\u00e9gr\u00e9 le syst\u00e8me de freinage ABS dans notre Segway eScooter haut de gamme pour \u00e9viter le blocage des freins et le d\u00e9rapage. De plus, l&rsquo;eScooter est \u00e9quip\u00e9 d&rsquo;un frein \u00e0 disque hydraulique avant et arri\u00e8re. Combin\u00e9 avec notre EBS (syst\u00e8me de freinage \u00e9lectronique) avanc\u00e9, cela cr\u00e9e un environnement de freinage contr\u00f4l\u00e9 et s\u00fbr tout en r\u00e9cup\u00e9rant de l&rsquo;\u00e9nergie en m\u00eame temps.<\/p>\n<h3>Gagnez du temps avec le syst\u00e8me intelligent, RideyGo!<\/h3>\n<p>Gr\u00e2ce \u00e0 plusieurs nouvelles fonctions telles que la fonction Airlock, les capteurs de stationnement et de si\u00e8ge, le syst\u00e8me intelligent RideyGo! vous fera gagner un temps pr\u00e9cieux.<br \/>\nRideyGo! est une combinaison de fonctionnalit\u00e9s intelligentes qui r\u00e9duit le processus de verrouillage \/ conduite \/ d\u00e9verrouillage de 8 \u00e0 5 \u00e9tapes seulement.<br \/>\nLe syst\u00e8me Airlock dans RideyGo! allume \/ \u00e9teint automatiquement votre eScooter sans utiliser de cl\u00e9 physique. Au lieu de cela, la connexion Bluetooth de votre smartphone* vous permet d&rsquo;activer cette fonction lorsque vous vous approchez ou vous \u00e9loignez \u00e0 moins de 2 \u00e0 10 m\u00e8tres de l&rsquo;eScooter.<\/p>\n<h3>D\u00e9bloquez de nombreuses fonctionnalit\u00e9s intelligentes avec l&rsquo;application mobile<\/h3>\n<p>En plus de la cl\u00e9 physique, vous disposez d&rsquo;une cl\u00e9 intelligente int\u00e9gr\u00e9e sur votre smartphone via l&rsquo;application Segway-Ninebot.<br \/>\nL&rsquo;application mobile intelligente offre \u00e9galement de nombreuses autres fonctionnalit\u00e9s pratiques telles que:<br \/>\n&#8211; Verrouillage et d\u00e9verrouillage de l&rsquo;eScooter (syst\u00e8me Airlock)<br \/>\n&#8211; Fournit des donn\u00e9es pour chaque trajet<br \/>\n&#8211; Vous indique o\u00f9 vous vous \u00eates gar\u00e9<br \/>\n&#8211; Syst\u00e8me antivol: envoyez des notifications lorsque l&rsquo;eScooter bouge et vous permet de le suivre<br \/>\n&#8211; Vous donne acc\u00e8s au service apr\u00e8s-vente<br \/>\n&#8211; Et beaucoup plus&#8230;<\/p>\n<p>Veuillez noter qu&rsquo;apr\u00e8s les 2 premi\u00e8res ann\u00e9es de connexion du Scooter, l&rsquo;abonnement 4G ne sera plus gratuit quel que soit le changement de propri\u00e9taire.<\/p>\n<h3>Brancher \/ d\u00e9brancher: c&rsquo;est aussi simple que \u00e7a de charger votre batterie!<\/h3>\n<p>Nos Segway eScooters sont \u00e9quip\u00e9s de batteries au lithium qui sont des batteries de qualit\u00e9 et respectueuses de l&rsquo;environnement.<br \/>\nDans le Segway E125S, les deux batteries sont faciles \u00e0 retirer sous le panneau de pied, \u00e0 brancher, et cela ne prend que jusqu&rsquo;\u00e0 2 heures pour chaque batterie. Il est \u00e9galement possible de les laisser dans l&rsquo;eScooter et de les charger directement du v\u00e9hicule (une prise est sp\u00e9cialement con\u00e7ue \u00e0 cet effet sur l&rsquo;eScooter).<br \/>\nUne fois que les 4 voyants verts sont allum\u00e9s ou que vous voyez sur l&rsquo;application mobile que les deux batteries sont compl\u00e8tement charg\u00e9es, votre eScooter est pr\u00eat et vous pouvez profiter de votre voyage avec une autonomie allant jusqu&rsquo;\u00e0 140 km.<\/p>\n<ul>\n<li>Scooter Electrique Intelligent<\/li>\n<li>Disponible en 4 couleurs brillantes: Bleu Atlantique, Rouge Rubis, Blanc Arctique et Noir Fant\u00f4me<\/li>\n<li>Port\u00e9e : Port\u00e9e max. atteignable jusqu&rsquo;\u00e0 140 km* \/ port\u00e9e WMTC : jusqu&rsquo;\u00e0 102 km (version 25 km\/h) ; jusqu&rsquo;\u00e0 81 km (version 45 km\/h)<\/li>\n<li>Disponible avec une vitesse maximale jusqu&rsquo;\u00e0 25 km\/h et 45 km\/h<\/li>\n<li>Deux batteries amovibles incluses<\/li>\n<\/ul>\n<p><em>Veuillez v\u00e9rifier si des aides gouvernementales nationales et\/ou locales pour les v\u00e9hicules \u00e9lectriques (verts) sont disponibles dans votre r\u00e9gion pour l&rsquo;achat de eScooters et eMobs neufs.<\/em><\/p>\n","protected":false},"excerpt":{"rendered":"<p><img decoding=\"async\" class=\"alignnone  wp-image-2640\" src=\"https:\/\/e-zymove.com\/wp-content\/uploads\/2023\/04\/1200px-Segway_logo.svg_-300x173.png\" alt=\"\" width=\"145\" height=\"84\" srcset=\"https:\/\/e-zymove.com\/wp-content\/uploads\/2023\/04\/1200px-Segway_logo.svg_-300x173.png 300w, https:\/\/e-zymove.com\/wp-content\/uploads\/2023\/04\/1200px-Segway_logo.svg_-600x346.png 600w, https:\/\/e-zymove.com\/wp-content\/uploads\/2023\/04\/1200px-Segway_logo.svg_-1024x591.png 1024w, https:\/\/e-zymove.com\/wp-content\/uploads\/2023\/04\/1200px-Segway_logo.svg_-768x443.png 768w, https:\/\/e-zymove.com\/wp-content\/uploads\/2023\/04\/1200px-Segway_logo.svg_-350x202.png 350w, https:\/\/e-zymove.com\/wp-content\/uploads\/2023\/04\/1200px-Segway_logo.svg_.png 1200w\" sizes=\"(max-width: 145px) 100vw, 145px\" \/><\/p>\n<h1>Segway &#8211; E125S<\/h1>\n<p>Voici la nouvelle fa\u00e7on de conduire, \u00e0 la fois durable et \u00e0 la mode: d\u00e9couvrez le eScooter haut de gamme, le Segway E125S!<br \/>\nNon seulement le E125S a le total look premium avec ses finitions en m\u00e9tal chrom\u00e9 et cognac, mais il est \u00e9galement intelligent gr\u00e2ce \u00e0 de nombreuses fonctionnalit\u00e9s int\u00e9gr\u00e9es dans l&rsquo;application mobile. De plus, gr\u00e2ce \u00e0 ses deux batteries (incluses) situ\u00e9es sous le panneau de pied, b\u00e9n\u00e9ficiez d&rsquo;une autonomie extra-longue atteignable jusqu&rsquo;\u00e0 140 km* (port\u00e9e WMTC : jusqu&rsquo;\u00e0 102 km (version 25 km\/h) ; jusqu&rsquo;\u00e0 81 km (version 45 km\/h)): vous pouvez rouler o\u00f9 vous le souhaitez en toute tranquillit\u00e9.<br \/>\nAlors mettez vos lunettes de soleil et roulez avec style!<\/p>\n[embed]https:\/\/www.youtube.com\/watch?v=CaUO_4Xfabk[\/embed]\n","protected":false},"featured_media":2663,"comment_status":"open","ping_status":"closed","template":"","meta":[],"product_brand":[],"product_cat":[35,83],"product_tag":[],"class_list":{"0":"post-2662","1":"product","2":"type-product","3":"status-publish","4":"has-post-thumbnail","6":"product_cat-scooters-50cc","7":"product_cat-segway-scooters-50cc","9":"first","10":"instock","11":"taxable","12":"shipping-taxable","13":"purchasable","14":"product-type-simple"},"jetpack_sharing_enabled":true,"_links":{"self":[{"href":"https:\/\/e-zymove.com\/index.php\/wp-json\/wp\/v2\/product\/2662","targetHints":{"allow":["GET"]}}],"collection":[{"href":"https:\/\/e-zymove.com\/index.php\/wp-json\/wp\/v2\/product"}],"about":[{"href":"https:\/\/e-zymove.com\/index.php\/wp-json\/wp\/v2\/types\/product"}],"replies":[{"embeddable":true,"href":"https:\/\/e-zymove.com\/index.php\/wp-json\/wp\/v2\/comments?post=2662"}],"version-history":[{"count":1,"href":"https:\/\/e-zymove.com\/index.php\/wp-json\/wp\/v2\/product\/2662\/revisions"}],"predecessor-version":[{"id":2668,"href":"https:\/\/e-zymove.com\/index.php\/wp-json\/wp\/v2\/product\/2662\/revisions\/2668"}],"wp:featuredmedia":[{"embeddable":true,"href":"https:\/\/e-zymove.com\/index.php\/wp-json\/wp\/v2\/media\/2663"}],"wp:attachment":[{"href":"https:\/\/e-zymove.com\/index.php\/wp-json\/wp\/v2\/media?parent=2662"}],"wp:term":[{"taxonomy":"product_brand","embeddable":true,"href":"https:\/\/e-zymove.com\/index.php\/wp-json\/wp\/v2\/product_brand?post=2662"},{"taxonomy":"product_cat","embeddable":true,"href":"https:\/\/e-zymove.com\/index.php\/wp-json\/wp\/v2\/product_cat?post=2662"},{"taxonomy":"product_tag","embeddable":true,"href":"https:\/\/e-zymove.com\/index.php\/wp-json\/wp\/v2\/product_tag?post=2662"}],"curies":[{"name":"wp","href":"https:\/\/api.w.org\/{rel}","templated":true}]}}