{"id":2654,"date":"2023-04-06T15:06:21","date_gmt":"2023-04-06T13:06:21","guid":{"rendered":"https:\/\/e-zymove.com\/?post_type=product&#038;p=2654"},"modified":"2023-04-06T15:06:21","modified_gmt":"2023-04-06T13:06:21","slug":"segway-e110s","status":"publish","type":"product","link":"https:\/\/e-zymove.com\/index.php\/produit\/segway-e110s\/","title":{"rendered":"Segway &#8211; E110S"},"content":{"rendered":"<h3>Antivol d\u00e9clench\u00e9 par AHRS<\/h3>\n<p>Gr\u00e2ce \u00e0 l&rsquo;AHRS (Attitude and Heading Reference System), votre eScooter est prot\u00e9g\u00e9 contre le vol.*<\/p>\n<p>La carte SIM et le GPS 4G int\u00e9gr\u00e9s peuvent suivre la position de l&rsquo;eScooter \u00e0 tout moment. De plus, le syst\u00e8me de s\u00e9curit\u00e9 intelligent du Segway eScooter d\u00e9tecte tout mouvement irr\u00e9gulier et envoie des notifications directement \u00e0 votre smartphone en quelques secondes. Enfin, une fois que votre eScooter est verrouill\u00e9 avec une batterie \u00e0 l&rsquo;int\u00e9rieur, toute action inhabituelle telle que pousser, d\u00e9placer ou acc\u00e9der au v\u00e9hicule d\u00e9clenchera le syst\u00e8me d&rsquo;alarme.<\/p>\n<p><em>* Abonnement gratuit aux donn\u00e9es pendant les 2 premi\u00e8res ann\u00e9es, qui peut ensuite \u00eatre prolong\u00e9 moyennant des frais.<\/em><\/p>\n<h3>Pr\u00e9sentation du syst\u00e8me intelligent, RideyGo!<\/h3>\n<p><span style=\"font-size: 16px;\">Le Segway eScooter E110S comprend le syst\u00e8me intelligent RideyGo! qui permet de nouvelles fonctions telles que le syst\u00e8me Airlock, le capteur de stationnement et la d\u00e9tection intelligente du si\u00e8ge. Le RideyGo! vous fera gagner un temps pr\u00e9cieux! Pas besoin de rechercher vos cl\u00e9s ou m\u00eame de sortir votre smartphone* de votre poche car l&rsquo;eScooter se verrouille et se d\u00e9verrouille automatiquement lorsque vous \u00eates \u00e0 moins de 2 \u00e0 10 m\u00e8tres gr\u00e2ce au syst\u00e8me Airlock. Ensuite, gr\u00e2ce aux deux capteurs sur la b\u00e9quille de stationnement et le si\u00e8ge, vous pouvez simplement monter sur l&rsquo;eScooter et RideyGo! <\/span><\/p>\n<p><em>*Une connexion Bluetooth entre l&rsquo;eScooter et le smartphone est requise<\/em><\/p>\n<h3>Tableau de bord UX intelligent<\/h3>\n<p>Le tableau de bord intuitif num\u00e9rique et color\u00e9 fournit toutes les informations n\u00e9cessaires au conducteur en un coup d&rsquo;\u0153il: vitesse, niveau de batterie, divers signes (feux de croisements, code d&rsquo;erreur, signe \u00a0\u00bbREADY\u00a0\u00bb etc.), mode de conduite, connectivit\u00e9 Bluetooth et bien plus encore.<\/p>\n<p>De plus, les voyants LED aux deux extr\u00e9mit\u00e9s de l&rsquo;\u00e9cran changent de couleur en fonction de l&rsquo;\u00e9tat de l&rsquo;eScooter:<br \/>\n&#8211; Orange: la b\u00e9quille de stationnement n&rsquo;est pas r\u00e9tract\u00e9e ou il n&rsquo;y a pas de pilote sur le si\u00e8ge<br \/>\n&#8211; Bleu: vous \u00eates pr\u00eat \u00e0 partir!<br \/>\n&#8211; Rouge: avertissement ou erreur<br \/>\n&#8211; Vert: r\u00e9cup\u00e9ration d&rsquo;\u00e9nergie en cours (EBS)<\/p>\n<p><em>*Une connexion Bluetooth entre l&rsquo;eScooter et le smartphone est requise<\/em><\/p>\n<h3>B\u00e9n\u00e9ficiez du syst\u00e8me de gestion intelligente des batteries (BMS)<\/h3>\n<p>Les v\u00e9hicules Segway sont dot\u00e9s du syst\u00e8me de gestion intelligente de la batterie (BMS) 6.0 qui garantit une dur\u00e9e de vie de la batterie plus longue et offre de multiples fonctions intelligentes.<\/p>\n<p>Gr\u00e2ce au BMS 6.0, votre v\u00e9hicule n\u00e9cessite moins d&rsquo;entretien. Non seulement il surveillera la quantit\u00e9 d&rsquo;\u00e9nergie, contr\u00f4lera la vitesse de charge et ajustera vos informations en temps r\u00e9el lorsque la batterie se d\u00e9charge, mais il emp\u00eachera et prot\u00e9gera \u00e9galement la batterie de la surcharge \/ sous-charge.<\/p>\n<ul>\n<li>Scooter Electrique Intelligent<\/li>\n<li>Disponible en 5 couleurs: Blanc Arctique (brillant), Noir Fant\u00f4me (brillant), Gris Acier (brillant), Gris Roche (mat) et Rouge Intense (brillant)<\/li>\n<li>Port\u00e9e max. atteignable jusqu&rsquo;\u00e0 75 km* \/ port\u00e9e WMTC : jusqu&rsquo;\u00e0 47 km (version 25 km\/h) ; jusqu&rsquo;\u00e0 40 km (version 45 km\/h)<\/li>\n<li>Disponible avec une vitesse maximale jusqu&rsquo;\u00e0 25 km\/h et 45 km\/h<\/li>\n<li>Une batterie amovible incluse<\/li>\n<\/ul>\n<p><em>Veuillez v\u00e9rifier si des aides gouvernementales nationales et\/ou locales pour les v\u00e9hicules \u00e9lectriques (verts) sont disponibles dans votre r\u00e9gion pour l&rsquo;achat de eScooters et eMobs neufs.<\/em><\/p>\n<p>&nbsp;<\/p>\n","protected":false},"excerpt":{"rendered":"<p><img decoding=\"async\" class=\"alignnone  wp-image-2640\" src=\"https:\/\/e-zymove.com\/wp-content\/uploads\/2023\/04\/1200px-Segway_logo.svg_-300x173.png\" alt=\"\" width=\"123\" height=\"71\" srcset=\"https:\/\/e-zymove.com\/wp-content\/uploads\/2023\/04\/1200px-Segway_logo.svg_-300x173.png 300w, https:\/\/e-zymove.com\/wp-content\/uploads\/2023\/04\/1200px-Segway_logo.svg_-600x346.png 600w, https:\/\/e-zymove.com\/wp-content\/uploads\/2023\/04\/1200px-Segway_logo.svg_-1024x591.png 1024w, https:\/\/e-zymove.com\/wp-content\/uploads\/2023\/04\/1200px-Segway_logo.svg_-768x443.png 768w, https:\/\/e-zymove.com\/wp-content\/uploads\/2023\/04\/1200px-Segway_logo.svg_-350x202.png 350w, https:\/\/e-zymove.com\/wp-content\/uploads\/2023\/04\/1200px-Segway_logo.svg_.png 1200w\" sizes=\"(max-width: 123px) 100vw, 123px\" \/><\/p>\n<h1>Segway &#8211; E110S<\/h1>\n<p>Vous envisagez de passer \u00e0 un scooter \u00e9lectrique? Le Segway eScooter E110S rendra cette d\u00e9cision simple.<br \/>\nAvec une autonomie max. atteignable allant jusqu&rsquo;\u00e0 75 km* (port\u00e9e WMTC : jusqu&rsquo;\u00e0 47 km (version 25 km\/h) ; jusqu&rsquo;\u00e0 40 km (version 45 km\/h)), le choix entre 5 couleurs (dont une avec une finition mate), de nombreuses fonctionnalit\u00e9s accessibles via l&rsquo;application mobile comme le Airlock System et le RideyGo, la question ne se pose plus! D\u00e9couvrez une nouvelle fa\u00e7on de vous d\u00e9placer, propre et intelligente.<\/p>\n[embed]https:\/\/www.youtube.com\/watch?v=zzmtQiCdZp4[\/embed]\n<p>&nbsp;<\/p>\n","protected":false},"featured_media":2655,"comment_status":"open","ping_status":"closed","template":"","meta":[],"product_brand":[],"product_cat":[35,83],"product_tag":[],"class_list":{"0":"post-2654","1":"product","2":"type-product","3":"status-publish","4":"has-post-thumbnail","6":"product_cat-scooters-50cc","7":"product_cat-segway-scooters-50cc","9":"first","10":"instock","11":"taxable","12":"shipping-taxable","13":"purchasable","14":"product-type-simple"},"jetpack_sharing_enabled":true,"_links":{"self":[{"href":"https:\/\/e-zymove.com\/index.php\/wp-json\/wp\/v2\/product\/2654","targetHints":{"allow":["GET"]}}],"collection":[{"href":"https:\/\/e-zymove.com\/index.php\/wp-json\/wp\/v2\/product"}],"about":[{"href":"https:\/\/e-zymove.com\/index.php\/wp-json\/wp\/v2\/types\/product"}],"replies":[{"embeddable":true,"href":"https:\/\/e-zymove.com\/index.php\/wp-json\/wp\/v2\/comments?post=2654"}],"version-history":[{"count":1,"href":"https:\/\/e-zymove.com\/index.php\/wp-json\/wp\/v2\/product\/2654\/revisions"}],"predecessor-version":[{"id":2661,"href":"https:\/\/e-zymove.com\/index.php\/wp-json\/wp\/v2\/product\/2654\/revisions\/2661"}],"wp:featuredmedia":[{"embeddable":true,"href":"https:\/\/e-zymove.com\/index.php\/wp-json\/wp\/v2\/media\/2655"}],"wp:attachment":[{"href":"https:\/\/e-zymove.com\/index.php\/wp-json\/wp\/v2\/media?parent=2654"}],"wp:term":[{"taxonomy":"product_brand","embeddable":true,"href":"https:\/\/e-zymove.com\/index.php\/wp-json\/wp\/v2\/product_brand?post=2654"},{"taxonomy":"product_cat","embeddable":true,"href":"https:\/\/e-zymove.com\/index.php\/wp-json\/wp\/v2\/product_cat?post=2654"},{"taxonomy":"product_tag","embeddable":true,"href":"https:\/\/e-zymove.com\/index.php\/wp-json\/wp\/v2\/product_tag?post=2654"}],"curies":[{"name":"wp","href":"https:\/\/api.w.org\/{rel}","templated":true}]}}