{"id":2647,"date":"2023-04-06T14:55:32","date_gmt":"2023-04-06T12:55:32","guid":{"rendered":"https:\/\/e-zymove.com\/?post_type=product&#038;p=2647"},"modified":"2023-04-06T14:55:32","modified_gmt":"2023-04-06T12:55:32","slug":"segway-e110se","status":"publish","type":"product","link":"https:\/\/e-zymove.com\/index.php\/produit\/segway-e110se\/","title":{"rendered":"Segway &#8211; E110SE"},"content":{"rendered":"<h3>Mettez \u00e0 niveau votre eScooter avec l&rsquo;application mobile<\/h3>\n<p>En plus de la cl\u00e9 physique, vous disposez d&rsquo;une cl\u00e9 intelligente int\u00e9gr\u00e9e sur votre smartphone via l&rsquo;application Segway-Ninebot.<br \/>\nL&rsquo;application mobile intelligente offre \u00e9galement de nombreuses autres fonctionnalit\u00e9s pratiques telles que:<br \/>\n&#8211; Verrouillage et d\u00e9verrouillage de l&rsquo;eScooter (syst\u00e8me Airlock)<br \/>\n&#8211; Fournit des donn\u00e9es pour chaque trajet<br \/>\n&#8211; Vous indique o\u00f9 vous vous \u00eates gar\u00e9<br \/>\n&#8211; Syst\u00e8me antivol: envoyez des notifications lorsque l&rsquo;eScooter bouge et vous permet de le suivre<br \/>\n&#8211; Vous donne acc\u00e8s au service apr\u00e8s-vente<br \/>\n&#8211; Et beaucoup plus&#8230;<\/p>\n<p>Veuillez noter qu&rsquo;apr\u00e8s les 2 premi\u00e8res ann\u00e9es de connexion du Scooter, l&rsquo;abonnement 4G ne sera plus gratuit quel que soit le changement de propri\u00e9taire.<\/p>\n<h3 class=\"h1\">Syst\u00e8me de freinage s\u00fbr<\/h3>\n<p>L&rsquo;eScooter est \u00e9quip\u00e9 de freins \u00e0 disque hydrauliques avant et arri\u00e8re s\u00e9par\u00e9s. Combin\u00e9 \u00e0 notre EBS (syst\u00e8me de freinage \u00e9lectronique) avanc\u00e9, cela cr\u00e9e un environnement de freinage contr\u00f4l\u00e9 et s\u00fbr tout en r\u00e9cup\u00e9rant de l&rsquo;\u00e9nergie en m\u00eame temps.<\/p>\n<h3 class=\"h1\">Absorption des chocs ajust\u00e9e<\/h3>\n<p>Le syst\u00e8me exclusif d&rsquo;absorption des chocs (avant et arri\u00e8re) du Segway eScooter absorbe les vibrations de la route et annule les bosses pour cr\u00e9er une conduite plus douce que jamais. M\u00eame sur les terrains difficiles, le Segway eScooter est l\u00e0 pour impressionner<\/p>\n<h3>Personnalisez et choisissez le mode de conduite qui correspond \u00e0 vos besoins<\/h3>\n<p><span style=\"font-size: 16px;\">Selon le mod\u00e8le que vous poss\u00e9dez (mod\u00e8le 25 km \/ h ou 45 km \/ h), il existe 3 modes de conduite personnalisables sur l&rsquo;application mobile et facilement commutables avec les boutons + et &#8211; du guidon.<\/span><\/p>\n<p>Le mode 1 est le mode le plus lent et le plus \u00e9conomique, vous b\u00e9n\u00e9ficiez donc d&rsquo;une plus longue dur\u00e9e de vie de la batterie.<\/p>\n<p>Le mode 2 est un mode standard, l&rsquo;\u00e9quilibre parfait entre l&rsquo;autonomie de la batterie et la vitesse de croisi\u00e8re.<\/p>\n<p>Le mode 3 est le mode le plus rapide, vous pouvez atteindre la vitesse maximale de votre eScooter.<\/p>\n<p>Pour ajouter plus de confort \u00e0 votre exp\u00e9rience de conduite, vous pouvez \u00e9galement activer le mode croisi\u00e8re directement et facilement sur le guidon.<\/p>\n<p>&nbsp;<\/p>\n<article class=\"simple-image full-width \">\n<figure><figcaption class=\"white right narrow\">&nbsp;<\/p>\n<\/figcaption><\/figure>\n<\/article>\n","protected":false},"excerpt":{"rendered":"<p><img decoding=\"async\" class=\"alignnone  wp-image-2640\" src=\"https:\/\/e-zymove.com\/wp-content\/uploads\/2023\/04\/1200px-Segway_logo.svg_-300x173.png\" alt=\"\" width=\"85\" height=\"49\" srcset=\"https:\/\/e-zymove.com\/wp-content\/uploads\/2023\/04\/1200px-Segway_logo.svg_-300x173.png 300w, https:\/\/e-zymove.com\/wp-content\/uploads\/2023\/04\/1200px-Segway_logo.svg_-600x346.png 600w, https:\/\/e-zymove.com\/wp-content\/uploads\/2023\/04\/1200px-Segway_logo.svg_-1024x591.png 1024w, https:\/\/e-zymove.com\/wp-content\/uploads\/2023\/04\/1200px-Segway_logo.svg_-768x443.png 768w, https:\/\/e-zymove.com\/wp-content\/uploads\/2023\/04\/1200px-Segway_logo.svg_-350x202.png 350w, https:\/\/e-zymove.com\/wp-content\/uploads\/2023\/04\/1200px-Segway_logo.svg_.png 1200w\" sizes=\"(max-width: 85px) 100vw, 85px\" \/><\/p>\n<h1>Segway &#8211; E110SE<\/h1>\n<p>Le tout premier eScooter Segway E110SE est maintenant disponible!<\/p>\n<p>Avec une finition noire mate \u00e9l\u00e9gante, une port\u00e9e max. r\u00e9alisable allant jusqu&rsquo;\u00e0 97 km* (port\u00e9e WMTC : jusqu&rsquo;\u00e0 59 km (version 25 km\/h) ; jusqu&rsquo;\u00e0 49 km (version 45 km\/h)) et de nombreuses fonctionnalit\u00e9s intelligentes connect\u00e9es \u00e0 votre smartphone, l&rsquo;eScooter E110SE Launch Edition a tout pour plaire!<\/p>\n<p>Achetez maintenant et recevez un cadeau suppl\u00e9mentaire, les patins \u00e9lectriques Segway Drift W1. Ensemble, vous ne serez jamais plus styl\u00e9!<\/p>\n<p>&nbsp;<\/p>\n","protected":false},"featured_media":2648,"comment_status":"open","ping_status":"closed","template":"","meta":[],"product_brand":[],"product_cat":[35,83],"product_tag":[],"class_list":{"0":"post-2647","1":"product","2":"type-product","3":"status-publish","4":"has-post-thumbnail","6":"product_cat-scooters-50cc","7":"product_cat-segway-scooters-50cc","9":"first","10":"instock","11":"taxable","12":"shipping-taxable","13":"purchasable","14":"product-type-simple"},"jetpack_sharing_enabled":true,"_links":{"self":[{"href":"https:\/\/e-zymove.com\/index.php\/wp-json\/wp\/v2\/product\/2647","targetHints":{"allow":["GET"]}}],"collection":[{"href":"https:\/\/e-zymove.com\/index.php\/wp-json\/wp\/v2\/product"}],"about":[{"href":"https:\/\/e-zymove.com\/index.php\/wp-json\/wp\/v2\/types\/product"}],"replies":[{"embeddable":true,"href":"https:\/\/e-zymove.com\/index.php\/wp-json\/wp\/v2\/comments?post=2647"}],"version-history":[{"count":1,"href":"https:\/\/e-zymove.com\/index.php\/wp-json\/wp\/v2\/product\/2647\/revisions"}],"predecessor-version":[{"id":2653,"href":"https:\/\/e-zymove.com\/index.php\/wp-json\/wp\/v2\/product\/2647\/revisions\/2653"}],"wp:featuredmedia":[{"embeddable":true,"href":"https:\/\/e-zymove.com\/index.php\/wp-json\/wp\/v2\/media\/2648"}],"wp:attachment":[{"href":"https:\/\/e-zymove.com\/index.php\/wp-json\/wp\/v2\/media?parent=2647"}],"wp:term":[{"taxonomy":"product_brand","embeddable":true,"href":"https:\/\/e-zymove.com\/index.php\/wp-json\/wp\/v2\/product_brand?post=2647"},{"taxonomy":"product_cat","embeddable":true,"href":"https:\/\/e-zymove.com\/index.php\/wp-json\/wp\/v2\/product_cat?post=2647"},{"taxonomy":"product_tag","embeddable":true,"href":"https:\/\/e-zymove.com\/index.php\/wp-json\/wp\/v2\/product_tag?post=2647"}],"curies":[{"name":"wp","href":"https:\/\/api.w.org\/{rel}","templated":true}]}}