{"id":2634,"date":"2023-04-06T14:24:09","date_gmt":"2023-04-06T12:24:09","guid":{"rendered":"https:\/\/e-zymove.com\/?post_type=product&#038;p=2634"},"modified":"2025-03-10T10:36:30","modified_gmt":"2025-03-10T09:36:30","slug":"pinkmobility-pink-pop","status":"publish","type":"product","link":"https:\/\/e-zymove.com\/index.php\/produit\/pinkmobility-pink-pop\/","title":{"rendered":"Pink &#8211; POP"},"content":{"rendered":"<p>M\u00eame moteur roue de 3000 W (4200 W en pic) que son cousin le Pink Style, le Pink Pop s\u2019allume en deux temps gr\u00e2ce \u00e0 sa cl\u00e9 ou, \u00e0 distance, avec le plip puis par simple pression sur le bouton d\u2019allumage. Il ne fait aucun bruit. Normal, il s\u2019agit d\u2019un scooter \u00e9lectrique de type L1E pour rouler en ville en silence. Enfin\u00a0!<\/p>\n<h3 class=\"eclair eclair-bigger uppercase gibson-semibold\">SYST\u00c8ME DE RECHARGE<\/h3>\n<p>Parce que le Pink Pop 50 cc est un scooter \u00e9lectrique pratique et fonctionnel, il se pr\u00e9sente avec deux modes de recharge possibles\u00a0: le branchement des batteries amovibles sur une simple prise 220V en 3 \u00e0 4 heures avec un chargeur rapide de s\u00e9rie. Autre alternative\u00a0: la recharge depuis le connecteur situ\u00e9 \u00e0 l\u2019ext\u00e9rieur.<br \/>\n<strong>Capacit\u00e9 :<\/strong> 72V29Ah<br \/>\n<strong>Chargeur rapide\u00a0<\/strong>: 72V10A<\/p>\n<h3 class=\"eclair eclair-bigger uppercase gibson-semibold\">MENSURATIONS DU SCOOTER \u00c9LECTRIQUE PINK POP<\/h3>\n<p><strong>Poids \u00e0 vide :<\/strong> 97 kg (avec batterie)<br \/>\n<strong>Poids total autoris\u00e9 :<\/strong> 314 kg<br \/>\n<strong>Dimensions (L x l x h) :<\/strong> 1920 x 720 x 1150<\/p>\n<h3 class=\"eclair eclair-bigger uppercase gibson-semibold\">BATTERIE : JUSQU\u2019\u00c0 70 KM D\u2019AUTONOMIE<\/h3>\n<p>Comme sur le Pink Style, la batterie du scooter \u00e9lectrique Pink Pop 50 cc est amovible et dot\u00e9e de la technologie Samsung Li-NMC 72V29Ah. Les 3 modes de conduite permettent de moduler sa consommation d\u2019\u00e9nergie pour parcourir jusqu\u2019\u00e0 70 km avec une capacit\u00e9 de 2,1 kWh.*<\/p>\n<p><i>*Autonomie mesur\u00e9e sur une batterie neuve test\u00e9e dans le cadre d\u2019un cycle urbain de conduite \u00e9co-responsable, pour une masse embarqu\u00e9e de 80kg sur relief r\u00e9gulier, dans des conditions climatiques temp\u00e9r\u00e9es.<\/i><\/p>\n<h3 class=\"eclair eclair-bigger uppercase gibson-semibold\">3 ALLURES DE CONDUITE<\/h3>\n<p>Ultra maniable, le nouveau scooter \u00e9lectrique Pink Pop est fait pour la ville avec ses 3 allures de puissance. Si la vitesse maximale est de 45 km\/h, le bouton poussoir situ\u00e9 sur le commodo droit permet de moduler la puissance de l\u2019acc\u00e9l\u00e9ration.<\/p>\n<h3 class=\"eclair eclair-bigger uppercase gibson-semibold\">\u00c9CRAN DE CONTR\u00d4LE LCD<\/h3>\n<p>Le scooter \u00e9lectrique Pink Pop affiche un \u00e9cran LCD circonscrit dans un hublot \u00e0 l\u2019aplomb du guidon. Au menu de ce tableau de bord de contr\u00f4le, l\u2019ensemble fonctionnalit\u00e9s du Pink Pop : niveau de charge des batteries, consommation instantan\u00e9e d\u2019\u00e9nergie, vitesse, kilom\u00e8tres parcourus, modulation du mode de conduite, etc.<\/p>\n","protected":false},"excerpt":{"rendered":"<h2><strong>Pink &#8211; POP<\/strong><\/h2>\n<p>Nouveau ! Avec une cha\u00eene de traction qui a fait ses preuves sur le Pink Style, le Pink Pop vient renforcer la gamme des scooters \u00e9lectriques 50cc de Pink Mobility : design sobre et \u00e9l\u00e9gant, \u00e9quipements pratiques de s\u00e9rie, autonomie prouv\u00e9e, agr\u00e9ment de conduite exceptionnel gr\u00e2ce \u00e0 la robustesse de son ch\u00e2ssis, signature lumineuse 100% LED. La ville est belle en Pink Pop 50cc !<\/p>\n<p><span style=\"color: #ff6600;\">* Prix valable (hors options affich\u00e9es) pour l&rsquo;achat d&rsquo;un scooter \u00e9lectrique \u00e9quip\u00e9 d&rsquo;un pack batterie 2,1 kWh et un chargeur 72V 10A. <b>Prix hors frais d&rsquo;immatriculation et de mise en service.<\/b><\/span><\/p>\n<p>&nbsp;<\/p>\n","protected":false},"featured_media":2635,"comment_status":"open","ping_status":"closed","template":"","meta":[],"product_brand":[],"product_cat":[36,35],"product_tag":[],"class_list":{"0":"post-2634","1":"product","2":"type-product","3":"status-publish","4":"has-post-thumbnail","6":"product_cat-pink-mobility","7":"product_cat-scooters-50cc","9":"first","10":"instock","11":"taxable","12":"shipping-taxable","13":"purchasable","14":"product-type-simple"},"jetpack_sharing_enabled":true,"_links":{"self":[{"href":"https:\/\/e-zymove.com\/index.php\/wp-json\/wp\/v2\/product\/2634","targetHints":{"allow":["GET"]}}],"collection":[{"href":"https:\/\/e-zymove.com\/index.php\/wp-json\/wp\/v2\/product"}],"about":[{"href":"https:\/\/e-zymove.com\/index.php\/wp-json\/wp\/v2\/types\/product"}],"replies":[{"embeddable":true,"href":"https:\/\/e-zymove.com\/index.php\/wp-json\/wp\/v2\/comments?post=2634"}],"version-history":[{"count":3,"href":"https:\/\/e-zymove.com\/index.php\/wp-json\/wp\/v2\/product\/2634\/revisions"}],"predecessor-version":[{"id":4085,"href":"https:\/\/e-zymove.com\/index.php\/wp-json\/wp\/v2\/product\/2634\/revisions\/4085"}],"wp:featuredmedia":[{"embeddable":true,"href":"https:\/\/e-zymove.com\/index.php\/wp-json\/wp\/v2\/media\/2635"}],"wp:attachment":[{"href":"https:\/\/e-zymove.com\/index.php\/wp-json\/wp\/v2\/media?parent=2634"}],"wp:term":[{"taxonomy":"product_brand","embeddable":true,"href":"https:\/\/e-zymove.com\/index.php\/wp-json\/wp\/v2\/product_brand?post=2634"},{"taxonomy":"product_cat","embeddable":true,"href":"https:\/\/e-zymove.com\/index.php\/wp-json\/wp\/v2\/product_cat?post=2634"},{"taxonomy":"product_tag","embeddable":true,"href":"https:\/\/e-zymove.com\/index.php\/wp-json\/wp\/v2\/product_tag?post=2634"}],"curies":[{"name":"wp","href":"https:\/\/api.w.org\/{rel}","templated":true}]}}