{"id":2520,"date":"2023-03-29T13:57:20","date_gmt":"2023-03-29T11:57:20","guid":{"rendered":"https:\/\/e-zymove.com\/?post_type=product&#038;p=2520"},"modified":"2025-03-09T10:28:24","modified_gmt":"2025-03-09T09:28:24","slug":"hero-s10-52v-23ah","status":"publish","type":"product","link":"https:\/\/e-zymove.com\/index.php\/produit\/hero-s10-52v-23ah\/","title":{"rendered":"HERO S10 &#8211; 52V 23AH"},"content":{"rendered":"<h3>Caract\u00e9ristiques<\/h3>\n<ul class=\"row\">\n<li class=\"col-md-6\">\n<h4>VITESSE MAXIMALE<\/h4>\n<p>55 km\/h (sur voie priv\u00e9e)<\/li>\n<li class=\"col-md-6\">\n<h4>VITESSE BRID\u00c9E<\/h4>\n<p>25 km\/h<\/li>\n<li class=\"col-md-6\">\n<h4>AUTONOMIE EN MODE \u00c9CO<\/h4>\n<p>70 Km<\/li>\n<li class=\"col-md-6\">\n<h4>TEMPS DE RECHARGE<\/h4>\n<p>10 heures<\/li>\n<li class=\"col-md-6\">\n<h4>BATTERIE<\/h4>\n<p>Lithium-Ion 52V | 23Ah<\/li>\n<li class=\"col-md-6\">\n<h4>MODES DE VITESSE<\/h4>\n<p>3 modes \u2013 L1 (10 km\/h), L2 (15 km\/h) et L3 (25 km\/h)<\/li>\n<li class=\"col-md-6\">\n<h4>TAILLES DES ROUES<\/h4>\n<p>10 pouces avant &amp; arri\u00e8re<\/li>\n<li class=\"col-md-6\">\n<h4>POIDS<\/h4>\n<p>26 kg<\/li>\n<li class=\"col-md-6\">\n<h4>FREINS<\/h4>\n<p>Disque avant et arri\u00e8re + frein \u00e9lectrique<\/li>\n<li class=\"col-md-6\">\n<h4>SUSPENSIONS AVANT &amp; ARRI\u00c8RE<\/h4>\n<p>Oui<\/li>\n<li class=\"col-md-6\">\n<h4>\u00c9CLAIRAGE<\/h4>\n<p>LED Avant &amp; Arri\u00e8re<\/li>\n<li class=\"col-md-6\">\n<h4>FEU DE STOP<\/h4>\n<p>Oui<\/li>\n<li class=\"col-md-6\">\n<h4>COULEUR<\/h4>\n<p>Noir<\/li>\n<li class=\"col-md-6\">\n<h4>GARANTIE<\/h4>\n<p>2 ans<\/li>\n<\/ul>\n","protected":false},"excerpt":{"rendered":"<p><img decoding=\"async\" class=\"alignnone wp-image-2508\" src=\"https:\/\/e-zymove.com\/wp-content\/uploads\/2023\/03\/HEROS-LOGO-300x101.png\" alt=\"\" width=\"199\" height=\"67\" srcset=\"https:\/\/e-zymove.com\/wp-content\/uploads\/2023\/03\/HEROS-LOGO-300x101.png 300w, https:\/\/e-zymove.com\/wp-content\/uploads\/2023\/03\/HEROS-LOGO-350x117.png 350w, https:\/\/e-zymove.com\/wp-content\/uploads\/2023\/03\/HEROS-LOGO.png 388w\" sizes=\"(max-width: 199px) 100vw, 199px\" \/><\/p>\n<h1>HERO S10 &#8211; 52V 23AH<\/h1>\n<p>Hero nous pr\u00e9sente son deuxi\u00e8me mod\u00e8le pour l&rsquo;ann\u00e9e 2021 : la trottinette \u00e9lectrique Hero S10 52V 23Ah noir ! La Hero S9 \u00e9tait \u00e9tonnamment confortable pour ses roues 8,5 pouces. La Hero S10 52V 23h devrait l&rsquo;\u00eatre d&rsquo;autant plus. Cette Hero S10 nous vient avec des pneus 10 pouces pour maximiser le confort et prendre au mieux les asp\u00e9rit\u00e9s de la route. La trottinette est \u00e9quip\u00e9e de doubles suspensions avant et d&rsquo;un suspension hydraulique \u00e0 l&rsquo;arri\u00e8re. C\u00f4t\u00e9 s\u00e9curit\u00e9, la trottinette est mont\u00e9e avec des freins \u00e0 disques avant et arri\u00e8re Zoom coupl\u00e9s \u00e0 un frein \u00e9lectronique \u00e0 l&rsquo;arri\u00e8re, sur le moteur. Le ch\u00e2ssis utilise du mat\u00e9riel issu de l&rsquo;a\u00e9rospatial pour une s\u00e9curit\u00e9 maximale. Trois modes de vitesse sont disponibles : L1 (10 km\/h), L2 (15 km\/h) et L3 (25 km\/h) pour la version brid\u00e9e.<\/p>\n<p>&nbsp;<\/p>\n","protected":false},"featured_media":2521,"comment_status":"open","ping_status":"closed","template":"","meta":[],"product_brand":[],"product_cat":[70,32],"product_tag":[],"class_list":{"0":"post-2520","1":"product","2":"type-product","3":"status-publish","4":"has-post-thumbnail","6":"product_cat-hero","7":"product_cat-trottinettes","8":"product_shipping_class-articles-lourds","10":"first","11":"instock","12":"sale","13":"taxable","14":"shipping-taxable","15":"purchasable","16":"product-type-simple"},"jetpack_sharing_enabled":true,"_links":{"self":[{"href":"https:\/\/e-zymove.com\/index.php\/wp-json\/wp\/v2\/product\/2520","targetHints":{"allow":["GET"]}}],"collection":[{"href":"https:\/\/e-zymove.com\/index.php\/wp-json\/wp\/v2\/product"}],"about":[{"href":"https:\/\/e-zymove.com\/index.php\/wp-json\/wp\/v2\/types\/product"}],"replies":[{"embeddable":true,"href":"https:\/\/e-zymove.com\/index.php\/wp-json\/wp\/v2\/comments?post=2520"}],"version-history":[{"count":2,"href":"https:\/\/e-zymove.com\/index.php\/wp-json\/wp\/v2\/product\/2520\/revisions"}],"predecessor-version":[{"id":4209,"href":"https:\/\/e-zymove.com\/index.php\/wp-json\/wp\/v2\/product\/2520\/revisions\/4209"}],"wp:featuredmedia":[{"embeddable":true,"href":"https:\/\/e-zymove.com\/index.php\/wp-json\/wp\/v2\/media\/2521"}],"wp:attachment":[{"href":"https:\/\/e-zymove.com\/index.php\/wp-json\/wp\/v2\/media?parent=2520"}],"wp:term":[{"taxonomy":"product_brand","embeddable":true,"href":"https:\/\/e-zymove.com\/index.php\/wp-json\/wp\/v2\/product_brand?post=2520"},{"taxonomy":"product_cat","embeddable":true,"href":"https:\/\/e-zymove.com\/index.php\/wp-json\/wp\/v2\/product_cat?post=2520"},{"taxonomy":"product_tag","embeddable":true,"href":"https:\/\/e-zymove.com\/index.php\/wp-json\/wp\/v2\/product_tag?post=2520"}],"curies":[{"name":"wp","href":"https:\/\/api.w.org\/{rel}","templated":true}]}}