{"id":2139,"date":"2023-02-16T16:30:29","date_gmt":"2023-02-16T15:30:29","guid":{"rendered":"https:\/\/e-zymove.com\/?post_type=product&#038;p=2139"},"modified":"2023-03-30T11:16:39","modified_gmt":"2023-03-30T09:16:39","slug":"pocket-cross-enfant-apollo-falcon-500w-2023-bleu","status":"publish","type":"product","link":"https:\/\/e-zymove.com\/index.php\/produit\/pocket-cross-enfant-apollo-falcon-500w-2023-bleu\/","title":{"rendered":"Pocket Cross enfant APOLLO FALCON 500W 2023 BLEU"},"content":{"rendered":"<p>L\u00e9g\u00e8re, maniable et tr\u00e8s compl\u00e8te, la pocket bike Falcon 500w est parfaite pour les enfants de 4 \u00e0 8 ans.<\/p>\n<p>Id\u00e9al pour d\u00e9buter la moto en toute s\u00e9curit\u00e9, cette pocket cross Falcon 500w est fa\u00eete pour votre enfant, elle est \u00e9quip\u00e9e d&rsquo;un limiteur de vitesse 3 positions (7KM\/H, 12KM\/H et 24KM\/H), de freins \u00e0 disque (avant \/ arri\u00e8re), d\u2019une protection d\u2019\u00e9chappement et dispose d\u2019une protection de cha\u00eene. Rien de tel pour rassurer les parents qui souhaitent voir leurs enfants progresser dans de bonnes conditions.<\/p>\n<p>Elle est \u00e9quip\u00e9e d\u2019un moteur 500w automatique, et d&rsquo;une batterie 24V 12Ah (2x12V) pour une autonomie de 1h \u00e0 2h.<\/p>\n<p>Contactez nous par t\u00e9l\u00e9phone, par e-mail ou sur les R\u00e9seaux Sociaux : un de nos conseillers va vous aider.<\/p>\n<p>&nbsp;<\/p>\n","protected":false},"excerpt":{"rendered":"<h1>Pocket Cross enfant APOLLO FALCON 500W 2023 BLEU<\/h1>\n<p>Apr\u00e8s une exp\u00e9rience de 10 ans en Pit bike Apollo Motors a d\u00e9velopp\u00e9 son Pocket cross pour enfants : Falcon 50cc. Cette moto b\u00e9n\u00e9ficie des toutes derni\u00e8res \u00e9volutons que le march\u00e9 peut proposer.<\/p>\n<p style=\"text-align: center;\"><a href=\"https:\/\/e-zymove.com\/index.php\/produit\/pocket-cross-enfant-apollo-falcon-500w-2023-jaune\/\"><img decoding=\"async\" class=\"alignnone wp-image-2081\" src=\"https:\/\/e-zymove.com\/wp-content\/uploads\/2023\/02\/jaune-1-300x300.jpg\" alt=\"\" width=\"22\" height=\"22\" srcset=\"https:\/\/e-zymove.com\/wp-content\/uploads\/2023\/02\/jaune-1-300x300.jpg 300w, https:\/\/e-zymove.com\/wp-content\/uploads\/2023\/02\/jaune-1-100x100.jpg 100w, https:\/\/e-zymove.com\/wp-content\/uploads\/2023\/02\/jaune-1-600x600.jpg 600w, https:\/\/e-zymove.com\/wp-content\/uploads\/2023\/02\/jaune-1-1024x1024.jpg 1024w, https:\/\/e-zymove.com\/wp-content\/uploads\/2023\/02\/jaune-1-150x150.jpg 150w, https:\/\/e-zymove.com\/wp-content\/uploads\/2023\/02\/jaune-1-768x768.jpg 768w, https:\/\/e-zymove.com\/wp-content\/uploads\/2023\/02\/jaune-1-350x350.jpg 350w, https:\/\/e-zymove.com\/wp-content\/uploads\/2023\/02\/jaune-1.jpg 1080w\" sizes=\"(max-width: 22px) 100vw, 22px\" \/><\/a> <a href=\"https:\/\/e-zymove.com\/index.php\/produit\/pocket-cross-enfant-apollo-falcon-500w-2023-orange\/\"><img decoding=\"async\" class=\"alignnone wp-image-2082\" src=\"https:\/\/e-zymove.com\/wp-content\/uploads\/2023\/02\/orange-2-300x300.jpg\" alt=\"\" width=\"22\" height=\"22\" srcset=\"https:\/\/e-zymove.com\/wp-content\/uploads\/2023\/02\/orange-2-300x300.jpg 300w, https:\/\/e-zymove.com\/wp-content\/uploads\/2023\/02\/orange-2-100x100.jpg 100w, https:\/\/e-zymove.com\/wp-content\/uploads\/2023\/02\/orange-2-600x600.jpg 600w, https:\/\/e-zymove.com\/wp-content\/uploads\/2023\/02\/orange-2-1024x1024.jpg 1024w, https:\/\/e-zymove.com\/wp-content\/uploads\/2023\/02\/orange-2-150x150.jpg 150w, https:\/\/e-zymove.com\/wp-content\/uploads\/2023\/02\/orange-2-768x768.jpg 768w, https:\/\/e-zymove.com\/wp-content\/uploads\/2023\/02\/orange-2-350x350.jpg 350w, https:\/\/e-zymove.com\/wp-content\/uploads\/2023\/02\/orange-2.jpg 1080w\" sizes=\"(max-width: 22px) 100vw, 22px\" \/><\/a> <a href=\"https:\/\/e-zymove.com\/index.php\/produit\/pocket-cross-enfant-apollo-falcon-500w-2023-rose\/\"><img decoding=\"async\" class=\"alignnone wp-image-2083\" src=\"https:\/\/e-zymove.com\/wp-content\/uploads\/2023\/02\/rose-1-300x300.jpg\" alt=\"\" width=\"22\" height=\"22\" srcset=\"https:\/\/e-zymove.com\/wp-content\/uploads\/2023\/02\/rose-1-300x300.jpg 300w, https:\/\/e-zymove.com\/wp-content\/uploads\/2023\/02\/rose-1-100x100.jpg 100w, https:\/\/e-zymove.com\/wp-content\/uploads\/2023\/02\/rose-1-600x600.jpg 600w, https:\/\/e-zymove.com\/wp-content\/uploads\/2023\/02\/rose-1-1024x1024.jpg 1024w, https:\/\/e-zymove.com\/wp-content\/uploads\/2023\/02\/rose-1-150x150.jpg 150w, https:\/\/e-zymove.com\/wp-content\/uploads\/2023\/02\/rose-1-768x768.jpg 768w, https:\/\/e-zymove.com\/wp-content\/uploads\/2023\/02\/rose-1-350x350.jpg 350w, https:\/\/e-zymove.com\/wp-content\/uploads\/2023\/02\/rose-1.jpg 1080w\" sizes=\"(max-width: 22px) 100vw, 22px\" \/><\/a> <a href=\"https:\/\/e-zymove.com\/index.php\/produit\/pocket-cross-enfant-apollo-falcon-500w-2023-rouge\/\"><img loading=\"lazy\" decoding=\"async\" class=\"alignnone wp-image-2084\" src=\"https:\/\/e-zymove.com\/wp-content\/uploads\/2023\/02\/rouge-1-300x300.jpg\" alt=\"\" width=\"22\" height=\"22\" srcset=\"https:\/\/e-zymove.com\/wp-content\/uploads\/2023\/02\/rouge-1-300x300.jpg 300w, https:\/\/e-zymove.com\/wp-content\/uploads\/2023\/02\/rouge-1-100x100.jpg 100w, https:\/\/e-zymove.com\/wp-content\/uploads\/2023\/02\/rouge-1-600x600.jpg 600w, https:\/\/e-zymove.com\/wp-content\/uploads\/2023\/02\/rouge-1-1024x1024.jpg 1024w, https:\/\/e-zymove.com\/wp-content\/uploads\/2023\/02\/rouge-1-150x150.jpg 150w, https:\/\/e-zymove.com\/wp-content\/uploads\/2023\/02\/rouge-1-768x768.jpg 768w, https:\/\/e-zymove.com\/wp-content\/uploads\/2023\/02\/rouge-1-350x350.jpg 350w, https:\/\/e-zymove.com\/wp-content\/uploads\/2023\/02\/rouge-1.jpg 1080w\" sizes=\"(max-width: 22px) 100vw, 22px\" \/><\/a> <a href=\"https:\/\/e-zymove.com\/index.php\/produit\/pocket-cross-enfant-apollo-falcon-500w-2023-vert\/\"><img loading=\"lazy\" decoding=\"async\" class=\"alignnone wp-image-2085\" src=\"https:\/\/e-zymove.com\/wp-content\/uploads\/2023\/02\/vert-1-300x300.jpg\" alt=\"\" width=\"22\" height=\"22\" srcset=\"https:\/\/e-zymove.com\/wp-content\/uploads\/2023\/02\/vert-1-300x300.jpg 300w, https:\/\/e-zymove.com\/wp-content\/uploads\/2023\/02\/vert-1-100x100.jpg 100w, https:\/\/e-zymove.com\/wp-content\/uploads\/2023\/02\/vert-1-600x600.jpg 600w, https:\/\/e-zymove.com\/wp-content\/uploads\/2023\/02\/vert-1-1024x1024.jpg 1024w, https:\/\/e-zymove.com\/wp-content\/uploads\/2023\/02\/vert-1-150x150.jpg 150w, https:\/\/e-zymove.com\/wp-content\/uploads\/2023\/02\/vert-1-768x768.jpg 768w, https:\/\/e-zymove.com\/wp-content\/uploads\/2023\/02\/vert-1-350x350.jpg 350w, https:\/\/e-zymove.com\/wp-content\/uploads\/2023\/02\/vert-1.jpg 1080w\" sizes=\"(max-width: 22px) 100vw, 22px\" \/><\/a><\/p>\n<p>&nbsp;<\/p>\n","protected":false},"featured_media":2140,"comment_status":"open","ping_status":"closed","template":"","meta":[],"product_brand":[],"product_cat":[81,64],"product_tag":[],"class_list":{"0":"post-2139","1":"product","2":"type-product","3":"status-publish","4":"has-post-thumbnail","6":"product_cat-apollo-motors-pocket-cross-enfant","7":"product_cat-pocket-cross-enfant","9":"first","10":"instock","11":"taxable","12":"shipping-taxable","13":"purchasable","14":"product-type-simple"},"jetpack_sharing_enabled":true,"_links":{"self":[{"href":"https:\/\/e-zymove.com\/index.php\/wp-json\/wp\/v2\/product\/2139","targetHints":{"allow":["GET"]}}],"collection":[{"href":"https:\/\/e-zymove.com\/index.php\/wp-json\/wp\/v2\/product"}],"about":[{"href":"https:\/\/e-zymove.com\/index.php\/wp-json\/wp\/v2\/types\/product"}],"replies":[{"embeddable":true,"href":"https:\/\/e-zymove.com\/index.php\/wp-json\/wp\/v2\/comments?post=2139"}],"version-history":[{"count":3,"href":"https:\/\/e-zymove.com\/index.php\/wp-json\/wp\/v2\/product\/2139\/revisions"}],"predecessor-version":[{"id":2188,"href":"https:\/\/e-zymove.com\/index.php\/wp-json\/wp\/v2\/product\/2139\/revisions\/2188"}],"wp:featuredmedia":[{"embeddable":true,"href":"https:\/\/e-zymove.com\/index.php\/wp-json\/wp\/v2\/media\/2140"}],"wp:attachment":[{"href":"https:\/\/e-zymove.com\/index.php\/wp-json\/wp\/v2\/media?parent=2139"}],"wp:term":[{"taxonomy":"product_brand","embeddable":true,"href":"https:\/\/e-zymove.com\/index.php\/wp-json\/wp\/v2\/product_brand?post=2139"},{"taxonomy":"product_cat","embeddable":true,"href":"https:\/\/e-zymove.com\/index.php\/wp-json\/wp\/v2\/product_cat?post=2139"},{"taxonomy":"product_tag","embeddable":true,"href":"https:\/\/e-zymove.com\/index.php\/wp-json\/wp\/v2\/product_tag?post=2139"}],"curies":[{"name":"wp","href":"https:\/\/api.w.org\/{rel}","templated":true}]}}