{"id":2058,"date":"2023-02-16T14:49:05","date_gmt":"2023-02-16T13:49:05","guid":{"rendered":"https:\/\/e-zymove.com\/?post_type=product&#038;p=2058"},"modified":"2023-03-30T11:10:54","modified_gmt":"2023-03-30T09:10:54","slug":"draisienne-electrique-apollo-sedna-12-rouge","status":"publish","type":"product","link":"https:\/\/e-zymove.com\/index.php\/produit\/draisienne-electrique-apollo-sedna-12-rouge\/","title":{"rendered":"Draisienne \u00e9lectrique APOLLO SEDNA 12&Prime; ROUGE"},"content":{"rendered":"<p>L\u00e9g\u00e8re, maniable et tr\u00e8s compl\u00e8te, cette sedna est parfaite pour les enfants de 2 \u00e0 6 ans :<\/p>\n<p>&#8211; 2 ans Utilisation sans l\u2019assistance \u00e9lectrique<br \/>\n&#8211; 3-4 ans Utilisation avec l\u2019assistance \u00e9lectrique vitesse lente (6 km\/h)<br \/>\n&#8211; 5-6 ans Utilisation avec l\u2019assistance \u00e9lectrique vitesse rapide (15 km\/h)<\/p>\n<p>Cette draisienne \u00e9lectrique est ultra l\u00e9g\u00e8re, sp\u00e9cialement con\u00e7ue pour les enfants, pesant seulement 9 kg. Commencez-les jeunes en utilisant le v\u00e9lo comme un v\u00e9lo \u00e0 marcher conventionnel avec son syst\u00e8me de roue libre sp\u00e9cialement con\u00e7u. Ensuite, commencer en utilisant l&rsquo;assistance \u00e9lectrique en mode vitesse lente (8km\/h) votre enfant pourra poser ses pieds sur les repose-pieds tout en utilisant son \u00e9quilibre.<\/p>\n<p>Tout est en extr\u00eamement simple, votre enfant poussera la g\u00e2chette de sa manette de gaz pour acc\u00e9l\u00e9rer, il pourra par la suite passer \u00e0 une vitesse sup\u00e9rieur en utilisant le r\u00e9glage vitesse rapide (15 km\/h).<\/p>\n<p>Ce v\u00e9lo \u00e0 marcher est \u00e9quip\u00e9 de pneus hybrides adapt\u00e9s \u00e0 une utilisation sur route et hors route et un moteur \u00e0 cha\u00eene offrant des performances fiables.<\/p>\n<p>Vous pouvez d\u00e9monter la batterie en quelques secondes pour la recharger, celle-ci se trouve dans le cadre en aluminium. Si l&rsquo;autonomie n&rsquo;est pas suffisante vous pouvez acheter une batterie suppl\u00e9mentaire directement sur notre site.<\/p>\n<p>Au niveau finition, vous ne serez pas d\u00e9\u00e7u, en effet Apollo a utilis\u00e9 des pi\u00e8ces de qualit\u00e9s: Cadre et guidon en aluminium ce qui permet \u00e0 cette draisienne de pes\u00e9 seulement 9KG batterie incluse, et d&rsquo;une batterie au Lithium donnant la possibilit\u00e9 d&rsquo;utiliser le v\u00e9lo jusqu&rsquo;\u00e0 1h15min en utilisation constante avec seulement une charge de 2h30!<\/p>\n","protected":false},"excerpt":{"rendered":"<h1>Draisienne \u00e9lectrique APOLLO SEDNA\u00a012&Prime; ROUGE<\/h1>\n<p>Apr\u00e8s une exp\u00e9rience de 15 ans en Pit bike Apollo Motors a d\u00e9velopp\u00e9 une draisienne \u00e9lectrique sportive pour enfants : Sedna 12&Prime; 100W. Cette draisienne b\u00e9n\u00e9ficie des toutes derni\u00e8res \u00e9volutions que le march\u00e9 peut proposer.<\/p>\n<p style=\"text-align: center;\"><a href=\"https:\/\/e-zymove.com\/index.php\/produit\/draisienne-electrique-apollo-sedna-12-jaune\/\"><img decoding=\"async\" class=\"alignnone wp-image-2017\" src=\"https:\/\/e-zymove.com\/wp-content\/uploads\/2023\/02\/bleu-300x300.jpg\" alt=\"\" width=\"22\" height=\"22\" srcset=\"https:\/\/e-zymove.com\/wp-content\/uploads\/2023\/02\/bleu-300x300.jpg 300w, https:\/\/e-zymove.com\/wp-content\/uploads\/2023\/02\/bleu-100x100.jpg 100w, https:\/\/e-zymove.com\/wp-content\/uploads\/2023\/02\/bleu-600x600.jpg 600w, https:\/\/e-zymove.com\/wp-content\/uploads\/2023\/02\/bleu-1024x1024.jpg 1024w, https:\/\/e-zymove.com\/wp-content\/uploads\/2023\/02\/bleu-150x150.jpg 150w, https:\/\/e-zymove.com\/wp-content\/uploads\/2023\/02\/bleu-768x768.jpg 768w, https:\/\/e-zymove.com\/wp-content\/uploads\/2023\/02\/bleu-350x350.jpg 350w, https:\/\/e-zymove.com\/wp-content\/uploads\/2023\/02\/bleu.jpg 1080w\" sizes=\"(max-width: 22px) 100vw, 22px\" \/>\u00a0<img decoding=\"async\" class=\"wp-image-2018 alignnone\" src=\"https:\/\/e-zymove.com\/wp-content\/uploads\/2023\/02\/jaune-300x300.jpg\" alt=\"\" width=\"23\" height=\"23\" srcset=\"https:\/\/e-zymove.com\/wp-content\/uploads\/2023\/02\/jaune-300x300.jpg 300w, https:\/\/e-zymove.com\/wp-content\/uploads\/2023\/02\/jaune-100x100.jpg 100w, https:\/\/e-zymove.com\/wp-content\/uploads\/2023\/02\/jaune-600x600.jpg 600w, https:\/\/e-zymove.com\/wp-content\/uploads\/2023\/02\/jaune-1024x1024.jpg 1024w, https:\/\/e-zymove.com\/wp-content\/uploads\/2023\/02\/jaune-150x150.jpg 150w, https:\/\/e-zymove.com\/wp-content\/uploads\/2023\/02\/jaune-768x768.jpg 768w, https:\/\/e-zymove.com\/wp-content\/uploads\/2023\/02\/jaune-350x350.jpg 350w, https:\/\/e-zymove.com\/wp-content\/uploads\/2023\/02\/jaune.jpg 1080w\" sizes=\"(max-width: 23px) 100vw, 23px\" \/><\/a> <a href=\"https:\/\/e-zymove.com\/index.php\/produit\/draisienne-electrique-apollo-sedna-12-orange\/\"><img decoding=\"async\" class=\"alignnone wp-image-2019\" src=\"https:\/\/e-zymove.com\/wp-content\/uploads\/2023\/02\/orange-300x300.jpg\" alt=\"\" width=\"22\" height=\"22\" srcset=\"https:\/\/e-zymove.com\/wp-content\/uploads\/2023\/02\/orange-300x300.jpg 300w, https:\/\/e-zymove.com\/wp-content\/uploads\/2023\/02\/orange-100x100.jpg 100w, https:\/\/e-zymove.com\/wp-content\/uploads\/2023\/02\/orange-600x600.jpg 600w, https:\/\/e-zymove.com\/wp-content\/uploads\/2023\/02\/orange-1024x1024.jpg 1024w, https:\/\/e-zymove.com\/wp-content\/uploads\/2023\/02\/orange-150x150.jpg 150w, https:\/\/e-zymove.com\/wp-content\/uploads\/2023\/02\/orange-768x768.jpg 768w, https:\/\/e-zymove.com\/wp-content\/uploads\/2023\/02\/orange-350x350.jpg 350w, https:\/\/e-zymove.com\/wp-content\/uploads\/2023\/02\/orange.jpg 1080w\" sizes=\"(max-width: 22px) 100vw, 22px\" \/><\/a> <a href=\"https:\/\/e-zymove.com\/index.php\/produit\/draisienne-electrique-apollo-sedna-12-rose\/\"><img loading=\"lazy\" decoding=\"async\" class=\"alignnone wp-image-2020\" src=\"https:\/\/e-zymove.com\/wp-content\/uploads\/2023\/02\/rose-300x300.jpg\" alt=\"\" width=\"22\" height=\"22\" srcset=\"https:\/\/e-zymove.com\/wp-content\/uploads\/2023\/02\/rose-300x300.jpg 300w, https:\/\/e-zymove.com\/wp-content\/uploads\/2023\/02\/rose-100x100.jpg 100w, https:\/\/e-zymove.com\/wp-content\/uploads\/2023\/02\/rose-600x600.jpg 600w, https:\/\/e-zymove.com\/wp-content\/uploads\/2023\/02\/rose-1024x1024.jpg 1024w, https:\/\/e-zymove.com\/wp-content\/uploads\/2023\/02\/rose-150x150.jpg 150w, https:\/\/e-zymove.com\/wp-content\/uploads\/2023\/02\/rose-768x768.jpg 768w, https:\/\/e-zymove.com\/wp-content\/uploads\/2023\/02\/rose-350x350.jpg 350w, https:\/\/e-zymove.com\/wp-content\/uploads\/2023\/02\/rose.jpg 1080w\" sizes=\"(max-width: 22px) 100vw, 22px\" \/><\/a>\u00a0<a href=\"https:\/\/e-zymove.com\/index.php\/produit\/draisienne-electrique-apollo-sedna-12-vert\/\"><img loading=\"lazy\" decoding=\"async\" class=\"alignnone wp-image-2022\" src=\"https:\/\/e-zymove.com\/wp-content\/uploads\/2023\/02\/vert-300x300.jpg\" alt=\"\" width=\"22\" height=\"22\" srcset=\"https:\/\/e-zymove.com\/wp-content\/uploads\/2023\/02\/vert-300x300.jpg 300w, https:\/\/e-zymove.com\/wp-content\/uploads\/2023\/02\/vert-100x100.jpg 100w, https:\/\/e-zymove.com\/wp-content\/uploads\/2023\/02\/vert-600x600.jpg 600w, https:\/\/e-zymove.com\/wp-content\/uploads\/2023\/02\/vert-1024x1024.jpg 1024w, https:\/\/e-zymove.com\/wp-content\/uploads\/2023\/02\/vert-150x150.jpg 150w, https:\/\/e-zymove.com\/wp-content\/uploads\/2023\/02\/vert-768x768.jpg 768w, https:\/\/e-zymove.com\/wp-content\/uploads\/2023\/02\/vert-350x350.jpg 350w, https:\/\/e-zymove.com\/wp-content\/uploads\/2023\/02\/vert.jpg 1080w\" sizes=\"(max-width: 22px) 100vw, 22px\" \/><\/a><\/p>\n<p>&nbsp;<\/p>\n<p>&nbsp;<\/p>\n","protected":false},"featured_media":2059,"comment_status":"open","ping_status":"closed","template":"","meta":[],"product_brand":[],"product_cat":[80,63],"product_tag":[],"class_list":{"0":"post-2058","1":"product","2":"type-product","3":"status-publish","4":"has-post-thumbnail","6":"product_cat-apollo-motors-draisienne-enfant","7":"product_cat-draisienne-enfant","9":"first","10":"instock","11":"taxable","12":"shipping-taxable","13":"purchasable","14":"product-type-simple"},"jetpack_sharing_enabled":true,"_links":{"self":[{"href":"https:\/\/e-zymove.com\/index.php\/wp-json\/wp\/v2\/product\/2058","targetHints":{"allow":["GET"]}}],"collection":[{"href":"https:\/\/e-zymove.com\/index.php\/wp-json\/wp\/v2\/product"}],"about":[{"href":"https:\/\/e-zymove.com\/index.php\/wp-json\/wp\/v2\/types\/product"}],"replies":[{"embeddable":true,"href":"https:\/\/e-zymove.com\/index.php\/wp-json\/wp\/v2\/comments?post=2058"}],"version-history":[{"count":3,"href":"https:\/\/e-zymove.com\/index.php\/wp-json\/wp\/v2\/product\/2058\/revisions"}],"predecessor-version":[{"id":2079,"href":"https:\/\/e-zymove.com\/index.php\/wp-json\/wp\/v2\/product\/2058\/revisions\/2079"}],"wp:featuredmedia":[{"embeddable":true,"href":"https:\/\/e-zymove.com\/index.php\/wp-json\/wp\/v2\/media\/2059"}],"wp:attachment":[{"href":"https:\/\/e-zymove.com\/index.php\/wp-json\/wp\/v2\/media?parent=2058"}],"wp:term":[{"taxonomy":"product_brand","embeddable":true,"href":"https:\/\/e-zymove.com\/index.php\/wp-json\/wp\/v2\/product_brand?post=2058"},{"taxonomy":"product_cat","embeddable":true,"href":"https:\/\/e-zymove.com\/index.php\/wp-json\/wp\/v2\/product_cat?post=2058"},{"taxonomy":"product_tag","embeddable":true,"href":"https:\/\/e-zymove.com\/index.php\/wp-json\/wp\/v2\/product_tag?post=2058"}],"curies":[{"name":"wp","href":"https:\/\/api.w.org\/{rel}","templated":true}]}}