{"id":1936,"date":"2023-02-14T15:40:53","date_gmt":"2023-02-14T14:40:53","guid":{"rendered":"https:\/\/e-zymove.com\/?post_type=product&#038;p=1936"},"modified":"2024-08-08T15:34:49","modified_gmt":"2024-08-08T13:34:49","slug":"accelerateur-xiaomi-m365","status":"publish","type":"product","link":"https:\/\/e-zymove.com\/index.php\/produit\/accelerateur-xiaomi-m365\/","title":{"rendered":"Accelerateur Xiaomi M365"},"content":{"rendered":"","protected":false},"excerpt":{"rendered":"<h1 class=\"product_title entry-title\">Accelerateur Xiaomi M365<\/h1>\n<ul>\n<li>Parfait pour remplacer votre acc\u00e9l\u00e9rateur cass\u00e9 ou erreur 14<\/li>\n<li>Longueur de c\u00e2ble 17 cm<\/li>\n<li>Connecteur 3 pin male Ninebot\/Xiaomi<\/li>\n<\/ul>\n<p>&nbsp;<\/p>\n","protected":false},"featured_media":1937,"comment_status":"open","ping_status":"closed","template":"","meta":[],"product_brand":[],"product_cat":[54,51],"product_tag":[],"class_list":{"0":"post-1936","1":"product","2":"type-product","3":"status-publish","4":"has-post-thumbnail","6":"product_cat-accelerateurs","7":"product_cat-pieces_detachees","8":"product_shipping_class-articles-legers","10":"first","11":"instock","12":"taxable","13":"shipping-taxable","14":"purchasable","15":"product-type-simple"},"jetpack_sharing_enabled":true,"_links":{"self":[{"href":"https:\/\/e-zymove.com\/index.php\/wp-json\/wp\/v2\/product\/1936","targetHints":{"allow":["GET"]}}],"collection":[{"href":"https:\/\/e-zymove.com\/index.php\/wp-json\/wp\/v2\/product"}],"about":[{"href":"https:\/\/e-zymove.com\/index.php\/wp-json\/wp\/v2\/types\/product"}],"replies":[{"embeddable":true,"href":"https:\/\/e-zymove.com\/index.php\/wp-json\/wp\/v2\/comments?post=1936"}],"version-history":[{"count":2,"href":"https:\/\/e-zymove.com\/index.php\/wp-json\/wp\/v2\/product\/1936\/revisions"}],"predecessor-version":[{"id":4089,"href":"https:\/\/e-zymove.com\/index.php\/wp-json\/wp\/v2\/product\/1936\/revisions\/4089"}],"wp:featuredmedia":[{"embeddable":true,"href":"https:\/\/e-zymove.com\/index.php\/wp-json\/wp\/v2\/media\/1937"}],"wp:attachment":[{"href":"https:\/\/e-zymove.com\/index.php\/wp-json\/wp\/v2\/media?parent=1936"}],"wp:term":[{"taxonomy":"product_brand","embeddable":true,"href":"https:\/\/e-zymove.com\/index.php\/wp-json\/wp\/v2\/product_brand?post=1936"},{"taxonomy":"product_cat","embeddable":true,"href":"https:\/\/e-zymove.com\/index.php\/wp-json\/wp\/v2\/product_cat?post=1936"},{"taxonomy":"product_tag","embeddable":true,"href":"https:\/\/e-zymove.com\/index.php\/wp-json\/wp\/v2\/product_tag?post=1936"}],"curies":[{"name":"wp","href":"https:\/\/api.w.org\/{rel}","templated":true}]}}