{"id":1877,"date":"2023-02-14T14:18:06","date_gmt":"2023-02-14T13:18:06","guid":{"rendered":"https:\/\/e-zymove.com\/?post_type=product&#038;p=1877"},"modified":"2023-05-19T17:09:59","modified_gmt":"2023-05-19T15:09:59","slug":"gachette-accelerateur-130x-type-urban-glide","status":"publish","type":"product","link":"https:\/\/e-zymove.com\/index.php\/produit\/gachette-accelerateur-130x-type-urban-glide\/","title":{"rendered":"G\u00e2chette acc\u00e9l\u00e9rateur 130X type Urban glide"},"content":{"rendered":"","protected":false},"excerpt":{"rendered":"<h1 class=\"product_title entry-title\">G\u00e2chette acc\u00e9l\u00e9rateur 130X type Urban glide<\/h1>\n<ul>\n<li>Longueur de c\u00e2ble 17,5 cm<\/li>\n<li>Pour les trottinettes \u00e9lectrique Urbanglide<\/li>\n<li>Connecteur 3 pin JST femelle<\/li>\n<\/ul>\n<p>&nbsp;<\/p>\n","protected":false},"featured_media":1878,"comment_status":"open","ping_status":"closed","template":"","meta":[],"product_brand":[],"product_cat":[54,51],"product_tag":[],"class_list":{"0":"post-1877","1":"product","2":"type-product","3":"status-publish","4":"has-post-thumbnail","6":"product_cat-accelerateurs","7":"product_cat-pieces_detachees","8":"product_shipping_class-articles-legers","10":"first","11":"instock","12":"taxable","13":"shipping-taxable","14":"purchasable","15":"product-type-simple"},"jetpack_sharing_enabled":true,"_links":{"self":[{"href":"https:\/\/e-zymove.com\/index.php\/wp-json\/wp\/v2\/product\/1877","targetHints":{"allow":["GET"]}}],"collection":[{"href":"https:\/\/e-zymove.com\/index.php\/wp-json\/wp\/v2\/product"}],"about":[{"href":"https:\/\/e-zymove.com\/index.php\/wp-json\/wp\/v2\/types\/product"}],"replies":[{"embeddable":true,"href":"https:\/\/e-zymove.com\/index.php\/wp-json\/wp\/v2\/comments?post=1877"}],"version-history":[{"count":1,"href":"https:\/\/e-zymove.com\/index.php\/wp-json\/wp\/v2\/product\/1877\/revisions"}],"predecessor-version":[{"id":1881,"href":"https:\/\/e-zymove.com\/index.php\/wp-json\/wp\/v2\/product\/1877\/revisions\/1881"}],"wp:featuredmedia":[{"embeddable":true,"href":"https:\/\/e-zymove.com\/index.php\/wp-json\/wp\/v2\/media\/1878"}],"wp:attachment":[{"href":"https:\/\/e-zymove.com\/index.php\/wp-json\/wp\/v2\/media?parent=1877"}],"wp:term":[{"taxonomy":"product_brand","embeddable":true,"href":"https:\/\/e-zymove.com\/index.php\/wp-json\/wp\/v2\/product_brand?post=1877"},{"taxonomy":"product_cat","embeddable":true,"href":"https:\/\/e-zymove.com\/index.php\/wp-json\/wp\/v2\/product_cat?post=1877"},{"taxonomy":"product_tag","embeddable":true,"href":"https:\/\/e-zymove.com\/index.php\/wp-json\/wp\/v2\/product_tag?post=1877"}],"curies":[{"name":"wp","href":"https:\/\/api.w.org\/{rel}","templated":true}]}}