{"id":1860,"date":"2023-02-14T12:45:29","date_gmt":"2023-02-14T11:45:29","guid":{"rendered":"https:\/\/e-zymove.com\/?post_type=product&#038;p=1860"},"modified":"2023-05-19T17:36:14","modified_gmt":"2023-05-19T15:36:14","slug":"retroviseurs-trottinette-electrique-gauche","status":"publish","type":"product","link":"https:\/\/e-zymove.com\/index.php\/produit\/retroviseurs-trottinette-electrique-gauche\/","title":{"rendered":"R\u00e9troviseurs trottinette \u00e9lectrique gauche"},"content":{"rendered":"","protected":false},"excerpt":{"rendered":"<h1 class=\"product_title entry-title\">R\u00e9troviseurs trottinette \u00e9lectrique gauche<\/h1>\n<ul>\n<li>R\u00e9troviseur gauche pour trottinette \u00e9lectrique<\/li>\n<li>R\u00e9glable \u00e0 360 degr\u00e9s<\/li>\n<li>Installation tr\u00e8s facile<\/li>\n<\/ul>\n<p>&nbsp;<\/p>\n","protected":false},"featured_media":1861,"comment_status":"open","ping_status":"closed","template":"","meta":[],"product_brand":[],"product_cat":[53,51],"product_tag":[],"class_list":{"0":"post-1860","1":"product","2":"type-product","3":"status-publish","4":"has-post-thumbnail","6":"product_cat-accessoires","7":"product_cat-pieces_detachees","8":"product_shipping_class-articles-legers","10":"first","11":"instock","12":"taxable","13":"shipping-taxable","14":"purchasable","15":"product-type-simple"},"jetpack_sharing_enabled":true,"_links":{"self":[{"href":"https:\/\/e-zymove.com\/index.php\/wp-json\/wp\/v2\/product\/1860","targetHints":{"allow":["GET"]}}],"collection":[{"href":"https:\/\/e-zymove.com\/index.php\/wp-json\/wp\/v2\/product"}],"about":[{"href":"https:\/\/e-zymove.com\/index.php\/wp-json\/wp\/v2\/types\/product"}],"replies":[{"embeddable":true,"href":"https:\/\/e-zymove.com\/index.php\/wp-json\/wp\/v2\/comments?post=1860"}],"version-history":[{"count":1,"href":"https:\/\/e-zymove.com\/index.php\/wp-json\/wp\/v2\/product\/1860\/revisions"}],"predecessor-version":[{"id":1864,"href":"https:\/\/e-zymove.com\/index.php\/wp-json\/wp\/v2\/product\/1860\/revisions\/1864"}],"wp:featuredmedia":[{"embeddable":true,"href":"https:\/\/e-zymove.com\/index.php\/wp-json\/wp\/v2\/media\/1861"}],"wp:attachment":[{"href":"https:\/\/e-zymove.com\/index.php\/wp-json\/wp\/v2\/media?parent=1860"}],"wp:term":[{"taxonomy":"product_brand","embeddable":true,"href":"https:\/\/e-zymove.com\/index.php\/wp-json\/wp\/v2\/product_brand?post=1860"},{"taxonomy":"product_cat","embeddable":true,"href":"https:\/\/e-zymove.com\/index.php\/wp-json\/wp\/v2\/product_cat?post=1860"},{"taxonomy":"product_tag","embeddable":true,"href":"https:\/\/e-zymove.com\/index.php\/wp-json\/wp\/v2\/product_tag?post=1860"}],"curies":[{"name":"wp","href":"https:\/\/api.w.org\/{rel}","templated":true}]}}