{"id":1572,"date":"2023-02-04T16:33:54","date_gmt":"2023-02-04T15:33:54","guid":{"rendered":"https:\/\/e-zymove.com\/?post_type=product&#038;p=1572"},"modified":"2023-02-04T22:30:30","modified_gmt":"2023-02-04T21:30:30","slug":"energica-esseesse9","status":"publish","type":"product","link":"https:\/\/e-zymove.com\/index.php\/produit\/energica-esseesse9\/","title":{"rendered":"ENERGICA EsseEsse9 +"},"content":{"rendered":"<p style=\"padding-left: 40px;\"><b>Vitesse Maximale\u00a0: \u00a0 \u00a0 \u00a0 \u00a0 \u00a0 \u00a0<\/b>200 km \/ h<\/p>\n<p style=\"padding-left: 40px;\"><b>Couleur\u00a0: \u00a0 \u00a0 \u00a0 \u00a0 \u00a0 \u00a0 \u00a0 \u00a0 \u00a0 \u00a0 \u00a0 \u00a0 \u00a0 \u00a0 \u00a0 \u00a0 \u00a0<\/b>Sunrise Red \/ Bornio ice \/ Riviera Green<\/p>\n<p style=\"padding-left: 40px;\"><b>Puissance : \u00a0 \u00a0 \u00a0 \u00a0 \u00a0 \u00a0 \u00a0 \u00a0 \u00a0 \u00a0 \u00a0 \u00a0 \u00a0 \u00a0\u00a0<\/b>80 kW (109 cv)<\/p>\n<p style=\"padding-left: 40px;\"><b>Poids :<\/b>\u00a0 \u00a0 \u00a0 \u00a0 \u00a0 \u00a0 \u00a0 \u00a0 \u00a0 \u00a0 \u00a0 \u00a0 \u00a0 \u00a0 \u00a0 \u00a0260 kg<\/p>\n<p style=\"padding-left: 40px;\"><b>Moteur : \u00a0 \u00a0 \u00a0 \u00a0 \u00a0 \u00a0 \u00a0 \u00a0 \u00a0 \u00a0 \u00a0 \u00a0 \u00a0 \u00a0 \u00a0 \u00a0 \u00a0 \u00a0<\/b>Type EMCE triphas\u00e9 \u00e0 refroidissement liquide 12000tr\/mn<b> <span class=\"Apple-converted-space\">\u00a0<\/span><\/b><\/p>\n<p style=\"padding-left: 40px;\"><b>Couple : \u00a0 \u00a0 \u00a0 \u00a0 \u00a0 \u00a0 \u00a0 \u00a0 \u00a0 \u00a0 \u00a0 \u00a0 \u00a0 \u00a0 \u00a0 \u00a0 \u00a0 \u00a0<\/b>200 Nm<\/p>\n<p style=\"padding-left: 40px;\"><b>Autonomie\u00a0:<\/b>\u00a0 \u00a0 \u00a0 \u00a0 \u00a0 \u00a0 \u00a0 \u00a0 \u00a0 \u00a0 \u00a0 \u00a0 \u00a0-Ville <strong>420 km<\/strong><\/p>\n<p style=\"padding-left: 40px;\">\u00a0 \u00a0 \u00a0 \u00a0 \u00a0 \u00a0 \u00a0 \u00a0 \u00a0 \u00a0 \u00a0 \u00a0 \u00a0 \u00a0 \u00a0 \u00a0 \u00a0 \u00a0 \u00a0 \u00a0 \u00a0 \u00a0 \u00a0 \u00a0-Combin\u00e9 <strong>256 km<\/strong><\/p>\n<p style=\"padding-left: 40px;\">\u00a0 \u00a0 \u00a0 \u00a0 \u00a0 \u00a0 \u00a0 \u00a0 \u00a0 \u00a0 \u00a0 \u00a0 \u00a0 \u00a0 \u00a0 \u00a0 \u00a0 \u00a0 \u00a0 \u00a0 \u00a0 \u00a0 \u00a0 \u00a0-Extra Urbain <strong>208 km<\/strong><\/p>\n<p style=\"padding-left: 40px;\"><b>Capacit\u00e9\u00a0:<\/b>\u00a0 \u00a0 \u00a0 \u00a0 \u00a0 \u00a0 \u00a0 \u00a0 \u00a0 \u00a0 \u00a0 \u00a0 \u00a0 \u00a0 21,5 kWh max; 18,9 kWh nom.<\/p>\n<p style=\"padding-left: 40px;\"><b>Temps de charge\u00a0:<\/b>\u00a0 \u00a0 \u00a0 \u00a0 \u00a0 \u00a0 \u00a0Environ 7h en charge alternative et 40 min de 0 \u00e0 80% en charge continue<span class=\"Apple-converted-space\">\u00a0<\/span><\/p>\n<p style=\"padding-left: 40px;\"><b>Garantie\u00a0:<\/b>\u00a0 \u00a0 \u00a0 \u00a0 \u00a0 \u00a0 \u00a0 \u00a0 \u00a0 \u00a0 \u00a0 \u00a0 \u00a0 \u00a0 \u00a02 ans-Batterie 3 ans\/50 000 km<\/p>\n<p style=\"padding-left: 40px;\"><b>Permis :<\/b>\u00a0 \u00a0 \u00a0 \u00a0 \u00a0 \u00a0 \u00a0 \u00a0 \u00a0 \u00a0 \u00a0 \u00a0 \u00a0 \u00a0 \u00a0 \u00a0 \u00a0Permis Moto<\/p>\n<hr \/>\n<h2 style=\"padding-left: 40px;\">EsseEsse9 + \u00a0 \u00a0 \u00a0 \u00a0 \u00a0 \u00a0 \u00a0 \u00a0 \u00a0 \u00a0 \u00a0 \u00a0 \u00a0 \u00a0 \u00a0 \u00a0 \u00a0EsseEsse + RS<\/h2>\n<p><img fetchpriority=\"high\" decoding=\"async\" class=\"alignnone wp-image-1577\" src=\"https:\/\/e-zymove.com\/wp-content\/uploads\/2023\/02\/SS9-RS-300x300.png\" alt=\"\" width=\"367\" height=\"367\" srcset=\"https:\/\/e-zymove.com\/wp-content\/uploads\/2023\/02\/SS9-RS-300x300.png 300w, https:\/\/e-zymove.com\/wp-content\/uploads\/2023\/02\/SS9-RS-100x100.png 100w, https:\/\/e-zymove.com\/wp-content\/uploads\/2023\/02\/SS9-RS-600x600.png 600w, https:\/\/e-zymove.com\/wp-content\/uploads\/2023\/02\/SS9-RS-1024x1024.png 1024w, https:\/\/e-zymove.com\/wp-content\/uploads\/2023\/02\/SS9-RS-150x150.png 150w, https:\/\/e-zymove.com\/wp-content\/uploads\/2023\/02\/SS9-RS-768x768.png 768w, https:\/\/e-zymove.com\/wp-content\/uploads\/2023\/02\/SS9-RS-350x350.png 350w, https:\/\/e-zymove.com\/wp-content\/uploads\/2023\/02\/SS9-RS.png 1080w\" sizes=\"(max-width: 367px) 100vw, 367px\" \/> <img decoding=\"async\" class=\"alignnone wp-image-1578\" src=\"https:\/\/e-zymove.com\/wp-content\/uploads\/2023\/02\/SS9-300x300.png\" alt=\"\" width=\"366\" height=\"366\" srcset=\"https:\/\/e-zymove.com\/wp-content\/uploads\/2023\/02\/SS9-300x300.png 300w, https:\/\/e-zymove.com\/wp-content\/uploads\/2023\/02\/SS9-100x100.png 100w, https:\/\/e-zymove.com\/wp-content\/uploads\/2023\/02\/SS9-600x600.png 600w, https:\/\/e-zymove.com\/wp-content\/uploads\/2023\/02\/SS9-1024x1024.png 1024w, https:\/\/e-zymove.com\/wp-content\/uploads\/2023\/02\/SS9-150x150.png 150w, https:\/\/e-zymove.com\/wp-content\/uploads\/2023\/02\/SS9-768x768.png 768w, https:\/\/e-zymove.com\/wp-content\/uploads\/2023\/02\/SS9-350x350.png 350w, https:\/\/e-zymove.com\/wp-content\/uploads\/2023\/02\/SS9.png 1080w\" sizes=\"(max-width: 366px) 100vw, 366px\" \/><\/p>\n","protected":false},"excerpt":{"rendered":"<h1><img decoding=\"async\" class=\"alignnone size-medium wp-image-1520\" src=\"https:\/\/e-zymove.com\/wp-content\/uploads\/2023\/02\/logo_04_h_rgb_wg-bkg_photo-1.png-300x75.webp\" alt=\"\" width=\"300\" height=\"75\" srcset=\"https:\/\/e-zymove.com\/wp-content\/uploads\/2023\/02\/logo_04_h_rgb_wg-bkg_photo-1.png-300x75.webp 300w, https:\/\/e-zymove.com\/wp-content\/uploads\/2023\/02\/logo_04_h_rgb_wg-bkg_photo-1.png-350x88.webp 350w, https:\/\/e-zymove.com\/wp-content\/uploads\/2023\/02\/logo_04_h_rgb_wg-bkg_photo-1.png.webp 480w\" sizes=\"(max-width: 300px) 100vw, 300px\" \/><\/h1>\n<h1>EsseEsse9 +<\/h1>\n<p>L\u2019Energica EsseEsse9+ partage la technologie et la sophistication de l\u2019EGO et de l\u2019EVA Ribelle, mais elle est davantage adapt\u00e9e \u00e0 la conduite d\u00e9contract\u00e9e, faisant fi des performances extr\u00eames des deux autres mod\u00e8les. La selle classique et la position de conduite d\u00e9tendue font de l\u2019EsseEsse9 le mod\u00e8le id\u00e9al pour les sorties \u00e0 deux. Il s\u2019agit de la solution privil\u00e9gi\u00e9e des voyageurs en \u00e9lectrique sur de longues distances dans le monde entier. Certains optent bien entendu pour l\u2019EsseEsse9 tout simplement en raison de sa splendeur.<\/p>\n<p><a href=\"https:\/\/www.energicamotor.com\/wp-content\/uploads\/2022\/02\/brochure_web-energica_fr-2022.pdf\"><strong><span style=\"color: #ff6600;\">Cliquez ici pour t\u00e9l\u00e9charger la brochure<\/span><\/strong><\/a><\/p>\n<h4>Extension de garantie batterie \u00e0 5 ans : 1 314 \u20ac TTC<\/h4>\n<p>&nbsp;<\/p>\n","protected":false},"featured_media":1630,"comment_status":"open","ping_status":"closed","template":"","meta":[],"product_brand":[],"product_cat":[46,47],"product_tag":[],"class_list":{"0":"post-1572","1":"product","2":"type-product","3":"status-publish","4":"has-post-thumbnail","6":"product_cat-energica","7":"product_cat-motos","9":"first","10":"instock","11":"taxable","12":"shipping-taxable","13":"purchasable","14":"product-type-simple"},"jetpack_sharing_enabled":true,"_links":{"self":[{"href":"https:\/\/e-zymove.com\/index.php\/wp-json\/wp\/v2\/product\/1572","targetHints":{"allow":["GET"]}}],"collection":[{"href":"https:\/\/e-zymove.com\/index.php\/wp-json\/wp\/v2\/product"}],"about":[{"href":"https:\/\/e-zymove.com\/index.php\/wp-json\/wp\/v2\/types\/product"}],"replies":[{"embeddable":true,"href":"https:\/\/e-zymove.com\/index.php\/wp-json\/wp\/v2\/comments?post=1572"}],"version-history":[{"count":5,"href":"https:\/\/e-zymove.com\/index.php\/wp-json\/wp\/v2\/product\/1572\/revisions"}],"predecessor-version":[{"id":1579,"href":"https:\/\/e-zymove.com\/index.php\/wp-json\/wp\/v2\/product\/1572\/revisions\/1579"}],"wp:featuredmedia":[{"embeddable":true,"href":"https:\/\/e-zymove.com\/index.php\/wp-json\/wp\/v2\/media\/1630"}],"wp:attachment":[{"href":"https:\/\/e-zymove.com\/index.php\/wp-json\/wp\/v2\/media?parent=1572"}],"wp:term":[{"taxonomy":"product_brand","embeddable":true,"href":"https:\/\/e-zymove.com\/index.php\/wp-json\/wp\/v2\/product_brand?post=1572"},{"taxonomy":"product_cat","embeddable":true,"href":"https:\/\/e-zymove.com\/index.php\/wp-json\/wp\/v2\/product_cat?post=1572"},{"taxonomy":"product_tag","embeddable":true,"href":"https:\/\/e-zymove.com\/index.php\/wp-json\/wp\/v2\/product_tag?post=1572"}],"curies":[{"name":"wp","href":"https:\/\/api.w.org\/{rel}","templated":true}]}}