{"id":1536,"date":"2023-02-03T20:10:39","date_gmt":"2023-02-03T19:10:39","guid":{"rendered":"https:\/\/e-zymove.com\/?post_type=product&#038;p=1536"},"modified":"2023-02-04T16:36:29","modified_gmt":"2023-02-04T15:36:29","slug":"energica-ego","status":"publish","type":"product","link":"https:\/\/e-zymove.com\/index.php\/produit\/energica-ego\/","title":{"rendered":"ENERGICA Ego +"},"content":{"rendered":"<p style=\"padding-left: 40px; text-align: left;\"><b>Vitesse Maximale\u00a0: \u00a0 \u00a0 \u00a0 \u00a0 \u00a0 \u00a0 \u00a0 \u00a0 \u00a0 \u00a0 \u00a0 \u00a0\u00a0<\/b>240 km\/h<\/p>\n<p style=\"padding-left: 40px;\"><b>Couleur\u00a0: \u00a0 \u00a0 \u00a0 \u00a0 \u00a0 \u00a0 \u00a0 \u00a0 \u00a0 \u00a0 \u00a0 \u00a0 \u00a0 \u00a0 \u00a0 \u00a0 \u00a0 \u00a0 \u00a0 \u00a0 \u00a0 \u00a0 \u00a0 <\/b>METAL BLACK \/ TRICOLORE ou SPORT BLACK en option<\/p>\n<p style=\"padding-left: 40px;\"><b>Puissance : \u00a0 \u00a0 \u00a0 \u00a0 \u00a0 \u00a0 \u00a0 \u00a0 \u00a0 \u00a0 \u00a0 \u00a0 \u00a0 \u00a0 \u00a0 \u00a0 \u00a0 \u00a0 \u00a0 \u00a0 \u00a0<\/b>Continue 110 kW (147 CV) \u2013 Puissance Maxi 126 kW (171 CV)<\/p>\n<p style=\"padding-left: 40px;\"><b>Poids : \u00a0 \u00a0 \u00a0 \u00a0 \u00a0 \u00a0 \u00a0 \u00a0 \u00a0 \u00a0 \u00a0 \u00a0 \u00a0 \u00a0 \u00a0 \u00a0 \u00a0 \u00a0 \u00a0 \u00a0 \u00a0 \u00a0 \u00a0 \u00a0 \u00a0 \u00a0 \u00a0<\/b>260 kg<\/p>\n<p style=\"padding-left: 40px;\"><b>Moteur : \u00a0 \u00a0 \u00a0 <\/b>\u00a0 \u00a0 \u00a0 \u00a0 \u00a0 \u00a0 \u00a0 \u00a0 \u00a0 \u00a0 \u00a0 \u00a0 \u00a0 \u00a0 \u00a0 \u00a0 \u00a0 Type EMCE triphas\u00e9 \u00e0 refroidissement liquide 12000tr\/mn<span class=\"Apple-converted-space\">\u00a0<\/span><\/p>\n<p style=\"padding-left: 40px;\"><b>Couple : \u00a0 \u00a0 \u00a0 \u00a0 \u00a0 \u00a0 \u00a0 \u00a0 \u00a0 \u00a0 \u00a0 \u00a0 \u00a0 \u00a0 \u00a0 \u00a0 \u00a0 \u00a0 \u00a0 \u00a0 \u00a0 \u00a0 \u00a0 \u00a0\u00a0<\/b>215 Nm<\/p>\n<p style=\"padding-left: 40px;\"><b>Autonomie\u00a0: \u00a0 \u00a0 \u00a0 \u00a0 \u00a0 \u00a0 \u00a0 \u00a0 \u00a0 \u00a0 \u00a0 \u00a0 \u00a0 \u00a0 \u00a0 \u00a0 \u00a0 \u00a0 \u00a0 <\/b>\u00a0 -Ville <strong>420 km<\/strong><\/p>\n<p style=\"padding-left: 40px;\">\u00a0 \u00a0 \u00a0 \u00a0 \u00a0 \u00a0 \u00a0 \u00a0 \u00a0 \u00a0 \u00a0 \u00a0 \u00a0 \u00a0 \u00a0 \u00a0 \u00a0 \u00a0 \u00a0 \u00a0 \u00a0 \u00a0 \u00a0 \u00a0 \u00a0 \u00a0 \u00a0 \u00a0 \u00a0-Combin\u00e9 <strong>256 km<\/strong><\/p>\n<p style=\"padding-left: 40px;\">\u00a0 \u00a0 \u00a0 \u00a0 \u00a0 \u00a0 \u00a0 \u00a0 \u00a0 \u00a0 \u00a0 \u00a0 \u00a0 \u00a0 \u00a0 \u00a0 \u00a0 \u00a0 \u00a0 \u00a0 \u00a0 \u00a0 \u00a0 \u00a0 \u00a0 \u00a0 \u00a0 \u00a0 \u00a0 -Extra Urbain <strong>208 km<\/strong><\/p>\n<p style=\"padding-left: 40px;\"><b>Capacit\u00e9\u00a0: \u00a0 \u00a0 \u00a0 \u00a0 \u00a0 \u00a0 \u00a0 \u00a0 \u00a0 \u00a0 \u00a0 \u00a0 \u00a0 \u00a0 \u00a0 \u00a0 \u00a0 \u00a0 \u00a0 \u00a0 \u00a0\u00a0<\/b>21,5 kWh max; 18,9 kWh nom<\/p>\n<p style=\"padding-left: 40px;\"><b>Recharge\u00a0: \u00a0 \u00a0 \u00a0 \u00a0 \u00a0 \u00a0 \u00a0 \u00a0 \u00a0 \u00a0 \u00a0 \u00a0 \u00a0 \u00a0 \u00a0 \u00a0 \u00a0 \u00a0 \u00a0 \u00a0 \u00a0<\/b>Charge rapide: 40 min Charge lente: jusqu\u2019\u00e0 7h<\/p>\n<p style=\"padding-left: 40px;\"><b>Garantie\u00a0: \u00a0 \u00a0 \u00a0 \u00a0 \u00a0 \u00a0 \u00a0 \u00a0 \u00a0 \u00a0 \u00a0 \u00a0 \u00a0 \u00a0 \u00a0 \u00a0 \u00a0 \u00a0 \u00a0 \u00a0 \u00a0 \u00a0<\/b>2 ans-Batterie 3 ans\/50 000 km<\/p>\n<p style=\"padding-left: 40px;\"><b>Permis :<\/b>\u00a0 \u00a0 \u00a0 \u00a0 \u00a0 \u00a0 \u00a0 \u00a0 \u00a0 \u00a0 \u00a0 \u00a0 \u00a0 \u00a0 \u00a0 \u00a0 \u00a0 \u00a0 \u00a0 \u00a0Permis Moto<\/p>\n<hr \/>\n<h2 style=\"padding-left: 40px;\">Ego + \u00a0 \u00a0 \u00a0 \u00a0 \u00a0 \u00a0 \u00a0 \u00a0 \u00a0 \u00a0 \u00a0 \u00a0 \u00a0 \u00a0 \u00a0 \u00a0 \u00a0 \u00a0 \u00a0 \u00a0 \u00a0Ego RS<\/h2>\n<p><img fetchpriority=\"high\" decoding=\"async\" class=\"alignnone wp-image-1553\" src=\"https:\/\/e-zymove.com\/wp-content\/uploads\/2023\/02\/EGO-fiche-300x300.png\" alt=\"\" width=\"380\" height=\"380\" srcset=\"https:\/\/e-zymove.com\/wp-content\/uploads\/2023\/02\/EGO-fiche-300x300.png 300w, https:\/\/e-zymove.com\/wp-content\/uploads\/2023\/02\/EGO-fiche-100x100.png 100w, https:\/\/e-zymove.com\/wp-content\/uploads\/2023\/02\/EGO-fiche-600x600.png 600w, https:\/\/e-zymove.com\/wp-content\/uploads\/2023\/02\/EGO-fiche-1024x1024.png 1024w, https:\/\/e-zymove.com\/wp-content\/uploads\/2023\/02\/EGO-fiche-150x150.png 150w, https:\/\/e-zymove.com\/wp-content\/uploads\/2023\/02\/EGO-fiche-768x768.png 768w, https:\/\/e-zymove.com\/wp-content\/uploads\/2023\/02\/EGO-fiche-350x350.png 350w, https:\/\/e-zymove.com\/wp-content\/uploads\/2023\/02\/EGO-fiche.png 1080w\" sizes=\"(max-width: 380px) 100vw, 380px\" \/> <img decoding=\"async\" class=\"alignnone wp-image-1554\" src=\"https:\/\/e-zymove.com\/wp-content\/uploads\/2023\/02\/EGO-RS-300x300.png\" alt=\"\" width=\"393\" height=\"393\" srcset=\"https:\/\/e-zymove.com\/wp-content\/uploads\/2023\/02\/EGO-RS-300x300.png 300w, https:\/\/e-zymove.com\/wp-content\/uploads\/2023\/02\/EGO-RS-100x100.png 100w, https:\/\/e-zymove.com\/wp-content\/uploads\/2023\/02\/EGO-RS-600x600.png 600w, https:\/\/e-zymove.com\/wp-content\/uploads\/2023\/02\/EGO-RS-1024x1024.png 1024w, https:\/\/e-zymove.com\/wp-content\/uploads\/2023\/02\/EGO-RS-150x150.png 150w, https:\/\/e-zymove.com\/wp-content\/uploads\/2023\/02\/EGO-RS-768x768.png 768w, https:\/\/e-zymove.com\/wp-content\/uploads\/2023\/02\/EGO-RS-350x350.png 350w, https:\/\/e-zymove.com\/wp-content\/uploads\/2023\/02\/EGO-RS.png 1080w\" sizes=\"(max-width: 393px) 100vw, 393px\" \/><\/p>\n","protected":false},"excerpt":{"rendered":"<h1><img decoding=\"async\" class=\"alignnone size-medium wp-image-1520\" src=\"https:\/\/e-zymove.com\/wp-content\/uploads\/2023\/02\/logo_04_h_rgb_wg-bkg_photo-1.png-300x75.webp\" alt=\"\" width=\"300\" height=\"75\" srcset=\"https:\/\/e-zymove.com\/wp-content\/uploads\/2023\/02\/logo_04_h_rgb_wg-bkg_photo-1.png-300x75.webp 300w, https:\/\/e-zymove.com\/wp-content\/uploads\/2023\/02\/logo_04_h_rgb_wg-bkg_photo-1.png-350x88.webp 350w, https:\/\/e-zymove.com\/wp-content\/uploads\/2023\/02\/logo_04_h_rgb_wg-bkg_photo-1.png.webp 480w\" sizes=\"(max-width: 300px) 100vw, 300px\" \/><\/h1>\n<h1>Ego +<\/h1>\n<p>Elle reste la moto \u00e9lectrique la plus puissante et la plus \u00e9volu\u00e9e au monde qui donne du fil \u00e0 retordre aux motos \u00e0 moteur thermique. Le tout sans \u00e9mission.<\/p>\n<p><a href=\"https:\/\/www.energicamotor.com\/wp-content\/uploads\/2022\/02\/brochure_web-energica_fr-2022.pdf\"><span style=\"color: #ff6600;\"><strong>Cliquez ici pour t\u00e9l\u00e9charger la brochure<\/strong><\/span><\/a><\/p>\n<h4>Extension de garantie batterie \u00e0 5 ans : 1 314\u20ac TTC<\/h4>\n<p>&nbsp;<\/p>\n","protected":false},"featured_media":1546,"comment_status":"open","ping_status":"closed","template":"","meta":[],"product_brand":[],"product_cat":[46,47],"product_tag":[],"class_list":{"0":"post-1536","1":"product","2":"type-product","3":"status-publish","4":"has-post-thumbnail","6":"product_cat-energica","7":"product_cat-motos","9":"first","10":"instock","11":"taxable","12":"shipping-taxable","13":"purchasable","14":"product-type-simple"},"jetpack_sharing_enabled":true,"_links":{"self":[{"href":"https:\/\/e-zymove.com\/index.php\/wp-json\/wp\/v2\/product\/1536","targetHints":{"allow":["GET"]}}],"collection":[{"href":"https:\/\/e-zymove.com\/index.php\/wp-json\/wp\/v2\/product"}],"about":[{"href":"https:\/\/e-zymove.com\/index.php\/wp-json\/wp\/v2\/types\/product"}],"replies":[{"embeddable":true,"href":"https:\/\/e-zymove.com\/index.php\/wp-json\/wp\/v2\/comments?post=1536"}],"version-history":[{"count":6,"href":"https:\/\/e-zymove.com\/index.php\/wp-json\/wp\/v2\/product\/1536\/revisions"}],"predecessor-version":[{"id":1587,"href":"https:\/\/e-zymove.com\/index.php\/wp-json\/wp\/v2\/product\/1536\/revisions\/1587"}],"wp:featuredmedia":[{"embeddable":true,"href":"https:\/\/e-zymove.com\/index.php\/wp-json\/wp\/v2\/media\/1546"}],"wp:attachment":[{"href":"https:\/\/e-zymove.com\/index.php\/wp-json\/wp\/v2\/media?parent=1536"}],"wp:term":[{"taxonomy":"product_brand","embeddable":true,"href":"https:\/\/e-zymove.com\/index.php\/wp-json\/wp\/v2\/product_brand?post=1536"},{"taxonomy":"product_cat","embeddable":true,"href":"https:\/\/e-zymove.com\/index.php\/wp-json\/wp\/v2\/product_cat?post=1536"},{"taxonomy":"product_tag","embeddable":true,"href":"https:\/\/e-zymove.com\/index.php\/wp-json\/wp\/v2\/product_tag?post=1536"}],"curies":[{"name":"wp","href":"https:\/\/api.w.org\/{rel}","templated":true}]}}